{"id":76,"date":"2018-09-11T09:50:03","date_gmt":"2018-09-11T07:50:03","guid":{"rendered":"http:\/\/web.philo.ulg.ac.be\/epistolart_bd\/?page_id=76"},"modified":"2019-01-10T14:57:23","modified_gmt":"2019-01-10T13:57:23","slug":"activites-revue-de-presse","status":"publish","type":"page","link":"http:\/\/web.philo.ulg.ac.be\/epistolart_bd\/activites-revue-de-presse\/","title":{"rendered":"Activit\u00e9s &#8211; Revue de presse"},"content":{"rendered":"<p><div class=\"fusion-fullwidth fullwidth-box fusion-builder-row-1 fusion-parallax-fixed title nonhundred-percent-fullwidth non-hundred-percent-height-scrolling\" style=\"background-color: rgba(255,255,255,0);background-image: url(&quot;http:\/\/web.philo.ulg.ac.be\/epistolart_bd\/wp-content\/uploads\/sites\/46\/2017\/07\/title-axesderecherche.jpg&quot;);background-position: center center;background-repeat: no-repeat;padding-top:100px;padding-right:0px;padding-bottom:30px;padding-left:0px;margin-bottom: 30px;margin-top: 0px;border-width: 0px 0px 0px 0px;border-color:#eae9e9;border-style:solid;-webkit-background-size:cover;-moz-background-size:cover;-o-background-size:cover;background-size:cover;background-attachment:fixed;\" ><div class=\"fusion-builder-row fusion-row\"><div class=\"fusion-layout-column fusion_builder_column fusion-builder-column-0 fusion_builder_column_1_1 1_1 fusion-one-full fusion-column-first fusion-column-last\" style=\"margin-top:0px;margin-bottom:20px;\"><div class=\"fusion-column-wrapper fusion-flex-column-wrapper-legacy\" style=\"background-position:left top;background-repeat:no-repeat;-webkit-background-size:cover;-moz-background-size:cover;-o-background-size:cover;background-size:cover;padding: 0px 0px 0px 0px;\"><div class=\"fusion-text fusion-text-1\"><h1 style=\"text-align: center;\">Revue de presse<\/h1>\n<\/div><div class=\"fusion-clearfix\"><\/div><\/div><\/div><\/div><\/div><div class=\"fusion-fullwidth fullwidth-box fusion-builder-row-2 nonhundred-percent-fullwidth non-hundred-percent-height-scrolling fusion-equal-height-columns\" style=\"background-color: rgba(255,255,255,0.9);background-position: center center;background-repeat: no-repeat;padding-top:0px;padding-right:0px;padding-bottom:0px;padding-left:0px;margin-bottom: 0px;margin-top: 0px;border-width: 0px 0px 0px 0px;border-color:#eae9e9;border-style:solid;\" ><div class=\"fusion-builder-row fusion-row\"><div class=\"fusion-layout-column fusion_builder_column fusion-builder-column-1 fusion_builder_column_1_1 1_1 fusion-one-full fusion-column-first fusion-column-last\" style=\"margin-top:20px;margin-bottom:20px;\"><div class=\"fusion-column-wrapper fusion-flex-column-wrapper-legacy\" style=\"background-position:left top;background-repeat:no-repeat;-webkit-background-size:cover;-moz-background-size:cover;-o-background-size:cover;background-size:cover;padding: 0px 0px 0px 0px;\"><div class=\"fusion-column-content-centered\"><div class=\"fusion-column-content\"><div class=\"fusion-recent-posts fusion-recent-posts-1 avada-container layout-default layout-columns-4\"><section class=\"fusion-columns columns fusion-columns-4 columns-4\"><article class=\"post fusion-column column col col-lg-3 col-md-3 col-sm-3\"><div class=\"fusion-flexslider fusion-flexslider-loading flexslider flexslider-hover-type-none\"><ul class=\"slides\"><li><a href=\"http:\/\/web.philo.ulg.ac.be\/epistolart_bd\/2018\/10\/31\/gloria-fossi-andrea-mantegna-allo-scrittoio-di-alessandro-aresti\/\" aria-label=\"Gloria Fossi, \u00ab\u00a0Andrea Mantegna allo scrittoio\u00a0\u00bb di Alessandro Aresti\" class=\"hover-type-none\"><img decoding=\"async\" width=\"399\" height=\"257\" src=\"http:\/\/web.philo.ulg.ac.be\/epistolart_bd\/wp-content\/uploads\/sites\/46\/2019\/01\/Fossi_aresti_Mantegna-e1541424577932.jpg\" class=\"attachment-recent-posts size-recent-posts\" alt=\"\" srcset=\"http:\/\/web.philo.ulg.ac.be\/epistolart_bd\/wp-content\/uploads\/sites\/46\/2019\/01\/Fossi_aresti_Mantegna-e1541424577932-200x129.jpg 200w, http:\/\/web.philo.ulg.ac.be\/epistolart_bd\/wp-content\/uploads\/sites\/46\/2019\/01\/Fossi_aresti_Mantegna-e1541424577932-300x193.jpg 300w, http:\/\/web.philo.ulg.ac.be\/epistolart_bd\/wp-content\/uploads\/sites\/46\/2019\/01\/Fossi_aresti_Mantegna-e1541424577932.jpg 399w\" sizes=\"(max-width: 399px) 100vw, 399px\" \/><\/a><\/li><\/ul><\/div><div class=\"recent-posts-content\"><span class=\"vcard\" style=\"display: none;\"><span class=\"fn\"><a href=\"http:\/\/web.philo.ulg.ac.be\/epistolart_bd\/author\/u201550\/\" title=\"Articles par u201550\" rel=\"author\">u201550<\/a><\/span><\/span><span class=\"updated\" style=\"display:none;\">2019-01-14T14:01:03+01:00<\/span><h4 class=\"entry-title\"><a href=\"http:\/\/web.philo.ulg.ac.be\/epistolart_bd\/2018\/10\/31\/gloria-fossi-andrea-mantegna-allo-scrittoio-di-alessandro-aresti\/\">Gloria Fossi, \u00ab\u00a0Andrea Mantegna allo scrittoio\u00a0\u00bb di Alessandro Aresti<\/a><\/h4><p class=\"meta\"><span class=\"vcard\" style=\"display: none;\"><span class=\"fn\"><a href=\"http:\/\/web.philo.ulg.ac.be\/epistolart_bd\/author\/u201550\/\" title=\"Articles par u201550\" rel=\"author\">u201550<\/a><\/span><\/span><span class=\"updated\" style=\"display:none;\">2019-01-14T14:01:03+01:00<\/span><span>31\/10\/2018<\/span><span class=\"fusion-inline-sep\">|<\/span><\/p><\/div><\/article><article class=\"post fusion-column column col col-lg-3 col-md-3 col-sm-3\"><div class=\"fusion-flexslider fusion-flexslider-loading flexslider flexslider-hover-type-none\"><ul class=\"slides\"><li><a href=\"http:\/\/web.philo.ulg.ac.be\/epistolart_bd\/2018\/02\/07\/obtention-par-alessandro-aresti-dune-marie-sklodowska-curie-individual-fellowship\/\" aria-label=\"Obtention par Alessandro Aresti d&rsquo;une Marie Sklodowska-Curie Individual Fellowship\" class=\"hover-type-none\"><img decoding=\"async\" width=\"700\" height=\"441\" src=\"http:\/\/web.philo.ulg.ac.be\/epistolart_bd\/wp-content\/uploads\/sites\/46\/2018\/09\/MCA-e1518018452979-700x441.jpg\" class=\"attachment-recent-posts size-recent-posts\" alt=\"\" srcset=\"http:\/\/web.philo.ulg.ac.be\/epistolart_bd\/wp-content\/uploads\/sites\/46\/2018\/09\/MCA-e1518018452979-200x126.jpg 200w, http:\/\/web.philo.ulg.ac.be\/epistolart_bd\/wp-content\/uploads\/sites\/46\/2018\/09\/MCA-e1518018452979-300x189.jpg 300w, http:\/\/web.philo.ulg.ac.be\/epistolart_bd\/wp-content\/uploads\/sites\/46\/2018\/09\/MCA-e1518018452979-320x202.jpg 320w, http:\/\/web.philo.ulg.ac.be\/epistolart_bd\/wp-content\/uploads\/sites\/46\/2018\/09\/MCA-e1518018452979-400x252.jpg 400w, http:\/\/web.philo.ulg.ac.be\/epistolart_bd\/wp-content\/uploads\/sites\/46\/2018\/09\/MCA-e1518018452979-600x378.jpg 600w, http:\/\/web.philo.ulg.ac.be\/epistolart_bd\/wp-content\/uploads\/sites\/46\/2018\/09\/MCA-e1518018452979-700x441.jpg 700w, http:\/\/web.philo.ulg.ac.be\/epistolart_bd\/wp-content\/uploads\/sites\/46\/2018\/09\/MCA-e1518018452979-768x484.jpg 768w, http:\/\/web.philo.ulg.ac.be\/epistolart_bd\/wp-content\/uploads\/sites\/46\/2018\/09\/MCA-e1518018452979-800x504.jpg 800w, http:\/\/web.philo.ulg.ac.be\/epistolart_bd\/wp-content\/uploads\/sites\/46\/2018\/09\/MCA-e1518018452979-1024x645.jpg 1024w, http:\/\/web.philo.ulg.ac.be\/epistolart_bd\/wp-content\/uploads\/sites\/46\/2018\/09\/MCA-e1518018452979-1200x756.jpg 1200w, http:\/\/web.philo.ulg.ac.be\/epistolart_bd\/wp-content\/uploads\/sites\/46\/2018\/09\/MCA-e1518018452979.jpg 1593w\" sizes=\"(max-width: 700px) 100vw, 700px\" \/><\/a><\/li><\/ul><\/div><div class=\"recent-posts-content\"><span class=\"vcard\" style=\"display: none;\"><span class=\"fn\"><a href=\"http:\/\/web.philo.ulg.ac.be\/epistolart_bd\/author\/u201550\/\" title=\"Articles par u201550\" rel=\"author\">u201550<\/a><\/span><\/span><span class=\"updated\" style=\"display:none;\">2018-09-19T09:55:14+02:00<\/span><h4 class=\"entry-title\"><a href=\"http:\/\/web.philo.ulg.ac.be\/epistolart_bd\/2018\/02\/07\/obtention-par-alessandro-aresti-dune-marie-sklodowska-curie-individual-fellowship\/\">Obtention par Alessandro Aresti d&rsquo;une Marie Sklodowska-Curie Individual Fellowship<\/a><\/h4><p class=\"meta\"><span class=\"vcard\" style=\"display: none;\"><span class=\"fn\"><a href=\"http:\/\/web.philo.ulg.ac.be\/epistolart_bd\/author\/u201550\/\" title=\"Articles par u201550\" rel=\"author\">u201550<\/a><\/span><\/span><span class=\"updated\" style=\"display:none;\">2018-09-19T09:55:14+02:00<\/span><span>07\/02\/2018<\/span><span class=\"fusion-inline-sep\">|<\/span><\/p><\/div><\/article><article class=\"post fusion-column column col col-lg-3 col-md-3 col-sm-3\"><div class=\"fusion-flexslider fusion-flexslider-loading flexslider flexslider-hover-type-none\"><ul class=\"slides\"><li><a href=\"http:\/\/web.philo.ulg.ac.be\/epistolart_bd\/2018\/02\/07\/marco-carminati-mantegna-in-punta-di-penna-compte-rendu-du-livre-dalessandro-aresti-andrea-mantegna-allo-scrittoio\/\" aria-label=\"Marco Carminati, \u00ab\u00a0Mantegna in punta di penna\u00a0\u00bb, compte-rendu du livre d&rsquo;Alessandro Aresti, Andrea Mantegna allo scrittoio\" class=\"hover-type-none\"><img decoding=\"async\" width=\"700\" height=\"441\" src=\"http:\/\/web.philo.ulg.ac.be\/epistolart_bd\/wp-content\/uploads\/sites\/46\/2018\/09\/Mantegna_recensione-700x441.jpg\" class=\"attachment-recent-posts size-recent-posts\" alt=\"\" srcset=\"http:\/\/web.philo.ulg.ac.be\/epistolart_bd\/wp-content\/uploads\/sites\/46\/2018\/09\/Mantegna_recensione-320x202.jpg 320w, http:\/\/web.philo.ulg.ac.be\/epistolart_bd\/wp-content\/uploads\/sites\/46\/2018\/09\/Mantegna_recensione-700x441.jpg 700w\" sizes=\"(max-width: 700px) 100vw, 700px\" \/><\/a><\/li><\/ul><\/div><div class=\"recent-posts-content\"><span class=\"vcard\" style=\"display: none;\"><span class=\"fn\"><a href=\"http:\/\/web.philo.ulg.ac.be\/epistolart_bd\/author\/u201550\/\" title=\"Articles par u201550\" rel=\"author\">u201550<\/a><\/span><\/span><span class=\"updated\" style=\"display:none;\">2019-01-14T14:03:19+01:00<\/span><h4 class=\"entry-title\"><a href=\"http:\/\/web.philo.ulg.ac.be\/epistolart_bd\/2018\/02\/07\/marco-carminati-mantegna-in-punta-di-penna-compte-rendu-du-livre-dalessandro-aresti-andrea-mantegna-allo-scrittoio\/\">Marco Carminati, \u00ab\u00a0Mantegna in punta di penna\u00a0\u00bb, compte-rendu du livre d&rsquo;Alessandro Aresti, Andrea Mantegna allo scrittoio<\/a><\/h4><p class=\"meta\"><span class=\"vcard\" style=\"display: none;\"><span class=\"fn\"><a href=\"http:\/\/web.philo.ulg.ac.be\/epistolart_bd\/author\/u201550\/\" title=\"Articles par u201550\" rel=\"author\">u201550<\/a><\/span><\/span><span class=\"updated\" style=\"display:none;\">2019-01-14T14:03:19+01:00<\/span><span>07\/02\/2018<\/span><span class=\"fusion-inline-sep\">|<\/span><\/p><\/div><\/article><article class=\"post fusion-column column col col-lg-3 col-md-3 col-sm-3\"><div class=\"fusion-flexslider fusion-flexslider-loading flexslider flexslider-hover-type-none\"><ul class=\"slides\"><li><a href=\"http:\/\/web.philo.ulg.ac.be\/epistolart_bd\/2018\/02\/06\/massimo-arcangeli-quando-lartista-prese-la-penna\/\" aria-label=\"Massimo Arcangeli, \u00ab\u00a0Quando l&rsquo;artista prese la penna\u00a0\u00bb\" class=\"hover-type-none\"><img decoding=\"async\" width=\"700\" height=\"441\" src=\"http:\/\/web.philo.ulg.ac.be\/epistolart_bd\/wp-content\/uploads\/sites\/46\/2018\/09\/Mantegna_recensione_arcangeli-700x441.jpg\" class=\"attachment-recent-posts size-recent-posts\" alt=\"\" srcset=\"http:\/\/web.philo.ulg.ac.be\/epistolart_bd\/wp-content\/uploads\/sites\/46\/2018\/09\/Mantegna_recensione_arcangeli-320x202.jpg 320w, http:\/\/web.philo.ulg.ac.be\/epistolart_bd\/wp-content\/uploads\/sites\/46\/2018\/09\/Mantegna_recensione_arcangeli-700x441.jpg 700w\" sizes=\"(max-width: 700px) 100vw, 700px\" \/><\/a><\/li><\/ul><\/div><div class=\"recent-posts-content\"><span class=\"vcard\" style=\"display: none;\"><span class=\"fn\"><a href=\"http:\/\/web.philo.ulg.ac.be\/epistolart_bd\/author\/u201550\/\" title=\"Articles par u201550\" rel=\"author\">u201550<\/a><\/span><\/span><span class=\"updated\" style=\"display:none;\">2019-01-14T13:59:36+01:00<\/span><h4 class=\"entry-title\"><a href=\"http:\/\/web.philo.ulg.ac.be\/epistolart_bd\/2018\/02\/06\/massimo-arcangeli-quando-lartista-prese-la-penna\/\">Massimo Arcangeli, \u00ab\u00a0Quando l&rsquo;artista prese la penna\u00a0\u00bb<\/a><\/h4><p class=\"meta\"><span class=\"vcard\" style=\"display: none;\"><span class=\"fn\"><a href=\"http:\/\/web.philo.ulg.ac.be\/epistolart_bd\/author\/u201550\/\" title=\"Articles par u201550\" rel=\"author\">u201550<\/a><\/span><\/span><span class=\"updated\" style=\"display:none;\">2019-01-14T13:59:36+01:00<\/span><span>06\/02\/2018<\/span><span class=\"fusion-inline-sep\">|<\/span><\/p><\/div><\/article><article class=\"post fusion-column column col col-lg-3 col-md-3 col-sm-3\"><div class=\"fusion-flexslider fusion-flexslider-loading flexslider flexslider-hover-type-none\"><ul class=\"slides\"><li><a href=\"http:\/\/web.philo.ulg.ac.be\/epistolart_bd\/2016\/09\/02\/henri-deleersnijder-5-questions-a-dominique-allart-la-nuit-des-chercheurs-2016-liege-florence-aller-retour-artistique\/\" aria-label=\"Henri Deleersnijder, \u00ab 5 questions \u00e0 Dominique Allart. La Nuit des Chercheurs 2016 : Li\u00e8ge-Florence &#8211; aller-retour artistique \u00bb\" class=\"hover-type-none\"><img decoding=\"async\" width=\"629\" height=\"357\" src=\"http:\/\/web.philo.ulg.ac.be\/epistolart_bd\/wp-content\/uploads\/sites\/46\/2018\/09\/5_questions_DA.jpg\" class=\"attachment-recent-posts size-recent-posts\" alt=\"\" srcset=\"http:\/\/web.philo.ulg.ac.be\/epistolart_bd\/wp-content\/uploads\/sites\/46\/2018\/09\/5_questions_DA-200x114.jpg 200w, http:\/\/web.philo.ulg.ac.be\/epistolart_bd\/wp-content\/uploads\/sites\/46\/2018\/09\/5_questions_DA-300x170.jpg 300w, http:\/\/web.philo.ulg.ac.be\/epistolart_bd\/wp-content\/uploads\/sites\/46\/2018\/09\/5_questions_DA-400x227.jpg 400w, http:\/\/web.philo.ulg.ac.be\/epistolart_bd\/wp-content\/uploads\/sites\/46\/2018\/09\/5_questions_DA-600x341.jpg 600w, http:\/\/web.philo.ulg.ac.be\/epistolart_bd\/wp-content\/uploads\/sites\/46\/2018\/09\/5_questions_DA.jpg 629w\" sizes=\"(max-width: 629px) 100vw, 629px\" \/><\/a><\/li><\/ul><\/div><div class=\"recent-posts-content\"><span class=\"vcard\" style=\"display: none;\"><span class=\"fn\"><a href=\"http:\/\/web.philo.ulg.ac.be\/epistolart_bd\/author\/u201550\/\" title=\"Articles par u201550\" rel=\"author\">u201550<\/a><\/span><\/span><span class=\"updated\" style=\"display:none;\">2019-01-14T14:05:12+01:00<\/span><h4 class=\"entry-title\"><a href=\"http:\/\/web.philo.ulg.ac.be\/epistolart_bd\/2016\/09\/02\/henri-deleersnijder-5-questions-a-dominique-allart-la-nuit-des-chercheurs-2016-liege-florence-aller-retour-artistique\/\">Henri Deleersnijder, \u00ab 5 questions \u00e0 Dominique Allart. La Nuit des Chercheurs 2016 : Li\u00e8ge-Florence &#8211; aller-retour artistique \u00bb<\/a><\/h4><p class=\"meta\"><span class=\"vcard\" style=\"display: none;\"><span class=\"fn\"><a href=\"http:\/\/web.philo.ulg.ac.be\/epistolart_bd\/author\/u201550\/\" title=\"Articles par u201550\" rel=\"author\">u201550<\/a><\/span><\/span><span class=\"updated\" style=\"display:none;\">2019-01-14T14:05:12+01:00<\/span><span>02\/09\/2016<\/span><span class=\"fusion-inline-sep\">|<\/span><\/p><\/div><\/article><article class=\"post fusion-column column col col-lg-3 col-md-3 col-sm-3\"><div class=\"fusion-flexslider fusion-flexslider-loading flexslider flexslider-hover-type-none\"><ul class=\"slides\"><li><a href=\"http:\/\/web.philo.ulg.ac.be\/epistolart_bd\/2016\/05\/11\/andrea-penso-il-progetto-epistolart-per-una-edizione-digitale-dei-carteggi-degli-artisti-rinascimentali\/\" aria-label=\"Andrea Penso, \u00abIl progetto EpistolArt: per una edizione digitale dei carteggi degli artisti rinascimentali\u00bb\" class=\"hover-type-none\"><img decoding=\"async\" width=\"485\" height=\"222\" src=\"http:\/\/web.philo.ulg.ac.be\/epistolart_bd\/wp-content\/uploads\/sites\/46\/2018\/09\/Fontegaia-e1483355892146.jpg\" class=\"attachment-recent-posts size-recent-posts\" alt=\"\" srcset=\"http:\/\/web.philo.ulg.ac.be\/epistolart_bd\/wp-content\/uploads\/sites\/46\/2018\/09\/Fontegaia-e1483355892146-200x92.jpg 200w, http:\/\/web.philo.ulg.ac.be\/epistolart_bd\/wp-content\/uploads\/sites\/46\/2018\/09\/Fontegaia-e1483355892146-300x137.jpg 300w, http:\/\/web.philo.ulg.ac.be\/epistolart_bd\/wp-content\/uploads\/sites\/46\/2018\/09\/Fontegaia-e1483355892146-400x183.jpg 400w, http:\/\/web.philo.ulg.ac.be\/epistolart_bd\/wp-content\/uploads\/sites\/46\/2018\/09\/Fontegaia-e1483355892146.jpg 485w\" sizes=\"(max-width: 485px) 100vw, 485px\" \/><\/a><\/li><\/ul><\/div><div class=\"recent-posts-content\"><span class=\"vcard\" style=\"display: none;\"><span class=\"fn\"><a href=\"http:\/\/web.philo.ulg.ac.be\/epistolart_bd\/author\/u201550\/\" title=\"Articles par u201550\" rel=\"author\">u201550<\/a><\/span><\/span><span class=\"updated\" style=\"display:none;\">2019-01-14T14:06:52+01:00<\/span><h4 class=\"entry-title\"><a href=\"http:\/\/web.philo.ulg.ac.be\/epistolart_bd\/2016\/05\/11\/andrea-penso-il-progetto-epistolart-per-una-edizione-digitale-dei-carteggi-degli-artisti-rinascimentali\/\">Andrea Penso, \u00abIl progetto EpistolArt: per una edizione digitale dei carteggi degli artisti rinascimentali\u00bb<\/a><\/h4><p class=\"meta\"><span class=\"vcard\" style=\"display: none;\"><span class=\"fn\"><a href=\"http:\/\/web.philo.ulg.ac.be\/epistolart_bd\/author\/u201550\/\" title=\"Articles par u201550\" rel=\"author\">u201550<\/a><\/span><\/span><span class=\"updated\" style=\"display:none;\">2019-01-14T14:06:52+01:00<\/span><span>11\/05\/2016<\/span><span class=\"fusion-inline-sep\">|<\/span><\/p><\/div><\/article><article class=\"post fusion-column column col col-lg-3 col-md-3 col-sm-3\"><div class=\"fusion-flexslider fusion-flexslider-loading flexslider flexslider-hover-type-none\"><ul class=\"slides\"><li><a href=\"http:\/\/web.philo.ulg.ac.be\/epistolart_bd\/2014\/03\/02\/julie-luong-etre-artiste-a-la-renaissance\/\" aria-label=\"Julie Luong, \u00ab \u00catre artiste \u00e0 la Renaissance \u00bb\" class=\"hover-type-none\"><img decoding=\"async\" width=\"362\" height=\"257\" src=\"http:\/\/web.philo.ulg.ac.be\/epistolart_bd\/wp-content\/uploads\/sites\/46\/2018\/09\/Etre_artiste_renaissance.jpg\" class=\"attachment-recent-posts size-recent-posts\" alt=\"\" srcset=\"http:\/\/web.philo.ulg.ac.be\/epistolart_bd\/wp-content\/uploads\/sites\/46\/2018\/09\/Etre_artiste_renaissance-200x142.jpg 200w, http:\/\/web.philo.ulg.ac.be\/epistolart_bd\/wp-content\/uploads\/sites\/46\/2018\/09\/Etre_artiste_renaissance-300x214.jpg 300w, http:\/\/web.philo.ulg.ac.be\/epistolart_bd\/wp-content\/uploads\/sites\/46\/2018\/09\/Etre_artiste_renaissance.jpg 362w\" sizes=\"(max-width: 362px) 100vw, 362px\" \/><\/a><\/li><\/ul><\/div><div class=\"recent-posts-content\"><span class=\"vcard\" style=\"display: none;\"><span class=\"fn\"><a href=\"http:\/\/web.philo.ulg.ac.be\/epistolart_bd\/author\/u201550\/\" title=\"Articles par u201550\" rel=\"author\">u201550<\/a><\/span><\/span><span class=\"updated\" style=\"display:none;\">2019-01-14T14:08:45+01:00<\/span><h4 class=\"entry-title\"><a href=\"http:\/\/web.philo.ulg.ac.be\/epistolart_bd\/2014\/03\/02\/julie-luong-etre-artiste-a-la-renaissance\/\">Julie Luong, \u00ab \u00catre artiste \u00e0 la Renaissance \u00bb<\/a><\/h4><p class=\"meta\"><span class=\"vcard\" style=\"display: none;\"><span class=\"fn\"><a href=\"http:\/\/web.philo.ulg.ac.be\/epistolart_bd\/author\/u201550\/\" title=\"Articles par u201550\" rel=\"author\">u201550<\/a><\/span><\/span><span class=\"updated\" style=\"display:none;\">2019-01-14T14:08:45+01:00<\/span><span>02\/03\/2014<\/span><span class=\"fusion-inline-sep\">|<\/span><\/p><\/div><\/article><article class=\"post fusion-column column col col-lg-3 col-md-3 col-sm-3\"><div class=\"fusion-flexslider fusion-flexslider-loading flexslider flexslider-hover-type-none\"><ul class=\"slides\"><li><a href=\"http:\/\/web.philo.ulg.ac.be\/epistolart_bd\/2014\/03\/02\/julie-luong-devenir-artiste-a-la-renaissance-le-role-du-liegeois-dominique-lampson\/\" aria-label=\"Julie Luong, \u00ab Devenir artiste \u00e0 la Renaissance, le r\u00f4le du Li\u00e9geois Dominique Lampson \u00bb\" class=\"hover-type-none\"><img decoding=\"async\" width=\"608\" height=\"268\" src=\"http:\/\/web.philo.ulg.ac.be\/epistolart_bd\/wp-content\/uploads\/sites\/46\/2018\/09\/Devenir_artiste_renaissance-e1483361441306.jpg\" class=\"attachment-recent-posts size-recent-posts\" alt=\"\" srcset=\"http:\/\/web.philo.ulg.ac.be\/epistolart_bd\/wp-content\/uploads\/sites\/46\/2018\/09\/Devenir_artiste_renaissance-e1483361441306-200x88.jpg 200w, http:\/\/web.philo.ulg.ac.be\/epistolart_bd\/wp-content\/uploads\/sites\/46\/2018\/09\/Devenir_artiste_renaissance-e1483361441306-300x132.jpg 300w, http:\/\/web.philo.ulg.ac.be\/epistolart_bd\/wp-content\/uploads\/sites\/46\/2018\/09\/Devenir_artiste_renaissance-e1483361441306-400x176.jpg 400w, http:\/\/web.philo.ulg.ac.be\/epistolart_bd\/wp-content\/uploads\/sites\/46\/2018\/09\/Devenir_artiste_renaissance-e1483361441306-600x264.jpg 600w, http:\/\/web.philo.ulg.ac.be\/epistolart_bd\/wp-content\/uploads\/sites\/46\/2018\/09\/Devenir_artiste_renaissance-e1483361441306.jpg 608w\" sizes=\"(max-width: 608px) 100vw, 608px\" \/><\/a><\/li><\/ul><\/div><div class=\"recent-posts-content\"><span class=\"vcard\" style=\"display: none;\"><span class=\"fn\"><a href=\"http:\/\/web.philo.ulg.ac.be\/epistolart_bd\/author\/u201550\/\" title=\"Articles par u201550\" rel=\"author\">u201550<\/a><\/span><\/span><span class=\"updated\" style=\"display:none;\">2019-01-14T14:10:29+01:00<\/span><h4 class=\"entry-title\"><a href=\"http:\/\/web.philo.ulg.ac.be\/epistolart_bd\/2014\/03\/02\/julie-luong-devenir-artiste-a-la-renaissance-le-role-du-liegeois-dominique-lampson\/\">Julie Luong, \u00ab Devenir artiste \u00e0 la Renaissance, le r\u00f4le du Li\u00e9geois Dominique Lampson \u00bb<\/a><\/h4><p class=\"meta\"><span class=\"vcard\" style=\"display: none;\"><span class=\"fn\"><a href=\"http:\/\/web.philo.ulg.ac.be\/epistolart_bd\/author\/u201550\/\" title=\"Articles par u201550\" rel=\"author\">u201550<\/a><\/span><\/span><span class=\"updated\" style=\"display:none;\">2019-01-14T14:10:29+01:00<\/span><span>02\/03\/2014<\/span><span class=\"fusion-inline-sep\">|<\/span><\/p><\/div><\/article><\/section><\/div><\/div><\/div><div class=\"fusion-clearfix\"><\/div><\/div><\/div><\/div><\/div><div class=\"fusion-fullwidth fullwidth-box fusion-builder-row-3 nonhundred-percent-fullwidth non-hundred-percent-height-scrolling\" style=\"background-color: rgba(255,255,255,0);background-position: center center;background-repeat: no-repeat;padding-top:20px;padding-right:0px;padding-bottom:20px;padding-left:0px;margin-bottom: 0px;margin-top: 0px;border-width: 0px 0px 0px 0px;border-color:#eae9e9;border-style:solid;\" ><div class=\"fusion-builder-row fusion-row\"><div class=\"fusion-layout-column fusion_builder_column fusion-builder-column-2 fusion_builder_column_1_1 1_1 fusion-one-full fusion-column-first fusion-column-last\" style=\"margin-top:0px;margin-bottom:20px;\"><div class=\"fusion-column-wrapper fusion-flex-column-wrapper-legacy\" style=\"background-position:left top;background-repeat:no-repeat;-webkit-background-size:cover;-moz-background-size:cover;-o-background-size:cover;background-size:cover;padding: 0px 0px 0px 0px;\"><style type=\"text\/css\">\n@media only screen and (max-width: 930px ) {\n\n#main {\n    background-color: #92044e;\n}\n\n}\n<\/style><div class=\"fusion-clearfix\"><\/div><\/div><\/div><\/div><\/div><\/p>\n","protected":false},"excerpt":{"rendered":"","protected":false},"author":2,"featured_media":0,"parent":0,"menu_order":0,"comment_status":"closed","ping_status":"closed","template":"100-width.php","meta":{"footnotes":""},"class_list":["post-76","page","type-page","status-publish","hentry"],"_links":{"self":[{"href":"http:\/\/web.philo.ulg.ac.be\/epistolart_bd\/wp-json\/wp\/v2\/pages\/76","targetHints":{"allow":["GET"]}}],"collection":[{"href":"http:\/\/web.philo.ulg.ac.be\/epistolart_bd\/wp-json\/wp\/v2\/pages"}],"about":[{"href":"http:\/\/web.philo.ulg.ac.be\/epistolart_bd\/wp-json\/wp\/v2\/types\/page"}],"author":[{"embeddable":true,"href":"http:\/\/web.philo.ulg.ac.be\/epistolart_bd\/wp-json\/wp\/v2\/users\/2"}],"replies":[{"embeddable":true,"href":"http:\/\/web.philo.ulg.ac.be\/epistolart_bd\/wp-json\/wp\/v2\/comments?post=76"}],"version-history":[{"count":5,"href":"http:\/\/web.philo.ulg.ac.be\/epistolart_bd\/wp-json\/wp\/v2\/pages\/76\/revisions"}],"predecessor-version":[{"id":1026,"href":"http:\/\/web.philo.ulg.ac.be\/epistolart_bd\/wp-json\/wp\/v2\/pages\/76\/revisions\/1026"}],"wp:attachment":[{"href":"http:\/\/web.philo.ulg.ac.be\/epistolart_bd\/wp-json\/wp\/v2\/media?parent=76"}],"curies":[{"name":"wp","href":"https:\/\/api.w.org\/{rel}","templated":true}]}}