{"id":90,"date":"2018-09-11T10:00:17","date_gmt":"2018-09-11T08:00:17","guid":{"rendered":"http:\/\/web.philo.ulg.ac.be\/epistolart_bd\/?page_id=90"},"modified":"2026-02-19T16:32:00","modified_gmt":"2026-02-19T15:32:00","slug":"la-reedition-on-line-du-carteggio","status":"publish","type":"page","link":"http:\/\/web.philo.ulg.ac.be\/epistolart_bd\/la-reedition-on-line-du-carteggio\/","title":{"rendered":"La r\u00e9\u00e9dition on-line du Carteggio"},"content":{"rendered":"<p><div class=\"fusion-fullwidth fullwidth-box fusion-builder-row-1 fusion-parallax-fixed title nonhundred-percent-fullwidth non-hundred-percent-height-scrolling\" style=\"background-color: rgba(255,255,255,0);background-image: url(&quot;http:\/\/web.philo.ulg.ac.be\/epistolart_bd\/wp-content\/uploads\/sites\/46\/2018\/09\/fixedbackground-2.jpg&quot;);background-position: center center;background-repeat: no-repeat;padding-top:70px;padding-right:0px;padding-bottom:0px;padding-left:0px;margin-bottom: 30px;margin-top: 0px;border-width: 0px 0px 0px 0px;border-color:#eae9e9;border-style:solid;-webkit-background-size:cover;-moz-background-size:cover;-o-background-size:cover;background-size:cover;background-attachment:fixed;\" ><div class=\"fusion-builder-row fusion-row\"><div class=\"fusion-layout-column fusion_builder_column fusion-builder-column-0 fusion_builder_column_1_1 1_1 fusion-one-full fusion-column-first fusion-column-last\" style=\"margin-top:0px;margin-bottom:20px;\"><div class=\"fusion-column-wrapper fusion-flex-column-wrapper-legacy\" style=\"background-position:left top;background-repeat:no-repeat;-webkit-background-size:cover;-moz-background-size:cover;-o-background-size:cover;background-size:cover;padding: 0px 0px 0px 0px;\"><div class=\"fusion-text fusion-text-1\"><h1 style=\"text-align: center;\">La r\u00e9\u00e9dition on-line du<br \/>\n<em>Carteggio<\/em> de Gaye : m\u00e9thodologie<\/h1>\n<\/div><div class=\"fusion-clearfix\"><\/div><\/div><\/div><\/div><\/div><div class=\"fusion-fullwidth fullwidth-box fusion-builder-row-2 nonhundred-percent-fullwidth non-hundred-percent-height-scrolling\" style=\"background-color: rgba(255,255,255,0);background-position: center center;background-repeat: no-repeat;padding-top:20px;padding-right:0px;padding-bottom:20px;padding-left:0px;margin-bottom: 0px;margin-top: 0px;border-width: 0px 0px 0px 0px;border-color:#eae9e9;border-style:solid;\" ><div class=\"fusion-builder-row fusion-row\"><div class=\"fusion-layout-column fusion_builder_column fusion-builder-column-1 fusion_builder_column_1_3 1_3 fusion-one-third fusion-column-first margintop15px\" style=\"width:33.333333333333%;width:calc(33.333333333333% - ( ( 4% ) * 0.33333333333333 ) );margin-right: 4%;margin-top:0px;margin-bottom:20px;\"><div class=\"fusion-column-wrapper fusion-flex-column-wrapper-legacy\" style=\"background-position:left top;background-repeat:no-repeat;-webkit-background-size:cover;-moz-background-size:cover;-o-background-size:cover;background-size:cover;padding: 0px 0px 0px 0px;\"><div class=\"fusion-column-content-centered\"><div class=\"fusion-column-content\"><div class=\"imageframe-align-center\"><span class=\" fusion-imageframe imageframe-none imageframe-1 hover-type-none marginbottom20px\"><a href=\"http:\/\/web.philo.ulg.ac.be\/epistolart_bd\/wp-content\/uploads\/sites\/46\/2019\/01\/carteggio-1.jpg\" class=\"fusion-lightbox\" data-rel=\"iLightbox[carteggio]\" data-title=\"carteggio-1\" title=\"carteggio-1\"><img decoding=\"async\" width=\"800\" height=\"1075\" src=\"http:\/\/web.philo.ulg.ac.be\/epistolart_bd\/wp-content\/uploads\/sites\/46\/2019\/01\/carteggio-1.jpg\" alt class=\"img-responsive wp-image-1226\" srcset=\"http:\/\/web.philo.ulg.ac.be\/epistolart_bd\/wp-content\/uploads\/sites\/46\/2019\/01\/carteggio-1-200x269.jpg 200w, http:\/\/web.philo.ulg.ac.be\/epistolart_bd\/wp-content\/uploads\/sites\/46\/2019\/01\/carteggio-1-400x538.jpg 400w, http:\/\/web.philo.ulg.ac.be\/epistolart_bd\/wp-content\/uploads\/sites\/46\/2019\/01\/carteggio-1-600x806.jpg 600w, http:\/\/web.philo.ulg.ac.be\/epistolart_bd\/wp-content\/uploads\/sites\/46\/2019\/01\/carteggio-1.jpg 800w\" sizes=\"(max-width: 800px) 100vw, 400px\" \/><\/a><\/span><\/div><\/div><\/div><div class=\"fusion-clearfix\"><\/div><\/div><\/div><div class=\"fusion-layout-column fusion_builder_column fusion-builder-column-2 fusion_builder_column_2_3 2_3 fusion-two-third fusion-column-last\" style=\"width:66.666666666667%;width:calc(66.666666666667% - ( ( 4% ) * 0.66666666666667 ) );margin-top:10px;margin-bottom:20px;\"><div class=\"fusion-column-wrapper fusion-flex-column-wrapper-legacy\" style=\"background-position:left top;background-repeat:no-repeat;-webkit-background-size:cover;-moz-background-size:cover;-o-background-size:cover;background-size:cover;padding: 0px 0px 0px 0px;\"><div class=\"fusion-column-content-centered\"><div class=\"fusion-column-content\"><div class=\"fusion-text fusion-text-2\"><h1 style=\"text-align: justify;\"><strong>La r\u00e9\u00e9dition critique du\u00a0<em>Carteggio<\/em>\u00a0de Gaye est enregistr\u00e9e dans une base de donn\u00e9es relationnelle<\/strong>, qui sera mise en ligne dans le courant de l&rsquo;ann\u00e9e 2018, et accessible gratuitement.<\/h1>\n<p style=\"text-align: justify;\">Le d\u00e9veloppement de cette base de donn\u00e9es a \u00e9t\u00e9 men\u00e9 en collaboration avec le <a href=\"http:\/\/web.philo.ulg.ac.be\/cipl\/\" target=\"_blank\" rel=\"noopener\">Centre Informatique de Philosophie et Lettres (CIPL) de l\u2019Universit\u00e9 de Li\u00e8ge<\/a>, avec pour principaux objectifs de fournir, pour chaque lettre :<\/p>\n<ul style=\"text-align: justify;\">\n<li>une \u00e9dition critique semi-diplomatique accompagn\u00e9e d\u2019un apparat philologique de type g\u00e9n\u00e9tique ;<\/li>\n<li>une reproduction photographique de haute qualit\u00e9 du manuscrit original ;<\/li>\n<li>des m\u00e9tadonn\u00e9es pr\u00e9cises (auteurs, destinataires, lieux d\u2019envoi et de r\u00e9ception, noms cit\u00e9s dans la lettre\u2026) ;<\/li>\n<li>des informations codicologiques et pal\u00e9ographiques d\u00e9taill\u00e9es.<\/li>\n<\/ul>\n<\/div><div class=\"fusion-align-block\"><style>.fusion-body .fusion-button.button-1{border-radius:2px 2px 2px 2px;}<\/style><a class=\"fusion-button button-flat fusion-button-default-size button-default button-1 fusion-button-span-yes fusion-button-default-type margintop20px\" target=\"_blank\" rel=\"noopener noreferrer\" href=\"http:\/\/epistolartdb.uliege.be\/explore\/search-metadata.aspx\"><span class=\"fusion-button-text\">CONSULTATION DE LA BASE DE DONN\u00c9ES EN LIGNE<\/span><\/a><\/div><\/div><\/div><div class=\"fusion-clearfix\"><\/div><\/div><\/div><\/div><\/div><\/p>\n","protected":false},"excerpt":{"rendered":"","protected":false},"author":2,"featured_media":0,"parent":0,"menu_order":0,"comment_status":"closed","ping_status":"closed","template":"100-width.php","meta":{"footnotes":""},"class_list":["post-90","page","type-page","status-publish","hentry"],"_links":{"self":[{"href":"http:\/\/web.philo.ulg.ac.be\/epistolart_bd\/wp-json\/wp\/v2\/pages\/90","targetHints":{"allow":["GET"]}}],"collection":[{"href":"http:\/\/web.philo.ulg.ac.be\/epistolart_bd\/wp-json\/wp\/v2\/pages"}],"about":[{"href":"http:\/\/web.philo.ulg.ac.be\/epistolart_bd\/wp-json\/wp\/v2\/types\/page"}],"author":[{"embeddable":true,"href":"http:\/\/web.philo.ulg.ac.be\/epistolart_bd\/wp-json\/wp\/v2\/users\/2"}],"replies":[{"embeddable":true,"href":"http:\/\/web.philo.ulg.ac.be\/epistolart_bd\/wp-json\/wp\/v2\/comments?post=90"}],"version-history":[{"count":5,"href":"http:\/\/web.philo.ulg.ac.be\/epistolart_bd\/wp-json\/wp\/v2\/pages\/90\/revisions"}],"predecessor-version":[{"id":1850,"href":"http:\/\/web.philo.ulg.ac.be\/epistolart_bd\/wp-json\/wp\/v2\/pages\/90\/revisions\/1850"}],"wp:attachment":[{"href":"http:\/\/web.philo.ulg.ac.be\/epistolart_bd\/wp-json\/wp\/v2\/media?parent=90"}],"curies":[{"name":"wp","href":"https:\/\/api.w.org\/{rel}","templated":true}]}}