{"id":96,"date":"2018-09-11T10:02:56","date_gmt":"2018-09-11T08:02:56","guid":{"rendered":"http:\/\/web.philo.ulg.ac.be\/epistolart_bd\/?page_id=96"},"modified":"2019-01-16T10:32:14","modified_gmt":"2019-01-16T09:32:14","slug":"objectifs","status":"publish","type":"page","link":"http:\/\/web.philo.ulg.ac.be\/epistolart_bd\/objectifs\/","title":{"rendered":"Objectifs"},"content":{"rendered":"<p><div class=\"fusion-fullwidth fullwidth-box fusion-builder-row-1 fusion-parallax-fixed title nonhundred-percent-fullwidth non-hundred-percent-height-scrolling\" style=\"background-color: rgba(255,255,255,0);background-image: url(&quot;http:\/\/web.philo.ulg.ac.be\/epistolart_bd\/wp-content\/uploads\/sites\/46\/2018\/09\/title-objectifs.jpg&quot;);background-position: center center;background-repeat: no-repeat;padding-top:100px;padding-right:0px;padding-bottom:30px;padding-left:0px;margin-bottom: 30px;margin-top: 0px;border-width: 0px 0px 0px 0px;border-color:#eae9e9;border-style:solid;-webkit-background-size:cover;-moz-background-size:cover;-o-background-size:cover;background-size:cover;background-attachment:fixed;\" ><div class=\"fusion-builder-row fusion-row\"><div class=\"fusion-layout-column fusion_builder_column fusion-builder-column-0 fusion_builder_column_1_1 1_1 fusion-one-full fusion-column-first fusion-column-last\" style=\"margin-top:0px;margin-bottom:20px;\"><div class=\"fusion-column-wrapper fusion-flex-column-wrapper-legacy\" style=\"background-position:left top;background-repeat:no-repeat;-webkit-background-size:cover;-moz-background-size:cover;-o-background-size:cover;background-size:cover;padding: 0px 0px 0px 0px;\"><div class=\"fusion-text fusion-text-1\"><h1 style=\"text-align: center;\">OBJECTIFS<\/h1>\n<\/div><div class=\"fusion-clearfix\"><\/div><\/div><\/div><\/div><\/div><div class=\"fusion-fullwidth fullwidth-box fusion-builder-row-2 nonhundred-percent-fullwidth non-hundred-percent-height-scrolling\" style=\"background-color: rgba(255,255,255,0);background-position: center center;background-repeat: no-repeat;padding-top:20px;padding-right:0px;padding-bottom:20px;padding-left:0px;margin-bottom: 0px;margin-top: 0px;border-width: 0px 0px 0px 0px;border-color:#eae9e9;border-style:solid;\" ><div class=\"fusion-builder-row fusion-row\"><div class=\"fusion-layout-column fusion_builder_column fusion-builder-column-1 fusion_builder_column_1_3 1_3 fusion-one-third fusion-column-first margintop15px\" style=\"width:33.333333333333%;width:calc(33.333333333333% - ( ( 4% ) * 0.33333333333333 ) );margin-right: 4%;margin-top:0px;margin-bottom:20px;\"><div class=\"fusion-column-wrapper fusion-flex-column-wrapper-legacy\" style=\"background-position:left top;background-repeat:no-repeat;-webkit-background-size:cover;-moz-background-size:cover;-o-background-size:cover;background-size:cover;padding: 0px 0px 0px 0px;\"><div class=\"fusion-column-content-centered\"><div class=\"fusion-column-content\"><div class=\"imageframe-align-center\"><span class=\" fusion-imageframe imageframe-none imageframe-1 hover-type-none\"><a href=\"http:\/\/web.philo.ulg.ac.be\/epistolart_bd\/wp-content\/uploads\/sites\/46\/2019\/01\/objectifs-2.jpg\" class=\"fusion-lightbox\" data-rel=\"iLightbox[objectifs]\" data-title=\"objectifs-2\" title=\"objectifs-2\"><img decoding=\"async\" width=\"800\" height=\"479\" src=\"http:\/\/web.philo.ulg.ac.be\/epistolart_bd\/wp-content\/uploads\/sites\/46\/2019\/01\/objectifs-2.jpg\" alt class=\"img-responsive wp-image-1217\" srcset=\"http:\/\/web.philo.ulg.ac.be\/epistolart_bd\/wp-content\/uploads\/sites\/46\/2019\/01\/objectifs-2-200x120.jpg 200w, http:\/\/web.philo.ulg.ac.be\/epistolart_bd\/wp-content\/uploads\/sites\/46\/2019\/01\/objectifs-2-400x240.jpg 400w, http:\/\/web.philo.ulg.ac.be\/epistolart_bd\/wp-content\/uploads\/sites\/46\/2019\/01\/objectifs-2-600x359.jpg 600w, http:\/\/web.philo.ulg.ac.be\/epistolart_bd\/wp-content\/uploads\/sites\/46\/2019\/01\/objectifs-2.jpg 800w\" sizes=\"(max-width: 800px) 100vw, 400px\" \/><\/a><\/span><\/div><\/div><\/div><div class=\"fusion-clearfix\"><\/div><\/div><\/div><div class=\"fusion-layout-column fusion_builder_column fusion-builder-column-2 fusion_builder_column_2_3 2_3 fusion-two-third fusion-column-last\" style=\"width:66.666666666667%;width:calc(66.666666666667% - ( ( 4% ) * 0.66666666666667 ) );margin-top:10px;margin-bottom:20px;\"><div class=\"fusion-column-wrapper fusion-flex-column-wrapper-legacy\" style=\"background-position:left top;background-repeat:no-repeat;-webkit-background-size:cover;-moz-background-size:cover;-o-background-size:cover;background-size:cover;padding: 0px 0px 0px 0px;\"><div class=\"fusion-column-content-centered\"><div class=\"fusion-column-content\"><div class=\"fusion-text fusion-text-2\"><h1 style=\"text-align: justify;\"><strong>Notre groupe de recherche, interdisciplinaire par sa composition et par la m\u00e9thode d\u2019analyse appliqu\u00e9e aux textes<\/strong>, a saisi l\u2019opportunit\u00e9 de cette r\u00e9\u00e9dition pour porter une r\u00e9flexion commune sur diff\u00e9rents n\u0153uds conceptuels.<\/h1>\n<ul>\n<li style=\"text-align: justify;\">Le document \u00e9pistolaire : document mat\u00e9riel et textuel \u00e0 la fois, dont l\u2019appr\u00e9hension doit se faire par une approche multiple, conjuguant pal\u00e9ographie, codicologie, linguistique, philologie, histoire.<\/li>\n<li style=\"text-align: justify;\">L\u2019importance des r\u00e9seaux comme r\u00e9v\u00e9lateurs d\u2019instances culturelles\u00a0: rapports entre lettr\u00e9s et artistes, march\u00e9 de l\u2019art, politique\u2026<\/li>\n<li style=\"text-align: justify;\">L\u2019analyse du discours\u00a0: Les \u00e9changes \u00e9pistolaires t\u00e9moignent de l\u2019\u00e9laboration d\u2019une nouvelle forme de discours sur l\u2019art et sur les artistes, avec une terminologie propre, des <em>topo\u00ef<\/em> sp\u00e9cifiques et de nombreux points de contact avec la rh\u00e9torique et la tradition litt\u00e9raire. L\u2019outillage discursif des artistes qui \u00e9crivent des lettres est complexe, sophistiqu\u00e9, codifi\u00e9.<\/li>\n<\/ul>\n<\/div><\/div><\/div><div class=\"fusion-clearfix\"><\/div><\/div><\/div><\/div><\/div><\/p>\n","protected":false},"excerpt":{"rendered":"","protected":false},"author":2,"featured_media":0,"parent":0,"menu_order":0,"comment_status":"closed","ping_status":"closed","template":"100-width.php","meta":{"footnotes":""},"class_list":["post-96","page","type-page","status-publish","hentry"],"_links":{"self":[{"href":"http:\/\/web.philo.ulg.ac.be\/epistolart_bd\/wp-json\/wp\/v2\/pages\/96","targetHints":{"allow":["GET"]}}],"collection":[{"href":"http:\/\/web.philo.ulg.ac.be\/epistolart_bd\/wp-json\/wp\/v2\/pages"}],"about":[{"href":"http:\/\/web.philo.ulg.ac.be\/epistolart_bd\/wp-json\/wp\/v2\/types\/page"}],"author":[{"embeddable":true,"href":"http:\/\/web.philo.ulg.ac.be\/epistolart_bd\/wp-json\/wp\/v2\/users\/2"}],"replies":[{"embeddable":true,"href":"http:\/\/web.philo.ulg.ac.be\/epistolart_bd\/wp-json\/wp\/v2\/comments?post=96"}],"version-history":[{"count":5,"href":"http:\/\/web.philo.ulg.ac.be\/epistolart_bd\/wp-json\/wp\/v2\/pages\/96\/revisions"}],"predecessor-version":[{"id":1401,"href":"http:\/\/web.philo.ulg.ac.be\/epistolart_bd\/wp-json\/wp\/v2\/pages\/96\/revisions\/1401"}],"wp:attachment":[{"href":"http:\/\/web.philo.ulg.ac.be\/epistolart_bd\/wp-json\/wp\/v2\/media?parent=96"}],"curies":[{"name":"wp","href":"https:\/\/api.w.org\/{rel}","templated":true}]}}