{"id":3550,"date":"2014-04-22T15:10:05","date_gmt":"2014-04-22T13:10:05","guid":{"rendered":"http:\/\/web.philo.ulg.ac.be\/gedhsr\/?page_id=3550"},"modified":"2019-12-18T11:49:31","modified_gmt":"2019-12-18T09:49:31","slug":"presentation-lesprit-des-journaux","status":"publish","type":"page","link":"http:\/\/web.philo.ulg.ac.be\/gedhsr\/presentation-lesprit-des-journaux\/","title":{"rendered":"Pr\u00e9sentation &#8211; L&rsquo;Esprit des journaux"},"content":{"rendered":"<div class=\"fusion-fullwidth fullwidth-box fusion-builder-row-1 nonhundred-percent-fullwidth non-hundred-percent-height-scrolling\" style=\"background-color: #ffffff;background-position: center center;background-repeat: no-repeat;padding-top:0px;padding-right:0px;padding-bottom:0px;padding-left:0px;margin-bottom: 0px;margin-top: 0px;border-width: 0px 0px 0px 0px;border-color:#eae9e9;border-style:solid;\" ><div class=\"fusion-builder-row fusion-row\"><div class=\"fusion-layout-column fusion_builder_column fusion-builder-column-0 fusion_builder_column_1_1 1_1 fusion-one-full fusion-column-first fusion-column-last\" style=\"margin-top:0px;margin-bottom:0px;\"><div class=\"fusion-column-wrapper fusion-flex-column-wrapper-legacy\" style=\"background-position:left top;background-repeat:no-repeat;-webkit-background-size:cover;-moz-background-size:cover;-o-background-size:cover;background-size:cover;padding: 0px 0px 0px 0px;\"><style type=\"text\/css\"><\/style><div class=\"fusion-title title fusion-title-1 sep-underline sep-solid fusion-title-text fusion-title-size-one\" style=\"border-bottom-color:#00843b;margin-top:0px;margin-right:0px;margin-bottom:70px;margin-left:0px;\"><h1 class=\"title-heading-left fusion-responsive-typography-calculated\" style=\"margin:0;--fontSize:42;line-height:1;\">Pr\u00e9sentation<\/h1><\/div><span class=\" fusion-imageframe imageframe-none imageframe-1 hover-type-none\" style=\"margin-right:25px;float:left;\"><img decoding=\"async\" width=\"125\" height=\"216\" title=\"espritdesjournaux\" src=\"http:\/\/web.philo.ulg.ac.be\/gedhsr\/wp-content\/uploads\/sites\/31\/2014\/04\/espritdesjournaux.jpg\" alt class=\"img-responsive wp-image-3720\"\/><\/span><div class=\"fusion-text fusion-text-1\"><p style=\"text-align: justify;\">Cr\u00e9\u00e9 \u00e0 Li\u00e8ge en juillet 1772 par Jean-Louis Coster, biblioth\u00e9caire de l&rsquo;\u00e9v\u00eaque de Li\u00e8ge et ex-j\u00e9suite, <em>L&rsquo;Esprit des Journaux<\/em>, parfois qualifi\u00e9 de \u00ab<em>Reader&rsquo;s Digest<\/em> avant l&rsquo;heure\u00bb, eut une long\u00e9vit\u00e9 exceptionnelle puisqu&rsquo;il parut jusqu&rsquo;en avril 1818.<\/p>\n<p style=\"text-align: justify;\">Journal reproducteur, mais pas seulement, <em>L&rsquo;Esprit des Journaux<\/em> fut d&rsquo;abord mensuel, puis bi-mensuel en 1773-74, et \u00e0 nouveau mensuel \u00e0 partir de 1775, ann\u00e9e o\u00f9 il atteint sa \u00abvitesse de croisi\u00e8re\u00bb. Son nombre de pages par volume passe alors de 190 \u00e0 430 \u2014 ce qui porte \u00e0 pr\u00e8s de 6.000 pages son volume annuel.<\/p>\n<p style=\"text-align: justify;\">\u00c0 partir du mois de mai 1773, le libraire Jean-Jacques Tutot l&rsquo;imprima \u00e0 Bruxelles puis le ram\u00e8na \u00e0 Li\u00e8ge en 1776. En 1782, il porta l&rsquo;adresse parisienne de Valade \u00e9ventuellement associ\u00e9e \u00e0 Tutot. De d\u00e9cembre 1782 \u00e0 mars 1793, il fut donc publi\u00e9 sous la double adresse de Paris et de Li\u00e8ge. Revenu \u00e0 Li\u00e8ge en 1793, il est finalement c\u00e9d\u00e9 \u00e0 Weissenbruch qui en a poursuivi la publication \u00e0 Bruxelles jusqu&rsquo;en avril 1818.<\/p>\n<p style=\"text-align: justify;\">En septembre 2007, le GEDHS a entrepris l&rsquo;indexation syst\u00e9matique et le d\u00e9pouillement de <em>L&rsquo;Esprit des Journaux<\/em>. Cette analyse a donn\u00e9 lieu au deuxi\u00e8me colloque international du GEDHS sur le th\u00e8me \u00abDiffusion et transferts de la modernit\u00e9 dans <em>L&rsquo;Esprit des Journaux<\/em>\u00bb (16 et 17 f\u00e9vrier 2009).<\/p>\n<\/div><div class=\"fusion-clearfix\"><\/div><\/div><\/div><\/div><\/div>\n","protected":false},"excerpt":{"rendered":"","protected":false},"author":2,"featured_media":0,"parent":0,"menu_order":0,"comment_status":"closed","ping_status":"closed","template":"","meta":{"footnotes":""},"class_list":["post-3550","page","type-page","status-publish","hentry"],"_links":{"self":[{"href":"http:\/\/web.philo.ulg.ac.be\/gedhsr\/wp-json\/wp\/v2\/pages\/3550","targetHints":{"allow":["GET"]}}],"collection":[{"href":"http:\/\/web.philo.ulg.ac.be\/gedhsr\/wp-json\/wp\/v2\/pages"}],"about":[{"href":"http:\/\/web.philo.ulg.ac.be\/gedhsr\/wp-json\/wp\/v2\/types\/page"}],"author":[{"embeddable":true,"href":"http:\/\/web.philo.ulg.ac.be\/gedhsr\/wp-json\/wp\/v2\/users\/2"}],"replies":[{"embeddable":true,"href":"http:\/\/web.philo.ulg.ac.be\/gedhsr\/wp-json\/wp\/v2\/comments?post=3550"}],"version-history":[{"count":2,"href":"http:\/\/web.philo.ulg.ac.be\/gedhsr\/wp-json\/wp\/v2\/pages\/3550\/revisions"}],"predecessor-version":[{"id":5666,"href":"http:\/\/web.philo.ulg.ac.be\/gedhsr\/wp-json\/wp\/v2\/pages\/3550\/revisions\/5666"}],"wp:attachment":[{"href":"http:\/\/web.philo.ulg.ac.be\/gedhsr\/wp-json\/wp\/v2\/media?parent=3550"}],"curies":[{"name":"wp","href":"https:\/\/api.w.org\/{rel}","templated":true}]}}