{"id":3366,"date":"2014-10-10T10:49:52","date_gmt":"2014-10-10T09:49:52","guid":{"rendered":"http:\/\/web.philo.ulg.ac.be\/islamo\/?page_id=3366"},"modified":"2019-12-04T15:54:21","modified_gmt":"2019-12-04T14:54:21","slug":"historique","status":"publish","type":"page","link":"http:\/\/web.philo.ulg.ac.be\/islamo\/historique\/","title":{"rendered":"Historique"},"content":{"rendered":"<div class=\"fusion-fullwidth fullwidth-box fusion-builder-row-1 nonhundred-percent-fullwidth non-hundred-percent-height-scrolling\" style=\"background-color: #ffffff;background-position: center center;background-repeat: no-repeat;padding-top:0px;padding-right:0px;padding-bottom:0px;padding-left:0px;margin-bottom: 0px;margin-top: 0px;border-width: 0px 0px 0px 0px;border-color:#eae9e9;border-style:solid;\" ><div class=\"fusion-builder-row fusion-row\"><div class=\"fusion-layout-column fusion_builder_column fusion-builder-column-0 fusion_builder_column_1_1 1_1 fusion-one-full fusion-column-first fusion-column-last\" style=\"margin-top:0px;margin-bottom:0px;\"><div class=\"fusion-column-wrapper fusion-flex-column-wrapper-legacy\" style=\"background-position:left top;background-repeat:no-repeat;-webkit-background-size:cover;-moz-background-size:cover;-o-background-size:cover;background-size:cover;padding: 0px 0px 0px 0px;\"><style type=\"text\/css\"><\/style><div class=\"fusion-title title fusion-title-1 sep-underline sep-solid fusion-title-text fusion-title-size-one\" style=\"border-bottom-color:#00843b;margin-top:0px;margin-right:0px;margin-bottom:70px;margin-left:0px;\"><h1 class=\"title-heading-left fusion-responsive-typography-calculated\" style=\"margin:0;--fontSize:42;line-height:1;\">Historique<\/h1><\/div><div class=\"fusion-text fusion-text-1\"><p style=\"text-align: justify;\">L\u2019Universit\u00e9 de Li\u00e8ge fut cr\u00e9\u00e9e en 1817 sous le r\u00e9gime hollandais. Mais, d\u00e8s avant la date officielle de la fondation de l\u2019Universit\u00e9, Guillaume Ier, roi des Pays-Bas, d\u00e9cidait, par un arr\u00eat\u00e9 du 25 septembre 1816, que seraient enseign\u00e9es \u00e0 Li\u00e8ge, mais aussi \u00e0 Gand et \u00e0 Bruxelles, \u00ab\u00a0les litt\u00e9ratures h\u00e9bra\u00efque, arabe, syriaque, chald\u00e9enne et les antiquit\u00e9s juives\u00a0\u00bb.<\/p>\n<p style=\"text-align: justify;\">Ce ne fut cependant qu\u2019apr\u00e8s l\u2019ind\u00e9pendance de la Belgique que fut organis\u00e9, par la loi du 27 septembre 1835, l\u2019enseignement des \u00ab\u00a0litt\u00e9ratures orientales\u00a0\u00bb, par quoi on entendait, \u00e0 cette \u00e9poque, les litt\u00e9ratures propres aux langues s\u00e9mitiques. Le premier titulaire en fut <a title=\"Pierre Burggraff\" href=\"http:\/\/web.philo.ulg.ac.be\/islamo\/pierre-burggraff\/\">Pierre Burggraff<\/a> (1803-1881), qui fut charg\u00e9, en 1837, des cours d\u2019h\u00e9breu, d\u2019arabe et d\u2019 \u00ab\u00a0introduction \u00e0 l\u2019\u00e9tude des langues orientales\u00a0\u00bb.<\/p>\n<p style=\"text-align: justify;\">C\u2019est l\u2019un de ses \u00e9l\u00e8ves, <a title=\"Victor Chauvin\" href=\"http:\/\/web.philo.ulg.ac.be\/islamo\/victor-chauvin\/\">Victor Chauvin<\/a> (1844-1913) qui, en 1872, lui succ\u00e9da. Outre les cours d\u2019h\u00e9breu et d\u2019arabe, il fut \u00e9galement charg\u00e9 d\u2019un cours de droit musulman et du cours d\u2019histoire ancienne de l\u2019Orient.<\/p>\n<p style=\"text-align: justify;\">Jusqu\u2019en 1880, <a title=\"Victor Chauvin\" href=\"http:\/\/web.philo.ulg.ac.be\/islamo\/victor-chauvin\/\">Victor Chauvin<\/a> fut le seul repr\u00e9sentant de l\u2019orientalisme \u00e0 l\u2019Universit\u00e9 de Li\u00e8ge. \u00c0 cette date fut cr\u00e9\u00e9 un cours de sanskrit, dont le premier titulaire fut Charles Michel.<\/p>\n<p style=\"text-align: justify;\">En 1898, un cours de persan fut confi\u00e9 \u00e0 Ernest Orsolle. L\u2019ann\u00e9e suivante s\u2019ouvrait le cours de chinois, assur\u00e9 par le P\u00e8re J.B.\u00a0Steenackers; en 1902, l\u2019\u00e9gyptologie \u00e9tait repr\u00e9sent\u00e9e par J. Capart, en 1904, le turc enseign\u00e9 par <a title=\"Auguste Bricteux\" href=\"http:\/\/web.philo.ulg.ac.be\/islamo\/auguste-bricteux\/\">Auguste Bricteux<\/a> et le japonais par Th.\u00a0Gollier.<\/p>\n<p style=\"text-align: justify;\">C\u2019est un \u00e9l\u00e8ve de <a title=\"Victor Chauvin\" href=\"http:\/\/web.philo.ulg.ac.be\/islamo\/victor-chauvin\/\">Victor Chauvin<\/a>, <a title=\"Auguste Bricteux\" href=\"http:\/\/web.philo.ulg.ac.be\/islamo\/auguste-bricteux\/\">Auguste Bricteux<\/a> (1873-1937) qui, apr\u00e8s la mort de son ma\u00eetre en 1913, reprit les cours d\u2019h\u00e9breu et d\u2019arabe. Mais, depuis 1901, il assurait le cours de persan, qu\u2019E. Orsolle avait d\u00fb abandonner \u00e0 la suite d\u2019une grave maladie des yeux.<\/p>\n<p style=\"text-align: justify;\">En 1914, l\u2019Universit\u00e9 instituait un cours d\u2019assyriologie, dont le premier titulaire fut J. Prickartz.<\/p>\n<p style=\"text-align: justify;\">\u00c0 cette \u00e9poque, les principales disciplines de l\u2019orientalisme \u00e9taient enseign\u00e9es \u00e0 l\u2019Universit\u00e9 de Li\u00e8ge : l\u2019h\u00e9breu, l\u2019arabe, le turc, les langues indo-iraniennes, l\u2019assyriologie, l\u2019\u00e9gyptologie (l\u2019enseignement du chinois cessa en 1912, celui du japonais en 1921). Mais toutes ces branches de l\u2019orientalisme n\u2019\u00e9taient repr\u00e9sent\u00e9es dans les programmes que par des cours libres ou des cours facultatifs, qui ne conduisaient \u00e0 aucun dipl\u00f4me. <a title=\"Auguste Bricteux\" href=\"http:\/\/web.philo.ulg.ac.be\/islamo\/auguste-bricteux\/\">A. Bricteux<\/a> et J. Prickartz con\u00e7urent le projet de donner un statut l\u00e9gal aux \u00e9tudes d\u2019orientalisme. Ainsi fut cr\u00e9\u00e9, en 1922, l\u2019Institut Sup\u00e9rieur d\u2019Histoire et de Litt\u00e9ratures Orientales, qui fut annex\u00e9 \u00e0 la Facult\u00e9 de Philosophie et Lettres. Les grades scientifiques de candidat (deux ann\u00e9es d\u2019\u00e9tude), de licenci\u00e9 (deux ann\u00e9es d\u2019\u00e9tude) et de docteur en histoire et litt\u00e9ratures orientales formaient d\u00e9sormais un cursus coh\u00e9rent, bien que chaque chaire ne f\u00fbt toujours repr\u00e9sent\u00e9e que par un seul titulaire, souvent charg\u00e9 de l\u2019enseignement de plusieurs langues orientales.<\/p>\n<p style=\"text-align: justify;\"><a title=\"Herman Janssens\" href=\"http:\/\/web.philo.ulg.ac.be\/islamo\/herman-janssens\/\">Herman Janssens<\/a> (1903-1963) succ\u00e9da \u00e0 son ma\u00eetre <a title=\"Auguste Bricteux\" href=\"http:\/\/web.philo.ulg.ac.be\/islamo\/auguste-bricteux\/\">A. Bricteux<\/a> dans les cours d\u2019h\u00e9breu, d\u2019arabe et de turc.\u2028 Apr\u00e8s la mort d\u2019<a title=\"Herman Janssens\" href=\"http:\/\/web.philo.ulg.ac.be\/islamo\/herman-janssens\/\">H.\u00a0Janssens<\/a>, Charles Fontinoy lui succ\u00e9da dans la chaire d\u2019h\u00e9breu et assura, en suppl\u00e9ance, les cours d\u2019arabe.<\/p>\n<p style=\"text-align: justify;\">C\u2019est en 1970 que l\u2019Institut fut int\u00e9gr\u00e9 \u00e0 la Facult\u00e9 de Philosophie et Lettres, dont il devint une section sous le nom de Section d\u2019histoire et litt\u00e9ratures orientales (devenue ensuite Section d\u2019histoire et de philologie orientales, avant de s\u2019appeler, depuis 1996, Section de langues et litt\u00e9ratures orientales).<\/p>\n<p style=\"text-align: justify;\">En 1967, <a title=\"Philippe Mar\u00e7ais\" href=\"http:\/\/web.philo.ulg.ac.be\/islamo\/philippe-marcais\/\">Philippe Mar\u00e7ais<\/a> (1910-1984) reprit la charge d\u2019arabe, laiss\u00e9e vacante, et l\u2019assuma jusqu\u2019\u00e0 sa retraite en 1980.<\/p>\n<p style=\"text-align: justify;\">C\u2019est \u00e0 cette date qu\u2019<a title=\"Aubert Martin\" href=\"http:\/\/web.philo.ulg.ac.be\/islamo\/aubert-martin\/\">Aubert Martin<\/a> (1936- ), disciple d\u2019<a title=\"Herman Janssens\" href=\"http:\/\/web.philo.ulg.ac.be\/islamo\/herman-janssens\/\">H. Janssens<\/a> et de <a title=\"Philippe Mar\u00e7ais\" href=\"http:\/\/web.philo.ulg.ac.be\/islamo\/philippe-marcais\/\">Philippe Mar\u00e7ais<\/a>, obtint la chaire de langue arabe et d\u2019\u00e9tudes islamiques jusqu\u2019\u00e0 son admission \u00e0 la retraite en 2001.<\/p>\n<p style=\"text-align: justify;\">Depuis lors, <a href=\"https:\/\/www.uliege.be\/cms\/c_9054334\/fr\/repertoire?uid=U014617&amp;mr_histstate=1575469651628\" target=\"_blank\" rel=\"noopener\">Fr\u00e9d\u00e9ric Bauden<\/a>, licenci\u00e9 en philologie et histoire orientales (Universit\u00e9 Libre de Bruxelles) et docteur en histoire et philologie orientales de l\u2019Universit\u00e9 de Li\u00e8ge, assure la totalit\u00e9 de la chaire.<\/p>\n<h3>Source<\/h3>\n<p style=\"text-align: justify;\"><em>M\u00e9langes de philologie orientale, publi\u00e9s \u00e0 l\u2019occasion du Xe anniversaire de la cr\u00e9ation de l\u2019Institut Sup\u00e9rieur d\u2019Histoire et de Litt\u00e9ratures Orientales de l\u2019Universit\u00e9 de Li\u00e8ge<\/em>, Li\u00e8ge-Louvain, 1932.<\/p>\n<\/div><div class=\"fusion-clearfix\"><\/div><\/div><\/div><\/div><\/div>\n","protected":false},"excerpt":{"rendered":"","protected":false},"author":2,"featured_media":0,"parent":0,"menu_order":0,"comment_status":"closed","ping_status":"closed","template":"","meta":{"footnotes":""},"class_list":["post-3366","page","type-page","status-publish","hentry"],"_links":{"self":[{"href":"http:\/\/web.philo.ulg.ac.be\/islamo\/wp-json\/wp\/v2\/pages\/3366","targetHints":{"allow":["GET"]}}],"collection":[{"href":"http:\/\/web.philo.ulg.ac.be\/islamo\/wp-json\/wp\/v2\/pages"}],"about":[{"href":"http:\/\/web.philo.ulg.ac.be\/islamo\/wp-json\/wp\/v2\/types\/page"}],"author":[{"embeddable":true,"href":"http:\/\/web.philo.ulg.ac.be\/islamo\/wp-json\/wp\/v2\/users\/2"}],"replies":[{"embeddable":true,"href":"http:\/\/web.philo.ulg.ac.be\/islamo\/wp-json\/wp\/v2\/comments?post=3366"}],"version-history":[{"count":5,"href":"http:\/\/web.philo.ulg.ac.be\/islamo\/wp-json\/wp\/v2\/pages\/3366\/revisions"}],"predecessor-version":[{"id":4770,"href":"http:\/\/web.philo.ulg.ac.be\/islamo\/wp-json\/wp\/v2\/pages\/3366\/revisions\/4770"}],"wp:attachment":[{"href":"http:\/\/web.philo.ulg.ac.be\/islamo\/wp-json\/wp\/v2\/media?parent=3366"}],"curies":[{"name":"wp","href":"https:\/\/api.w.org\/{rel}","templated":true}]}}