{"id":3370,"date":"2014-10-10T10:50:22","date_gmt":"2014-10-10T09:50:22","guid":{"rendered":"http:\/\/web.philo.ulg.ac.be\/islamo\/?page_id=3370"},"modified":"2019-12-04T15:55:29","modified_gmt":"2019-12-04T14:55:29","slug":"partenaires","status":"publish","type":"page","link":"http:\/\/web.philo.ulg.ac.be\/islamo\/partenaires\/","title":{"rendered":"Partenaires"},"content":{"rendered":"<div class=\"fusion-fullwidth fullwidth-box fusion-builder-row-1 nonhundred-percent-fullwidth non-hundred-percent-height-scrolling\" style=\"background-color: #ffffff;background-position: center center;background-repeat: no-repeat;padding-top:0px;padding-right:0px;padding-bottom:0px;padding-left:0px;margin-bottom: 0px;margin-top: 0px;border-width: 0px 0px 0px 0px;border-color:#eae9e9;border-style:solid;\" ><div class=\"fusion-builder-row fusion-row\"><div class=\"fusion-layout-column fusion_builder_column fusion-builder-column-0 fusion_builder_column_1_1 1_1 fusion-one-full fusion-column-first fusion-column-last\" style=\"margin-top:0px;margin-bottom:0px;\"><div class=\"fusion-column-wrapper fusion-flex-column-wrapper-legacy\" style=\"background-position:left top;background-repeat:no-repeat;-webkit-background-size:cover;-moz-background-size:cover;-o-background-size:cover;background-size:cover;padding: 0px 0px 0px 0px;\"><style type=\"text\/css\"><\/style><div class=\"fusion-title title fusion-title-1 sep-underline sep-solid fusion-title-text fusion-title-size-one\" style=\"border-bottom-color:#00843b;margin-top:0px;margin-right:0px;margin-bottom:70px;margin-left:0px;\"><h1 class=\"title-heading-left fusion-responsive-typography-calculated\" style=\"margin:0;--fontSize:42;line-height:1;\">Partenaires<\/h1><\/div><div class=\"fusion-text fusion-text-1\"><h3><strong>L&rsquo;Arabe Acad\u00e9mie<\/strong><\/h3>\n<h4><strong>Les buts<\/strong><\/h4>\n<ul>\n<li style=\"text-align: justify;\">Permettre en dix semaines d\u2019acc\u00e9der \u00e0 un seuil minimal, moyen ou avanc\u00e9 de la langue arabe standard.<\/li>\n<li style=\"text-align: justify;\">Approcher la culture arabe dans sa diversit\u00e9 culturelle, sociale et \u00e9conomique.<\/li>\n<li style=\"text-align: justify;\">Renforcer les relations, notamment commerciales, avec le monde arabe au sens large.<\/li>\n<\/ul>\n<h4><strong>Le public-cible<\/strong><\/h4>\n<p style=\"text-align: justify;\">Pour les exportateurs vers les pays arabes, et pour les \u00e9tudiants en terminale ou les demandeurs d\u2019emploi (bacheliers au minimum), qui ont comme objectif de travailler en lien avec le monde arabe, quel que soit le secteur d\u2019activit\u00e9s, avec ou sans connaissance pr\u00e9alable de la langue arabe (classique ou dialecte).<\/p>\n<h4><strong>Le programme<\/strong><\/h4>\n<p style=\"text-align: justify;\">Niveau d\u00e9butant et niveau interm\u00e9diaire : 30h de cours de langue arabe classique. Les cours se donneront \u00e0 raison de 2 s\u00e9ances de 1h30 par semaine pendant 10 semaines (30h). Le cours comprend une formation \u00e0 la lecture et \u00e0 l\u2019\u00e9criture (1 s\u00e9ance par semaine) et \u00e0 la conversation (1 s\u00e9ance par semaine).<\/p>\n<p><a href=\"http:\/\/www.ciwb.be\/fr\/les-projets-de-la-ciwb\/arabe-academie\" target=\"_blank\" rel=\"noopener\">Vers le site internet<\/a><\/p>\n<\/div><div class=\"fusion-clearfix\"><\/div><\/div><\/div><\/div><\/div>\n","protected":false},"excerpt":{"rendered":"","protected":false},"author":2,"featured_media":0,"parent":0,"menu_order":0,"comment_status":"closed","ping_status":"closed","template":"","meta":{"footnotes":""},"class_list":["post-3370","page","type-page","status-publish","hentry"],"_links":{"self":[{"href":"http:\/\/web.philo.ulg.ac.be\/islamo\/wp-json\/wp\/v2\/pages\/3370","targetHints":{"allow":["GET"]}}],"collection":[{"href":"http:\/\/web.philo.ulg.ac.be\/islamo\/wp-json\/wp\/v2\/pages"}],"about":[{"href":"http:\/\/web.philo.ulg.ac.be\/islamo\/wp-json\/wp\/v2\/types\/page"}],"author":[{"embeddable":true,"href":"http:\/\/web.philo.ulg.ac.be\/islamo\/wp-json\/wp\/v2\/users\/2"}],"replies":[{"embeddable":true,"href":"http:\/\/web.philo.ulg.ac.be\/islamo\/wp-json\/wp\/v2\/comments?post=3370"}],"version-history":[{"count":3,"href":"http:\/\/web.philo.ulg.ac.be\/islamo\/wp-json\/wp\/v2\/pages\/3370\/revisions"}],"predecessor-version":[{"id":4771,"href":"http:\/\/web.philo.ulg.ac.be\/islamo\/wp-json\/wp\/v2\/pages\/3370\/revisions\/4771"}],"wp:attachment":[{"href":"http:\/\/web.philo.ulg.ac.be\/islamo\/wp-json\/wp\/v2\/media?parent=3370"}],"curies":[{"name":"wp","href":"https:\/\/api.w.org\/{rel}","templated":true}]}}