{"id":3384,"date":"2014-10-10T10:52:32","date_gmt":"2014-10-10T09:52:32","guid":{"rendered":"http:\/\/web.philo.ulg.ac.be\/islamo\/?page_id=3384"},"modified":"2019-12-06T15:18:56","modified_gmt":"2019-12-06T14:18:56","slug":"theses-soutenues","status":"publish","type":"page","link":"http:\/\/web.philo.ulg.ac.be\/islamo\/theses-soutenues\/","title":{"rendered":"Th\u00e8ses soutenues"},"content":{"rendered":"<div class=\"fusion-fullwidth fullwidth-box fusion-builder-row-1 nonhundred-percent-fullwidth non-hundred-percent-height-scrolling\" style=\"background-color: #ffffff;background-position: center center;background-repeat: no-repeat;padding-top:0px;padding-right:0px;padding-bottom:0px;padding-left:0px;margin-bottom: 0px;margin-top: 0px;border-width: 0px 0px 0px 0px;border-color:#eae9e9;border-style:solid;\" ><div class=\"fusion-builder-row fusion-row\"><div class=\"fusion-layout-column fusion_builder_column fusion-builder-column-0 fusion_builder_column_1_1 1_1 fusion-one-full fusion-column-first fusion-column-last\" style=\"margin-top:0px;margin-bottom:0px;\"><div class=\"fusion-column-wrapper fusion-flex-column-wrapper-legacy\" style=\"background-position:left top;background-repeat:no-repeat;-webkit-background-size:cover;-moz-background-size:cover;-o-background-size:cover;background-size:cover;padding: 0px 0px 0px 0px;\"><style type=\"text\/css\"><\/style><div class=\"fusion-title title fusion-title-1 sep-underline sep-solid fusion-title-text fusion-title-size-one\" style=\"border-bottom-color:#00843b;margin-top:0px;margin-right:0px;margin-bottom:70px;margin-left:0px;\"><h1 class=\"title-heading-left fusion-responsive-typography-calculated\" style=\"margin:0;--fontSize:42;line-height:1;\">Th\u00e8ses soutenues<\/h1><\/div><ul class=\"fusion-checklist fusion-checklist-1\" style=\"font-size:15px;line-height:25.5px;\"><li style=\"background-color:rgba(255,255,255,0);\" class=\"fusion-li-item\"><span style=\"height:25.5px;width:25.5px;margin-right:10.5px;\" class=\"icon-wrapper circle-no\"><i class=\"fusion-li-icon fa-angle-right fas\" style=\"color:#00843b;\" aria-hidden=\"true\"><\/i><\/span><div class=\"fusion-li-item-content\" style=\"margin-left:36px;color:#4a4a4a;\">\n<p><strong>Alessandro RIZZO &#8211;\u00a0<em>Le Lys et le Lion: Diplomatie et \u00e9changes entre Florence et le sultanat mamelouk (d\u00e9but XVe-d\u00e9but XVIe s.)<\/em><\/strong><br \/>\nUniversit\u00e9 de Li\u00e8ge ; Aix-Marseille Universit\u00e9. Soutenue \u00e0 Li\u00e8ge le 28 octobre 2017.<br \/>\nJury : Benjamin ARBEL (Tel Aviv University), F. BAUDEN, Annick DELFOSSE (Li\u00e8ge Universit\u00e9), Isabella LAZZARINI (Universit\u00e0 degli Studi del Molise), Elisabeth MALAMUT (Aix-Marseille Universit\u00e9), Mohamed OUERFELLI (Aix-Marseille Universit\u00e9).<\/p>\n<\/div><\/li><li style=\"background-color:rgba(255,255,255,0);\" class=\"fusion-li-item\"><span style=\"height:25.5px;width:25.5px;margin-right:10.5px;\" class=\"icon-wrapper circle-no\"><i class=\"fusion-li-icon fa-angle-right fas\" style=\"color:#00843b;\" aria-hidden=\"true\"><\/i><\/span><div class=\"fusion-li-item-content\" style=\"margin-left:36px;color:#4a4a4a;\">\n<p style=\"text-align: justify\"><strong>\u00c9lise FRANSSEN &#8211; <\/strong><em><strong>Les manuscrits des Mille et une nuits de la recension \u00e9gyptienne.<\/strong><br \/>\n<\/em>Universit\u00e9 de Li\u00e8ge. Soutenue \u00e0 Li\u00e8ge le 4 juillet 2012.<br \/>\nJury : F. BAUDEN, Laurence BAULOYE, Antonella GHERSETTI (Universit\u00e0 Ca\u2019 Foscari di Venezia), Genevi\u00e8ve HUMBERT (CRNS, Paris), Jan Just WITKAM (Universiteit van Leiden), Richard VAN LEEUWEN (Universiteit van Amsterdam).<\/p>\n<\/div><\/li><li style=\"background-color:rgba(255,255,255,0);\" class=\"fusion-li-item\"><span style=\"height:25.5px;width:25.5px;margin-right:10.5px;\" class=\"icon-wrapper circle-no\"><i class=\"fusion-li-icon fa-angle-right fas\" style=\"color:#00843b;\" aria-hidden=\"true\"><\/i><\/span><div class=\"fusion-li-item-content\" style=\"margin-left:36px;color:#4a4a4a;\">\n<p style=\"text-align: justify\"><strong>Marc MALEVEZ &#8211; <\/strong><em><strong>Introduction \u00e0 la d\u00e9marche spirituelle des moines errants de l\u2019\u00c9gypte copte (250-451). Une \u00e9tude fond\u00e9e sur la Mission de Paphnuce et les principales sources litt\u00e9raires du monachisme errant de l\u2019\u00e9poque concern\u00e9e.<\/strong><br \/>\n<\/em>Universit\u00e9 de Li\u00e8ge en co-tutelle avec l\u2019\u00c9cole pratique des hautes \u00e9tudes, Paris, soutenue \u00e0 Paris le 3 d\u00e9cembre 2011.<br \/>\nJury\u00a0:\u00a0F.\u00a0BAUDEN (Li\u00e8ge), Johannes DEN HEIJER (Louvain-la-Neuve), Jean-Daniel DUBOIS (Paris), Bernard FLUSIN (Paris), Bertrand HIRSCH (Paris).<\/p>\n<\/div><\/li><li style=\"background-color:rgba(255,255,255,0);\" class=\"fusion-li-item\"><span style=\"height:25.5px;width:25.5px;margin-right:10.5px;\" class=\"icon-wrapper circle-no\"><i class=\"fusion-li-icon fa-angle-right fas\" style=\"color:#00843b;\" aria-hidden=\"true\"><\/i><\/span><div class=\"fusion-li-item-content\" style=\"margin-left:36px;color:#4a4a4a;\">\n<p><strong>Malika DEKKICHE &#8211; <em>Le Caire carrefour d\u2019ambassades. Les relations diplomatiques entre les sultans mamlouks et les autres pouvoirs du domaine musulman (Timourides, Turcomans) au XVe s.<br \/>\n<\/em><\/strong>Universit\u00e9 de Li\u00e8ge, soutenue \u00e0 Li\u00e8ge le 9 septembre 2010.<br \/>\nJury : F. BAUDEN, Laurence BAULOYE, Stephan CONERMANN (Bonn), Ludvik KALUS (Paris), Jo VAN STEENBERGEN (Gand), John WOODS (Chicago).<\/p>\n<\/div><\/li><li style=\"background-color:rgba(255,255,255,0);\" class=\"fusion-li-item\"><span style=\"height:25.5px;width:25.5px;margin-right:10.5px;\" class=\"icon-wrapper circle-no\"><i class=\"fusion-li-icon fa-angle-right fas\" style=\"color:#00843b;\" aria-hidden=\"true\"><\/i><\/span><div class=\"fusion-li-item-content\" style=\"margin-left:36px;color:#4a4a4a;\">\n<p><strong>M\u00fcserref YARDIM &#8211; <em>La pens\u00e9e politique et religieuse du \u00ab\u202fR\u00e9novateur ottoman\u202f\u00bb (islamc\u0131) Said Nurs\u00ee de 1908 \u00e0 1926<\/em>.<br \/>\n<\/strong>Universit\u00e9 de Li\u00e8ge en co-tutelle avec l\u2019Universit\u00e9 Marc Bloch, Strasbourg, soutenue \u00e0 l\u2019universit\u00e9 de Li\u00e8ge le 7 juillet 2010.<br \/>\nJury\u00a0:\u00a0F.\u00a0BAUDEN, Laurence BAULOYE (Li\u00e8ge), Daniel DE SMET (Paris), Jean STRAUSS (Strasbourg), Eric GEOFFROY (Strasbourg).<\/p>\n<\/div><\/li><li style=\"background-color:rgba(255,255,255,0);\" class=\"fusion-li-item\"><span style=\"height:25.5px;width:25.5px;margin-right:10.5px;\" class=\"icon-wrapper circle-no\"><i class=\"fusion-li-icon fa-angle-right fas\" style=\"color:#00843b;\" aria-hidden=\"true\"><\/i><\/span><div class=\"fusion-li-item-content\" style=\"margin-left:36px;color:#4a4a4a;\">\n<p><strong>Micha\u00ebl PRIVOT &#8211; <em>Le<\/em> Kit\u00e2b al-rum\u00fbz <em>d\u2019al-Shahraz\u00fbr\u00ee: une \u0153uvre ishr\u00e2q\u00ee ?<br \/>\n<\/em><\/strong>Universit\u00e9 de Li\u00e8ge, soutenue \u00e0 l\u2019universit\u00e9 de Li\u00e8ge, le 12 novembre 2007.<br \/>\nJury : F. BAUDEN, Godefroy DE CALLATAY (Louvain-la-Neuve), Daniel DE SMET (Paris), Yahya MICHOT (Oxford), Sabine SCHMIDKE (Berlin).<\/p>\n<\/div><\/li><\/ul><div class=\"fusion-clearfix\"><\/div><\/div><\/div><\/div><\/div>\n","protected":false},"excerpt":{"rendered":"","protected":false},"author":2,"featured_media":0,"parent":0,"menu_order":0,"comment_status":"closed","ping_status":"closed","template":"","meta":{"footnotes":""},"class_list":["post-3384","page","type-page","status-publish","hentry"],"_links":{"self":[{"href":"http:\/\/web.philo.ulg.ac.be\/islamo\/wp-json\/wp\/v2\/pages\/3384","targetHints":{"allow":["GET"]}}],"collection":[{"href":"http:\/\/web.philo.ulg.ac.be\/islamo\/wp-json\/wp\/v2\/pages"}],"about":[{"href":"http:\/\/web.philo.ulg.ac.be\/islamo\/wp-json\/wp\/v2\/types\/page"}],"author":[{"embeddable":true,"href":"http:\/\/web.philo.ulg.ac.be\/islamo\/wp-json\/wp\/v2\/users\/2"}],"replies":[{"embeddable":true,"href":"http:\/\/web.philo.ulg.ac.be\/islamo\/wp-json\/wp\/v2\/comments?post=3384"}],"version-history":[{"count":6,"href":"http:\/\/web.philo.ulg.ac.be\/islamo\/wp-json\/wp\/v2\/pages\/3384\/revisions"}],"predecessor-version":[{"id":4833,"href":"http:\/\/web.philo.ulg.ac.be\/islamo\/wp-json\/wp\/v2\/pages\/3384\/revisions\/4833"}],"wp:attachment":[{"href":"http:\/\/web.philo.ulg.ac.be\/islamo\/wp-json\/wp\/v2\/media?parent=3384"}],"curies":[{"name":"wp","href":"https:\/\/api.w.org\/{rel}","templated":true}]}}