{"id":3386,"date":"2014-10-10T10:52:59","date_gmt":"2014-10-10T09:52:59","guid":{"rendered":"http:\/\/web.philo.ulg.ac.be\/islamo\/?page_id=3386"},"modified":"2019-12-06T15:20:06","modified_gmt":"2019-12-06T14:20:06","slug":"theses-en-cours","status":"publish","type":"page","link":"http:\/\/web.philo.ulg.ac.be\/islamo\/theses-en-cours\/","title":{"rendered":"Th\u00e8ses en cours"},"content":{"rendered":"<div class=\"fusion-fullwidth fullwidth-box fusion-builder-row-1 nonhundred-percent-fullwidth non-hundred-percent-height-scrolling\" style=\"background-color: #ffffff;background-position: center center;background-repeat: no-repeat;padding-top:0px;padding-right:0px;padding-bottom:0px;padding-left:0px;margin-bottom: 0px;margin-top: 0px;border-width: 0px 0px 0px 0px;border-color:#eae9e9;border-style:solid;\" ><div class=\"fusion-builder-row fusion-row\"><div class=\"fusion-layout-column fusion_builder_column fusion-builder-column-0 fusion_builder_column_1_1 1_1 fusion-one-full fusion-column-first fusion-column-last\" style=\"margin-top:0px;margin-bottom:0px;\"><div class=\"fusion-column-wrapper fusion-flex-column-wrapper-legacy\" style=\"background-position:left top;background-repeat:no-repeat;-webkit-background-size:cover;-moz-background-size:cover;-o-background-size:cover;background-size:cover;padding: 0px 0px 0px 0px;\"><style type=\"text\/css\"><\/style><div class=\"fusion-title title fusion-title-1 sep-underline sep-solid fusion-title-text fusion-title-size-one\" style=\"border-bottom-color:#00843b;margin-top:0px;margin-right:0px;margin-bottom:70px;margin-left:0px;\"><h1 class=\"title-heading-left fusion-responsive-typography-calculated\" style=\"margin:0;--fontSize:42;line-height:1;\">Th\u00e8ses en cours<\/h1><\/div><ul class=\"fusion-checklist fusion-checklist-1\" style=\"font-size:15px;line-height:25.5px;\"><li style=\"background-color:rgba(255,255,255,0);\" class=\"fusion-li-item\"><span style=\"height:25.5px;width:25.5px;margin-right:10.5px;\" class=\"icon-wrapper circle-no\"><i class=\"fusion-li-icon fa-angle-right fas\" style=\"color:#00843b;\" aria-hidden=\"true\"><\/i><\/span><div class=\"fusion-li-item-content\" style=\"margin-left:36px;color:#4a4a4a;\">\n<p><strong>Radouane ATTIYA &#8211; <\/strong><em><strong>Le Ta\u01e7r\u012bd al-Taw\u1e25\u012bd al-muf\u012bd d&rsquo;al-Maqr\u012bz\u012b.<\/strong><br \/>\n<\/em>Depuis 2012.<\/p>\n<\/div><\/li><li style=\"background-color:rgba(255,255,255,0);\" class=\"fusion-li-item\"><span style=\"height:25.5px;width:25.5px;margin-right:10.5px;\" class=\"icon-wrapper circle-no\"><i class=\"fusion-li-icon fa-angle-right fas\" style=\"color:#00843b;\" aria-hidden=\"true\"><\/i><\/span><div class=\"fusion-li-item-content\" style=\"margin-left:36px;color:#4a4a4a;\">\n<p><strong>Kaori OTSUYA &#8211; Social and Political Roles of the Religious Elite of Mecca and Medina during the Mamluk Period (1250\u20131517).<br \/>\n<\/strong>Depuis octobre 2019.<strong><em><br \/>\n<\/em><\/strong><\/p>\n<\/div><\/li><\/ul><div class=\"fusion-clearfix\"><\/div><\/div><\/div><\/div><\/div>\n","protected":false},"excerpt":{"rendered":"","protected":false},"author":2,"featured_media":0,"parent":0,"menu_order":0,"comment_status":"closed","ping_status":"closed","template":"","meta":{"footnotes":""},"class_list":["post-3386","page","type-page","status-publish","hentry"],"_links":{"self":[{"href":"http:\/\/web.philo.ulg.ac.be\/islamo\/wp-json\/wp\/v2\/pages\/3386","targetHints":{"allow":["GET"]}}],"collection":[{"href":"http:\/\/web.philo.ulg.ac.be\/islamo\/wp-json\/wp\/v2\/pages"}],"about":[{"href":"http:\/\/web.philo.ulg.ac.be\/islamo\/wp-json\/wp\/v2\/types\/page"}],"author":[{"embeddable":true,"href":"http:\/\/web.philo.ulg.ac.be\/islamo\/wp-json\/wp\/v2\/users\/2"}],"replies":[{"embeddable":true,"href":"http:\/\/web.philo.ulg.ac.be\/islamo\/wp-json\/wp\/v2\/comments?post=3386"}],"version-history":[{"count":5,"href":"http:\/\/web.philo.ulg.ac.be\/islamo\/wp-json\/wp\/v2\/pages\/3386\/revisions"}],"predecessor-version":[{"id":4834,"href":"http:\/\/web.philo.ulg.ac.be\/islamo\/wp-json\/wp\/v2\/pages\/3386\/revisions\/4834"}],"wp:attachment":[{"href":"http:\/\/web.philo.ulg.ac.be\/islamo\/wp-json\/wp\/v2\/media?parent=3386"}],"curies":[{"name":"wp","href":"https:\/\/api.w.org\/{rel}","templated":true}]}}