{"id":3572,"date":"2014-10-24T14:17:28","date_gmt":"2014-10-24T13:17:28","guid":{"rendered":"http:\/\/web.philo.ulg.ac.be\/islamo\/?page_id=3572"},"modified":"2019-12-04T15:58:38","modified_gmt":"2019-12-04T14:58:38","slug":"ressources","status":"publish","type":"page","link":"http:\/\/web.philo.ulg.ac.be\/islamo\/ressources\/","title":{"rendered":"Ressources"},"content":{"rendered":"<div class=\"fusion-fullwidth fullwidth-box fusion-builder-row-1 nonhundred-percent-fullwidth non-hundred-percent-height-scrolling\" style=\"background-color: #ffffff;background-position: center center;background-repeat: no-repeat;padding-top:0px;padding-right:0px;padding-bottom:0px;padding-left:0px;margin-bottom: 0px;margin-top: 0px;border-width: 0px 0px 0px 0px;border-color:#eae9e9;border-style:solid;\" ><div class=\"fusion-builder-row fusion-row\"><div class=\"fusion-layout-column fusion_builder_column fusion-builder-column-0 fusion_builder_column_1_1 1_1 fusion-one-full fusion-column-first fusion-column-last\" style=\"margin-top:0px;margin-bottom:0px;\"><div class=\"fusion-column-wrapper fusion-flex-column-wrapper-legacy\" style=\"background-position:left top;background-repeat:no-repeat;-webkit-background-size:cover;-moz-background-size:cover;-o-background-size:cover;background-size:cover;padding: 0px 0px 0px 0px;\"><style type=\"text\/css\"><\/style><div class=\"fusion-title title fusion-title-1 sep-underline sep-solid fusion-title-text fusion-title-size-one\" style=\"border-bottom-color:#00843b;margin-top:0px;margin-right:0px;margin-bottom:70px;margin-left:0px;\"><h1 class=\"title-heading-left fusion-responsive-typography-calculated\" style=\"margin:0;--fontSize:42;line-height:1;\">Ressources<\/h1><\/div><div class=\"fusion-text fusion-text-1\"><div id=\"lipsum\">\n<h3>Recherche bibliographique<\/h3>\n<\/div>\n<\/div><ul class=\"fusion-checklist fusion-checklist-1\" style=\"font-size:15px;line-height:25.5px;\"><li style=\"background-color:rgba(255,255,255,0);\" class=\"fusion-li-item\"><span style=\"height:25.5px;width:25.5px;margin-right:10.5px;\" class=\"icon-wrapper circle-no\"><i class=\"fusion-li-icon fa-angle-right fas\" style=\"color:#00843b;\" aria-hidden=\"true\"><\/i><\/span><div class=\"fusion-li-item-content\" style=\"margin-left:36px;color:#4a4a4a;\">\n<p style=\"text-align: justify;\"><a href=\"http:\/\/copac.ac.uk\/\" target=\"_blank\" rel=\"noopener\">Copac<\/a> : catalogue collectif de 24 biblioth\u00e8ques universitaires du Royaume-Uni, auxquelles il faut ajouter la British Library et d&rsquo;autres biblioth\u00e8ques nationales du territoire.<\/p>\n<\/div><\/li><li style=\"background-color:rgba(255,255,255,0);\" class=\"fusion-li-item\"><span style=\"height:25.5px;width:25.5px;margin-right:10.5px;\" class=\"icon-wrapper circle-no\"><i class=\"fusion-li-icon fa-angle-right fas\" style=\"color:#00843b;\" aria-hidden=\"true\"><\/i><\/span><div class=\"fusion-li-item-content\" style=\"margin-left:36px;color:#4a4a4a;\">\n<p style=\"text-align: justify;\"><a href=\"http:\/\/www.ubka.uni-karlsruhe.de\/kvk.html\" target=\"_blank\" rel=\"noopener\">KVK<\/a> : catalogue collectif virtuel des principales biblioth\u00e8ques nationales europ\u00e9ennes et \u00e9trang\u00e8res.<\/p>\n<\/div><\/li><li style=\"background-color:rgba(255,255,255,0);\" class=\"fusion-li-item\"><span style=\"height:25.5px;width:25.5px;margin-right:10.5px;\" class=\"icon-wrapper circle-no\"><i class=\"fusion-li-icon fa-angle-right fas\" style=\"color:#00843b;\" aria-hidden=\"true\"><\/i><\/span><div class=\"fusion-li-item-content\" style=\"margin-left:36px;color:#4a4a4a;\">\n<p style=\"text-align: justify;\"><a href=\"http:\/\/mamluk.lib.uchicago.edu\/\" target=\"_blank\" rel=\"noopener\">Chicago online bibliography of Mamluk studies<\/a> : bibliographie sp\u00e9cialis\u00e9e sur la p\u00e9riode mamelouke (Egypte, Syrie).<\/p>\n<\/div><\/li><\/ul><div class=\"fusion-text fusion-text-2\"><div id=\"lipsum\">\n<h3>Recherche iconographique<\/h3>\n<\/div>\n<\/div><ul class=\"fusion-checklist fusion-checklist-2\" style=\"font-size:15px;line-height:25.5px;\"><li style=\"background-color:rgba(255,255,255,0);\" class=\"fusion-li-item\"><span style=\"height:25.5px;width:25.5px;margin-right:10.5px;\" class=\"icon-wrapper circle-no\"><i class=\"fusion-li-icon fa-angle-right fas\" style=\"color:#00843b;\" aria-hidden=\"true\"><\/i><\/span><div class=\"fusion-li-item-content\" style=\"margin-left:36px;color:#4a4a4a;\">\n<p style=\"text-align: justify;\"><a href=\"http:\/\/rubens.anu.edu.au\/\" target=\"_blank\" rel=\"noopener\">ArtServe<\/a><\/p>\n<\/div><\/li><li style=\"background-color:rgba(255,255,255,0);\" class=\"fusion-li-item\"><span style=\"height:25.5px;width:25.5px;margin-right:10.5px;\" class=\"icon-wrapper circle-no\"><i class=\"fusion-li-icon fa-angle-right fas\" style=\"color:#00843b;\" aria-hidden=\"true\"><\/i><\/span><div class=\"fusion-li-item-content\" style=\"margin-left:36px;color:#4a4a4a;\">\n<p style=\"text-align: justify;\"><a href=\"http:\/\/www.museumwnf.org\/\" target=\"_blank\" rel=\"noopener\">Museum with no frontiers<\/a><\/p>\n<\/div><\/li><li style=\"background-color:rgba(255,255,255,0);\" class=\"fusion-li-item\"><span style=\"height:25.5px;width:25.5px;margin-right:10.5px;\" class=\"icon-wrapper circle-no\"><i class=\"fusion-li-icon fa-angle-right fas\" style=\"color:#00843b;\" aria-hidden=\"true\"><\/i><\/span><div class=\"fusion-li-item-content\" style=\"margin-left:36px;color:#4a4a4a;\">\n<p style=\"text-align: justify;\"><a href=\"http:\/\/www.mideastimage.com\/\" target=\"_blank\" rel=\"noopener\">Mideastimage<\/a><\/p>\n<\/div><\/li><li style=\"background-color:rgba(255,255,255,0);\" class=\"fusion-li-item\"><span style=\"height:25.5px;width:25.5px;margin-right:10.5px;\" class=\"icon-wrapper circle-no\"><i class=\"fusion-li-icon fa-angle-right fas\" style=\"color:#00843b;\" aria-hidden=\"true\"><\/i><\/span><div class=\"fusion-li-item-content\" style=\"margin-left:36px;color:#4a4a4a;\">\n<p><a href=\"http:\/\/archnet.org\/\" target=\"_blank\" rel=\"noopener\">Archnet<\/a><\/p>\n<\/div><\/li><\/ul><div class=\"fusion-text fusion-text-3\"><div id=\"lipsum\">\n<h3>\u00c9crire en arabe et en translit\u00e9ration<\/h3>\n<\/div>\n<\/div><ul class=\"fusion-checklist fusion-checklist-3\" style=\"font-size:15px;line-height:25.5px;\"><li style=\"background-color:rgba(255,255,255,0);\" class=\"fusion-li-item\"><span style=\"height:25.5px;width:25.5px;margin-right:10.5px;\" class=\"icon-wrapper circle-no\"><i class=\"fusion-li-icon fa-angle-right fas\" style=\"color:#00843b;\" aria-hidden=\"true\"><\/i><\/span><div class=\"fusion-li-item-content\" style=\"margin-left:36px;color:#4a4a4a;\">\n<p style=\"text-align: justify;\">Informations vari\u00e9es, dont des polices arabes et de transcription, sur le <a href=\"http:\/\/www.org.uib.no\/smi\/ksv\/ArabHome.html\" target=\"_blank\" rel=\"noopener\">site de Knut Vikor<\/a> (Universit\u00e9 de Bergen, Norv\u00e8ge).<\/p>\n<\/div><\/li><li style=\"background-color:rgba(255,255,255,0);\" class=\"fusion-li-item\"><span style=\"height:25.5px;width:25.5px;margin-right:10.5px;\" class=\"icon-wrapper circle-no\"><i class=\"fusion-li-icon fa-angle-right fas\" style=\"color:#00843b;\" aria-hidden=\"true\"><\/i><\/span><div class=\"fusion-li-item-content\" style=\"margin-left:36px;color:#4a4a4a;\">\n<p style=\"text-align: justify;\">L&rsquo;<a href=\"http:\/\/www.ifao.egnet.net\/publications\/outils\/polices\/\" target=\"_blank\" rel=\"noopener\">IFAO<\/a> met plusieurs polices de caract\u00e8res et un clavier de transcription \u00e0 la disposition de tous.<\/p>\n<\/div><\/li><\/ul><div class=\"fusion-text fusion-text-4\"><div id=\"lipsum\">\n<h3>Programmes de conversion des \u00e8res musulmane et chr\u00e9tienne<\/h3>\n<\/div>\n<\/div><ul class=\"fusion-checklist fusion-checklist-4\" style=\"font-size:15px;line-height:25.5px;\"><li style=\"background-color:rgba(255,255,255,0);\" class=\"fusion-li-item\"><span style=\"height:25.5px;width:25.5px;margin-right:10.5px;\" class=\"icon-wrapper circle-no\"><i class=\"fusion-li-icon fa-angle-right fas\" style=\"color:#00843b;\" aria-hidden=\"true\"><\/i><\/span><div class=\"fusion-li-item-content\" style=\"margin-left:36px;color:#4a4a4a;\">\n<p style=\"text-align: justify;\"><a href=\"http:\/\/www.oriold.uzh.ch\/static\/hegira.html\" target=\"_blank\" rel=\"noopener\">Programme en ligne de l&rsquo;Institut oriental de l&rsquo;Universit\u00e9 de Z\u00fcrich<\/a><\/p>\n<\/div><\/li><\/ul><div class=\"fusion-text fusion-text-5\"><div id=\"lipsum\">\n<h3>Bases de donn\u00e9es textuelles<\/h3>\n<\/div>\n<\/div><ul class=\"fusion-checklist fusion-checklist-5\" style=\"font-size:15px;line-height:25.5px;\"><li style=\"background-color:rgba(255,255,255,0);\" class=\"fusion-li-item\"><span style=\"height:25.5px;width:25.5px;margin-right:10.5px;\" class=\"icon-wrapper circle-no\"><i class=\"fusion-li-icon fa-angle-right fas\" style=\"color:#00843b;\" aria-hidden=\"true\"><\/i><\/span><div class=\"fusion-li-item-content\" style=\"margin-left:36px;color:#4a4a4a;\">\n<p style=\"text-align: justify;\"><a href=\"http:\/\/www.alwaraq.net\/Core\/index.jsp?option=1\" target=\"_blank\" rel=\"noopener\">Al-Waraq<\/a> : plusieurs centaines d&rsquo;ouvrages de tout genre du patrimoine arabe classique et moderne accessibles \u00e0 la recherche par mot, racine, phrase. Inscription pr\u00e9alable gratuite.<\/p>\n<\/div><\/li><li style=\"background-color:rgba(255,255,255,0);\" class=\"fusion-li-item\"><span style=\"height:25.5px;width:25.5px;margin-right:10.5px;\" class=\"icon-wrapper circle-no\"><i class=\"fusion-li-icon fa-angle-right fas\" style=\"color:#00843b;\" aria-hidden=\"true\"><\/i><\/span><div class=\"fusion-li-item-content\" style=\"margin-left:36px;color:#4a4a4a;\">\n<p style=\"text-align: justify;\"><a href=\"http:\/\/www.muhaddith.org\/\" target=\"_blank\" rel=\"noopener\">Al-Muhaddith<\/a> : idem Al-Waraq, mais avec moins de choix dans les ouvrages accessibles \u00e0 la recherche.<\/p>\n<\/div><\/li><li style=\"background-color:rgba(255,255,255,0);\" class=\"fusion-li-item\"><span style=\"height:25.5px;width:25.5px;margin-right:10.5px;\" class=\"icon-wrapper circle-no\"><i class=\"fusion-li-icon fa-angle-right fas\" style=\"color:#00843b;\" aria-hidden=\"true\"><\/i><\/span><div class=\"fusion-li-item-content\" style=\"margin-left:36px;color:#4a4a4a;\">\n<p style=\"text-align: justify;\"><a href=\"http:\/\/www.altafsir.com\/\" target=\"_blank\" rel=\"noopener\">Al-Tafsir<\/a> : site regroupant plusieurs dizaines d&rsquo;ouvrages consacr\u00e9s \u00e0 l&rsquo;ex\u00e9g\u00e8se du Coran accessibles \u00e0 la recherche par mot, racine, phrase. Inscription gratuite souhait\u00e9e.<\/p>\n<\/div><\/li><\/ul><div class=\"fusion-clearfix\"><\/div><\/div><\/div><\/div><\/div>\n","protected":false},"excerpt":{"rendered":"","protected":false},"author":2,"featured_media":0,"parent":0,"menu_order":0,"comment_status":"closed","ping_status":"closed","template":"","meta":{"footnotes":""},"class_list":["post-3572","page","type-page","status-publish","hentry"],"_links":{"self":[{"href":"http:\/\/web.philo.ulg.ac.be\/islamo\/wp-json\/wp\/v2\/pages\/3572","targetHints":{"allow":["GET"]}}],"collection":[{"href":"http:\/\/web.philo.ulg.ac.be\/islamo\/wp-json\/wp\/v2\/pages"}],"about":[{"href":"http:\/\/web.philo.ulg.ac.be\/islamo\/wp-json\/wp\/v2\/types\/page"}],"author":[{"embeddable":true,"href":"http:\/\/web.philo.ulg.ac.be\/islamo\/wp-json\/wp\/v2\/users\/2"}],"replies":[{"embeddable":true,"href":"http:\/\/web.philo.ulg.ac.be\/islamo\/wp-json\/wp\/v2\/comments?post=3572"}],"version-history":[{"count":5,"href":"http:\/\/web.philo.ulg.ac.be\/islamo\/wp-json\/wp\/v2\/pages\/3572\/revisions"}],"predecessor-version":[{"id":4652,"href":"http:\/\/web.philo.ulg.ac.be\/islamo\/wp-json\/wp\/v2\/pages\/3572\/revisions\/4652"}],"wp:attachment":[{"href":"http:\/\/web.philo.ulg.ac.be\/islamo\/wp-json\/wp\/v2\/media?parent=3572"}],"curies":[{"name":"wp","href":"https:\/\/api.w.org\/{rel}","templated":true}]}}