{"id":3808,"date":"2014-11-14T16:19:37","date_gmt":"2014-11-14T15:19:37","guid":{"rendered":"http:\/\/web.philo.ulg.ac.be\/islamo\/?page_id=3808"},"modified":"2019-12-04T16:07:04","modified_gmt":"2019-12-04T15:07:04","slug":"diplomatique-et-diplomatie-de-lepoque-mamelouke","status":"publish","type":"page","link":"http:\/\/web.philo.ulg.ac.be\/islamo\/diplomatique-et-diplomatie-de-lepoque-mamelouke\/","title":{"rendered":"Diplomatique et diplomatie de l\u2019\u00e9poque mamelouke"},"content":{"rendered":"<div class=\"fusion-fullwidth fullwidth-box fusion-builder-row-1 nonhundred-percent-fullwidth non-hundred-percent-height-scrolling\" style=\"background-color: #ffffff;background-position: center center;background-repeat: no-repeat;padding-top:0px;padding-right:0px;padding-bottom:0px;padding-left:0px;margin-bottom: 0px;margin-top: 0px;border-width: 0px 0px 0px 0px;border-color:#eae9e9;border-style:solid;\" ><div class=\"fusion-builder-row fusion-row\"><div class=\"fusion-layout-column fusion_builder_column fusion-builder-column-0 fusion_builder_column_1_1 1_1 fusion-one-full fusion-column-first fusion-column-last\" style=\"margin-top:0px;margin-bottom:0px;\"><div class=\"fusion-column-wrapper fusion-flex-column-wrapper-legacy\" style=\"background-position:left top;background-repeat:no-repeat;-webkit-background-size:cover;-moz-background-size:cover;-o-background-size:cover;background-size:cover;padding: 0px 0px 0px 0px;\"><style type=\"text\/css\"><\/style><div class=\"fusion-title title fusion-title-1 sep-underline sep-solid fusion-title-text fusion-title-size-one\" style=\"border-bottom-color:#00843b;margin-top:0px;margin-right:0px;margin-bottom:70px;margin-left:0px;\"><h1 class=\"title-heading-left fusion-responsive-typography-calculated\" style=\"margin:0;--fontSize:42;line-height:1;\">Diplomatique et diplomatie de l\u2019\u00e9poque mamelouke<\/h1><\/div><div class=\"fusion-text fusion-text-1\"><p style=\"text-align: justify;\">Les \u00e9tudes de F. Bauden sur les documents de chancellerie mamlouke conserv\u00e9s dans les autographes d\u2019al-Maqr\u012bzi l\u2019ont pouss\u00e9 \u00e0 s\u2019int\u00e9resser \u00e0 la diplomatique mamlouke d\u00e8s l\u2019an 2000. En 2003, il a aussi \u00e9t\u00e9 invit\u00e9\u00a0\u00e0 \u00e9tudier des documents mamlouks conserv\u00e9s aux Archives de l\u2019\u00c9tat \u00e0 Venise (tous les documents ont \u00e9t\u00e9 \u00e9tudi\u00e9s dans plusieurs articles publi\u00e9s ou sous presse). Fort de cette sp\u00e9cialisation, il a pouss\u00e9 plus avant ses recherches sur les manuels de chancellerie r\u00e9dig\u00e9s \u00e0 la m\u00eame \u00e9poque, surtout ceux qui sont encore in\u00e9dits, et il a con\u00e7u un projet visant \u00e0 une \u00e9tude consid\u00e9rant l\u2019ensemble des documents de chancellerie originaux conserv\u00e9s dans les archives europ\u00e9ennes ou orientales et des copies dont on trouve la trace dans les sources historiques.<\/p>\n<\/div><style type=\"text\/css\">#accordion-3808-1 .fusion-panel:hover{ border-color: #e0dede } #accordion-3808-1 .fusion-panel { border-color:#e0dede; }.fusion-accordian  #accordion-3808-1 .panel-title a .fa-fusion-box{ color: #ffffff;}.fusion-accordian  #accordion-3808-1 .panel-title a .fa-fusion-box:before{ font-size: 13px; width: 13px;}.fusion-accordian  #accordion-3808-1 .panel-title a{font-size:15px;line-height:1.76;letter-spacing:1px;color:#00843b;font-family:\"Source Sans Pro\";font-weight:400;}.fusion-accordian  #accordion-3808-1 .toggle-content{font-size:15px;color:#4a4a4a;font-family:\"Source Sans Pro\";font-weight:400;}.fusion-accordian  #accordion-3808-1 .fa-fusion-box { background-color: #333333;border-color: #333333;}.fusion-accordian  #accordion-3808-1 .panel-title a:not(.active):hover, #accordion-3808-1 .fusion-toggle-boxed-mode:hover .panel-title a { color: #00843b;}.fusion-accordian  #accordion-3808-1 .panel-title .active .fa-fusion-box,.fusion-accordian  #accordion-3808-1 .panel-title a:not(.active):hover .fa-fusion-box { background-color: #00843b!important;border-color: #00843b!important;}<\/style><div class=\"accordian fusion-accordian\"><div class=\"panel-group\" id=\"accordion-3808-1\"><style type=\"text\/css\">.fusion-accordian  #accordion-3808-1 .panel-9cc6d24406ff3e586 .panel-title a{}.fusion-accordian  #accordion-3808-1 .panel-9cc6d24406ff3e586 .toggle-content{}<\/style><div class=\"fusion-panel panel-default panel-9cc6d24406ff3e586 fusion-toggle-no-divider\"><div class=\"panel-heading\"><h4 class=\"panel-title toggle\"><a aria-expanded=\"false\" aria-controls=\"9cc6d24406ff3e586\" role=\"button\" data-toggle=\"collapse\" data-target=\"#9cc6d24406ff3e586\" href=\"#9cc6d24406ff3e586\"><span class=\"fusion-toggle-icon-wrapper\" aria-hidden=\"true\"><i class=\"fa-fusion-box active-icon awb-icon-minus\" aria-hidden=\"true\"><\/i><i class=\"fa-fusion-box inactive-icon awb-icon-plus\" aria-hidden=\"true\"><\/i><\/span><span class=\"fusion-toggle-heading\">La diplomatique mamelouke<\/span><\/a><\/h4><\/div><div id=\"9cc6d24406ff3e586\" class=\"panel-collapse collapse \"><div class=\"panel-body toggle-content fusion-clearfix\">\n<h3>Reconstruction de documents de chancellerie r\u00e9employ\u00e9s comme papier de brouillon par al-Maqr\u012bz\u012b dans ses manuscrits holographes<\/h3>\n<p style=\"text-align: justify;\"><span class=\" fusion-imageframe imageframe-none imageframe-1 hover-type-none\" style=\"margin-right:25px;float:left;\"><a href=\"http:\/\/web.philo.ulg.ac.be\/islamo\/wp-content\/uploads\/sites\/32\/2014\/11\/Projet-07a-1-11a.jpg\" class=\"fusion-lightbox\" data-rel=\"iLightbox[49cc8efc2b33c2de80f]\" data-title=\"Projet 07a 1 11a\" title=\"Projet 07a 1 11a\"><img decoding=\"async\" width=\"150\" height=\"150\" src=\"http:\/\/web.philo.ulg.ac.be\/islamo\/wp-content\/uploads\/sites\/32\/2014\/11\/Projet-07a-1-11a-150x150.jpg\" alt class=\"img-responsive wp-image-3962\"\/><\/a><\/span>Dans plusieurs des manuscrits autographes d\u2019al-Maqr\u012bz\u012b, pr\u00e8s de 500 feuillets qui correspondent \u00e0 des fragments de documents \u00e9mis par la chancellerie mamlouke, d\u00e9coup\u00e9s par les marchands de papier pour en faire des cahiers et r\u00e9employ\u00e9s comme papier de brouillon par al-Maqr\u012bz\u012b ont \u00e9t\u00e9 d\u00e9couverts par F. Bauden. Cette \u00e9tude, qui est la corollaire de celle portant sur la carnet de notes de cet historien, envisage la reconstruction des documents originaux sur base des r\u00e8gles en vigueur dans la chancellerie mamlouke. Une premi\u00e8re s\u00e9rie de documents a d\u00e9j\u00e0 pu \u00eatre reconstruite et les documents ont \u00e9t\u00e9 replac\u00e9s dans leur contexte historique : il s\u2019agit de documents d\u2019attribution de biens fonciers ( iq\u1e6d\u0101\u02bf ) \u00e9mis pour un b\u00e9douin d\u2019al-Karak (Jordanie actuelle). En \u00e9change de ceux-ci, il trahit son ma\u00eetre, le sultan A\u1e25mad, et permit aux troupes de son fr\u00e8re, le sultan Ism\u0101\u02bf\u012bl install\u00e9 au Caire, de s\u2019emparer de la citadelle et de tuer A\u1e25mad. Une monographie sur ce sujet est en pr\u00e9paration. D\u2019autres documents seront progressivement reconstruits et publi\u00e9s sous forme d\u2019articles.<\/p>\n<h3>Publications relatives au projet<\/h3>\n<p><iframe src=\"http:\/\/orbi.ulg.ac.be\/widget?query=%28%28uid%3Au014617%29+AND+%28project%3ADiplomatique+project%3A1%29%29&amp;chars=100&amp;language=fr&amp;data=pr&amp;format=chg&amp;css=%2Ffiles%2Fcss%2Fwl.css&amp;sort_by0=1&amp;order0=DESC&amp;sort_by1=3&amp;order1=ASC&amp;sort_by2=2&amp;order2=ASC\" width=\"100%\" height=\"240\" frameborder=\"0\" marginwidth=\"0\" marginheight=\"0\" scrolling=\"auto\"><\/iframe><\/p>\n<h3>\u00c9dition de documents et de trait\u00e9s de chancellerie d\u2019\u00e9poque mamelouke<\/h3>\n<p style=\"text-align: justify;\"><span class=\" fusion-imageframe imageframe-none imageframe-2 hover-type-none\" style=\"margin-right:25px;float:left;\"><a href=\"http:\/\/web.philo.ulg.ac.be\/islamo\/wp-content\/uploads\/sites\/32\/2014\/11\/Projet-07a-2-Document.jpg\" class=\"fusion-lightbox\" data-rel=\"iLightbox[4d86e9a305f4ba20fd4]\" data-title=\"Projet 07a 2 Document\" title=\"Projet 07a 2 Document\"><img decoding=\"async\" width=\"150\" height=\"150\" src=\"http:\/\/web.philo.ulg.ac.be\/islamo\/wp-content\/uploads\/sites\/32\/2014\/11\/Projet-07a-2-Document-150x150.jpg\" alt class=\"img-responsive wp-image-3964\"\/><\/a><\/span>Plusieurs centaines de documents d\u2019\u00e9poque mamelouke sont conserv\u00e9s dans diverses collections \u00e0 travers le monde. Certains d\u2019entre eux ont retenu l\u2019attention des chercheurs d\u00e8s le d\u00e9but du XIXe s. Ces publications, presque toutes dat\u00e9es, p\u00e8chent par les m\u00e9thodes qui ont \u00e9t\u00e9 suivies pour \u00e9tudier les documents \u00e0 tel point que rares sont celles qui prennent en compte le commentaire diplomatique ou historique, sans parler des erreurs de lecture qu\u2019elles contiennent. Cette d\u00e9connexion par rapport aux manuels de chancellerie r\u00e9dig\u00e9s \u00e0 l\u2019\u00e9poque mamelouke et aux sources historiques qui permettent d\u2019\u00e9clairer ces documents a pour cons\u00e9quence que nombreux sont les cas o\u00f9 les lectures propos\u00e9es sont erron\u00e9es. Il en r\u00e9sulte que ces travaux doivent \u00eatre revus \u00e0 la lumi\u00e8re des d\u00e9veloppements r\u00e9cents dans le domaine de la diplomatique mamelouke. D\u2019autre part, il est urgent de s\u2019int\u00e9resser aux documents qui n\u2019ont pas encore fait l\u2019objet d\u2019\u00e9dition, de traduction et de commentaire diplomatique et historique. Il est aussi un autre \u00e9tat de fait: peu de manuels de chancellerie d\u2019\u00e9poque mamelouke ont \u00e9t\u00e9 \u00e9dit\u00e9s depuis la parution de l&rsquo;opus magnum d\u2019al-Qalqa\u0161and\u012b (m. 1418) au d\u00e9but du si\u00e8cle dernier. Or, il appara\u00eet que plusieurs d\u2019entre ceux qui sont encore in\u00e9dits m\u00e9ritent d\u2019\u00eatre \u00e9tudi\u00e9s, car ils apportent des d\u00e9tails sur des p\u00e9riodes qui ne sont pas couvertes par l\u2019ouvrage d\u2019al-Qalqa\u0161and\u012b. C\u2019est dans cette optique que le service contribue \u00e0 la r\u00e9vision de documents d\u00e9j\u00e0 publi\u00e9s et \u00e0 la publication d\u2019autres documents et de manuels de chancellerie in\u00e9dits.<\/p>\n<h3 style=\"text-align: justify;\">Publications relatives au projet<\/h3>\n<p><iframe src=\"http:\/\/orbi.ulg.ac.be\/widget?query=%28%28uid%3Au014617%29+AND+%28project%3ADiplomatique+project%3A2%29%29&amp;chars=100&amp;language=fr&amp;data=pr&amp;format=chg&amp;css=%2Ffiles%2Fcss%2Fwl.css&amp;sort_by0=1&amp;order0=DESC&amp;sort_by1=3&amp;order1=ASC&amp;sort_by2=2&amp;order2=ASC\" width=\"100%\" height=\"660\" frameborder=\"0\" marginwidth=\"0\" marginheight=\"0\" scrolling=\"auto\"><\/iframe><\/p>\n<h3>Manuel de diplomatique mamelouke<\/h3>\n<p style=\"text-align: justify;\"><span class=\" fusion-imageframe imageframe-none imageframe-3 hover-type-none\" style=\"margin-right:25px;float:left;\"><a href=\"http:\/\/web.philo.ulg.ac.be\/islamo\/wp-content\/uploads\/sites\/32\/2014\/11\/Projet-07-a-3-Diplomatique.jpg\" class=\"fusion-lightbox\" data-rel=\"iLightbox[b43faacca3ae24dcc95]\" data-title=\"Projet 07 a 3 Diplomatique\" title=\"Projet 07 a 3 Diplomatique\"><img decoding=\"async\" width=\"150\" height=\"150\" src=\"http:\/\/web.philo.ulg.ac.be\/islamo\/wp-content\/uploads\/sites\/32\/2014\/11\/Projet-07-a-3-Diplomatique-150x150.jpg\" alt class=\"img-responsive wp-image-3966\"\/><\/a><\/span>La diplomatique mamelouke n\u2019en est encore qu\u2019\u00e0 ses balbutiements. Une des raisons qui contribuent au retard pris dans ce domaine par rapport \u00e0 la diplomatique occidentale tient sans aucun doute \u00e0 une lacune de taille: il n\u2019existe \u00e0 ce jour aucun manuel de diplomatique mamelouke qui contribuerait \u00e0 une meilleure connaissance de cette discipline et \u00e0 sa diffusion aupr\u00e8s des jeunes chercheurs tent\u00e9s par l\u2019\u00e9tude des documents de cette \u00e9poque. Force est de constater que les n\u00e9ophytes sont oblig\u00e9s de se former sur le tas en s\u2019inspirant des travaux anciens. Ce projet vise \u00e0 combler cette lacune en fournissant un outil convivial et facile \u00e0 utiliser de mani\u00e8re \u00e0 rendre de mani\u00e8re visuelle les aspects les plus techniques.<\/p>\n<h3 style=\"text-align: justify;\">Publications relatives au projet<\/h3>\n<p><iframe src=\"http:\/\/orbi.ulg.ac.be\/widget?query=%28%28uid%3Au014617%29+AND+%28project%3ADiplomatique+project%3A3%29%29&amp;chars=100&amp;language=fr&amp;data=pr&amp;format=chg&amp;css=%2Ffiles%2Fcss%2Fwl.css&amp;sort_by0=1&amp;order0=DESC&amp;sort_by1=3&amp;order1=ASC&amp;sort_by2=2&amp;order2=ASC\" width=\"100%\" height=\"190\" frameborder=\"0\" marginwidth=\"0\" marginheight=\"0\" scrolling=\"auto\"><\/iframe><\/p>\n<\/div><\/div><\/div><style type=\"text\/css\">.fusion-accordian  #accordion-3808-1 .panel-d36f08cee3a3b35b9 .panel-title a{}.fusion-accordian  #accordion-3808-1 .panel-d36f08cee3a3b35b9 .toggle-content{}<\/style><div class=\"fusion-panel panel-default panel-d36f08cee3a3b35b9 fusion-toggle-no-divider\"><div class=\"panel-heading\"><h4 class=\"panel-title toggle\"><a aria-expanded=\"false\" aria-controls=\"d36f08cee3a3b35b9\" role=\"button\" data-toggle=\"collapse\" data-target=\"#d36f08cee3a3b35b9\" href=\"#d36f08cee3a3b35b9\"><span class=\"fusion-toggle-icon-wrapper\" aria-hidden=\"true\"><i class=\"fa-fusion-box active-icon awb-icon-minus\" aria-hidden=\"true\"><\/i><i class=\"fa-fusion-box inactive-icon awb-icon-plus\" aria-hidden=\"true\"><\/i><\/span><span class=\"fusion-toggle-heading\">La diplomatie \u00e0 l\u2019\u00e9poque mamelouke : Histoire des \u00e9changes diplomatiques entre le sultanat mamelouk et les autres pouvoirs<\/span><\/a><\/h4><\/div><div id=\"d36f08cee3a3b35b9\" class=\"panel-collapse collapse \"><div class=\"panel-body toggle-content fusion-clearfix\">\n<p style=\"text-align: justify;\"><span class=\" fusion-imageframe imageframe-none imageframe-4 hover-type-none\" style=\"margin-right:25px;float:left;\"><a href=\"http:\/\/web.philo.ulg.ac.be\/islamo\/wp-content\/uploads\/sites\/32\/2014\/11\/Projet-07b-Diplomatie.jpg\" class=\"fusion-lightbox\" data-rel=\"iLightbox[c9f2273b0f8841ab2ec]\" data-title=\"Projet 07b Diplomatie\" title=\"Projet 07b Diplomatie\"><img decoding=\"async\" width=\"150\" height=\"150\" src=\"http:\/\/web.philo.ulg.ac.be\/islamo\/wp-content\/uploads\/sites\/32\/2014\/11\/Projet-07b-Diplomatie-150x150.jpg\" alt class=\"img-responsive wp-image-3960\"\/><\/a><\/span>La communication diplomatique est un instrument incontournable pour construire et maintenir la paix. \u00c0 l\u2019int\u00e9rieur d\u2019un projet plus vaste ( La communication diplomatique entre l\u2019Orient islamique, l\u2019Orient latin et Byzance ) dirig\u00e9 conjointement par Fr\u00e9d\u00e9ric Bauden, Denise Aigle (EPHE, Paris), Nicolas Drocourt (Universit\u00e9 de Nantes) et St\u00e9phane P\u00e9quignot (EPHE, Paris) et qui s&rsquo;inscrit dans la longue dur\u00e9e (XIe-fin XVe s.) tout en visant \u00e0 \u00e9tudier de fa\u00e7on comparative les ambassades \u00e9chang\u00e9es par les puissances islamiques, aussi bien entre elles qu\u2019avec les puissances chr\u00e9tiennes, la partie dont le service a la responsabilit\u00e9 concerne le sultanat mamelouk. Les \u00e9missaires, les protocoles, les c\u00e9r\u00e9moniaux, les langues employ\u00e9es et les pr\u00e9sents diplomatiques seront plac\u00e9s au coeur de l\u2019analyse. Une attention particuli\u00e8re sera aussi pr\u00eat\u00e9e aux moments cruciaux pour la d\u00e9finition et l\u2019\u00e9volution de la pratique de l\u2019ambassade, notamment les premiers \u00e9changes d\u2019ambassades entre puissances. Le but du projet est de dresser un historique des relations diplomatiques \u00e9tablies entre les sultans mamlouks et les autres pouvoirs (du XIIIe au d\u00e9but du XVIe s.) afin de mieux comprendre les circonstances qui ont conduit \u00e0 ces \u00e9changes. En septembre 2012, un colloque international a \u00e9t\u00e9 organis\u00e9 \u00e0 Li\u00e8ge sur ce th\u00e8me. Un <a title=\"Programme colloque avril 2015\" href=\"http:\/\/web.philo.ulg.ac.be\/islamo\/wp-content\/uploads\/sites\/32\/2015\/04\/Programme.pdf\" target=\"_blank\" rel=\"noopener\">second colloque international<\/a>\u00a0a \u00e9t\u00e9 organis\u00e9 \u00e0 Li\u00e8ge en avril 2015 sur le th\u00e8me de la culture mat\u00e9rielle des ambassades.<\/p>\n<h3 style=\"text-align: justify;\">Publications relatives au projet<\/h3>\n<p><iframe src=\"http:\/\/orbi.ulg.ac.be\/widget?query=%28%28uid%3Au014617%29+AND+%28project%3ADiplomatie%29%29&amp;chars=100&amp;language=fr&amp;data=pr&amp;format=chg&amp;css=%2Ffiles%2Fcss%2Fwl.css&amp;sort_by0=1&amp;order0=DESC&amp;sort_by1=3&amp;order1=ASC&amp;sort_by2=2&amp;order2=ASC\" width=\"100%\" height=\"290\" frameborder=\"0\" marginwidth=\"0\" marginheight=\"0\" scrolling=\"auto\"><\/iframe><\/div><\/div><\/div><\/div><\/div><div class=\"fusion-clearfix\"><\/div><\/div><\/div><\/div><\/div>\n","protected":false},"excerpt":{"rendered":"","protected":false},"author":2,"featured_media":0,"parent":0,"menu_order":0,"comment_status":"closed","ping_status":"closed","template":"","meta":{"footnotes":""},"class_list":["post-3808","page","type-page","status-publish","hentry"],"_links":{"self":[{"href":"http:\/\/web.philo.ulg.ac.be\/islamo\/wp-json\/wp\/v2\/pages\/3808","targetHints":{"allow":["GET"]}}],"collection":[{"href":"http:\/\/web.philo.ulg.ac.be\/islamo\/wp-json\/wp\/v2\/pages"}],"about":[{"href":"http:\/\/web.philo.ulg.ac.be\/islamo\/wp-json\/wp\/v2\/types\/page"}],"author":[{"embeddable":true,"href":"http:\/\/web.philo.ulg.ac.be\/islamo\/wp-json\/wp\/v2\/users\/2"}],"replies":[{"embeddable":true,"href":"http:\/\/web.philo.ulg.ac.be\/islamo\/wp-json\/wp\/v2\/comments?post=3808"}],"version-history":[{"count":6,"href":"http:\/\/web.philo.ulg.ac.be\/islamo\/wp-json\/wp\/v2\/pages\/3808\/revisions"}],"predecessor-version":[{"id":4701,"href":"http:\/\/web.philo.ulg.ac.be\/islamo\/wp-json\/wp\/v2\/pages\/3808\/revisions\/4701"}],"wp:attachment":[{"href":"http:\/\/web.philo.ulg.ac.be\/islamo\/wp-json\/wp\/v2\/media?parent=3808"}],"curies":[{"name":"wp","href":"https:\/\/api.w.org\/{rel}","templated":true}]}}