{"id":3861,"date":"2014-11-17T10:46:52","date_gmt":"2014-11-17T09:46:52","guid":{"rendered":"http:\/\/web.philo.ulg.ac.be\/islamo\/?page_id=3861"},"modified":"2019-12-04T15:48:21","modified_gmt":"2019-12-04T14:48:21","slug":"pierre-burggraff","status":"publish","type":"page","link":"http:\/\/web.philo.ulg.ac.be\/islamo\/pierre-burggraff\/","title":{"rendered":"Pierre Burggraff"},"content":{"rendered":"<div class=\"fusion-fullwidth fullwidth-box fusion-builder-row-1 nonhundred-percent-fullwidth non-hundred-percent-height-scrolling\" style=\"background-color: #ffffff;background-position: center center;background-repeat: no-repeat;padding-top:0px;padding-right:0px;padding-bottom:0px;padding-left:0px;margin-bottom: 0px;margin-top: 0px;border-width: 0px 0px 0px 0px;border-color:#eae9e9;border-style:solid;\" ><div class=\"fusion-builder-row fusion-row\"><div class=\"fusion-layout-column fusion_builder_column fusion-builder-column-0 fusion_builder_column_1_1 1_1 fusion-one-full fusion-column-first fusion-column-last\" style=\"margin-top:0px;margin-bottom:0px;\"><div class=\"fusion-column-wrapper fusion-flex-column-wrapper-legacy\" style=\"background-position:left top;background-repeat:no-repeat;-webkit-background-size:cover;-moz-background-size:cover;-o-background-size:cover;background-size:cover;padding: 0px 0px 0px 0px;\"><style type=\"text\/css\"><\/style><div class=\"fusion-title title fusion-title-1 sep-underline sep-solid fusion-title-text fusion-title-size-one\" style=\"border-bottom-color:#00843b;margin-top:0px;margin-right:0px;margin-bottom:70px;margin-left:0px;\"><h1 class=\"title-heading-left fusion-responsive-typography-calculated\" style=\"margin:0;--fontSize:42;line-height:1;\">Pierre Burggraff (1803 &#8211; 1881)<\/h1><\/div><span class=\" fusion-imageframe imageframe-none imageframe-1 hover-type-none\" style=\"margin-right:25px;float:left;\"><img decoding=\"async\" width=\"165\" height=\"238\" title=\"Burggraff\" src=\"http:\/\/web.philo.ulg.ac.be\/islamo\/wp-content\/uploads\/sites\/32\/2014\/10\/burggraff.jpg\" alt class=\"img-responsive wp-image-3510\"\/><\/span><div class=\"fusion-text fusion-text-1\"><p style=\"text-align: justify;\">P. Burggraff \u00e9tait n\u00e9 \u00e0 Toine, dans le Grand-Duch\u00e9 de Luxembourg, au sein d&rsquo;une famille modeste. Son oncle, l&rsquo;abb\u00e9 Valentiny, lui avait enseign\u00e9 le latin et des \u00e9l\u00e9ments de th\u00e9ologie. De lui-m\u00eame, il apprit le grec, l&rsquo;histoire et la g\u00e9ographie.\u2028 En 1826, apr\u00e8s un bref s\u00e9jour au S\u00e9minaire de Namur, P. Burggraff se pr\u00e9senta au Coll\u00e8ge philosophique de Louvain, o\u00f9 il \u00e9tudia la philosophie, la th\u00e9ologie et la philologie classique, tout en apprenant les premiers rudiments de l&rsquo;h\u00e9breu.\u2028 En 1828, P. Burggraff fut choisi avec d&rsquo;autres \u00e9tudiants pour suivre, \u00e0 l&rsquo;Universit\u00e9 de Bonn, les enseignements de Niebuhr, Schlegel et Freytag, dont il suivit, jusqu&rsquo;en 1831, les cours d&rsquo;h\u00e9breu et d&rsquo;arabe avec le plus grand succ\u00e8s. Il revint ensuite \u00e0 Louvain o\u00f9 il obtint le grade de docteur en philosophie \u00abavec beaucoup de distinction\u00bb (nous ne connaissons pas le sujet de sa th\u00e8se). Avec l&rsquo;aide d&rsquo;une subvention, P. Burggraff alla suivre \u00e0 Paris les cours d&rsquo;Antoine-Isaac Silvestre de Sacy, dont il fut l&rsquo;\u00e9l\u00e8ve de 1831 \u00e0 1834.<\/p>\n<p style=\"text-align: justify;\">Nous avons conserv\u00e9 d&rsquo;A.-I. Silvestre de Sacy le t\u00e9moignage de l&rsquo;estime qu&rsquo;il avait pour son \u00e9l\u00e8ve luxembourgeois : \u00abJe certifie que M.\u00a0P.\u00a0Burggraff a suivi tr\u00e8s assid\u00fbment mon cours de langue arabe depuis son arriv\u00e9e \u00e0 Paris; que j&rsquo;ai reconnu en lui une connaissance \u00e9tendue des principes grammaticaux de cette langue, et que des progr\u00e8s journaliers attestent qu&rsquo;en continuant cette \u00e9tude avec le m\u00eame z\u00e8le et la m\u00eame assiduit\u00e9, il ne peut manquer de r\u00e9pondre aux vues de son gouvernement et de contribuer par la suite aux progr\u00e8s de la litt\u00e9rature orientale.\u00bb Quant \u00e0 P. Burggraff, il conserva toute sa vie une gratitude profond\u00e9ment respectueuse pour son illustre ma\u00eetre. On raconte que (tradition transmise par un <em>isnad<\/em> ininterrompu), faisant ses cours coiff\u00e9 d&rsquo;un vieux chapeau pour ne pas s&rsquo;enrhumer, il l&rsquo;enlevait chaque fois qu&rsquo;il pronon\u00e7ait le nom de Silvestre de Sacy.<\/p>\n<p style=\"text-align: justify;\">C&rsquo;est en partie gr\u00e2ce aux recommandations flatteuses de A.-I. Silvestre de Sacy qu&rsquo;il fut nomm\u00e9, en 1837, professeur extraordinaire \u00e0 l&rsquo;Universit\u00e9 de Li\u00e8ge. Il fut alors charg\u00e9 des cours d&rsquo;h\u00e9breu, d&rsquo;arabe et d&rsquo; \u00abintroduction \u00e0 l&rsquo;\u00e9tude des langues orientales\u00bb. Il fut charg\u00e9, en outre, d&rsquo;un cours de linguistique g\u00e9n\u00e9rale et du cours de grec destin\u00e9 aux \u00e9tudiants de candidature. \u2028Il avait entrepris une \u00e9tude sur le <em>Commentaire du Coran<\/em> par al-Zamakhshar\u00ee. N&rsquo;ayant pas obtenu la subvention qui lui en aurait permis la publication, P. Burggraff a laiss\u00e9 in\u00e9dit cet important travail.\u2028 Outre ce pr\u00e9cieux manuscrit, P. Burggraff a l\u00e9gu\u00e9 \u00e0 l&rsquo;Universit\u00e9 de Li\u00e8ge tous les ouvrages d&rsquo;orientalisme de sa biblioth\u00e8que personnelle. \u2028Si la production scientifique de P. Burggraff demeure modeste, il lui revient d&rsquo;avoir form\u00e9 Victor Chauvin, son illustre successeur, et le non moins illustre Edmond Fagnan. Il eut aussi parmi ses disciples l&rsquo;historien Godefroid Kurth. Il a laiss\u00e9 \u00e0 tous ceux qui l&rsquo;ont connu le souvenir d&rsquo;un professeur dou\u00e9 de dons p\u00e9dagogiques remarquables, comme l&rsquo;atteste ce t\u00e9moignage flatteur de l&rsquo;un de ses \u00e9l\u00e8ves : \u00abC&rsquo;est avec un sentiment d&rsquo;admiration que je me rappelle la m\u00e9thode de mon professeur, M. Burggraff, pour l&rsquo;enseignement de l&rsquo;h\u00e9breu et de l&rsquo;arabe. Au bout de trois ou quatre le\u00e7ons, tous les \u00e9l\u00e8ves poss\u00e9daient les \u00e9l\u00e9ments de la langue \u00e0 tel point qu&rsquo;ils pouvaient aborder la traduction de la <em>Gen\u00e8se<\/em> ou des contes des <em>Mille et Une Nuits<\/em> avec l&rsquo;aide de leur dictionnaire. Nous traduisions peu de lignes sans doute, nous \u00e9tions au d\u00e9but souvent arr\u00eat\u00e9s, nous faisions des contre-sens, mais nous marchions seuls, et l&rsquo;on ne nous aidait que dans les pas difficiles. Peu \u00e0 peu les faits grammaticaux se d\u00e9veloppaient au fur et \u00e0 mesure que nous avancions dans nos lectures, ils venaient se grouper autour de nos principes, et d&rsquo;une mani\u00e8re insensible nous avions appris et la lexicographie et la syntaxe.\u00bb\u2028 On peut lire sur sa tombe, au petit cimeti\u00e8re de son village natal, cette \u00e9pitaphe, compos\u00e9e par lui-m\u00eame :<\/p>\n<p style=\"text-align: justify;\"><em><strong>Quod tu es, eram ; tu eris quod sum ; fui.<\/strong><\/em><\/p>\n<h3>Bibliographie<\/h3>\n<\/div><ul class=\"fusion-checklist fusion-checklist-1\" style=\"font-size:15px;line-height:25.5px;\"><li style=\"background-color:rgba(255,255,255,0);\" class=\"fusion-li-item\"><span style=\"height:25.5px;width:25.5px;margin-right:10.5px;\" class=\"icon-wrapper circle-no\"><i class=\"fusion-li-icon fa-angle-right fas\" style=\"color:#00843b;\" aria-hidden=\"true\"><\/i><\/span><div class=\"fusion-li-item-content\" style=\"margin-left:36px;color:#4a4a4a;\">\n<p style=\"text-align: justify;\"><em>Principes de grammaire g\u00e9n\u00e9rale, ou exposition raisonn\u00e9e des \u00e9l\u00e9ments du langage<\/em>, Li\u00e8ge, Dessein, 1863,602\u00a0p.<\/p>\n<\/div><\/li><li style=\"background-color:rgba(255,255,255,0);\" class=\"fusion-li-item\"><span style=\"height:25.5px;width:25.5px;margin-right:10.5px;\" class=\"icon-wrapper circle-no\"><i class=\"fusion-li-icon fa-angle-right fas\" style=\"color:#00843b;\" aria-hidden=\"true\"><\/i><\/span><div class=\"fusion-li-item-content\" style=\"margin-left:36px;color:#4a4a4a;\">\n<p style=\"text-align: justify;\"><em>Douzi\u00e8me Surate de l&rsquo;Alcoran intitul\u00e9e La Surate de Joseph avec le texte arabe du Commentaire de Mahmoud Zamakhshari, fils d&rsquo;Omar<\/em>, traduit en fran\u00e7ais et accompagn\u00e9 d&rsquo;observations grammaticales et litt\u00e9raires, Bruxelles, 1837. (Manuscrit in\u00e9dit d\u00e9pos\u00e9 \u00e0 la Biblioth\u00e8que g\u00e9n\u00e9rale de l\u2019Universit\u00e9 de Li\u00e8ge).<\/p>\n<\/div><\/li><\/ul><div class=\"fusion-text fusion-text-2\"><h3>Sources biographiques et bibliographiques<\/h3>\n<\/div><ul class=\"fusion-checklist fusion-checklist-2\" style=\"font-size:15px;line-height:25.5px;\"><li style=\"background-color:rgba(255,255,255,0);\" class=\"fusion-li-item\"><span style=\"height:25.5px;width:25.5px;margin-right:10.5px;\" class=\"icon-wrapper circle-no\"><i class=\"fusion-li-icon fa-angle-right fas\" style=\"color:#00843b;\" aria-hidden=\"true\"><\/i><\/span><div class=\"fusion-li-item-content\" style=\"margin-left:36px;color:#4a4a4a;\">\n<p style=\"text-align: justify;\"><em>Liber Memorialis. L&rsquo;Universit\u00e9 de Li\u00e8ge depuis sa fondation<\/em>, par Alphonse Le Roy, Li\u00e8ge, Imprimerie de J.G. Carmanne, 1869, p. 762-768.<\/p>\n<\/div><\/li><li style=\"background-color:rgba(255,255,255,0);\" class=\"fusion-li-item\"><span style=\"height:25.5px;width:25.5px;margin-right:10.5px;\" class=\"icon-wrapper circle-no\"><i class=\"fusion-li-icon fa-angle-right fas\" style=\"color:#00843b;\" aria-hidden=\"true\"><\/i><\/span><div class=\"fusion-li-item-content\" style=\"margin-left:36px;color:#4a4a4a;\">\n<p style=\"text-align: justify;\">Victor CHAUVIN, <em>P. Burggraff, sa vie et ses travaux<\/em>, Li\u00e8ge, Imprimerie de Ch. Aug. Desoer, 1884, 23 p.<\/p>\n<\/div><\/li><li style=\"background-color:rgba(255,255,255,0);\" class=\"fusion-li-item\"><span style=\"height:25.5px;width:25.5px;margin-right:10.5px;\" class=\"icon-wrapper circle-no\"><i class=\"fusion-li-icon fa-angle-right fas\" style=\"color:#00843b;\" aria-hidden=\"true\"><\/i><\/span><div class=\"fusion-li-item-content\" style=\"margin-left:36px;color:#4a4a4a;\">\n<p style=\"text-align: justify;\"><em>Liber Memorialis. L&rsquo;Universit\u00e9 de Li\u00e8ge de 1867 \u00e0 1935. Notices biographiques<\/em>, t. I. <em>Facult\u00e9 de Philosophie et Lettres. Facult\u00e9 de droit<\/em>, Li\u00e8ge, Rectorat de l&rsquo;Universit\u00e9, 1936, p. 198-203 (par Auguste BRICTEUX).<\/p>\n<\/div><\/li><li style=\"background-color:rgba(255,255,255,0);\" class=\"fusion-li-item\"><span style=\"height:25.5px;width:25.5px;margin-right:10.5px;\" class=\"icon-wrapper circle-no\"><i class=\"fusion-li-icon fa-angle-right fas\" style=\"color:#00843b;\" aria-hidden=\"true\"><\/i><\/span><div class=\"fusion-li-item-content\" style=\"margin-left:36px;color:#4a4a4a;\">\n<p style=\"text-align: justify;\">Adrien RIES, \u00ab Pierre (Peter) Burggraff (1803-1881). Ein Trottener B\u00fcrger als (erster Luxemburger ?) Professor an der Universit\u00e4t Li\u00e8ge \u00bb, dans <em>De Cli\u00e4rrwer Kanton<\/em>, 1990\/1, p. 57-58 ; 1990\/2, p. 36-40 ; 1990\/3, p. 36-41.<\/p>\n<\/div><\/li><\/ul><div class=\"fusion-clearfix\"><\/div><\/div><\/div><\/div><\/div>\n","protected":false},"excerpt":{"rendered":"","protected":false},"author":2,"featured_media":0,"parent":0,"menu_order":0,"comment_status":"closed","ping_status":"closed","template":"","meta":{"footnotes":""},"class_list":["post-3861","page","type-page","status-publish","hentry"],"_links":{"self":[{"href":"http:\/\/web.philo.ulg.ac.be\/islamo\/wp-json\/wp\/v2\/pages\/3861","targetHints":{"allow":["GET"]}}],"collection":[{"href":"http:\/\/web.philo.ulg.ac.be\/islamo\/wp-json\/wp\/v2\/pages"}],"about":[{"href":"http:\/\/web.philo.ulg.ac.be\/islamo\/wp-json\/wp\/v2\/types\/page"}],"author":[{"embeddable":true,"href":"http:\/\/web.philo.ulg.ac.be\/islamo\/wp-json\/wp\/v2\/users\/2"}],"replies":[{"embeddable":true,"href":"http:\/\/web.philo.ulg.ac.be\/islamo\/wp-json\/wp\/v2\/comments?post=3861"}],"version-history":[{"count":2,"href":"http:\/\/web.philo.ulg.ac.be\/islamo\/wp-json\/wp\/v2\/pages\/3861\/revisions"}],"predecessor-version":[{"id":4748,"href":"http:\/\/web.philo.ulg.ac.be\/islamo\/wp-json\/wp\/v2\/pages\/3861\/revisions\/4748"}],"wp:attachment":[{"href":"http:\/\/web.philo.ulg.ac.be\/islamo\/wp-json\/wp\/v2\/media?parent=3861"}],"curies":[{"name":"wp","href":"https:\/\/api.w.org\/{rel}","templated":true}]}}