{"id":4210,"date":"2015-03-17T15:22:29","date_gmt":"2015-03-17T14:22:29","guid":{"rendered":"http:\/\/web.philo.ulg.ac.be\/islamo\/?page_id=4210"},"modified":"2019-12-04T16:02:26","modified_gmt":"2019-12-04T15:02:26","slug":"opera-minora","status":"publish","type":"page","link":"http:\/\/web.philo.ulg.ac.be\/islamo\/opera-minora\/","title":{"rendered":"Bibliotheca Maqriziana: Opera minora"},"content":{"rendered":"<div class=\"fusion-fullwidth fullwidth-box fusion-builder-row-1 nonhundred-percent-fullwidth non-hundred-percent-height-scrolling\" style=\"background-color: #ffffff;background-position: center center;background-repeat: no-repeat;padding-top:0px;padding-right:0px;padding-bottom:0px;padding-left:0px;margin-bottom: 0px;margin-top: 0px;border-width: 0px 0px 0px 0px;border-color:#eae9e9;border-style:solid;\" ><div class=\"fusion-builder-row fusion-row\"><div class=\"fusion-layout-column fusion_builder_column fusion-builder-column-0 fusion_builder_column_1_1 1_1 fusion-one-full fusion-column-first fusion-column-last\" style=\"margin-top:0px;margin-bottom:0px;\"><div class=\"fusion-column-wrapper fusion-flex-column-wrapper-legacy\" style=\"background-position:left top;background-repeat:no-repeat;-webkit-background-size:cover;-moz-background-size:cover;-o-background-size:cover;background-size:cover;padding: 0px 0px 0px 0px;\"><style type=\"text\/css\"><\/style><div class=\"fusion-title title fusion-title-1 sep-underline sep-solid fusion-title-text fusion-title-size-one\" style=\"border-bottom-color:#00843b;margin-top:0px;margin-right:0px;margin-bottom:70px;margin-left:0px;\"><h1 class=\"title-heading-left fusion-responsive-typography-calculated\" style=\"margin:0;--fontSize:42;line-height:1;\">Opera minora<\/h1><\/div><div class=\"fusion-clearfix\"><\/div><\/div><\/div><div class=\"fusion-layout-column fusion_builder_column fusion-builder-column-1 fusion_builder_column_1_4 1_4 fusion-one-fourth fusion-column-first\" style=\"width:25%;width:calc(25% - ( ( 4% ) * 0.25 ) );margin-right: 4%;margin-top:0px;margin-bottom:20px;\"><div class=\"fusion-column-wrapper fusion-flex-column-wrapper-legacy\" style=\"background-position:left top;background-repeat:no-repeat;-webkit-background-size:cover;-moz-background-size:cover;-o-background-size:cover;background-size:cover;padding: 0px 0px 0px 0px;\"><span class=\" fusion-imageframe imageframe-none imageframe-1 hover-type-none\"><img decoding=\"async\" width=\"195\" height=\"294\" title=\"BIMA4\" src=\"http:\/\/web.philo.ulg.ac.be\/islamo\/wp-content\/uploads\/sites\/32\/2015\/03\/BIMA4.jpg\" alt class=\"img-responsive wp-image-4478\"\/><\/span><div class=\"fusion-clearfix\"><\/div><\/div><\/div><div class=\"fusion-layout-column fusion_builder_column fusion-builder-column-2 fusion_builder_column_3_4 3_4 fusion-three-fourth fusion-column-last\" style=\"width:75%;width:calc(75% - ( ( 4% ) * 0.75 ) );margin-top:0px;margin-bottom:20px;\"><div class=\"fusion-column-wrapper fusion-flex-column-wrapper-legacy\" style=\"background-position:left top;background-repeat:no-repeat;-webkit-background-size:cover;-moz-background-size:cover;-o-background-size:cover;background-size:cover;padding: 0px 0px 0px 0px;\"><div class=\"fusion-text fusion-text-1\"><p>BIMA 4 : <a href=\"https:\/\/brill.com\/view\/title\/23656\" target=\"_blank\" rel=\"noopener\">Caliphate and Kingship in a Fifteenth-Century Literary History of Muslim Leadership and Pilgrimage<\/a><\/p>\n<p class=\"title\"><em>al-\u1e0eahab al-masb\u016bk f\u012b \u1e0fikr man \u1e25a\u01e7\u01e7a min al-\u1e2bulaf\u0101\u02be wa-l-mul\u016bk<br \/>\n<\/em>Critical edition, annotated translation and introduction by Jo Van Steenbergen<br \/>\nNovember\u00a02016,\u00a0Leiden-Boston: Brill<br \/>\nISBN13: 9789004325685<\/p>\n<p class=\"title\"><a href=\"http:\/\/booksandjournals.brillonline.com\/content\/books\/9789004332362\" target=\"_blank\" rel=\"noopener\">Open access<\/a><\/p>\n<\/div><div class=\"fusion-clearfix\"><\/div><\/div><\/div><div class=\"fusion-layout-column fusion_builder_column fusion-builder-column-3 fusion_builder_column_1_4 1_4 fusion-one-fourth fusion-column-first\" style=\"width:25%;width:calc(25% - ( ( 4% ) * 0.25 ) );margin-right: 4%;margin-top:0px;margin-bottom:20px;\"><div class=\"fusion-column-wrapper fusion-flex-column-wrapper-legacy\" style=\"background-position:left top;background-repeat:no-repeat;-webkit-background-size:cover;-moz-background-size:cover;-o-background-size:cover;background-size:cover;padding: 0px 0px 0px 0px;\"><span class=\" fusion-imageframe imageframe-none imageframe-2 hover-type-none\"><img decoding=\"async\" width=\"195\" height=\"297\" title=\"BIMA3\" src=\"http:\/\/web.philo.ulg.ac.be\/islamo\/wp-content\/uploads\/sites\/32\/2015\/03\/BIMA3.jpg\" alt class=\"img-responsive wp-image-4214\"\/><\/span><div class=\"fusion-clearfix\"><\/div><\/div><\/div><div class=\"fusion-layout-column fusion_builder_column fusion-builder-column-4 fusion_builder_column_3_4 3_4 fusion-three-fourth fusion-column-last\" style=\"width:75%;width:calc(75% - ( ( 4% ) * 0.75 ) );margin-top:0px;margin-bottom:20px;\"><div class=\"fusion-column-wrapper fusion-flex-column-wrapper-legacy\" style=\"background-position:left top;background-repeat:no-repeat;-webkit-background-size:cover;-moz-background-size:cover;-o-background-size:cover;background-size:cover;padding: 0px 0px 0px 0px;\"><div class=\"fusion-text fusion-text-2\"><p>BIMA 3 : <a href=\"https:\/\/brill.com\/abstract\/title\/23647\" target=\"_blank\" rel=\"noopener\">Al-Maqr\u012bz\u012bs Traktat \u00fcber die Mineralien<\/a><\/p>\n<p class=\"title\"><em>Kit\u0101b al-Maq\u0101\u1e63id al-saniyyah li-ma\u02bfrifat al-a\u01e7s\u0101m al-ma\u02bfdiniyyah<br \/>\n<\/em>Herausgegeben, \u00fcbersetzt und kommentiert von Fabian K\u00e4s<br \/>\nMay 2015,\u00a0Leiden-Boston: Brill<br \/>\nISBN13:\u00a09789004277601<\/p>\n<p><a href=\"https:\/\/books.google.it\/books?id=jmBECQAAQBAJ&amp;printsec=frontcover&amp;hl=fr&amp;source=gbs_ge_summary_r&amp;cad=0#v=onepage&amp;q&amp;f=false\">Preview on Google Books<\/a><\/p>\n<\/div><div class=\"fusion-clearfix\"><\/div><\/div><\/div><div class=\"fusion-layout-column fusion_builder_column fusion-builder-column-5 fusion_builder_column_1_4 1_4 fusion-one-fourth fusion-column-first\" style=\"width:25%;width:calc(25% - ( ( 4% ) * 0.25 ) );margin-right: 4%;margin-top:0px;margin-bottom:20px;\"><div class=\"fusion-column-wrapper fusion-flex-column-wrapper-legacy\" style=\"background-position:left top;background-repeat:no-repeat;-webkit-background-size:cover;-moz-background-size:cover;-o-background-size:cover;background-size:cover;padding: 0px 0px 0px 0px;\"><span class=\" fusion-imageframe imageframe-none imageframe-3 hover-type-none\"><img decoding=\"async\" width=\"195\" height=\"297\" title=\"BIMA2\" src=\"http:\/\/web.philo.ulg.ac.be\/islamo\/wp-content\/uploads\/sites\/32\/2015\/03\/BIMA2.jpg\" alt class=\"img-responsive wp-image-4211\"\/><\/span><div class=\"fusion-clearfix\"><\/div><\/div><\/div><div class=\"fusion-layout-column fusion_builder_column fusion-builder-column-6 fusion_builder_column_3_4 3_4 fusion-three-fourth fusion-column-last\" style=\"width:75%;width:calc(75% - ( ( 4% ) * 0.75 ) );margin-top:0px;margin-bottom:20px;\"><div class=\"fusion-column-wrapper fusion-flex-column-wrapper-legacy\" style=\"background-position:left top;background-repeat:no-repeat;-webkit-background-size:cover;-moz-background-size:cover;-o-background-size:cover;background-size:cover;padding: 0px 0px 0px 0px;\"><div class=\"fusion-text fusion-text-3\"><p>BIMA 2 : <a href=\"https:\/\/brill.com\/abstract\/title\/21625\" target=\"_blank\" rel=\"noopener\"><em>\u1e0caw\u02be al-s\u0101r\u012b li-ma\u02bfrifat \u1e2babar Tam\u012bm al-D\u0101r\u012b<\/em> (On Tam\u012bm al-D\u0101r\u012b and His Waqf in Hebron)<\/a><\/p>\n<p class=\"title\">Critical edition, annotated translation and introduction by Yehoshua Frenkel<br \/>\nFebruary 2014,\u00a0Leiden-Boston: Brill<br \/>\nISBN13:\u00a09789004228498<\/p>\n<p class=\"title\"><a href=\"https:\/\/books.google.it\/books?id=nbwFAwAAQBAJ&amp;printsec=frontcover&amp;hl=fr#v=onepage&amp;q&amp;f=false\" target=\"_blank\" rel=\"noopener\">Preview on Google Books<\/a><\/p>\n<\/div><div class=\"fusion-clearfix\"><\/div><\/div><\/div><\/div><\/div>\n","protected":false},"excerpt":{"rendered":"","protected":false},"author":37,"featured_media":0,"parent":0,"menu_order":0,"comment_status":"closed","ping_status":"closed","template":"","meta":{"footnotes":""},"class_list":["post-4210","page","type-page","status-publish","hentry"],"_links":{"self":[{"href":"http:\/\/web.philo.ulg.ac.be\/islamo\/wp-json\/wp\/v2\/pages\/4210","targetHints":{"allow":["GET"]}}],"collection":[{"href":"http:\/\/web.philo.ulg.ac.be\/islamo\/wp-json\/wp\/v2\/pages"}],"about":[{"href":"http:\/\/web.philo.ulg.ac.be\/islamo\/wp-json\/wp\/v2\/types\/page"}],"author":[{"embeddable":true,"href":"http:\/\/web.philo.ulg.ac.be\/islamo\/wp-json\/wp\/v2\/users\/37"}],"replies":[{"embeddable":true,"href":"http:\/\/web.philo.ulg.ac.be\/islamo\/wp-json\/wp\/v2\/comments?post=4210"}],"version-history":[{"count":6,"href":"http:\/\/web.philo.ulg.ac.be\/islamo\/wp-json\/wp\/v2\/pages\/4210\/revisions"}],"predecessor-version":[{"id":4682,"href":"http:\/\/web.philo.ulg.ac.be\/islamo\/wp-json\/wp\/v2\/pages\/4210\/revisions\/4682"}],"wp:attachment":[{"href":"http:\/\/web.philo.ulg.ac.be\/islamo\/wp-json\/wp\/v2\/media?parent=4210"}],"curies":[{"name":"wp","href":"https:\/\/api.w.org\/{rel}","templated":true}]}}