{"id":4274,"date":"2015-10-19T13:58:31","date_gmt":"2015-10-19T12:58:31","guid":{"rendered":"http:\/\/web.philo.ulg.ac.be\/islamo\/?page_id=4274"},"modified":"2019-12-04T17:00:17","modified_gmt":"2019-12-04T16:00:17","slug":"news","status":"publish","type":"page","link":"http:\/\/web.philo.ulg.ac.be\/islamo\/news\/","title":{"rendered":"News"},"content":{"rendered":"<div class=\"fusion-fullwidth fullwidth-box fusion-builder-row-1 nonhundred-percent-fullwidth non-hundred-percent-height-scrolling\" style=\"background-color: #ffffff;background-position: center center;background-repeat: no-repeat;padding-top:0px;padding-right:0px;padding-bottom:0px;padding-left:0px;margin-bottom: 0px;margin-top: 0px;border-width: 0px 0px 0px 0px;border-color:#eae9e9;border-style:solid;\" ><div class=\"fusion-builder-row fusion-row\"><div class=\"fusion-layout-column fusion_builder_column fusion-builder-column-0 fusion_builder_column_1_1 1_1 fusion-one-full fusion-column-first fusion-column-last\" style=\"margin-top:0px;margin-bottom:20px;\"><div class=\"fusion-column-wrapper fusion-flex-column-wrapper-legacy\" style=\"background-position:left top;background-repeat:no-repeat;-webkit-background-size:cover;-moz-background-size:cover;-o-background-size:cover;background-size:cover;padding: 0px 0px 0px 0px;\"><style type=\"text\/css\"><\/style><div class=\"fusion-title title fusion-title-1 sep-underline sep-solid fusion-title-text fusion-title-size-one\" style=\"border-bottom-color:#00843b;margin-top:0px;margin-right:0px;margin-bottom:70px;margin-left:0px;\"><h1 class=\"title-heading-left fusion-responsive-typography-calculated\" style=\"margin:0;--fontSize:42;line-height:1;\">News<\/h1><\/div><div class=\"fusion-blog-shortcode fusion-blog-shortcode-1 fusion-blog-archive fusion-blog-layout-grid-wrapper fusion-blog-pagination fusion-blog-no-images\"><style type=\"text\/css\">.fusion-blog-shortcode-1 .fusion-blog-layout-grid .fusion-post-grid{padding:20px;}.fusion-blog-shortcode-1 .fusion-posts-container{margin-left: -20px !important; margin-right:-20px !important;}<\/style><div class=\"fusion-posts-container fusion-posts-container-pagination fusion-blog-layout-grid fusion-blog-layout-grid-3 isotope fusion-blog-equal-heights\" data-pages=\"1\" data-grid-col-space=\"40\" style=\"margin: -20px -20px 0;min-height:500px;\"><article id=\"blog-1-post-4468\" class=\"fusion-post-grid post-4468 post type-post status-publish format-standard hentry category-eleo\">\n<div class=\"fusion-post-wrapper\" style=\"background-color:rgba(255,255,255,0);border:1px solid #00843b;border-bottom-width:3px;\"><div class=\"fusion-post-content-wrapper\" style=\"padding:30px 25px 20px 25px;\"><div class=\"fusion-post-content post-content\"><h2 class=\"blog-shortcode-post-title entry-title\"><a href=\"http:\/\/web.philo.ulg.ac.be\/islamo\/the-manuscripts-of-the-john-rylands-library-manchester-soon-in-eleo\/\">The manuscripts of the John Rylands Library, Manchester, soon in ELEO<\/a><\/h2><p class=\"fusion-single-line-meta\"><span class=\"vcard\" style=\"display: none;\"><span class=\"fn\"><\/span><\/span><span class=\"updated\" style=\"display:none;\">2019-12-04T16:38:31+01:00<\/span><span>15 d\u00e9cembre 2016<\/span><span class=\"fusion-inline-sep\">|<\/span><a href=\"http:\/\/web.philo.ulg.ac.be\/islamo\/category\/eleo\/\" rel=\"category tag\">ELEO<\/a><span class=\"fusion-inline-sep\">|<\/span><\/p><div class=\"fusion-content-sep sep-single sep-solid\" style=\"border-color:#e0dede;\"><\/div><div class=\"fusion-post-content-container\"><p> The manuscripts of the John Rylands Library, Manchester, soon in ELEO  Prof. Fr\u00e9d\u00e9ric Bauden will take advantage of his Visiting Professorship Programme in the John Rylands Research Institute, in\u00a0January and February 2017, to study the Institute\u2019s collections and add them in ELEO database. He\u00a0will also deliver a Public [...]<\/p><\/div><\/div><div class=\"fusion-meta-info\"><div class=\"fusion-alignleft\"><a class=\"fusion-read-more\" href=\"http:\/\/web.philo.ulg.ac.be\/islamo\/the-manuscripts-of-the-john-rylands-library-manchester-soon-in-eleo\/\" aria-label=\"More on The manuscripts of the John Rylands Library, Manchester, soon in ELEO\">Read More<\/a><\/div><\/div><\/div><div class=\"fusion-clearfix\"><\/div><\/div>\n<\/article>\n<article id=\"blog-1-post-4421\" class=\"fusion-post-grid post-4421 post type-post status-publish format-standard hentry category-eleo\">\n<div class=\"fusion-post-wrapper\" style=\"background-color:rgba(255,255,255,0);border:1px solid #00843b;border-bottom-width:3px;\"><div class=\"fusion-post-content-wrapper\" style=\"padding:30px 25px 20px 25px;\"><div class=\"fusion-post-content post-content\"><h2 class=\"blog-shortcode-post-title entry-title\"><a href=\"http:\/\/web.philo.ulg.ac.be\/islamo\/the-manuscripts-of-the-university-of-tokyo-soon-in-eleo\/\">The manuscripts of the University of Tokyo soon in ELEO<\/a><\/h2><p class=\"fusion-single-line-meta\"><span class=\"vcard\" style=\"display: none;\"><span class=\"fn\"><\/span><\/span><span class=\"updated\" style=\"display:none;\">2019-12-04T16:39:52+01:00<\/span><span>25 mars 2016<\/span><span class=\"fusion-inline-sep\">|<\/span><a href=\"http:\/\/web.philo.ulg.ac.be\/islamo\/category\/eleo\/\" rel=\"category tag\">ELEO<\/a><span class=\"fusion-inline-sep\">|<\/span><\/p><div class=\"fusion-content-sep sep-single sep-solid\" style=\"border-color:#e0dede;\"><\/div><div class=\"fusion-post-content-container\"><p> The manuscripts of the University of Tokyo soon in ELEO  An agreement has been reached (January 21, 2016) with the authorities of the University of Tokyo for the inclusion of the paratextual marks found in the Arabic manuscripts (former Daiber collections I and II) kept at the Library [...]<\/p><\/div><\/div><div class=\"fusion-meta-info\"><div class=\"fusion-alignleft\"><a class=\"fusion-read-more\" href=\"http:\/\/web.philo.ulg.ac.be\/islamo\/the-manuscripts-of-the-university-of-tokyo-soon-in-eleo\/\" aria-label=\"More on The manuscripts of the University of Tokyo soon in ELEO\">Read More<\/a><\/div><\/div><\/div><div class=\"fusion-clearfix\"><\/div><\/div>\n<\/article>\n<article id=\"blog-1-post-4396\" class=\"fusion-post-grid post-4396 post type-post status-publish format-standard hentry category-diplomatie-diplomatique\">\n<div class=\"fusion-post-wrapper\" style=\"background-color:rgba(255,255,255,0);border:1px solid #00843b;border-bottom-width:3px;\"><div class=\"fusion-post-content-wrapper\" style=\"padding:30px 25px 20px 25px;\"><div class=\"fusion-post-content post-content\"><h2 class=\"blog-shortcode-post-title entry-title\"><a href=\"http:\/\/web.philo.ulg.ac.be\/islamo\/nouveau-projet-de-recherche-finance\/\">Nouveau Projet de Recherche financ\u00e9\u00a0! \u00c9changes diplomatiques en M\u00e9diterran\u00e9e<\/a><\/h2><p class=\"fusion-single-line-meta\"><span class=\"vcard\" style=\"display: none;\"><span class=\"fn\"><\/span><\/span><span class=\"updated\" style=\"display:none;\">2019-12-04T16:54:29+01:00<\/span><span>26 janvier 2016<\/span><span class=\"fusion-inline-sep\">|<\/span><a href=\"http:\/\/web.philo.ulg.ac.be\/islamo\/category\/diplomatie-diplomatique\/\" rel=\"category tag\">Diplomatie-diplomatique<\/a><span class=\"fusion-inline-sep\">|<\/span><\/p><div class=\"fusion-content-sep sep-single sep-solid\" style=\"border-color:#e0dede;\"><\/div><div class=\"fusion-post-content-container\"><p> Nouveau Projet de Recherche financ\u00e9 ! \u00c9changes diplomatiques en M\u00e9diterran\u00e9e  Financ\u00e9 par le\u00a0CSIC (Espagne), en collaboration avec\u00a0l'Universit\u00e9 de Li\u00e8ge (Belgique) et\u00a0l'Universit\u00e9\u00a0d\u2019Aix-Marseille (France)\u00a0: Les \u00e9changes diplomatiques entre les puissances de la M\u00e9diterran\u00e9e musulmane et celles de l'Europe chr\u00e9tienne au Moyen \u00c2ge\u00a0: Nouvelles m\u00e9thodes d'analyse de documents Objectifs L'objectif principal [...]<\/p><\/div><\/div><div class=\"fusion-meta-info\"><div class=\"fusion-alignleft\"><a class=\"fusion-read-more\" href=\"http:\/\/web.philo.ulg.ac.be\/islamo\/nouveau-projet-de-recherche-finance\/\" aria-label=\"More on Nouveau Projet de Recherche financ\u00e9\u00a0! \u00c9changes diplomatiques en M\u00e9diterran\u00e9e\">Read More<\/a><\/div><\/div><\/div><div class=\"fusion-clearfix\"><\/div><\/div>\n<\/article>\n<article id=\"blog-1-post-4386\" class=\"fusion-post-grid post-4386 post type-post status-publish format-standard hentry category-diplomatie-diplomatique-en\">\n<div class=\"fusion-post-wrapper\" style=\"background-color:rgba(255,255,255,0);border:1px solid #00843b;border-bottom-width:3px;\"><div class=\"fusion-post-content-wrapper\" style=\"padding:30px 25px 20px 25px;\"><div class=\"fusion-post-content post-content\"><h2 class=\"blog-shortcode-post-title entry-title\"><a href=\"http:\/\/web.philo.ulg.ac.be\/islamo\/new-research-project-funded-by-the-csic-diplomatic-exchanges-between-islamic-mediterranean-and-christian-european-powers\/\">New Research Project funded! Diplomatic Exchanges in the Mediterranean<\/a><\/h2><p class=\"fusion-single-line-meta\"><span class=\"vcard\" style=\"display: none;\"><span class=\"fn\"><\/span><\/span><span class=\"updated\" style=\"display:none;\">2019-12-04T16:56:21+01:00<\/span><span>26 janvier 2016<\/span><span class=\"fusion-inline-sep\">|<\/span><a href=\"http:\/\/web.philo.ulg.ac.be\/islamo\/category\/diplomatie-diplomatique-en\/\" rel=\"category tag\">Diplomatie-diplomatique<\/a><span class=\"fusion-inline-sep\">|<\/span><\/p><div class=\"fusion-content-sep sep-single sep-solid\" style=\"border-color:#e0dede;\"><\/div><div class=\"fusion-post-content-container\"><p> Funded by the CSIC (Spain), in collaboration with the\u00a0Universit\u00e9 de Li\u00e8ge (Belgium) and the\u00a0Universit\u00e9\u00a0d\u2019Aix-Marseille (France): The diplomatic exchanges between Islamic Mediterranean and\u00a0Christian European\u00a0powers\u00a0in the Middle Ages: New methods for the analysis of\u00a0documents Objectives The main objective is to create an international research group of\u00a0specialists in the study of Arabic [...]<\/p><\/div><\/div><div class=\"fusion-meta-info\"><div class=\"fusion-alignleft\"><a class=\"fusion-read-more\" href=\"http:\/\/web.philo.ulg.ac.be\/islamo\/new-research-project-funded-by-the-csic-diplomatic-exchanges-between-islamic-mediterranean-and-christian-european-powers\/\" aria-label=\"More on New Research Project funded! Diplomatic Exchanges in the Mediterranean\">Read More<\/a><\/div><\/div><\/div><div class=\"fusion-clearfix\"><\/div><\/div>\n<\/article>\n<article id=\"blog-1-post-4309\" class=\"fusion-post-grid post-4309 post type-post status-publish format-standard hentry category-eleo\">\n<div class=\"fusion-post-wrapper\" style=\"background-color:rgba(255,255,255,0);border:1px solid #00843b;border-bottom-width:3px;\"><div class=\"fusion-post-content-wrapper\" style=\"padding:30px 25px 20px 25px;\"><div class=\"fusion-post-content post-content\"><h2 class=\"blog-shortcode-post-title entry-title\"><a href=\"http:\/\/web.philo.ulg.ac.be\/islamo\/test-de-news\/\">ELEO est sur les rails ! \/ ELEO is on track!<\/a><\/h2><p class=\"fusion-single-line-meta\"><span class=\"vcard\" style=\"display: none;\"><span class=\"fn\"><a href=\"http:\/\/web.philo.ulg.ac.be\/islamo\/author\/u201550\/\" title=\"Articles par u201550\" rel=\"author\">u201550<\/a><\/span><\/span><span class=\"updated\" style=\"display:none;\">2019-12-04T16:48:02+01:00<\/span><span>22 octobre 2015<\/span><span class=\"fusion-inline-sep\">|<\/span><a href=\"http:\/\/web.philo.ulg.ac.be\/islamo\/category\/eleo\/\" rel=\"category tag\">ELEO<\/a><span class=\"fusion-inline-sep\">|<\/span><\/p><div class=\"fusion-content-sep sep-single sep-solid\" style=\"border-color:#e0dede;\"><\/div><div class=\"fusion-post-content-container\"><p> ELEO est sur les rails ! \/ ELEO is on track!  La base de donn\u00e9es est pr\u00eate : l'encodage peut commencer. Le fonds li\u00e9geois sera le premier \u00e0 \u00eatre d\u00e9pouill\u00e9 et encod\u00e9 dans la base. Parall\u00e8lement, les \u00e9l\u00e9ments paratextuels apparaissant sur des manuscrits d'autres fonds pour lesquels le [...]<\/p><\/div><\/div><div class=\"fusion-meta-info\"><div class=\"fusion-alignleft\"><a class=\"fusion-read-more\" href=\"http:\/\/web.philo.ulg.ac.be\/islamo\/test-de-news\/\" aria-label=\"More on ELEO est sur les rails ! \/ ELEO is on track!\">Read More<\/a><\/div><\/div><\/div><div class=\"fusion-clearfix\"><\/div><\/div>\n<\/article>\n<div class=\"fusion-clearfix\"><\/div><\/div><\/div><div class=\"fusion-clearfix\"><\/div><\/div><\/div><\/div><\/div>\n","protected":false},"excerpt":{"rendered":"","protected":false},"author":2,"featured_media":0,"parent":0,"menu_order":0,"comment_status":"closed","ping_status":"closed","template":"","meta":{"footnotes":""},"class_list":["post-4274","page","type-page","status-publish","hentry"],"_links":{"self":[{"href":"http:\/\/web.philo.ulg.ac.be\/islamo\/wp-json\/wp\/v2\/pages\/4274","targetHints":{"allow":["GET"]}}],"collection":[{"href":"http:\/\/web.philo.ulg.ac.be\/islamo\/wp-json\/wp\/v2\/pages"}],"about":[{"href":"http:\/\/web.philo.ulg.ac.be\/islamo\/wp-json\/wp\/v2\/types\/page"}],"author":[{"embeddable":true,"href":"http:\/\/web.philo.ulg.ac.be\/islamo\/wp-json\/wp\/v2\/users\/2"}],"replies":[{"embeddable":true,"href":"http:\/\/web.philo.ulg.ac.be\/islamo\/wp-json\/wp\/v2\/comments?post=4274"}],"version-history":[{"count":6,"href":"http:\/\/web.philo.ulg.ac.be\/islamo\/wp-json\/wp\/v2\/pages\/4274\/revisions"}],"predecessor-version":[{"id":4805,"href":"http:\/\/web.philo.ulg.ac.be\/islamo\/wp-json\/wp\/v2\/pages\/4274\/revisions\/4805"}],"wp:attachment":[{"href":"http:\/\/web.philo.ulg.ac.be\/islamo\/wp-json\/wp\/v2\/media?parent=4274"}],"curies":[{"name":"wp","href":"https:\/\/api.w.org\/{rel}","templated":true}]}}