{"id":4602,"date":"2019-12-03T15:32:29","date_gmt":"2019-12-03T14:32:29","guid":{"rendered":"http:\/\/web.philo.ulg.ac.be\/islamo\/?page_id=4602"},"modified":"2019-12-04T15:45:12","modified_gmt":"2019-12-04T14:45:12","slug":"a-propos-du-service","status":"publish","type":"page","link":"http:\/\/web.philo.ulg.ac.be\/islamo\/a-propos-du-service\/","title":{"rendered":"\u00c0 propos du service"},"content":{"rendered":"<div class=\"fusion-fullwidth fullwidth-box fusion-builder-row-1 nonhundred-percent-fullwidth non-hundred-percent-height-scrolling\" style=\"background-color: #ffffff;background-position: center center;background-repeat: no-repeat;padding-top:0px;padding-right:0px;padding-bottom:0px;padding-left:0px;margin-bottom: 0px;margin-top: 0px;border-width: 0px 0px 0px 0px;border-color:#eae9e9;border-style:solid;\" ><div class=\"fusion-builder-row fusion-row\"><div class=\"fusion-layout-column fusion_builder_column fusion-builder-column-0 fusion_builder_column_1_1 1_1 fusion-one-full fusion-column-first fusion-column-last\" style=\"margin-top:0px;margin-bottom:0px;\"><div class=\"fusion-column-wrapper fusion-flex-column-wrapper-legacy\" style=\"background-position:left top;background-repeat:no-repeat;-webkit-background-size:cover;-moz-background-size:cover;-o-background-size:cover;background-size:cover;padding: 0px 0px 0px 0px;\"><style type=\"text\/css\"><\/style><div class=\"fusion-title title fusion-title-1 sep-underline sep-solid fusion-title-text fusion-title-size-one\" style=\"border-bottom-color:#00843b;margin-top:0px;margin-right:0px;margin-bottom:70px;margin-left:0px;\"><h1 class=\"title-heading-left fusion-responsive-typography-calculated\" style=\"margin:0;--fontSize:42;line-height:1;\">A propos du service<\/h1><\/div><div class=\"fusion-text fusion-text-1\"><p style=\"text-align: justify;\">Seul service du d\u00e9partement des Sciences de l\u2019Antiquit\u00e9 \u00e9tudiant une langue vivante, le service de langue arabe, \u00e9tudes islamiques et histoire de l\u2019art musulman propose un cursus complet, du grade de bachelier \u00e0 celui de docteur.<\/p>\n<p style=\"text-align: justify;\">Un enseignement vari\u00e9 est offert aux \u00e9tudiants : cinq niveaux d\u2019arabe, o\u00f9 l\u2019on aborde l\u2019arabe classique, moderne et dialectal, ainsi que diff\u00e9rents courants de la litt\u00e9rature arabe, des cours d\u2019histoire et civilisation du monde arabe, d\u2019histoire de l\u2019Islam, d\u2019histoire de l\u2019art musulman et des cours de m\u00e9thodologie et d\u2019encyclop\u00e9die, comme soutiens \u00e0 la r\u00e9daction des travaux de fin d\u2019\u00e9tudes (pour plus d\u2019informations, voir <a title=\"Cours Bauden\" href=\"http:\/\/web.philo.ulg.ac.be\/islamo\/cours-bauden\/\">Cours<\/a>). En outre, le service abrite un v\u00e9ritable centre de recherches de pointe en \u00e9tudes mameloukes et en histoire du livre en Islam. Plusieurs jeunes docteurs ont \u00e9t\u00e9 dipl\u00f4m\u00e9s ces derni\u00e8res ann\u00e9es (voir <a title=\"Axes\" href=\"http:\/\/web.philo.ulg.ac.be\/islamo\/axes\/\">Axes<\/a>).<\/p>\n<p style=\"text-align: justify;\">La tradition philologique reste la ligne de conduite de l\u2019enseignement et de la recherche dans le service, mais depuis l\u2019int\u00e9gration de l\u2019arabe au cursus de Langues et Litt\u00e9ratures modernes, les comp\u00e9tences orales des \u00e9tudiants sont davantage sollicit\u00e9es et encourag\u00e9es ; un lecteur arabophone est d\u2019ailleurs venu renforcer l\u2019\u00e9quipe enseignante.<\/p>\n<p style=\"text-align: justify;\">Les collections de la biblioth\u00e8que du service sont un autre atout majeur : en effet, la partie islamologie de la section \u00ab\u00a0Sciences de l\u2019Antiquit\u00e9\u00a0\u00bb de la biblioth\u00e8que ALPHA peut se targuer de centaines d\u2019ouvrages couvrant tous les domaines abord\u00e9s par l\u2019enseignement ; elle est en outre constamment enrichie d\u2019ouvrages r\u00e9cents, pour rester \u00e0 la pointe de la recherche. L\u2019illustre professeur <a title=\"Victor Chauvin\" href=\"http:\/\/web.philo.ulg.ac.be\/islamo\/victor-chauvin\/\">Victor Chauvin<\/a> (1844-1913) a l\u00e9gu\u00e9 son immense collection de livres et manuscrits \u00e0 la biblioth\u00e8que de son universit\u00e9 ; ces ouvrages sont aujourd\u2019hui consultables sur demande. Certains d\u2019entre eux constituent la seule copie connue de textes rares ou anciens. La biblioth\u00e8que ALPHA pr\u00e9serve aussi pr\u00e8s de 500 manuscrits en \u00e9criture arabe. Cette collection exceptionnelle, la plus importante de Belgique, est un atout p\u00e9dagogique majeur pour les cours de codicologie et pal\u00e9ographie des manuscrits en \u00e9criture arabe.<\/p>\n<p>Pour toute information g\u00e9n\u00e9rale, vous pouvez vous adresser \u00e0 :<\/p>\n<p>Val\u00e9rie Elias<br \/>\nSecr\u00e9tariat du d\u00e9partement des Sciences de l&rsquo;Antiquit\u00e9<br \/>\nT\u00e9l. : +32 (0)4 366 55 44<br \/>\nMail :<a href=\"mailto:V.Elias@uliege.be\"> V.Elias@uliege.be<\/a><\/p>\n<\/div><div class=\"fusion-clearfix\"><\/div><\/div><\/div><\/div><\/div>\n","protected":false},"excerpt":{"rendered":"","protected":false},"author":2,"featured_media":0,"parent":0,"menu_order":0,"comment_status":"closed","ping_status":"closed","template":"","meta":{"footnotes":""},"class_list":["post-4602","page","type-page","status-publish","hentry"],"_links":{"self":[{"href":"http:\/\/web.philo.ulg.ac.be\/islamo\/wp-json\/wp\/v2\/pages\/4602","targetHints":{"allow":["GET"]}}],"collection":[{"href":"http:\/\/web.philo.ulg.ac.be\/islamo\/wp-json\/wp\/v2\/pages"}],"about":[{"href":"http:\/\/web.philo.ulg.ac.be\/islamo\/wp-json\/wp\/v2\/types\/page"}],"author":[{"embeddable":true,"href":"http:\/\/web.philo.ulg.ac.be\/islamo\/wp-json\/wp\/v2\/users\/2"}],"replies":[{"embeddable":true,"href":"http:\/\/web.philo.ulg.ac.be\/islamo\/wp-json\/wp\/v2\/comments?post=4602"}],"version-history":[{"count":3,"href":"http:\/\/web.philo.ulg.ac.be\/islamo\/wp-json\/wp\/v2\/pages\/4602\/revisions"}],"predecessor-version":[{"id":4620,"href":"http:\/\/web.philo.ulg.ac.be\/islamo\/wp-json\/wp\/v2\/pages\/4602\/revisions\/4620"}],"wp:attachment":[{"href":"http:\/\/web.philo.ulg.ac.be\/islamo\/wp-json\/wp\/v2\/media?parent=4602"}],"curies":[{"name":"wp","href":"https:\/\/api.w.org\/{rel}","templated":true}]}}