{"id":4606,"date":"2019-12-03T15:33:33","date_gmt":"2019-12-03T14:33:33","guid":{"rendered":"http:\/\/web.philo.ulg.ac.be\/islamo\/?page_id=4606"},"modified":"2019-12-04T16:05:05","modified_gmt":"2019-12-04T15:05:05","slug":"ex-libris-ex-oriente","status":"publish","type":"page","link":"http:\/\/web.philo.ulg.ac.be\/islamo\/ex-libris-ex-oriente\/","title":{"rendered":"Ex(-)libris ex oriente"},"content":{"rendered":"<div class=\"fusion-fullwidth fullwidth-box fusion-builder-row-1 nonhundred-percent-fullwidth non-hundred-percent-height-scrolling\" style=\"background-color: #ffffff;background-position: center center;background-repeat: no-repeat;padding-top:0px;padding-right:0px;padding-bottom:0px;padding-left:0px;margin-bottom: 0px;margin-top: 0px;border-width: 0px 0px 0px 0px;border-color:#eae9e9;border-style:solid;\" ><div class=\"fusion-builder-row fusion-row\"><div class=\"fusion-layout-column fusion_builder_column fusion-builder-column-0 fusion_builder_column_1_1 1_1 fusion-one-full fusion-column-first fusion-column-last\" style=\"margin-top:0px;margin-bottom:0px;\"><div class=\"fusion-column-wrapper fusion-flex-column-wrapper-legacy\" style=\"background-position:left top;background-repeat:no-repeat;-webkit-background-size:cover;-moz-background-size:cover;-o-background-size:cover;background-size:cover;padding: 0px 0px 0px 0px;\"><style type=\"text\/css\"><\/style><div class=\"fusion-title title fusion-title-1 sep-underline sep-solid fusion-title-text fusion-title-size-one\" style=\"border-bottom-color:#00843b;margin-top:0px;margin-right:0px;margin-bottom:70px;margin-left:0px;\"><h1 class=\"title-heading-left fusion-responsive-typography-calculated\" style=\"margin:0;--fontSize:42;line-height:1;\">Ex(-)libris ex oriente<\/h1><\/div><span class=\" fusion-imageframe imageframe-none imageframe-1 hover-type-none\" style=\"margin-right:25px;float:left;max-width:200px;\"><img decoding=\"async\" width=\"300\" height=\"145\" title=\"logolibris\" src=\"http:\/\/web.philo.ulg.ac.be\/islamo\/wp-content\/uploads\/sites\/32\/2013\/02\/logolibris-300x145.png\" alt class=\"img-responsive wp-image-3976\" srcset=\"http:\/\/web.philo.ulg.ac.be\/islamo\/wp-content\/uploads\/sites\/32\/2013\/02\/logolibris-300x145.png 300w, http:\/\/web.philo.ulg.ac.be\/islamo\/wp-content\/uploads\/sites\/32\/2013\/02\/logolibris.png 950w\" sizes=\"(max-width: 300px) 100vw, 300px\" \/><\/span><div class=\"fusion-text fusion-text-1\"><p style=\"text-align: justify;\"><strong>Ex(-)Libris Ex Oriente : base de donn\u00e9es pour l\u2019\u00e9tude des \u00e9l\u00e9ments paratextuels li\u00e9s \u00e0 la transmission du livre en Islam.<\/strong><\/p>\n<p style=\"text-align: justify;\">Rares sont les manuscrits en \u00e9criture arabe qui ne portent aucune marque attestant de leur pass\u00e9, qu&rsquo;il s&rsquo;agisse de mentions du commanditaire, d&rsquo;actes de donation pieuse, de marques de possession (manuscrites ou imprim\u00e9es au moyen d&rsquo;un sceau), de mentions de pr\u00eat, de notes de consultation ou de lecture, de certificats d&rsquo;audition, de licences de transmission, etc. Pourtant, il s&rsquo;agit d&rsquo;un domaine de recherche jusqu&rsquo;\u00e0 pr\u00e9sent n\u00e9glig\u00e9. Il est vrai que ces marques, aussi appel\u00e9es \u00e9l\u00e9ments paratextuels, sont rarement mentionn\u00e9es dans les catalogues de manuscrits, et encore moins dans les \u00e9ditions de textes, qui se concentrent encore trop souvent sur le contenu, d\u00e9laissant presque toujours le contenant. Ce n&rsquo;est qu&rsquo;avec la mise en ligne de catalogues \u00e9lectroniques et de bases de donn\u00e9es que, progressivement, les chercheurs attachent de plus en plus d&rsquo;importance \u00e0 ces marques*. Ces nouveaux moyens sont ais\u00e9ment accessibles, mais d&rsquo;un usage peu commode\u00a0: le chercheur doit consulter de multiples sites pour trouver les informations concernant une m\u00eame marque. Pour pallier ce probl\u00e8me de consultation, il est indispensable de rassembler les informations disponibles de mani\u00e8re disparate et, par ailleurs, d&rsquo;\u00e9largir notre corpus d&rsquo;\u00e9l\u00e9ments paratextuels en s&rsquo;int\u00e9ressant aux marques de manuscrits insuffisamment (ou pas du tout) catalogu\u00e9s.<\/p>\n<p style=\"text-align: justify;\">C&rsquo;est pourquoi nous avons d\u00e9cid\u00e9 de cr\u00e9er la base de donn\u00e9es Ex(-)libris ex Oriente. \u00c0 terme, elle permettra d&rsquo;am\u00e9liorer notre connaissance de l&rsquo;histoire du livre en Islam \u00e0 travers de multiples \u00e9tudes relevant de l&rsquo;histoire des id\u00e9es (lectures et notes des savants), de l&rsquo;histoire sociale, \u00e9conomique et urbaine, de la topographie historique (identification des toponymes, localisation des biblioth\u00e8ques), et bien s\u00fbr des \u00e9tudes biographiques (identification des propri\u00e9taires\/collectionneurs\/commanditaires, identification des \u00e9critures des savants).<\/p>\n<p style=\"text-align: justify;\">* De beaux exemples de l&rsquo;attention croissante pour ces marques dans les catalogues de manuscrits sont allemands : le <a href=\"http:\/\/www.refaiya.uni-leipzig.de\/content\/index.xml\" target=\"_blank\" rel=\"noopener\">projet Refaiya de Leipzig<\/a> et le <a href=\"http:\/\/orient-digital.staatsbibliothek-berlin.de\/\" target=\"_blank\" rel=\"noopener\">catalogue en ligne de la Staatsbibliothek de Berlin<\/a><\/p>\n<h3>Fonds trait\u00e9s (class\u00e9s par pays)<\/h3>\n<\/div><style type=\"text\/css\">#accordion-4606-1 .fusion-panel:hover{ border-color: #e0dede } #accordion-4606-1 .fusion-panel { border-color:#e0dede; }.fusion-accordian  #accordion-4606-1 .panel-title a .fa-fusion-box{ color: #ffffff;}.fusion-accordian  #accordion-4606-1 .panel-title a .fa-fusion-box:before{ font-size: 13px; width: 13px;}.fusion-accordian  #accordion-4606-1 .panel-title a{font-size:15px;line-height:1.76;letter-spacing:1px;color:#00843b;font-family:\"Source Sans Pro\";font-weight:400;}.fusion-accordian  #accordion-4606-1 .toggle-content{font-size:15px;color:#4a4a4a;font-family:\"Source Sans Pro\";font-weight:400;}.fusion-accordian  #accordion-4606-1 .fa-fusion-box { background-color: #333333;border-color: #333333;}.fusion-accordian  #accordion-4606-1 .panel-title a:not(.active):hover, #accordion-4606-1 .fusion-toggle-boxed-mode:hover .panel-title a { color: #00843b;}.fusion-accordian  #accordion-4606-1 .panel-title .active .fa-fusion-box,.fusion-accordian  #accordion-4606-1 .panel-title a:not(.active):hover .fa-fusion-box { background-color: #00843b!important;border-color: #00843b!important;}<\/style><div class=\"accordian fusion-accordian\"><div class=\"panel-group\" id=\"accordion-4606-1\"><style type=\"text\/css\">.fusion-accordian  #accordion-4606-1 .panel-8cbeac545ed1c24e9 .panel-title a{}.fusion-accordian  #accordion-4606-1 .panel-8cbeac545ed1c24e9 .toggle-content{}<\/style><div class=\"fusion-panel panel-default panel-8cbeac545ed1c24e9 fusion-toggle-no-divider\"><div class=\"panel-heading\"><h4 class=\"panel-title toggle\"><a aria-expanded=\"false\" aria-controls=\"8cbeac545ed1c24e9\" role=\"button\" data-toggle=\"collapse\" data-target=\"#8cbeac545ed1c24e9\" href=\"#8cbeac545ed1c24e9\"><span class=\"fusion-toggle-icon-wrapper\" aria-hidden=\"true\"><i class=\"fa-fusion-box active-icon awb-icon-minus\" aria-hidden=\"true\"><\/i><i class=\"fa-fusion-box inactive-icon awb-icon-plus\" aria-hidden=\"true\"><\/i><\/span><span class=\"fusion-toggle-heading\">Belgique<\/span><\/a><\/h4><\/div><div id=\"8cbeac545ed1c24e9\" class=\"panel-collapse collapse \"><div class=\"panel-body toggle-content fusion-clearfix\">\n<ul class=\"fusion-checklist fusion-checklist-1\" style=\"font-size:15px;line-height:25.5px;\">\n<li style=\"background-color:rgba(255,255,255,0);\" class=\"fusion-li-item\"><span style=\"height:25.5px;width:25.5px;margin-right:10.5px;\" class=\"icon-wrapper circle-no\"><i class=\"fusion-li-icon fa-angle-right fas\" style=\"color:#00843b;\" aria-hidden=\"true\"><\/i><\/span><div class=\"fusion-li-item-content\" style=\"margin-left:36px;color:#4a4a4a;\">Brussels, Biblioth\u00e8que Royale Albert I<\/div><\/li>\n<li style=\"background-color:rgba(255,255,255,0);\" class=\"fusion-li-item\"><span style=\"height:25.5px;width:25.5px;margin-right:10.5px;\" class=\"icon-wrapper circle-no\"><i class=\"fusion-li-icon fa-angle-right fas\" style=\"color:#00843b;\" aria-hidden=\"true\"><\/i><\/span><div class=\"fusion-li-item-content\" style=\"margin-left:36px;color:#4a4a4a;\">Gand, Universiteit Gent<\/div><\/li>\n<li style=\"background-color:rgba(255,255,255,0);\" class=\"fusion-li-item\"><span style=\"height:25.5px;width:25.5px;margin-right:10.5px;\" class=\"icon-wrapper circle-no\"><i class=\"fusion-li-icon fa-angle-right fas\" style=\"color:#00843b;\" aria-hidden=\"true\"><\/i><\/span><div class=\"fusion-li-item-content\" style=\"margin-left:36px;color:#4a4a4a;\">Li\u00e8ge, Universit\u00e9 de Li\u00e8ge<\/div><\/li>\n<li style=\"background-color:rgba(255,255,255,0);\" class=\"fusion-li-item\"><span style=\"height:25.5px;width:25.5px;margin-right:10.5px;\" class=\"icon-wrapper circle-no\"><i class=\"fusion-li-icon fa-angle-right fas\" style=\"color:#00843b;\" aria-hidden=\"true\"><\/i><\/span><div class=\"fusion-li-item-content\" style=\"margin-left:36px;color:#4a4a4a;\">Louvain, Universit\u00e9 Catholique de Louvain<\/div><\/li>\n<\/ul>\n<\/div><\/div><\/div><style type=\"text\/css\">.fusion-accordian  #accordion-4606-1 .panel-c652dcd6ab50f69eb .panel-title a{}.fusion-accordian  #accordion-4606-1 .panel-c652dcd6ab50f69eb .toggle-content{}<\/style><div class=\"fusion-panel panel-default panel-c652dcd6ab50f69eb fusion-toggle-no-divider\"><div class=\"panel-heading\"><h4 class=\"panel-title toggle\"><a aria-expanded=\"false\" aria-controls=\"c652dcd6ab50f69eb\" role=\"button\" data-toggle=\"collapse\" data-target=\"#c652dcd6ab50f69eb\" href=\"#c652dcd6ab50f69eb\"><span class=\"fusion-toggle-icon-wrapper\" aria-hidden=\"true\"><i class=\"fa-fusion-box active-icon awb-icon-minus\" aria-hidden=\"true\"><\/i><i class=\"fa-fusion-box inactive-icon awb-icon-plus\" aria-hidden=\"true\"><\/i><\/span><span class=\"fusion-toggle-heading\">France<\/span><\/a><\/h4><\/div><div id=\"c652dcd6ab50f69eb\" class=\"panel-collapse collapse \"><div class=\"panel-body toggle-content fusion-clearfix\">\n<ul class=\"fusion-checklist fusion-checklist-2\" style=\"font-size:15px;line-height:25.5px;\"><li style=\"background-color:rgba(255,255,255,0);\" class=\"fusion-li-item\"><span style=\"height:25.5px;width:25.5px;margin-right:10.5px;\" class=\"icon-wrapper circle-no\"><i class=\"fusion-li-icon fa-angle-right fas\" style=\"color:#00843b;\" aria-hidden=\"true\"><\/i><\/span><div class=\"fusion-li-item-content\" style=\"margin-left:36px;color:#4a4a4a;\">Paris, Biblioth\u00e8que nationale de France<\/div><\/li><\/ul>\n<\/div><\/div><\/div><style type=\"text\/css\">.fusion-accordian  #accordion-4606-1 .panel-a904a831f478cc694 .panel-title a{}.fusion-accordian  #accordion-4606-1 .panel-a904a831f478cc694 .toggle-content{}<\/style><div class=\"fusion-panel panel-default panel-a904a831f478cc694 fusion-toggle-no-divider\"><div class=\"panel-heading\"><h4 class=\"panel-title toggle\"><a aria-expanded=\"false\" aria-controls=\"a904a831f478cc694\" role=\"button\" data-toggle=\"collapse\" data-target=\"#a904a831f478cc694\" href=\"#a904a831f478cc694\"><span class=\"fusion-toggle-icon-wrapper\" aria-hidden=\"true\"><i class=\"fa-fusion-box active-icon awb-icon-minus\" aria-hidden=\"true\"><\/i><i class=\"fa-fusion-box inactive-icon awb-icon-plus\" aria-hidden=\"true\"><\/i><\/span><span class=\"fusion-toggle-heading\">Japon<\/span><\/a><\/h4><\/div><div id=\"a904a831f478cc694\" class=\"panel-collapse collapse \"><div class=\"panel-body toggle-content fusion-clearfix\">\n<ul class=\"fusion-checklist fusion-checklist-3\" style=\"font-size:15px;line-height:25.5px;\"><li style=\"background-color:rgba(255,255,255,0);\" class=\"fusion-li-item\"><span style=\"height:25.5px;width:25.5px;margin-right:10.5px;\" class=\"icon-wrapper circle-no\"><i class=\"fusion-li-icon fa-angle-right fas\" style=\"color:#00843b;\" aria-hidden=\"true\"><\/i><\/span><div class=\"fusion-li-item-content\" style=\"margin-left:36px;color:#4a4a4a;\">Tokyo, Institute for Advanced Studies on Asia (Tobunken), The University of Tokyo<\/div><\/li><\/ul>\n<\/div><\/div><\/div><style type=\"text\/css\">.fusion-accordian  #accordion-4606-1 .panel-7fb23b8e7f939c759 .panel-title a{}.fusion-accordian  #accordion-4606-1 .panel-7fb23b8e7f939c759 .toggle-content{}<\/style><div class=\"fusion-panel panel-default panel-7fb23b8e7f939c759 fusion-toggle-no-divider\"><div class=\"panel-heading\"><h4 class=\"panel-title toggle\"><a aria-expanded=\"false\" aria-controls=\"7fb23b8e7f939c759\" role=\"button\" data-toggle=\"collapse\" data-target=\"#7fb23b8e7f939c759\" href=\"#7fb23b8e7f939c759\"><span class=\"fusion-toggle-icon-wrapper\" aria-hidden=\"true\"><i class=\"fa-fusion-box active-icon awb-icon-minus\" aria-hidden=\"true\"><\/i><i class=\"fa-fusion-box inactive-icon awb-icon-plus\" aria-hidden=\"true\"><\/i><\/span><span class=\"fusion-toggle-heading\">Pays-Bas<\/span><\/a><\/h4><\/div><div id=\"7fb23b8e7f939c759\" class=\"panel-collapse collapse \"><div class=\"panel-body toggle-content fusion-clearfix\">\n<ul class=\"fusion-checklist fusion-checklist-4\" style=\"font-size:15px;line-height:25.5px;\"><li style=\"background-color:rgba(255,255,255,0);\" class=\"fusion-li-item\"><span style=\"height:25.5px;width:25.5px;margin-right:10.5px;\" class=\"icon-wrapper circle-no\"><i class=\"fusion-li-icon fa-angle-right fas\" style=\"color:#00843b;\" aria-hidden=\"true\"><\/i><\/span><div class=\"fusion-li-item-content\" style=\"margin-left:36px;color:#4a4a4a;\">Leiden, Universiteitsbibliotheek<\/div><\/li><\/ul>\n<\/div><\/div><\/div><style type=\"text\/css\">.fusion-accordian  #accordion-4606-1 .panel-a41686ae31afaf0aa .panel-title a{}.fusion-accordian  #accordion-4606-1 .panel-a41686ae31afaf0aa .toggle-content{}<\/style><div class=\"fusion-panel panel-default panel-a41686ae31afaf0aa fusion-toggle-no-divider\"><div class=\"panel-heading\"><h4 class=\"panel-title toggle\"><a aria-expanded=\"false\" aria-controls=\"a41686ae31afaf0aa\" role=\"button\" data-toggle=\"collapse\" data-target=\"#a41686ae31afaf0aa\" href=\"#a41686ae31afaf0aa\"><span class=\"fusion-toggle-icon-wrapper\" aria-hidden=\"true\"><i class=\"fa-fusion-box active-icon awb-icon-minus\" aria-hidden=\"true\"><\/i><i class=\"fa-fusion-box inactive-icon awb-icon-plus\" aria-hidden=\"true\"><\/i><\/span><span class=\"fusion-toggle-heading\">Royaume-Uni<\/span><\/a><\/h4><\/div><div id=\"a41686ae31afaf0aa\" class=\"panel-collapse collapse \"><div class=\"panel-body toggle-content fusion-clearfix\">\n<ul class=\"fusion-checklist fusion-checklist-5\" style=\"font-size:15px;line-height:25.5px;\">\n<li style=\"background-color:rgba(255,255,255,0);\" class=\"fusion-li-item\"><span style=\"height:25.5px;width:25.5px;margin-right:10.5px;\" class=\"icon-wrapper circle-no\"><i class=\"fusion-li-icon fa-angle-right fas\" style=\"color:#00843b;\" aria-hidden=\"true\"><\/i><\/span><div class=\"fusion-li-item-content\" style=\"margin-left:36px;color:#4a4a4a;\">Londres, British Library<\/div><\/li>\n<li style=\"background-color:rgba(255,255,255,0);\" class=\"fusion-li-item\"><span style=\"height:25.5px;width:25.5px;margin-right:10.5px;\" class=\"icon-wrapper circle-no\"><i class=\"fusion-li-icon fa-angle-right fas\" style=\"color:#00843b;\" aria-hidden=\"true\"><\/i><\/span><div class=\"fusion-li-item-content\" style=\"margin-left:36px;color:#4a4a4a;\">Londres, Bonham&rsquo;s<\/div><\/li>\n<li style=\"background-color:rgba(255,255,255,0);\" class=\"fusion-li-item\"><span style=\"height:25.5px;width:25.5px;margin-right:10.5px;\" class=\"icon-wrapper circle-no\"><i class=\"fusion-li-icon fa-angle-right fas\" style=\"color:#00843b;\" aria-hidden=\"true\"><\/i><\/span><div class=\"fusion-li-item-content\" style=\"margin-left:36px;color:#4a4a4a;\">Londres, Christie&rsquo;s<\/div><\/li>\n<li style=\"background-color:rgba(255,255,255,0);\" class=\"fusion-li-item\"><span style=\"height:25.5px;width:25.5px;margin-right:10.5px;\" class=\"icon-wrapper circle-no\"><i class=\"fusion-li-icon fa-angle-right fas\" style=\"color:#00843b;\" aria-hidden=\"true\"><\/i><\/span><div class=\"fusion-li-item-content\" style=\"margin-left:36px;color:#4a4a4a;\">Londres, Sotheby\u2019s<\/div><\/li>\n<li style=\"background-color:rgba(255,255,255,0);\" class=\"fusion-li-item\"><span style=\"height:25.5px;width:25.5px;margin-right:10.5px;\" class=\"icon-wrapper circle-no\"><i class=\"fusion-li-icon fa-angle-right fas\" style=\"color:#00843b;\" aria-hidden=\"true\"><\/i><\/span><div class=\"fusion-li-item-content\" style=\"margin-left:36px;color:#4a4a4a;\">Manchester, The John Rylands Library, University of Manchester<\/div><\/li>\n<\/ul>\n<\/div><\/div><\/div><style type=\"text\/css\">.fusion-accordian  #accordion-4606-1 .panel-9a957cf1b183cdda5 .panel-title a{}.fusion-accordian  #accordion-4606-1 .panel-9a957cf1b183cdda5 .toggle-content{}<\/style><div class=\"fusion-panel panel-default panel-9a957cf1b183cdda5 fusion-toggle-no-divider\"><div class=\"panel-heading\"><h4 class=\"panel-title toggle\"><a aria-expanded=\"false\" aria-controls=\"9a957cf1b183cdda5\" role=\"button\" data-toggle=\"collapse\" data-target=\"#9a957cf1b183cdda5\" href=\"#9a957cf1b183cdda5\"><span class=\"fusion-toggle-icon-wrapper\" aria-hidden=\"true\"><i class=\"fa-fusion-box active-icon awb-icon-minus\" aria-hidden=\"true\"><\/i><i class=\"fa-fusion-box inactive-icon awb-icon-plus\" aria-hidden=\"true\"><\/i><\/span><span class=\"fusion-toggle-heading\">Turquie<\/span><\/a><\/h4><\/div><div id=\"9a957cf1b183cdda5\" class=\"panel-collapse collapse \"><div class=\"panel-body toggle-content fusion-clearfix\">\n<ul class=\"fusion-checklist fusion-checklist-6\" style=\"font-size:15px;line-height:25.5px;\">\n<li style=\"background-color:rgba(255,255,255,0);\" class=\"fusion-li-item\"><span style=\"height:25.5px;width:25.5px;margin-right:10.5px;\" class=\"icon-wrapper circle-no\"><i class=\"fusion-li-icon fa-angle-right fas\" style=\"color:#00843b;\" aria-hidden=\"true\"><\/i><\/span><div class=\"fusion-li-item-content\" style=\"margin-left:36px;color:#4a4a4a;\">Bursa, \u0130nebey Yazma Eser K\u00fct\u00fcphanesi<\/div><\/li>\n<li style=\"background-color:rgba(255,255,255,0);\" class=\"fusion-li-item\"><span style=\"height:25.5px;width:25.5px;margin-right:10.5px;\" class=\"icon-wrapper circle-no\"><i class=\"fusion-li-icon fa-angle-right fas\" style=\"color:#00843b;\" aria-hidden=\"true\"><\/i><\/span><div class=\"fusion-li-item-content\" style=\"margin-left:36px;color:#4a4a4a;\">Istanbul, Beyaz\u0131t Devlet K\u00fct\u00fcphanesi<\/div><\/li>\n<li style=\"background-color:rgba(255,255,255,0);\" class=\"fusion-li-item\"><span style=\"height:25.5px;width:25.5px;margin-right:10.5px;\" class=\"icon-wrapper circle-no\"><i class=\"fusion-li-icon fa-angle-right fas\" style=\"color:#00843b;\" aria-hidden=\"true\"><\/i><\/span><div class=\"fusion-li-item-content\" style=\"margin-left:36px;color:#4a4a4a;\">Istanbul, K\u00f6pr\u00fcl\u00fc K\u00fct\u00fcphanesi<\/div><\/li>\n<li style=\"background-color:rgba(255,255,255,0);\" class=\"fusion-li-item\"><span style=\"height:25.5px;width:25.5px;margin-right:10.5px;\" class=\"icon-wrapper circle-no\"><i class=\"fusion-li-icon fa-angle-right fas\" style=\"color:#00843b;\" aria-hidden=\"true\"><\/i><\/span><div class=\"fusion-li-item-content\" style=\"margin-left:36px;color:#4a4a4a;\">Istanbul, Millet K\u00fct\u00fcphanesi<\/div><\/li>\n<li style=\"background-color:rgba(255,255,255,0);\" class=\"fusion-li-item\"><span style=\"height:25.5px;width:25.5px;margin-right:10.5px;\" class=\"icon-wrapper circle-no\"><i class=\"fusion-li-icon fa-angle-right fas\" style=\"color:#00843b;\" aria-hidden=\"true\"><\/i><\/span><div class=\"fusion-li-item-content\" style=\"margin-left:36px;color:#4a4a4a;\">Istanbul, Nuruosmaniye K\u00fct\u00fcphanesi<\/div><\/li>\n<li style=\"background-color:rgba(255,255,255,0);\" class=\"fusion-li-item\"><span style=\"height:25.5px;width:25.5px;margin-right:10.5px;\" class=\"icon-wrapper circle-no\"><i class=\"fusion-li-icon fa-angle-right fas\" style=\"color:#00843b;\" aria-hidden=\"true\"><\/i><\/span><div class=\"fusion-li-item-content\" style=\"margin-left:36px;color:#4a4a4a;\">Istanbul, S\u00fcleymaniye K\u00fct\u00fcphanesi<\/div><\/li>\n<li style=\"background-color:rgba(255,255,255,0);\" class=\"fusion-li-item\"><span style=\"height:25.5px;width:25.5px;margin-right:10.5px;\" class=\"icon-wrapper circle-no\"><i class=\"fusion-li-icon fa-angle-right fas\" style=\"color:#00843b;\" aria-hidden=\"true\"><\/i><\/span><div class=\"fusion-li-item-content\" style=\"margin-left:36px;color:#4a4a4a;\">Istanbul, Topkap\u0131 Saray M\u00fczesi K\u00fct\u00fcphanesi<\/div><\/li>\n<\/ul>\n<\/div><\/div><\/div><style type=\"text\/css\">.fusion-accordian  #accordion-4606-1 .panel-68f0c5cba44c536e2 .panel-title a{}.fusion-accordian  #accordion-4606-1 .panel-68f0c5cba44c536e2 .toggle-content{}<\/style><div class=\"fusion-panel panel-default panel-68f0c5cba44c536e2 fusion-toggle-no-divider\"><div class=\"panel-heading\"><h4 class=\"panel-title toggle\"><a aria-expanded=\"false\" aria-controls=\"68f0c5cba44c536e2\" role=\"button\" data-toggle=\"collapse\" data-target=\"#68f0c5cba44c536e2\" href=\"#68f0c5cba44c536e2\"><span class=\"fusion-toggle-icon-wrapper\" aria-hidden=\"true\"><i class=\"fa-fusion-box active-icon awb-icon-minus\" aria-hidden=\"true\"><\/i><i class=\"fa-fusion-box inactive-icon awb-icon-plus\" aria-hidden=\"true\"><\/i><\/span><span class=\"fusion-toggle-heading\">USA<\/span><\/a><\/h4><\/div><div id=\"68f0c5cba44c536e2\" class=\"panel-collapse collapse \"><div class=\"panel-body toggle-content fusion-clearfix\">\n<ul class=\"fusion-checklist fusion-checklist-7\" style=\"font-size:15px;line-height:25.5px;\">\n<li style=\"background-color:rgba(255,255,255,0);\" class=\"fusion-li-item\"><span style=\"height:25.5px;width:25.5px;margin-right:10.5px;\" class=\"icon-wrapper circle-no\"><i class=\"fusion-li-icon fa-angle-right fas\" style=\"color:#00843b;\" aria-hidden=\"true\"><\/i><\/span><div class=\"fusion-li-item-content\" style=\"margin-left:36px;color:#4a4a4a;\">Baltimore, The Walters Museum<\/div><\/li>\n<li style=\"background-color:rgba(255,255,255,0);\" class=\"fusion-li-item\"><span style=\"height:25.5px;width:25.5px;margin-right:10.5px;\" class=\"icon-wrapper circle-no\"><i class=\"fusion-li-icon fa-angle-right fas\" style=\"color:#00843b;\" aria-hidden=\"true\"><\/i><\/span><div class=\"fusion-li-item-content\" style=\"margin-left:36px;color:#4a4a4a;\">Philadelphia,\u00a0Rare Book &amp; Manuscript Library, University of Pennsylvania<\/div><\/li>\n<\/ul>\n<\/div><\/div><\/div><\/div><\/div><div class=\"fusion-text fusion-text-2\"><h3>\u00c9quipe<\/h3>\n<p><a href=\"https:\/\/www.uliege.be\/cms\/c_9054334\/fr\/repertoire?uid=U014617&amp;mr_histstate=1575454298234\" target=\"_blank\" rel=\"noopener\">Fr\u00e9d\u00e9ric BAUDEN<\/a><br \/>\n<a href=\"https:\/\/www.uliege.be\/cms\/c_9054334\/fr\/repertoire?uid=U203075&amp;mr_histstate=1575454315996\" target=\"_blank\" rel=\"noopener\">\u00c9lise FRANSSEN<\/a><br \/>\nTUFAN KARA<\/p>\n<\/div><div class=\"fusion-clearfix\"><\/div><\/div><\/div><\/div><\/div>\n","protected":false},"excerpt":{"rendered":"","protected":false},"author":2,"featured_media":0,"parent":0,"menu_order":0,"comment_status":"closed","ping_status":"closed","template":"","meta":{"footnotes":""},"class_list":["post-4606","page","type-page","status-publish","hentry"],"_links":{"self":[{"href":"http:\/\/web.philo.ulg.ac.be\/islamo\/wp-json\/wp\/v2\/pages\/4606","targetHints":{"allow":["GET"]}}],"collection":[{"href":"http:\/\/web.philo.ulg.ac.be\/islamo\/wp-json\/wp\/v2\/pages"}],"about":[{"href":"http:\/\/web.philo.ulg.ac.be\/islamo\/wp-json\/wp\/v2\/types\/page"}],"author":[{"embeddable":true,"href":"http:\/\/web.philo.ulg.ac.be\/islamo\/wp-json\/wp\/v2\/users\/2"}],"replies":[{"embeddable":true,"href":"http:\/\/web.philo.ulg.ac.be\/islamo\/wp-json\/wp\/v2\/comments?post=4606"}],"version-history":[{"count":6,"href":"http:\/\/web.philo.ulg.ac.be\/islamo\/wp-json\/wp\/v2\/pages\/4606\/revisions"}],"predecessor-version":[{"id":4700,"href":"http:\/\/web.philo.ulg.ac.be\/islamo\/wp-json\/wp\/v2\/pages\/4606\/revisions\/4700"}],"wp:attachment":[{"href":"http:\/\/web.philo.ulg.ac.be\/islamo\/wp-json\/wp\/v2\/media?parent=4606"}],"curies":[{"name":"wp","href":"https:\/\/api.w.org\/{rel}","templated":true}]}}