{"id":12370,"date":"2017-06-09T09:09:49","date_gmt":"2017-06-09T07:09:49","guid":{"rendered":"http:\/\/web.philo.ulg.ac.be\/linguistique\/?page_id=12370"},"modified":"2017-06-09T12:10:23","modified_gmt":"2017-06-09T10:10:23","slug":"recherche","status":"publish","type":"page","link":"http:\/\/web.philo.ulg.ac.be\/linguistique\/recherche\/","title":{"rendered":"Recherche"},"content":{"rendered":"<div class=\"fusion-fullwidth fullwidth-box fusion-builder-row-1 nonhundred-percent-fullwidth non-hundred-percent-height-scrolling\" style=\"background-color: rgba(255,255,255,0);background-position: center center;background-repeat: no-repeat;padding-top:0px;padding-right:0px;padding-bottom:0px;padding-left:0px;margin-bottom: 0px;margin-top: 0px;border-width: 0px 0px 0px 0px;border-color:rgba(97,158,133,0);border-style:solid;\" ><div class=\"fusion-builder-row fusion-row\"><div class=\"fusion-layout-column fusion_builder_column fusion-builder-column-0 fusion_builder_column_1_1 1_1 fusion-one-full fusion-column-first fusion-column-last\" style=\"margin-top:0px;margin-bottom:20px;\"><div class=\"fusion-column-wrapper fusion-flex-column-wrapper-legacy\" style=\"background-position:left top;background-repeat:no-repeat;-webkit-background-size:cover;-moz-background-size:cover;-o-background-size:cover;background-size:cover;padding: 0px 0px 0px 0px;\"><style type=\"text\/css\"><\/style><div class=\"fusion-title title fusion-title-1 fusion-title-text fusion-title-size-six\" style=\"margin-top:0px;margin-right:0px;margin-bottom:40px;margin-left:0px;\"><h6 class=\"title-heading-left fusion-responsive-typography-calculated\" style=\"margin:0;--fontSize:18;--minFontSize:18px;line-height:1.5;\">APPROCHES G\u00c9N\u00c9RALES DU LANGAGE<\/h6><span class=\"awb-title-spacer\"><\/span><div class=\"title-sep-container\"><div class=\"title-sep sep-single sep-solid\" style=\"border-color:#cf6059;\"><\/div><\/div><\/div><ul class=\"fusion-checklist fusion-checklist-1\" style=\"font-size:15px;line-height:25.5px;\"><li style=\"background-color:rgba(255,255,255,0);\" class=\"fusion-li-item\"><span style=\"height:25.5px;width:25.5px;margin-right:10.5px;\" class=\"icon-wrapper circle-no\"><i class=\"fusion-li-icon fa fa-chevron-right\" style=\"color:#cf6059;\" aria-hidden=\"true\"><\/i><\/span><div class=\"fusion-li-item-content\" style=\"margin-left:36px;color:#000000;\">\n<p><a href=\"http:\/\/web.philo.ulg.ac.be\/linguistique\/linguistique-contrastive-et-typologie-des-langues\/\">Linguistique contrastive et typologie des langues<\/a><\/p>\n<\/div><\/li><li style=\"background-color:rgba(255,255,255,0);\" class=\"fusion-li-item\"><span style=\"height:25.5px;width:25.5px;margin-right:10.5px;\" class=\"icon-wrapper circle-no\"><i class=\"fusion-li-icon fa fa-chevron-right\" style=\"color:#cf6059;\" aria-hidden=\"true\"><\/i><\/span><div class=\"fusion-li-item-content\" style=\"margin-left:36px;color:#000000;\">\n<p><a href=\"http:\/\/web.philo.ulg.ac.be\/linguistique\/centre-de-semiotique-rhetorique\/\">Centre de S\u00e9miotique &amp; Rh\u00e9torique<\/a><\/p>\n<\/div><\/li><li style=\"background-color:rgba(255,255,255,0);\" class=\"fusion-li-item\"><span style=\"height:25.5px;width:25.5px;margin-right:10.5px;\" class=\"icon-wrapper circle-no\"><i class=\"fusion-li-icon fa fa-chevron-right\" style=\"color:#cf6059;\" aria-hidden=\"true\"><\/i><\/span><div class=\"fusion-li-item-content\" style=\"margin-left:36px;color:#000000;\">\n<p><a href=\"http:\/\/web.philo.ulg.ac.be\/linguistique\/logique-et-philosophie-du-langage\/\">Logique et philosophie du langage<\/a><\/p>\n<\/div><\/li><\/ul><div class=\"fusion-clearfix\"><\/div><\/div><\/div><div class=\"fusion-layout-column fusion_builder_column fusion-builder-column-1 fusion_builder_column_1_1 1_1 fusion-one-full fusion-column-first fusion-column-last\" style=\"margin-top:0px;margin-bottom:20px;\"><div class=\"fusion-column-wrapper fusion-flex-column-wrapper-legacy\" style=\"background-position:left top;background-repeat:no-repeat;-webkit-background-size:cover;-moz-background-size:cover;-o-background-size:cover;background-size:cover;padding: 30px 0px 0px 0px;\"><style type=\"text\/css\"><\/style><div class=\"fusion-title title fusion-title-2 fusion-title-text fusion-title-size-six\" style=\"margin-top:0px;margin-right:0px;margin-bottom:40px;margin-left:0px;\"><h6 class=\"title-heading-left fusion-responsive-typography-calculated\" style=\"margin:0;--fontSize:18;--minFontSize:18px;line-height:1.5;\">LINGUISTIQUE ET CORPUS DE LANGUES ANCIENNES ET ORIENTALES<\/h6><span class=\"awb-title-spacer\"><\/span><div class=\"title-sep-container\"><div class=\"title-sep sep-single sep-solid\" style=\"border-color:#cf6059;\"><\/div><\/div><\/div><ul class=\"fusion-checklist fusion-checklist-2\" style=\"font-size:15px;line-height:25.5px;\"><li style=\"background-color:rgba(255,255,255,0);\" class=\"fusion-li-item\"><span style=\"height:25.5px;width:25.5px;margin-right:10.5px;\" class=\"icon-wrapper circle-no\"><i class=\"fusion-li-icon fa fa-chevron-right\" style=\"color:#cf6059;\" aria-hidden=\"true\"><\/i><\/span><div class=\"fusion-li-item-content\" style=\"margin-left:36px;color:#000000;\">\n<p><a href=\"http:\/\/web.philo.ulg.ac.be\/linguistique\/laboratoire-danalyse-statistique-des-langues-anciennes\/\">Laboratoire d\u2019Analyse Statistique des Langues Anciennes (LASLA)<\/a><\/p>\n<\/div><\/li><li style=\"background-color:rgba(255,255,255,0);\" class=\"fusion-li-item\"><span style=\"height:25.5px;width:25.5px;margin-right:10.5px;\" class=\"icon-wrapper circle-no\"><i class=\"fusion-li-icon fa fa-chevron-right\" style=\"color:#cf6059;\" aria-hidden=\"true\"><\/i><\/span><div class=\"fusion-li-item-content\" style=\"margin-left:36px;color:#000000;\">\n<p><a href=\"http:\/\/web.philo.ulg.ac.be\/linguistique\/philologie-et-linguistique-de-legyptien-ancien\/\">Philologie et linguistique de l\u2019\u00e9gyptien ancien<\/a><\/p>\n<\/div><\/li><li style=\"background-color:rgba(255,255,255,0);\" class=\"fusion-li-item\"><span style=\"height:25.5px;width:25.5px;margin-right:10.5px;\" class=\"icon-wrapper circle-no\"><i class=\"fusion-li-icon fa fa-chevron-right\" style=\"color:#cf6059;\" aria-hidden=\"true\"><\/i><\/span><div class=\"fusion-li-item-content\" style=\"margin-left:36px;color:#000000;\">\n<p><a href=\"http:\/\/web.philo.ulg.ac.be\/linguistique\/langues-et-religions-du-monde-indo-iranien-ancien\/\">Langues et religions du monde indo-iranien ancien<\/a><\/p>\n<\/div><\/li><\/ul><div class=\"fusion-clearfix\"><\/div><\/div><\/div><div class=\"fusion-layout-column fusion_builder_column fusion-builder-column-2 fusion_builder_column_1_1 1_1 fusion-one-full fusion-column-first fusion-column-last\" style=\"margin-top:0px;margin-bottom:20px;\"><div class=\"fusion-column-wrapper fusion-flex-column-wrapper-legacy\" style=\"background-position:left top;background-repeat:no-repeat;-webkit-background-size:cover;-moz-background-size:cover;-o-background-size:cover;background-size:cover;padding: 30px 0px 0px 0px;\"><style type=\"text\/css\"><\/style><div class=\"fusion-title title fusion-title-3 fusion-title-text fusion-title-size-six\" style=\"margin-top:0px;margin-right:0px;margin-bottom:40px;margin-left:0px;\"><h6 class=\"title-heading-left fusion-responsive-typography-calculated\" style=\"margin:0;--fontSize:18;--minFontSize:18px;line-height:1.5;\">LINGUISTIQUE ET CORPUS DE LANGUES MODERNES<\/h6><span class=\"awb-title-spacer\"><\/span><div class=\"title-sep-container\"><div class=\"title-sep sep-single sep-solid\" style=\"border-color:#cf6059;\"><\/div><\/div><\/div><ul class=\"fusion-checklist fusion-checklist-3\" style=\"font-size:15px;line-height:25.5px;\"><li style=\"background-color:rgba(255,255,255,0);\" class=\"fusion-li-item\"><span style=\"height:25.5px;width:25.5px;margin-right:10.5px;\" class=\"icon-wrapper circle-no\"><i class=\"fusion-li-icon fa fa-chevron-right\" style=\"color:#cf6059;\" aria-hidden=\"true\"><\/i><\/span><div class=\"fusion-li-item-content\" style=\"margin-left:36px;color:#000000;\">\n<p><a href=\"http:\/\/web.philo.ulg.ac.be\/linguistique\/linguistique-anglaise\/\">Linguistique anglaise<\/a><\/p>\n<\/div><\/li><li style=\"background-color:rgba(255,255,255,0);\" class=\"fusion-li-item\"><span style=\"height:25.5px;width:25.5px;margin-right:10.5px;\" class=\"icon-wrapper circle-no\"><i class=\"fusion-li-icon fa fa-chevron-right\" style=\"color:#cf6059;\" aria-hidden=\"true\"><\/i><\/span><div class=\"fusion-li-item-content\" style=\"margin-left:36px;color:#000000;\">\n<p><a href=\"http:\/\/web.philo.ulg.ac.be\/linguistique\/linguistique-allemande\/\">Linguistique allemande<\/a><\/p>\n<\/div><\/li><li style=\"background-color:rgba(255,255,255,0);\" class=\"fusion-li-item\"><span style=\"height:25.5px;width:25.5px;margin-right:10.5px;\" class=\"icon-wrapper circle-no\"><i class=\"fusion-li-icon fa fa-chevron-right\" style=\"color:#cf6059;\" aria-hidden=\"true\"><\/i><\/span><div class=\"fusion-li-item-content\" style=\"margin-left:36px;color:#000000;\">\n<p><a href=\"http:\/\/web.philo.ulg.ac.be\/linguistique\/langue-et-linguistique-neerlandaise\/\">Langue et Linguistique n\u00e9erlandaise<\/a><\/p>\n<\/div><\/li><li style=\"background-color:rgba(255,255,255,0);\" class=\"fusion-li-item\"><span style=\"height:25.5px;width:25.5px;margin-right:10.5px;\" class=\"icon-wrapper circle-no\"><i class=\"fusion-li-icon fa fa-chevron-right\" style=\"color:#cf6059;\" aria-hidden=\"true\"><\/i><\/span><div class=\"fusion-li-item-content\" style=\"margin-left:36px;color:#000000;\">\n<p><a href=\"http:\/\/web.philo.ulg.ac.be\/linguistique\/linguistique-francaise-generale-et-romane\/\">Linguistique fran\u00e7aise, g\u00e9n\u00e9rale et romane<\/a><\/p>\n<\/div><\/li><li style=\"background-color:rgba(255,255,255,0);\" class=\"fusion-li-item\"><span style=\"height:25.5px;width:25.5px;margin-right:10.5px;\" class=\"icon-wrapper circle-no\"><i class=\"fusion-li-icon fa fa-chevron-right\" style=\"color:#cf6059;\" aria-hidden=\"true\"><\/i><\/span><div class=\"fusion-li-item-content\" style=\"margin-left:36px;color:#000000;\">\n<p><a href=\"http:\/\/web.philo.ulg.ac.be\/linguistique\/didactique-et-methodologie-du-francais-langue-etrangere-et-seconde\/\">Didactique et m\u00e9thodologie du fran\u00e7ais langue \u00e9trang\u00e8re et seconde<\/a><\/p>\n<\/div><\/li><\/ul><div class=\"fusion-clearfix\"><\/div><\/div><\/div><\/div><\/div>\n","protected":false},"excerpt":{"rendered":"","protected":false},"author":2,"featured_media":0,"parent":0,"menu_order":0,"comment_status":"closed","ping_status":"closed","template":"","meta":{"footnotes":""},"class_list":["post-12370","page","type-page","status-publish","hentry"],"_links":{"self":[{"href":"http:\/\/web.philo.ulg.ac.be\/linguistique\/wp-json\/wp\/v2\/pages\/12370","targetHints":{"allow":["GET"]}}],"collection":[{"href":"http:\/\/web.philo.ulg.ac.be\/linguistique\/wp-json\/wp\/v2\/pages"}],"about":[{"href":"http:\/\/web.philo.ulg.ac.be\/linguistique\/wp-json\/wp\/v2\/types\/page"}],"author":[{"embeddable":true,"href":"http:\/\/web.philo.ulg.ac.be\/linguistique\/wp-json\/wp\/v2\/users\/2"}],"replies":[{"embeddable":true,"href":"http:\/\/web.philo.ulg.ac.be\/linguistique\/wp-json\/wp\/v2\/comments?post=12370"}],"version-history":[{"count":5,"href":"http:\/\/web.philo.ulg.ac.be\/linguistique\/wp-json\/wp\/v2\/pages\/12370\/revisions"}],"predecessor-version":[{"id":12469,"href":"http:\/\/web.philo.ulg.ac.be\/linguistique\/wp-json\/wp\/v2\/pages\/12370\/revisions\/12469"}],"wp:attachment":[{"href":"http:\/\/web.philo.ulg.ac.be\/linguistique\/wp-json\/wp\/v2\/media?parent=12370"}],"curies":[{"name":"wp","href":"https:\/\/api.w.org\/{rel}","templated":true}]}}