{"id":12393,"date":"2017-06-09T09:59:00","date_gmt":"2017-06-09T07:59:00","guid":{"rendered":"http:\/\/web.philo.ulg.ac.be\/linguistique\/?page_id=12393"},"modified":"2018-03-02T05:25:26","modified_gmt":"2018-03-02T04:25:26","slug":"centre-de-semiotique-rhetorique","status":"publish","type":"page","link":"http:\/\/web.philo.ulg.ac.be\/linguistique\/centre-de-semiotique-rhetorique\/","title":{"rendered":"Centre de S\u00e9miotique &amp; Rh\u00e9torique"},"content":{"rendered":"<div class=\"fusion-fullwidth fullwidth-box fusion-builder-row-1 nonhundred-percent-fullwidth non-hundred-percent-height-scrolling\" style=\"background-color: rgba(255,255,255,0);background-position: center center;background-repeat: no-repeat;padding-top:0px;padding-right:0px;padding-bottom:0px;padding-left:0px;margin-bottom: 0px;margin-top: 0px;border-width: 0px 0px 0px 0px;border-color:rgba(97,158,133,0);border-style:solid;\" ><div class=\"fusion-builder-row fusion-row\"><div class=\"fusion-layout-column fusion_builder_column fusion-builder-column-0 fusion_builder_column_1_1 1_1 fusion-one-full fusion-column-first fusion-column-last\" style=\"margin-top:0px;margin-bottom:20px;\"><div class=\"fusion-column-wrapper fusion-flex-column-wrapper-legacy\" style=\"background-position:left top;background-repeat:no-repeat;-webkit-background-size:cover;-moz-background-size:cover;-o-background-size:cover;background-size:cover;padding: 0px 0px 0px 0px;\"><style type=\"text\/css\"><\/style><div class=\"fusion-title title fusion-title-1 fusion-title-text fusion-title-size-six\" style=\"margin-top:0px;margin-right:0px;margin-bottom:40px;margin-left:0px;\"><h6 class=\"title-heading-left fusion-responsive-typography-calculated\" style=\"margin:0;--fontSize:18;--minFontSize:18px;line-height:1.5;\">MEMBRES<\/h6><span class=\"awb-title-spacer\"><\/span><div class=\"title-sep-container\"><div class=\"title-sep sep-single sep-solid\" style=\"border-color:#cf6059;\"><\/div><\/div><\/div><div class=\"fusion-text fusion-text-1\"><p>BADIR S\u00e9mir, scientifique d\u00e9finitif<br \/>\nBASSILUA Nzuzi Anicet, doctorant<br \/>\nCIGANA Lorenzo, post-doctorant<br \/>\nDONDERO Maria Giulia, scientifique d\u00e9finitive<br \/>\nFABRE Maxime, doctorant<br \/>\nFRANCK Thomas, doctorant<br \/>\nGABOR Nicole, doctorante<br \/>\nGOIN \u00c9milie, collaboratrice scientifique<br \/>\nMAYEUR Ingrid, doctorante<br \/>\nPOTOCNIK Mark, post-doctorant<br \/>\nPROVENZANO Fran\u00e7ois, acad\u00e9mique<br \/>\nZEMMO Goufo, doctorante<\/p>\n<\/div><div class=\"fusion-clearfix\"><\/div><\/div><\/div><div class=\"fusion-layout-column fusion_builder_column fusion-builder-column-1 fusion_builder_column_1_1 1_1 fusion-one-full fusion-column-first fusion-column-last\" style=\"margin-top:0px;margin-bottom:20px;\"><div class=\"fusion-column-wrapper fusion-flex-column-wrapper-legacy\" style=\"background-position:left top;background-repeat:no-repeat;-webkit-background-size:cover;-moz-background-size:cover;-o-background-size:cover;background-size:cover;padding: 30px 0px 0px 0px;\"><style type=\"text\/css\"><\/style><div class=\"fusion-title title fusion-title-2 fusion-title-text fusion-title-size-six\" style=\"margin-top:0px;margin-right:0px;margin-bottom:40px;margin-left:0px;\"><h6 class=\"title-heading-left fusion-responsive-typography-calculated\" style=\"margin:0;--fontSize:18;--minFontSize:18px;line-height:1.5;\">DOMAINES DE RECHERCHE<\/h6><span class=\"awb-title-spacer\"><\/span><div class=\"title-sep-container\"><div class=\"title-sep sep-single sep-solid\" style=\"border-color:#cf6059;\"><\/div><\/div><\/div><ul class=\"fusion-checklist fusion-checklist-1\" style=\"font-size:15px;line-height:25.5px;\"><li style=\"background-color:rgba(255,255,255,0);\" class=\"fusion-li-item\"><span style=\"height:25.5px;width:25.5px;margin-right:10.5px;\" class=\"icon-wrapper circle-no\"><i class=\"fusion-li-icon fa fa-chevron-right\" style=\"color:#cf6059;\" aria-hidden=\"true\"><\/i><\/span><div class=\"fusion-li-item-content\" style=\"margin-left:36px;color:#000000;\">\n<p>Les pratiques discursives de savoir<\/p>\n<\/div><\/li><li style=\"background-color:rgba(255,255,255,0);\" class=\"fusion-li-item\"><span style=\"height:25.5px;width:25.5px;margin-right:10.5px;\" class=\"icon-wrapper circle-no\"><i class=\"fusion-li-icon fa fa-chevron-right\" style=\"color:#cf6059;\" aria-hidden=\"true\"><\/i><\/span><div class=\"fusion-li-item-content\" style=\"margin-left:36px;color:#000000;\">\n<p>Les formes de m\u00e9dialit\u00e9 et d\u2019interm\u00e9dialit\u00e9<\/p>\n<\/div><\/li><li style=\"background-color:rgba(255,255,255,0);\" class=\"fusion-li-item\"><span style=\"height:25.5px;width:25.5px;margin-right:10.5px;\" class=\"icon-wrapper circle-no\"><i class=\"fusion-li-icon fa fa-chevron-right\" style=\"color:#cf6059;\" aria-hidden=\"true\"><\/i><\/span><div class=\"fusion-li-item-content\" style=\"margin-left:36px;color:#000000;\">\n<p>La rh\u00e9torique du discours social<\/p>\n<\/div><\/li><li style=\"background-color:rgba(255,255,255,0);\" class=\"fusion-li-item\"><span style=\"height:25.5px;width:25.5px;margin-right:10.5px;\" class=\"icon-wrapper circle-no\"><i class=\"fusion-li-icon fa fa-chevron-right\" style=\"color:#cf6059;\" aria-hidden=\"true\"><\/i><\/span><div class=\"fusion-li-item-content\" style=\"margin-left:36px;color:#000000;\">\n<p>Le statut des images<\/p>\n<\/div><\/li><\/ul><div class=\"fusion-sep-clear\"><\/div><div class=\"fusion-separator fusion-full-width-sep\" style=\"margin-left: auto;margin-right: auto;margin-top:20px;width:100%;\"><\/div><div class=\"fusion-sep-clear\"><\/div><div class=\"fusion-text fusion-text-2\"><p style=\"text-align: justify\">Pour chacun de ces axes, les chercheurs du centre de S\u00e9miotique et Rh\u00e9torique privil\u00e9gient l\u2019\u00e9tude des dimensions textuelles, discursives et prax\u00e9ologiques de leurs objets. Ceux-ci consistent en des corpus pr\u00e9cis, dont les propri\u00e9t\u00e9s rejoignent le plus souvent une question th\u00e9orique particuli\u00e8re (l\u2019\u00e9nonciation visuelle, la notion de \u00ab genre \u00bb, les formes doxiques, etc.).<\/p>\n<\/div><div class=\"fusion-clearfix\"><\/div><\/div><\/div><div class=\"fusion-layout-column fusion_builder_column fusion-builder-column-2 fusion_builder_column_1_1 1_1 fusion-one-full fusion-column-first fusion-column-last\" style=\"margin-top:0px;margin-bottom:20px;\"><div class=\"fusion-column-wrapper fusion-flex-column-wrapper-legacy\" style=\"background-position:left top;background-repeat:no-repeat;-webkit-background-size:cover;-moz-background-size:cover;-o-background-size:cover;background-size:cover;padding: 30px 0px 0px 0px;\"><style type=\"text\/css\"><\/style><div class=\"fusion-title title fusion-title-3 fusion-title-text fusion-title-size-six\" style=\"margin-top:0px;margin-right:0px;margin-bottom:40px;margin-left:0px;\"><h6 class=\"title-heading-left fusion-responsive-typography-calculated\" style=\"margin:0;--fontSize:18;--minFontSize:18px;line-height:1.5;\">PROJET(S) EN COURS<\/h6><span class=\"awb-title-spacer\"><\/span><div class=\"title-sep-container\"><div class=\"title-sep sep-single sep-solid\" style=\"border-color:#cf6059;\"><\/div><\/div><\/div><ul class=\"fusion-checklist fusion-checklist-2\" style=\"font-size:15px;line-height:25.5px;\"><li style=\"background-color:rgba(255,255,255,0);\" class=\"fusion-li-item\"><span style=\"height:25.5px;width:25.5px;margin-right:10.5px;\" class=\"icon-wrapper circle-no\"><i class=\"fusion-li-icon fa fa-chevron-right\" style=\"color:#cf6059;\" aria-hidden=\"true\"><\/i><\/span><div class=\"fusion-li-item-content\" style=\"margin-left:36px;color:#000000;\">\n<p style=\"text-align: justify\">2013-2017 : Projet ANR (=Agence nationale de la recherche, France) <em>CEMES<\/em> (=<em>Cultures \u00e9mergentes et m\u00e9diations s\u00e9miotiques<\/em>), coordonn\u00e9 par Nicolas Cou\u00e9gnas (U. Limoges).<\/p>\n<\/div><\/li><li style=\"background-color:rgba(255,255,255,0);\" class=\"fusion-li-item\"><span style=\"height:25.5px;width:25.5px;margin-right:10.5px;\" class=\"icon-wrapper circle-no\"><i class=\"fusion-li-icon fa fa-chevron-right\" style=\"color:#cf6059;\" aria-hidden=\"true\"><\/i><\/span><div class=\"fusion-li-item-content\" style=\"margin-left:36px;color:#000000;\">\n<p style=\"text-align: justify\">2015-2019 : U. Li\u00e8ge, Action de recherche concert\u00e9e, Fran\u00e7ois Provenzano, en co-direction avec Gr\u00e9gory Cormann. \u00ab Gen\u00e8se et actualit\u00e9 des Humanit\u00e9s critiques. France-Allemagne (1945-1980) \u00bb (ARC \u00ab GENACH \u00bb)<\/p>\n<\/div><\/li><li style=\"background-color:rgba(255,255,255,0);\" class=\"fusion-li-item\"><span style=\"height:25.5px;width:25.5px;margin-right:10.5px;\" class=\"icon-wrapper circle-no\"><i class=\"fusion-li-icon fa fa-chevron-right\" style=\"color:#cf6059;\" aria-hidden=\"true\"><\/i><\/span><div class=\"fusion-li-item-content\" style=\"margin-left:36px;color:#000000;\">\n<p style=\"text-align: justify\">2017-2019 : \u00ab Semiotic Approach to Syncretic Discourse \u00bb, projet bilateral co-financ\u00e9 FAPESP-FNRS, co-dir. Jean Cristtus Portela (U. Araraquara), Maria Giulia Dondero (U. Li\u00e8ge, FNRS)<\/p>\n<\/div><\/li><li style=\"background-color:rgba(255,255,255,0);\" class=\"fusion-li-item\"><span style=\"height:25.5px;width:25.5px;margin-right:10.5px;\" class=\"icon-wrapper circle-no\"><i class=\"fusion-li-icon fa fa-chevron-right\" style=\"color:#cf6059;\" aria-hidden=\"true\"><\/i><\/span><div class=\"fusion-li-item-content\" style=\"margin-left:36px;color:#000000;\">\n<p>2018-2021 : \u00ab <a href=\"http:\/\/web.philo.ulg.ac.be\/linguistique\/wp-content\/uploads\/sites\/42\/2018\/03\/PDR-Big-Visual-Data.pdf\">Les Big Visual Data. Approche s\u00e9miotique de l\u2019indexation et de la visualisation des archives d\u2019images \/ Big Visual Data. A Semiotic Approach to Indexing and Visualizing Image Archives<\/a> \u00bb, PDR financ\u00e9 par le FNRS, dir. Maria Giulia Dondero (U. Li\u00e8ge, FNRS)<\/p>\n<\/div><\/li><\/ul><div class=\"fusion-clearfix\"><\/div><\/div><\/div><\/div><\/div>\n","protected":false},"excerpt":{"rendered":"","protected":false},"author":2,"featured_media":0,"parent":0,"menu_order":0,"comment_status":"closed","ping_status":"closed","template":"","meta":{"footnotes":""},"class_list":["post-12393","page","type-page","status-publish","hentry"],"_links":{"self":[{"href":"http:\/\/web.philo.ulg.ac.be\/linguistique\/wp-json\/wp\/v2\/pages\/12393","targetHints":{"allow":["GET"]}}],"collection":[{"href":"http:\/\/web.philo.ulg.ac.be\/linguistique\/wp-json\/wp\/v2\/pages"}],"about":[{"href":"http:\/\/web.philo.ulg.ac.be\/linguistique\/wp-json\/wp\/v2\/types\/page"}],"author":[{"embeddable":true,"href":"http:\/\/web.philo.ulg.ac.be\/linguistique\/wp-json\/wp\/v2\/users\/2"}],"replies":[{"embeddable":true,"href":"http:\/\/web.philo.ulg.ac.be\/linguistique\/wp-json\/wp\/v2\/comments?post=12393"}],"version-history":[{"count":5,"href":"http:\/\/web.philo.ulg.ac.be\/linguistique\/wp-json\/wp\/v2\/pages\/12393\/revisions"}],"predecessor-version":[{"id":12637,"href":"http:\/\/web.philo.ulg.ac.be\/linguistique\/wp-json\/wp\/v2\/pages\/12393\/revisions\/12637"}],"wp:attachment":[{"href":"http:\/\/web.philo.ulg.ac.be\/linguistique\/wp-json\/wp\/v2\/media?parent=12393"}],"curies":[{"name":"wp","href":"https:\/\/api.w.org\/{rel}","templated":true}]}}