{"id":12464,"date":"2017-06-09T12:03:51","date_gmt":"2017-06-09T10:03:51","guid":{"rendered":"http:\/\/web.philo.ulg.ac.be\/linguistique\/?page_id=12464"},"modified":"2020-02-05T11:33:14","modified_gmt":"2020-02-05T10:33:14","slug":"linguistique-francaise-generale-et-romane","status":"publish","type":"page","link":"http:\/\/web.philo.ulg.ac.be\/linguistique\/linguistique-francaise-generale-et-romane\/","title":{"rendered":"Linguistique fran\u00e7aise, g\u00e9n\u00e9rale et romane"},"content":{"rendered":"<div class=\"fusion-fullwidth fullwidth-box fusion-builder-row-1 nonhundred-percent-fullwidth non-hundred-percent-height-scrolling\" style=\"background-color: rgba(255,255,255,0);background-position: center center;background-repeat: no-repeat;padding-top:0px;padding-right:0px;padding-bottom:0px;padding-left:0px;margin-bottom: 0px;margin-top: 0px;border-width: 0px 0px 0px 0px;border-color:rgba(97,158,133,0);border-style:solid;\" ><div class=\"fusion-builder-row fusion-row\"><div class=\"fusion-layout-column fusion_builder_column fusion-builder-column-0 fusion_builder_column_1_1 1_1 fusion-one-full fusion-column-first fusion-column-last\" style=\"margin-top:0px;margin-bottom:20px;\"><div class=\"fusion-column-wrapper fusion-flex-column-wrapper-legacy\" style=\"background-position:left top;background-repeat:no-repeat;-webkit-background-size:cover;-moz-background-size:cover;-o-background-size:cover;background-size:cover;padding: 0px 0px 0px 0px;\"><div class=\"imageframe-align-center\"><span class=\" fusion-imageframe imageframe-none imageframe-1 hover-type-none\"><img decoding=\"async\" width=\"400\" height=\"225\" title=\"logo_linguistique\" src=\"http:\/\/web.philo.ulg.ac.be\/linguistique\/wp-content\/uploads\/sites\/42\/2020\/02\/logo_linguistique-400x225.png\" alt class=\"img-responsive wp-image-12797\" srcset=\"http:\/\/web.philo.ulg.ac.be\/linguistique\/wp-content\/uploads\/sites\/42\/2020\/02\/logo_linguistique-200x113.png 200w, http:\/\/web.philo.ulg.ac.be\/linguistique\/wp-content\/uploads\/sites\/42\/2020\/02\/logo_linguistique-400x225.png 400w, http:\/\/web.philo.ulg.ac.be\/linguistique\/wp-content\/uploads\/sites\/42\/2020\/02\/logo_linguistique-600x338.png 600w, http:\/\/web.philo.ulg.ac.be\/linguistique\/wp-content\/uploads\/sites\/42\/2020\/02\/logo_linguistique-800x450.png 800w, http:\/\/web.philo.ulg.ac.be\/linguistique\/wp-content\/uploads\/sites\/42\/2020\/02\/logo_linguistique-1200x675.png 1200w, http:\/\/web.philo.ulg.ac.be\/linguistique\/wp-content\/uploads\/sites\/42\/2020\/02\/logo_linguistique.png 1280w\" sizes=\"(max-width: 800px) 100vw, 1200px\" \/><\/span><\/div><div class=\"fusion-sep-clear\"><\/div><div class=\"fusion-separator fusion-full-width-sep\" style=\"margin-left: auto;margin-right: auto;margin-top:50px;width:100%;\"><\/div><div class=\"fusion-sep-clear\"><\/div><div class=\"fusion-text fusion-text-1\"><p style=\"text-align: justify;\">Le Centre de linguistique g\u00e9n\u00e9rale, fran\u00e7aise et romane concentre ses recherches sur, d&rsquo;une part, la dialectologie wallonne (envisag\u00e9e dans ses rapports \u00e0 la variation de la langue fran\u00e7aise et \u00e0 celle des langues romanes) et, d&rsquo;autre part, la syntaxe g\u00e9n\u00e9rale et la syntaxe du fran\u00e7ais (y compris ses vari\u00e9t\u00e9s historiques). Les questions de mod\u00e9lisation et de repr\u00e9sentation sont pr\u00e9pond\u00e9rantes.<\/p>\n<\/div><div class=\"fusion-sep-clear\"><\/div><div class=\"fusion-separator fusion-full-width-sep\" style=\"margin-left: auto;margin-right: auto;margin-top:50px;width:100%;\"><\/div><div class=\"fusion-sep-clear\"><\/div><style type=\"text\/css\"><\/style><div class=\"fusion-title title fusion-title-1 fusion-title-text fusion-title-size-six\" style=\"margin-top:0px;margin-right:0px;margin-bottom:40px;margin-left:0px;\"><h6 class=\"title-heading-left fusion-responsive-typography-calculated\" style=\"margin:0;--fontSize:18;--minFontSize:18px;line-height:1.5;\">MEMBRES<\/h6><span class=\"awb-title-spacer\"><\/span><div class=\"title-sep-container\"><div class=\"title-sep sep-single sep-solid\" style=\"border-color:#cf6059;\"><\/div><\/div><\/div><div class=\"fusion-text fusion-text-2\"><p>BAIWIR Esther (MCF, Universit\u00e9 de Lille), ma\u00eetre de conf\u00e9rences<br \/>\nBALTHAZARD Matthieu, doctorant<br \/>\nBOUTIER Marie-Guy, professeure ordinaire<br \/>\nDUCARME Claire, doctorante<br \/>\nGLIKMAN Julie (MCF, Unistra), collaboratrice<br \/>\nMATHY Adrien, doctorant<br \/>\nMAZZIOTTA Nicolas, charg\u00e9 de cours<br \/>\nRENDERS Pascale, docteure ULg, collaboratrice<br \/>\nSTEFFENS Marie, docteure ULg, collaboratrice<br \/>\nSWIGGERS Pierre, charg\u00e9 de cours<br \/>\nZIMONT Elizaveta, doctorante FNRS<\/p>\n<\/div><div class=\"fusion-clearfix\"><\/div><\/div><\/div><div class=\"fusion-layout-column fusion_builder_column fusion-builder-column-1 fusion_builder_column_1_1 1_1 fusion-one-full fusion-column-first fusion-column-last\" style=\"margin-top:0px;margin-bottom:20px;\"><div class=\"fusion-column-wrapper fusion-flex-column-wrapper-legacy\" style=\"background-position:left top;background-repeat:no-repeat;-webkit-background-size:cover;-moz-background-size:cover;-o-background-size:cover;background-size:cover;padding: 30px 0px 0px 0px;\"><style type=\"text\/css\"><\/style><div class=\"fusion-title title fusion-title-2 fusion-title-text fusion-title-size-six\" style=\"margin-top:0px;margin-right:0px;margin-bottom:40px;margin-left:0px;\"><h6 class=\"title-heading-left fusion-responsive-typography-calculated\" style=\"margin:0;--fontSize:18;--minFontSize:18px;line-height:1.5;\">DOMAINES DE RECHERCHE<\/h6><span class=\"awb-title-spacer\"><\/span><div class=\"title-sep-container\"><div class=\"title-sep sep-single sep-solid\" style=\"border-color:#cf6059;\"><\/div><\/div><\/div><ul class=\"fusion-checklist fusion-checklist-1\" style=\"font-size:15px;line-height:25.5px;\"><li style=\"background-color:rgba(255,255,255,0);\" class=\"fusion-li-item\"><span style=\"height:25.5px;width:25.5px;margin-right:10.5px;\" class=\"icon-wrapper circle-no\"><i class=\"fusion-li-icon fa fa-chevron-right\" style=\"color:#cf6059;\" aria-hidden=\"true\"><\/i><\/span><div class=\"fusion-li-item-content\" style=\"margin-left:36px;color:#000000;\">\n<p>Linguistique fran\u00e7aise, g\u00e9n\u00e9rale et romane<\/p>\n<\/div><\/li><li style=\"background-color:rgba(255,255,255,0);\" class=\"fusion-li-item\"><span style=\"height:25.5px;width:25.5px;margin-right:10.5px;\" class=\"icon-wrapper circle-no\"><i class=\"fusion-li-icon fa fa-chevron-right\" style=\"color:#cf6059;\" aria-hidden=\"true\"><\/i><\/span><div class=\"fusion-li-item-content\" style=\"margin-left:36px;color:#000000;\">\n<p>En particulier\u00a0: dialectologie et \u00e9tymologie, corpus, syntaxe, histoire des th\u00e9ories linguistiques<\/p>\n<\/div><\/li><\/ul><div class=\"fusion-clearfix\"><\/div><\/div><\/div><div class=\"fusion-layout-column fusion_builder_column fusion-builder-column-2 fusion_builder_column_1_1 1_1 fusion-one-full fusion-column-first fusion-column-last\" style=\"margin-top:0px;margin-bottom:20px;\"><div class=\"fusion-column-wrapper fusion-flex-column-wrapper-legacy\" style=\"background-position:left top;background-repeat:no-repeat;-webkit-background-size:cover;-moz-background-size:cover;-o-background-size:cover;background-size:cover;padding: 30px 0px 0px 0px;\"><style type=\"text\/css\"><\/style><div class=\"fusion-title title fusion-title-3 fusion-title-text fusion-title-size-six\" style=\"margin-top:0px;margin-right:0px;margin-bottom:40px;margin-left:0px;\"><h6 class=\"title-heading-left fusion-responsive-typography-calculated\" style=\"margin:0;--fontSize:18;--minFontSize:18px;line-height:1.5;\">PROJET(S) EN COURS<\/h6><span class=\"awb-title-spacer\"><\/span><div class=\"title-sep-container\"><div class=\"title-sep sep-single sep-solid\" style=\"border-color:#cf6059;\"><\/div><\/div><\/div><ul class=\"fusion-checklist fusion-checklist-2\" style=\"font-size:15px;line-height:25.5px;\"><li style=\"background-color:rgba(255,255,255,0);\" class=\"fusion-li-item\"><span style=\"height:25.5px;width:25.5px;margin-right:10.5px;\" class=\"icon-wrapper circle-no\"><i class=\"fusion-li-icon fa fa-chevron-right\" style=\"color:#cf6059;\" aria-hidden=\"true\"><\/i><\/span><div class=\"fusion-li-item-content\" style=\"margin-left:36px;color:#000000;\">\n<p><em>Atlas linguistique de la Wallonie<\/em><\/p>\n<\/div><\/li><li style=\"background-color:rgba(255,255,255,0);\" class=\"fusion-li-item\"><span style=\"height:25.5px;width:25.5px;margin-right:10.5px;\" class=\"icon-wrapper circle-no\"><i class=\"fusion-li-icon fa fa-chevron-right\" style=\"color:#cf6059;\" aria-hidden=\"true\"><\/i><\/span><div class=\"fusion-li-item-content\" style=\"margin-left:36px;color:#000000;\">\n<p>Informatisation du <em>Franz\u00f6sisches etymologisches W\u00f6rterbuch<\/em> (en collaboration avec l\u2019ATILF, Nancy)<\/p>\n<\/div><\/li><\/ul><div class=\"fusion-clearfix\"><\/div><\/div><\/div><\/div><\/div>\n","protected":false},"excerpt":{"rendered":"","protected":false},"author":2,"featured_media":0,"parent":0,"menu_order":0,"comment_status":"closed","ping_status":"closed","template":"","meta":{"footnotes":""},"class_list":["post-12464","page","type-page","status-publish","hentry"],"_links":{"self":[{"href":"http:\/\/web.philo.ulg.ac.be\/linguistique\/wp-json\/wp\/v2\/pages\/12464","targetHints":{"allow":["GET"]}}],"collection":[{"href":"http:\/\/web.philo.ulg.ac.be\/linguistique\/wp-json\/wp\/v2\/pages"}],"about":[{"href":"http:\/\/web.philo.ulg.ac.be\/linguistique\/wp-json\/wp\/v2\/types\/page"}],"author":[{"embeddable":true,"href":"http:\/\/web.philo.ulg.ac.be\/linguistique\/wp-json\/wp\/v2\/users\/2"}],"replies":[{"embeddable":true,"href":"http:\/\/web.philo.ulg.ac.be\/linguistique\/wp-json\/wp\/v2\/comments?post=12464"}],"version-history":[{"count":6,"href":"http:\/\/web.philo.ulg.ac.be\/linguistique\/wp-json\/wp\/v2\/pages\/12464\/revisions"}],"predecessor-version":[{"id":12803,"href":"http:\/\/web.philo.ulg.ac.be\/linguistique\/wp-json\/wp\/v2\/pages\/12464\/revisions\/12803"}],"wp:attachment":[{"href":"http:\/\/web.philo.ulg.ac.be\/linguistique\/wp-json\/wp\/v2\/media?parent=12464"}],"curies":[{"name":"wp","href":"https:\/\/api.w.org\/{rel}","templated":true}]}}