{"id":12470,"date":"2017-06-09T12:12:20","date_gmt":"2017-06-09T10:12:20","guid":{"rendered":"http:\/\/web.philo.ulg.ac.be\/linguistique\/?page_id=12470"},"modified":"2017-09-29T15:22:28","modified_gmt":"2017-09-29T13:22:28","slug":"enseignement","status":"publish","type":"page","link":"http:\/\/web.philo.ulg.ac.be\/linguistique\/enseignement\/","title":{"rendered":"Enseignement"},"content":{"rendered":"<div class=\"fusion-fullwidth fullwidth-box fusion-builder-row-1 nonhundred-percent-fullwidth non-hundred-percent-height-scrolling\" style=\"background-color: rgba(255,255,255,0);background-position: center center;background-repeat: no-repeat;padding-top:0px;padding-right:0px;padding-bottom:0px;padding-left:0px;margin-bottom: 0px;margin-top: 0px;border-width: 0px 0px 0px 0px;border-color:rgba(97,158,133,0);border-style:solid;\" ><div class=\"fusion-builder-row fusion-row\"><div class=\"fusion-layout-column fusion_builder_column fusion-builder-column-0 fusion_builder_column_1_1 1_1 fusion-one-full fusion-column-first fusion-column-last\" style=\"margin-top:0px;margin-bottom:20px;\"><div class=\"fusion-column-wrapper fusion-flex-column-wrapper-legacy\" style=\"background-position:left top;background-repeat:no-repeat;-webkit-background-size:cover;-moz-background-size:cover;-o-background-size:cover;background-size:cover;padding: 0px 0px 0px 0px;\"><style type=\"text\/css\"><\/style><div class=\"fusion-title title fusion-title-1 fusion-title-text fusion-title-size-six\" style=\"margin-top:0px;margin-right:0px;margin-bottom:40px;margin-left:0px;\"><h6 class=\"title-heading-left fusion-responsive-typography-calculated\" style=\"margin:0;--fontSize:18;--minFontSize:18px;line-height:1.5;\">LINGUISTIQUES SPECIALISEES ET LINGUISTIQUE GENERALE<\/h6><span class=\"awb-title-spacer\"><\/span><div class=\"title-sep-container\"><div class=\"title-sep sep-single sep-solid\" style=\"border-color:#cf6059;\"><\/div><\/div><\/div><div class=\"fusion-text fusion-text-1\"><p style=\"text-align: justify\">La linguistique est une composante centrale de toutes les formations de Langues et Lettres dispens\u00e9es en Facult\u00e9 de Philosophie et Lettres\u00a0:<\/p>\n<\/div><ul class=\"fusion-checklist fusion-checklist-1\" style=\"font-size:15px;line-height:25.5px;\"><li style=\"background-color:rgba(255,255,255,0);\" class=\"fusion-li-item\"><span style=\"height:25.5px;width:25.5px;margin-right:10.5px;\" class=\"icon-wrapper circle-no\"><i class=\"fusion-li-icon fa fa-chevron-right\" style=\"color:#cf6059;\" aria-hidden=\"true\"><\/i><\/span><div class=\"fusion-li-item-content\" style=\"margin-left:36px;color:#000000;\">\n<p><a href=\"http:\/\/www.facphl.ulg.ac.be\/cms\/c_2662415\/langues-et-lettres-anciennes-orientation-classiques\" target=\"_blank\" rel=\"noopener noreferrer\">Langues et Lettres anciennes, orientation classiques<\/a> ;<\/p>\n<\/div><\/li><li style=\"background-color:rgba(255,255,255,0);\" class=\"fusion-li-item\"><span style=\"height:25.5px;width:25.5px;margin-right:10.5px;\" class=\"icon-wrapper circle-no\"><i class=\"fusion-li-icon fa fa-chevron-right\" style=\"color:#cf6059;\" aria-hidden=\"true\"><\/i><\/span><div class=\"fusion-li-item-content\" style=\"margin-left:36px;color:#000000;\">\n<p><a href=\"http:\/\/www.facphl.ulg.ac.be\/cms\/c_2662423\/langues-et-lettres-anciennes-orientation-orientales\" target=\"_blank\" rel=\"noopener noreferrer\">Langues et Lettres anciennes, orientation orientales<\/a> ;<\/p>\n<\/div><\/li><li style=\"background-color:rgba(255,255,255,0);\" class=\"fusion-li-item\"><span style=\"height:25.5px;width:25.5px;margin-right:10.5px;\" class=\"icon-wrapper circle-no\"><i class=\"fusion-li-icon fa fa-chevron-right\" style=\"color:#cf6059;\" aria-hidden=\"true\"><\/i><\/span><div class=\"fusion-li-item-content\" style=\"margin-left:36px;color:#000000;\">\n<p><a href=\"http:\/\/www.facphl.ulg.ac.be\/cms\/c_2662382\/langues-et-lettres-francaises-et-romanes-orientation-generale\" target=\"_blank\" rel=\"noopener noreferrer\">Langues et Lettres fran\u00e7aises et romanes, orientation g\u00e9n\u00e9rale<\/a> ;<\/p>\n<\/div><\/li><li style=\"background-color:rgba(255,255,255,0);\" class=\"fusion-li-item\"><span style=\"height:25.5px;width:25.5px;margin-right:10.5px;\" class=\"icon-wrapper circle-no\"><i class=\"fusion-li-icon fa fa-chevron-right\" style=\"color:#cf6059;\" aria-hidden=\"true\"><\/i><\/span><div class=\"fusion-li-item-content\" style=\"margin-left:36px;color:#000000;\">\n<p><a href=\"http:\/\/www.facphl.ulg.ac.be\/cms\/c_2662390\/langues-et-lettres-francaises-et-romanes-orientation-francais-langue-etrangere\" target=\"_blank\" rel=\"noopener noreferrer\">Langues et Lettres fran\u00e7aises et romanes, orientation fran\u00e7ais langue \u00e9trang\u00e8re<\/a> ;<\/p>\n<\/div><\/li><li style=\"background-color:rgba(255,255,255,0);\" class=\"fusion-li-item\"><span style=\"height:25.5px;width:25.5px;margin-right:10.5px;\" class=\"icon-wrapper circle-no\"><i class=\"fusion-li-icon fa fa-chevron-right\" style=\"color:#cf6059;\" aria-hidden=\"true\"><\/i><\/span><div class=\"fusion-li-item-content\" style=\"margin-left:36px;color:#000000;\">\n<p><a href=\"http:\/\/www.facphl.ulg.ac.be\/cms\/c_2662396\/langues-et-lettres-modernes-orientation-generale\" target=\"_blank\" rel=\"noopener noreferrer\">Langues et Lettres modernes, orientation g\u00e9n\u00e9rale<\/a> ;<\/p>\n<\/div><\/li><li style=\"background-color:rgba(255,255,255,0);\" class=\"fusion-li-item\"><span style=\"height:25.5px;width:25.5px;margin-right:10.5px;\" class=\"icon-wrapper circle-no\"><i class=\"fusion-li-icon fa fa-chevron-right\" style=\"color:#cf6059;\" aria-hidden=\"true\"><\/i><\/span><div class=\"fusion-li-item-content\" style=\"margin-left:36px;color:#000000;\">\n<p><a href=\"http:\/\/www.facphl.ulg.ac.be\/cms\/c_2662407\/langues-et-lettres-modernes-orientation-germaniques\" target=\"_blank\" rel=\"noopener noreferrer\">Langues et Lettres modernes, orientation germaniques<\/a>.<\/p>\n<\/div><\/li><\/ul><div class=\"fusion-sep-clear\"><\/div><div class=\"fusion-separator fusion-full-width-sep\" style=\"margin-left: auto;margin-right: auto;margin-top:20px;width:100%;\"><\/div><div class=\"fusion-sep-clear\"><\/div><div class=\"fusion-text fusion-text-2\"><p style=\"text-align: justify\">Elle est aussi une discipline auxiliaire importante dans la plupart des autres formations de la Facult\u00e9.<\/p>\n<\/div><div class=\"fusion-clearfix\"><\/div><\/div><\/div><div class=\"fusion-layout-column fusion_builder_column fusion-builder-column-1 fusion_builder_column_1_1 1_1 fusion-one-full fusion-column-first fusion-column-last\" style=\"margin-top:0px;margin-bottom:20px;\"><div class=\"fusion-column-wrapper fusion-flex-column-wrapper-legacy\" style=\"background-position:left top;background-repeat:no-repeat;-webkit-background-size:cover;-moz-background-size:cover;-o-background-size:cover;background-size:cover;padding: 30px 0px 0px 0px;\"><style type=\"text\/css\"><\/style><div class=\"fusion-title title fusion-title-2 fusion-title-text fusion-title-size-six\" style=\"margin-top:0px;margin-right:0px;margin-bottom:40px;margin-left:0px;\"><h6 class=\"title-heading-left fusion-responsive-typography-calculated\" style=\"margin:0;--fontSize:18;--minFontSize:18px;line-height:1.5;\">FORMATIONS<\/h6><span class=\"awb-title-spacer\"><\/span><div class=\"title-sep-container\"><div class=\"title-sep sep-single sep-solid\" style=\"border-color:#cf6059;\"><\/div><\/div><\/div><div class=\"fusion-text fusion-text-3\"><p style=\"text-align: justify\">En mati\u00e8re de formation sp\u00e9cifique \u00e0 cette discipline, l\u2019Universit\u00e9 de Li\u00e8ge propose\u00a0:<\/p>\n<p style=\"text-align: justify\"><em>Au premier cycle<\/em>\u00a0: la <a href=\"http:\/\/www.facphl.ulg.ac.be\/cms\/c_2663662\/les-mineures#Linguistique\" target=\"_blank\" rel=\"noopener noreferrer\">Mineure en Linguistique et philosophie du langage<\/a>, une formation de 20 cr\u00e9dits, qui s\u2019inscrit en compl\u00e9ment de n\u2019importe quelle formation principale de bachelier en Facult\u00e9 de Philosophie et Lettres.<\/p>\n<p style=\"text-align: justify\"><em>Au second cycle<\/em>\u00a0: le <a href=\"http:\/\/web.philo.ulg.ac.be\/linguistique\/master-en-linguistique\/\">Master en Linguistique<\/a>, qui profite des enseignements d\u2019experts de diff\u00e9rentes langues, d\u00e9livre une approche pluraliste, en collaboration avec d\u2019autres disciplines relevant des sciences du langage (philosophie du langage, psycholinguistique, etc.). Il propose un programme ouvert sur la diversit\u00e9 m\u00e9thodologique, au c\u0153ur de la recherche actuelle.<\/p>\n<p style=\"text-align: justify\">Ce master est accessible :<\/p>\n<\/div><ul class=\"fusion-checklist fusion-checklist-2\" style=\"font-size:15px;line-height:25.5px;\"><li style=\"background-color:rgba(255,255,255,0);\" class=\"fusion-li-item\"><span style=\"height:25.5px;width:25.5px;margin-right:10.5px;\" class=\"icon-wrapper circle-no\"><i class=\"fusion-li-icon fa fa-chevron-right\" style=\"color:#cf6059;\" aria-hidden=\"true\"><\/i><\/span><div class=\"fusion-li-item-content\" style=\"margin-left:36px;color:#000000;\">\n<p style=\"text-align: justify\">directement aux bacheliers universitaires en Langues et lettres fran\u00e7aises et romanes, Langues et lettres modernes (orientation g\u00e9n\u00e9rale ou orientation Germaniques), Langues et lettres anciennes (orientation Classiques ou orientation Orientales).<\/p>\n<\/div><\/li><li style=\"background-color:rgba(255,255,255,0);\" class=\"fusion-li-item\"><span style=\"height:25.5px;width:25.5px;margin-right:10.5px;\" class=\"icon-wrapper circle-no\"><i class=\"fusion-li-icon fa fa-chevron-right\" style=\"color:#cf6059;\" aria-hidden=\"true\"><\/i><\/span><div class=\"fusion-li-item-content\" style=\"margin-left:36px;color:#000000;\">\n<p style=\"text-align: justify\">moyennant un compl\u00e9ment de 15 cr\u00e9dits maximum \u00e0 de nombreux dipl\u00f4m\u00e9s en Philosophie et Lettres. Ceux d\u2019entre eux qui sont pass\u00e9s par la Mineure en linguistique sont dispens\u00e9s de ce compl\u00e9ment.<\/p>\n<\/div><\/li><\/ul><div class=\"fusion-clearfix\"><\/div><\/div><\/div><div class=\"fusion-layout-column fusion_builder_column fusion-builder-column-2 fusion_builder_column_1_1 1_1 fusion-one-full fusion-column-first fusion-column-last\" style=\"margin-top:0px;margin-bottom:20px;\"><div class=\"fusion-column-wrapper fusion-flex-column-wrapper-legacy\" style=\"background-position:left top;background-repeat:no-repeat;-webkit-background-size:cover;-moz-background-size:cover;-o-background-size:cover;background-size:cover;padding: 30px 0px 0px 0px;\"><style type=\"text\/css\"><\/style><div class=\"fusion-title title fusion-title-3 fusion-title-text fusion-title-size-six\" style=\"margin-top:0px;margin-right:0px;margin-bottom:40px;margin-left:0px;\"><h6 class=\"title-heading-left fusion-responsive-typography-calculated\" style=\"margin:0;--fontSize:18;--minFontSize:18px;line-height:1.5;\">CONSEIL DES ETUDES<\/h6><span class=\"awb-title-spacer\"><\/span><div class=\"title-sep-container\"><div class=\"title-sep sep-single sep-solid\" style=\"border-color:#cf6059;\"><\/div><\/div><\/div><div class=\"fusion-text fusion-text-4\"><ul>\n<li>Pr\u00e9sident : <a href=\"https:\/\/www.uliege.be\/cms\/c_9054334\/fr\/repertoire\/?uid=U040095\" target=\"_self\">Philippe SWENNEN<br \/>\n<\/a><\/li>\n<li>Secr\u00e9taire : <a href=\"https:\/\/www.uliege.be\/cms\/c_9054334\/fr\/repertoire\/?uid=U185884\" target=\"_self\">Nicolas MAZZIOTTA<\/a><\/li>\n<\/ul>\n<\/div><div class=\"fusion-clearfix\"><\/div><\/div><\/div><\/div><\/div>\n","protected":false},"excerpt":{"rendered":"","protected":false},"author":2,"featured_media":0,"parent":0,"menu_order":0,"comment_status":"closed","ping_status":"closed","template":"","meta":{"footnotes":""},"class_list":["post-12470","page","type-page","status-publish","hentry"],"_links":{"self":[{"href":"http:\/\/web.philo.ulg.ac.be\/linguistique\/wp-json\/wp\/v2\/pages\/12470","targetHints":{"allow":["GET"]}}],"collection":[{"href":"http:\/\/web.philo.ulg.ac.be\/linguistique\/wp-json\/wp\/v2\/pages"}],"about":[{"href":"http:\/\/web.philo.ulg.ac.be\/linguistique\/wp-json\/wp\/v2\/types\/page"}],"author":[{"embeddable":true,"href":"http:\/\/web.philo.ulg.ac.be\/linguistique\/wp-json\/wp\/v2\/users\/2"}],"replies":[{"embeddable":true,"href":"http:\/\/web.philo.ulg.ac.be\/linguistique\/wp-json\/wp\/v2\/comments?post=12470"}],"version-history":[{"count":4,"href":"http:\/\/web.philo.ulg.ac.be\/linguistique\/wp-json\/wp\/v2\/pages\/12470\/revisions"}],"predecessor-version":[{"id":12562,"href":"http:\/\/web.philo.ulg.ac.be\/linguistique\/wp-json\/wp\/v2\/pages\/12470\/revisions\/12562"}],"wp:attachment":[{"href":"http:\/\/web.philo.ulg.ac.be\/linguistique\/wp-json\/wp\/v2\/media?parent=12470"}],"curies":[{"name":"wp","href":"https:\/\/api.w.org\/{rel}","templated":true}]}}