{"id":12479,"date":"2017-06-09T14:44:29","date_gmt":"2017-06-09T12:44:29","guid":{"rendered":"http:\/\/web.philo.ulg.ac.be\/linguistique\/?page_id=12479"},"modified":"2019-09-30T09:20:28","modified_gmt":"2019-09-30T07:20:28","slug":"master-en-linguistique","status":"publish","type":"page","link":"http:\/\/web.philo.ulg.ac.be\/linguistique\/master-en-linguistique\/","title":{"rendered":"Master en Linguistique"},"content":{"rendered":"<div class=\"fusion-fullwidth fullwidth-box fusion-builder-row-1 nonhundred-percent-fullwidth non-hundred-percent-height-scrolling\" style=\"background-color: rgba(255,255,255,0);background-position: center center;background-repeat: no-repeat;padding-top:0px;padding-right:0px;padding-bottom:0px;padding-left:0px;margin-bottom: 0px;margin-top: 0px;border-width: 0px 0px 0px 0px;border-color:rgba(97,158,133,0);border-style:solid;\" ><div class=\"fusion-builder-row fusion-row\"><div class=\"fusion-layout-column fusion_builder_column fusion-builder-column-0 fusion_builder_column_1_1 1_1 fusion-one-full fusion-column-first fusion-column-last\" style=\"margin-top:0px;margin-bottom:20px;\"><div class=\"fusion-column-wrapper fusion-flex-column-wrapper-legacy\" style=\"background-position:left top;background-repeat:no-repeat;-webkit-background-size:cover;-moz-background-size:cover;-o-background-size:cover;background-size:cover;padding: 0px 0px 0px 0px;\"><style type=\"text\/css\"><\/style><div class=\"fusion-title title fusion-title-1 fusion-title-text fusion-title-size-six\" style=\"margin-top:0px;margin-right:0px;margin-bottom:40px;margin-left:0px;\"><h6 class=\"title-heading-left fusion-responsive-typography-calculated\" style=\"margin:0;--fontSize:18;--minFontSize:18px;line-height:1.5;\">PROGRAMME<\/h6><span class=\"awb-title-spacer\"><\/span><div class=\"title-sep-container\"><div class=\"title-sep sep-single sep-solid\" style=\"border-color:#cf6059;\"><\/div><\/div><\/div><div class=\"fusion-text fusion-text-1\"><p><strong><em>Structure du <a href=\"https:\/\/www.programmes.uliege.be\/cocoon\/20192020\/programmes\/P2ULIN01_C.html\" target=\"_blank\" rel=\"noopener\">programme de Master en Linguistique<\/a><\/em><\/strong><\/p>\n<p style=\"text-align: justify\">Tel que propos\u00e9 \u00e0 l\u2019Universit\u00e9 de Li\u00e8ge, le Master en Linguistique s\u2019articule autour d\u2019un tronc com\u00admun, de cours de sp\u00e9cialisation au choix et d\u2019une finalit\u00e9 approfondie\u00a0:<\/p>\n<\/div><ul class=\"fusion-checklist fusion-checklist-1\" style=\"font-size:15px;line-height:25.5px;\"><li style=\"background-color:rgba(255,255,255,0);\" class=\"fusion-li-item\"><span style=\"height:25.5px;width:25.5px;margin-right:10.5px;\" class=\"icon-wrapper circle-no\"><i class=\"fusion-li-icon fa fa-chevron-right\" style=\"color:#cf6059;\" aria-hidden=\"true\"><\/i><\/span><div class=\"fusion-li-item-content\" style=\"margin-left:36px;color:#000000;\">\n<p style=\"text-align: justify\">Le tronc commun a pour objectif de consolider les connaissances acquises dans des cours de linguistique ant\u00e9rieurs, par exemple dans le cadre des enseignements de bachelier ou de la mineure en linguistique et philosophie du langage. Il se compose d\u2019enseignements de niveau avanc\u00e9 dans les grandes branches de la linguistique\u00a0: phon\u00e9tique et phonologique, syntaxe, pragma\u00adtique, lexicologie et lexicographie, s\u00e9mantique et philosophie du langage.<\/p>\n<\/div><\/li><li style=\"background-color:rgba(255,255,255,0);\" class=\"fusion-li-item\"><span style=\"height:25.5px;width:25.5px;margin-right:10.5px;\" class=\"icon-wrapper circle-no\"><i class=\"fusion-li-icon fa fa-chevron-right\" style=\"color:#cf6059;\" aria-hidden=\"true\"><\/i><\/span><div class=\"fusion-li-item-content\" style=\"margin-left:36px;color:#000000;\">\n<p style=\"text-align: justify\">Le module de cours au choix aborde la notion de \u00ab\u00a0diversit\u00e9 linguistique\u00a0\u00bb et se compose d\u2019enseignements en linguistique comparative et typologique. L\u2019\u00e9tudiant est par ailleurs invit\u00e9 \u00e0 s\u2019initier \u00e0 une langue temporellement, g\u00e9ographiquement ou typologiquement \u00e9loign\u00e9e de sa langue maternelle afin de vivre \u00ab\u00a0de l\u2019int\u00e9rieur\u00a0\u00bb l\u2019exp\u00e9rience de la diversit\u00e9 linguistique.<\/p>\n<\/div><\/li><li style=\"background-color:rgba(255,255,255,0);\" class=\"fusion-li-item\"><span style=\"height:25.5px;width:25.5px;margin-right:10.5px;\" class=\"icon-wrapper circle-no\"><i class=\"fusion-li-icon fa fa-chevron-right\" style=\"color:#cf6059;\" aria-hidden=\"true\"><\/i><\/span><div class=\"fusion-li-item-content\" style=\"margin-left:36px;color:#000000;\">\n<p style=\"text-align: justify\">La finalit\u00e9 approfondie propose, par le biais de modules th\u00e9matiques (\u00ab\u00a0Langage, cognition, acquisition\u00a0\u00bb, \u00ab\u00a0S\u00e9miotique\u00a0\u00bb, et \u00ab\u00a0Analyse de donn\u00e9es textuelles\u00a0\u00bb), des enseignements de sp\u00e9cialisation de haut niveau \u00e9troitement li\u00e9s aux activit\u00e9s de recherche men\u00e9es dans le domaine de la linguis\u00adtique \u00e0 l\u2019Universit\u00e9 de Li\u00e8ge.<\/p>\n<\/div><\/li><\/ul><div class=\"fusion-sep-clear\"><\/div><div class=\"fusion-separator fusion-full-width-sep\" style=\"margin-left: auto;margin-right: auto;margin-top:20px;width:100%;\"><\/div><div class=\"fusion-sep-clear\"><\/div><div class=\"fusion-text fusion-text-2\"><p style=\"text-align: justify\">Outre ces trois composantes principales, le programme de Master en Linguistique pr\u00e9voit la participation \u00e0 un s\u00e9minaire transversal, anim\u00e9 par une \u00e9quipe multidisciplinaire qui permettra \u00e0 l\u2019\u00e9tudiant de participer aux recherches en cours et d\u2019ainsi d\u00e9couvrir concr\u00e8tement le travail du linguiste et du chercheur en philosophie et sciences du langage.<\/p>\n<p><strong><em>Pourquoi \u00e9tudier la linguistique \u00e0 l\u2019Universit\u00e9 de Li\u00e8ge\u00a0?<\/em><\/strong><\/p>\n<p style=\"text-align: justify\">Programme multilingue et pluridisciplinaire, le Master en Linguistique propose des enseignements approfondis dans les disciplines traditionnelles de la linguistique, ainsi qu\u2019une sp\u00e9cialisation de haut niveau dans les questions de diversit\u00e9 linguistique, acquisition des langues, rh\u00e9torique et s\u00e9miologie, linguistique textuelle et de corpus. En outre, des s\u00e9minaires transversaux anim\u00e9s par une \u00e9quipe multidisciplinaire d\u2019enseignants-chercheurs en linguistique et sciences du langage assurent une formation solide aux outils th\u00e9oriques et m\u00e9thodologiques de la linguistique contemporaine.<\/p>\n<\/div><div class=\"fusion-clearfix\"><\/div><\/div><\/div><div class=\"fusion-layout-column fusion_builder_column fusion-builder-column-1 fusion_builder_column_1_1 1_1 fusion-one-full fusion-column-first fusion-column-last\" style=\"margin-top:0px;margin-bottom:20px;\"><div class=\"fusion-column-wrapper fusion-flex-column-wrapper-legacy\" style=\"background-position:left top;background-repeat:no-repeat;-webkit-background-size:cover;-moz-background-size:cover;-o-background-size:cover;background-size:cover;padding: 30px 0px 0px 0px;\"><style type=\"text\/css\"><\/style><div class=\"fusion-title title fusion-title-2 fusion-title-text fusion-title-size-six\" style=\"margin-top:0px;margin-right:0px;margin-bottom:40px;margin-left:0px;\"><h6 class=\"title-heading-left fusion-responsive-typography-calculated\" style=\"margin:0;--fontSize:18;--minFontSize:18px;line-height:1.5;\">VOTRE PROFIL, VOS CENTRES D&rsquo;INT\u00c9R\u00caT<\/h6><span class=\"awb-title-spacer\"><\/span><div class=\"title-sep-container\"><div class=\"title-sep sep-single sep-solid\" style=\"border-color:#cf6059;\"><\/div><\/div><\/div><div class=\"fusion-text fusion-text-3\"><p style=\"text-align: justify\">Au cours de vos \u00e9tudes, vous avez pris conscience de l\u2019int\u00e9r\u00eat particulier que vous inspire l\u2019\u00e9tude d\u2019une langue ou la comparaison entre plusieurs d\u2019entre elles. Vous prenez plaisir \u00e0 analyser les langues non seulement comme supports de discours, mais plus encore comme m\u00e9canisme de production de ces discours. Au-del\u00e0 des strat\u00e9gies par lesquelles le producteur d\u2019un texte fait passer son message, vous aimez comprendre comment le m\u00e9canisme de la langue qu\u2019il utilise lui donne les moyens de faire passer ce message.<\/p>\n<p style=\"text-align: justify\">Vous avez d\u00e9j\u00e0 commenc\u00e9 \u00e0 appliquer une ou plusieurs m\u00e9thodes de description de ces m\u00e9canismes, ce qui implique que vous connaissez d\u00e9j\u00e0 tr\u00e8s bien au moins une langue suppl\u00e9mentaire \u00e0 votre langue maternelle. Vous \u00eates dans une configuration optimale si vous connaissez d\u00e9j\u00e0 plusieurs langues relevant de plusieurs syst\u00e8mes grammaticaux diff\u00e9rents.<\/p>\n<p style=\"text-align: justify\">Le Master ne s\u2019article pas \u00e0 un cycle de Bachelier complet. Il vous est g\u00e9n\u00e9ralement accessible si vous \u00eates d\u00e9j\u00e0 titulaire d\u2019un Bachelier ou d\u2019un Master d\u2019une autre fili\u00e8re de la Facult\u00e9 de Philosophie et Lettres. \u00c9ventuellement, le jury du master vous demandera de compl\u00e9ter la formation que vous avez d\u00e9j\u00e0 acquise en suivant en compl\u00e9ment de cours de 15 cr\u00e9dits.<\/p>\n<\/div><div class=\"fusion-clearfix\"><\/div><\/div><\/div><div class=\"fusion-layout-column fusion_builder_column fusion-builder-column-2 fusion_builder_column_1_1 1_1 fusion-one-full fusion-column-first fusion-column-last\" style=\"margin-top:0px;margin-bottom:20px;\"><div class=\"fusion-column-wrapper fusion-flex-column-wrapper-legacy\" style=\"background-position:left top;background-repeat:no-repeat;-webkit-background-size:cover;-moz-background-size:cover;-o-background-size:cover;background-size:cover;padding: 30px 0px 0px 0px;\"><style type=\"text\/css\"><\/style><div class=\"fusion-title title fusion-title-3 fusion-title-text fusion-title-size-six\" style=\"margin-top:0px;margin-right:0px;margin-bottom:40px;margin-left:0px;\"><h6 class=\"title-heading-left fusion-responsive-typography-calculated\" style=\"margin:0;--fontSize:18;--minFontSize:18px;line-height:1.5;\">LES COMP\u00c9TENCES QUE VOUS Y D\u00c9VELOPPEREZ<\/h6><span class=\"awb-title-spacer\"><\/span><div class=\"title-sep-container\"><div class=\"title-sep sep-single sep-solid\" style=\"border-color:#cf6059;\"><\/div><\/div><\/div><div class=\"fusion-text fusion-text-4\"><p style=\"text-align: justify\">Le Master en Linguistique aura mis entre vos mains tous les outils devant faire de vous un sp\u00e9cialiste de l\u2019analyse des modalit\u00e9s de la production et de l\u2019apprentissage du discours. Au-del\u00e0 des opportunit\u00e9s classiques qu\u2019un titre universitaire suscite en mati\u00e8re de recherche scientifique ou de carri\u00e8re acad\u00e9mique, ce Master aura compl\u00e9t\u00e9 votre profil de telle mani\u00e8re que vous pourrez interpr\u00e9ter et isoler des \u00e9l\u00e9ments de discours plus efficacement qu\u2019un autre. Vous serez en ce sens dans des conditions plus confortables qu\u2019un autre pour enseigner une langue, pour produire un texte analytique, par exemple comme acteur de la vie des m\u00e9dias ou comme sp\u00e9cialiste des conditions d\u2019apprentissage d\u2019une langue. Vous serez aussi apte \u00e0 isoler les \u00e9l\u00e9ments constitutifs de discours dont l\u2019exploitation est aujourd\u2019hui mise en \u0153uvre par des moteurs de recherche recourant \u00e0 l\u2019intelligence artificielle. Vous aurez un avis autoris\u00e9 \u00e0 donner sur un tr\u00e8s grand nombre d\u2019aspects de la description et de la gestion des strat\u00e9gies de communication.<\/p>\n<\/div><div class=\"fusion-clearfix\"><\/div><\/div><\/div><div class=\"fusion-layout-column fusion_builder_column fusion-builder-column-3 fusion_builder_column_1_1 1_1 fusion-one-full fusion-column-first fusion-column-last\" style=\"margin-top:0px;margin-bottom:20px;\"><div class=\"fusion-column-wrapper fusion-flex-column-wrapper-legacy\" style=\"background-position:left top;background-repeat:no-repeat;-webkit-background-size:cover;-moz-background-size:cover;-o-background-size:cover;background-size:cover;padding: 30px 0px 0px 0px;\"><style type=\"text\/css\"><\/style><div class=\"fusion-title title fusion-title-4 fusion-title-text fusion-title-size-six\" style=\"margin-top:0px;margin-right:0px;margin-bottom:40px;margin-left:0px;\"><h6 class=\"title-heading-left fusion-responsive-typography-calculated\" style=\"margin:0;--fontSize:18;--minFontSize:18px;line-height:1.5;\">JURY<\/h6><span class=\"awb-title-spacer\"><\/span><div class=\"title-sep-container\"><div class=\"title-sep sep-single sep-solid\" style=\"border-color:#cf6059;\"><\/div><\/div><\/div><div class=\"fusion-text fusion-text-5\"><ul>\n<li>Pr\u00e9sident : <a href=\"https:\/\/www.uliege.be\/cms\/c_9054334\/fr\/repertoire\/?uid=U215458\" target=\"_blank\" rel=\"noopener\">Laurent RASIER\u00a0<\/a><\/li>\n<li>Secr\u00e9taire : <a href=\"https:\/\/www.uliege.be\/cms\/c_9054334\/fr\/repertoire\/?uid=U214827\" target=\"_self\">Julien PERREZ<\/a><\/li>\n<\/ul>\n<\/div><div class=\"fusion-clearfix\"><\/div><\/div><\/div><div class=\"fusion-layout-column fusion_builder_column fusion-builder-column-4 fusion_builder_column_1_1 1_1 fusion-one-full fusion-column-first fusion-column-last\" style=\"margin-top:0px;margin-bottom:20px;\"><div class=\"fusion-column-wrapper fusion-flex-column-wrapper-legacy\" style=\"background-position:left top;background-repeat:no-repeat;-webkit-background-size:cover;-moz-background-size:cover;-o-background-size:cover;background-size:cover;padding: 30px 0px 0px 0px;\"><style type=\"text\/css\"><\/style><div class=\"fusion-title title fusion-title-5 fusion-title-text fusion-title-size-six\" style=\"margin-top:0px;margin-right:0px;margin-bottom:40px;margin-left:0px;\"><h6 class=\"title-heading-left fusion-responsive-typography-calculated\" style=\"margin:0;--fontSize:18;--minFontSize:18px;line-height:1.5;\">INFORMATIONS SUPPLEMENTAIRES<\/h6><span class=\"awb-title-spacer\"><\/span><div class=\"title-sep-container\"><div class=\"title-sep sep-single sep-solid\" style=\"border-color:#cf6059;\"><\/div><\/div><\/div><div class=\"fusion-text fusion-text-6\"><p><a href=\"https:\/\/www.programmes.uliege.be\/cocoon\/20192020\/formations\/bref\/P2ULIN01.html\">Page de pr\u00e9sentation du Master en linguistique<\/a><\/p>\n<\/div><div class=\"fusion-clearfix\"><\/div><\/div><\/div><\/div><\/div>\n","protected":false},"excerpt":{"rendered":"","protected":false},"author":2,"featured_media":0,"parent":0,"menu_order":0,"comment_status":"closed","ping_status":"closed","template":"","meta":{"footnotes":""},"class_list":["post-12479","page","type-page","status-publish","hentry"],"_links":{"self":[{"href":"http:\/\/web.philo.ulg.ac.be\/linguistique\/wp-json\/wp\/v2\/pages\/12479","targetHints":{"allow":["GET"]}}],"collection":[{"href":"http:\/\/web.philo.ulg.ac.be\/linguistique\/wp-json\/wp\/v2\/pages"}],"about":[{"href":"http:\/\/web.philo.ulg.ac.be\/linguistique\/wp-json\/wp\/v2\/types\/page"}],"author":[{"embeddable":true,"href":"http:\/\/web.philo.ulg.ac.be\/linguistique\/wp-json\/wp\/v2\/users\/2"}],"replies":[{"embeddable":true,"href":"http:\/\/web.philo.ulg.ac.be\/linguistique\/wp-json\/wp\/v2\/comments?post=12479"}],"version-history":[{"count":5,"href":"http:\/\/web.philo.ulg.ac.be\/linguistique\/wp-json\/wp\/v2\/pages\/12479\/revisions"}],"predecessor-version":[{"id":12741,"href":"http:\/\/web.philo.ulg.ac.be\/linguistique\/wp-json\/wp\/v2\/pages\/12479\/revisions\/12741"}],"wp:attachment":[{"href":"http:\/\/web.philo.ulg.ac.be\/linguistique\/wp-json\/wp\/v2\/media?parent=12479"}],"curies":[{"name":"wp","href":"https:\/\/api.w.org\/{rel}","templated":true}]}}