{"id":3273,"date":"2013-04-22T19:01:11","date_gmt":"2013-04-22T17:01:11","guid":{"rendered":"http:\/\/mnkystudio.com\/testing\/?page_id=3273"},"modified":"2021-05-28T15:23:12","modified_gmt":"2021-05-28T13:23:12","slug":"home-example-6","status":"publish","type":"page","link":"http:\/\/web.philo.ulg.ac.be\/prehist\/","title":{"rendered":"Home"},"content":{"rendered":"<div class=\"fusion-fullwidth fullwidth-box fusion-builder-row-1 nonhundred-percent-fullwidth non-hundred-percent-height-scrolling\" style=\"background-color: rgba(255,255,255,0);background-position: center center;background-repeat: no-repeat;padding-top:0px;padding-right:0px;padding-bottom:0px;padding-left:0px;margin-bottom: 0px;margin-top: 0px;border-width: 0px 0px 0px 0px;border-color:#eae9e9;border-style:solid;\" ><div class=\"fusion-builder-row fusion-row\"><div class=\"fusion-layout-column fusion_builder_column fusion-builder-column-0 fusion_builder_column_1_1 1_1 fusion-one-full fusion-column-first fusion-column-last\" style=\"margin-top:0px;margin-bottom:0px;\"><div class=\"fusion-column-wrapper fusion-flex-column-wrapper-legacy\" style=\"background-position:left top;background-repeat:no-repeat;-webkit-background-size:cover;-moz-background-size:cover;-o-background-size:cover;background-size:cover;padding: 0px 0px 0px 0px;\"><style type=\"text\/css\"><\/style><div class=\"fusion-title title fusion-title-1 sep-underline sep-solid fusion-title-text fusion-title-size-five\" style=\"border-bottom-color:#00a400;margin-top:0px;margin-right:0px;margin-bottom:31px;margin-left:0px;\"><h5 class=\"title-heading-left fusion-responsive-typography-calculated\" style=\"margin:0;--fontSize:19;--minFontSize:19px;line-height:1.5;\"><b>BIENVENUE SUR LE SITE DE PR\u00c9HISTOIRE<\/b><\/h5><\/div><div class=\"fusion-text fusion-text-1\"><p style=\"text-align: justify;\">\u00c0 la fois tourn\u00e9es vers la Recherche et l\u2019Enseignement du plus haut niveau, le groupe de recherche en Pr\u00e9histoire s\u2019efforce de reculer les limites de la connaissance par des activit\u00e9s de terrain, des essais synth\u00e9tiques et \u00e9laborations th\u00e9oriques. Les hommes de la longue Pr\u00e9histoire disposaient de capacit\u00e9s intellectuelles et de sensibilit\u00e9s \u00e9quivalentes aux n\u00f4tres. Cependant, la profonde perspective offerte sur le temps manifeste ces aptitudes dans leur constitution et justifie leur diversit\u00e9. Consid\u00e9r\u00e9e sous cet angle proprement li\u00e9geois, la Pr\u00e9histoire offre des ouvertures sur la cognition et sur les diverses modalit\u00e9s pr\u00e9sent\u00e9es par l\u2019adaptation au fil du temps et des traditions. Nous menons donc \u00e0 la fois des travaux de fouilles, des analyses de mat\u00e9riel, des \u00e9tudes fonctionnelles et des restitutions th\u00e9oriques afin d\u2019expliquer ces variations. Ainsi consid\u00e9r\u00e9e, la Pr\u00e9histoire men\u00e9e \u00e0 Li\u00e8ge r\u00e9v\u00e8le les \u00e9tapes constitutives et les vari\u00e9t\u00e9s des pens\u00e9es humaines.<\/p>\n<p style=\"text-align: justify;\">L&rsquo;\u00e9quipe de Pierre Noiret se focalise principalement sur la compr\u00e9hension de la p\u00e9riode du Gravettien et m\u00e8ne \u00e9galement des fouilles \u00e0 Trou al&rsquo;Wesse (Belgique).<\/p>\n<p style=\"text-align: justify;\">L&rsquo;\u00e9quipe <strong><a href=\"http:\/\/web.philo.ulg.ac.be\/prehist\/traceolab\/\">TraceoLab<\/a><\/strong><em>,<\/em> dirig\u00e9e par Veerle Rots, se consacre \u00e0 l\u2019\u00e9tude des comportements humains \u00e0 travers l\u2019analyse des traces et r\u00e9sidus macro- et microscopiques sur les artefacts pr\u00e9historiques en pierre. Les projets de recherche du <a href=\"http:\/\/web.philo.ulg.ac.be\/traceolab\/\" target=\"_blank\" rel=\"noopener\"><strong>TraceoLab<\/strong><\/a> concernent surtout la p\u00e9riode du Pal\u00e9olithique et le groupe est impliqu\u00e9 dans plusieurs projets de fouilles en Europe et en Afrique.<\/p>\n<\/div><div class=\"fusion-clearfix\"><\/div><\/div><\/div><div class=\"fusion-layout-column fusion_builder_column fusion-builder-column-1 fusion_builder_column_1_5 1_5 fusion-one-fifth fusion-column-first\" style=\"width:20%;width:calc(20% - ( ( 4% + 4% + 4% + 4% ) * 0.2 ) );margin-right: 4%;margin-top:40px;margin-bottom:0px;\"><div class=\"fusion-column-wrapper fusion-flex-column-wrapper-legacy\" style=\"background-position:left top;background-repeat:no-repeat;-webkit-background-size:cover;-moz-background-size:cover;-o-background-size:cover;background-size:cover;padding: 0px 0px 0px 0px;\"><div class=\"fusion-clearfix\"><\/div><\/div><\/div><div class=\"fusion-layout-column fusion_builder_column fusion-builder-column-2 fusion_builder_column_1_5 1_5 fusion-one-fifth\" style=\"width:20%;width:calc(20% - ( ( 4% + 4% + 4% + 4% ) * 0.2 ) );margin-right: 4%;margin-top:40px;margin-bottom:0px;\"><div class=\"fusion-column-wrapper fusion-flex-column-wrapper-legacy\" style=\"background-position:left top;background-repeat:no-repeat;-webkit-background-size:cover;-moz-background-size:cover;-o-background-size:cover;background-size:cover;padding: 0px 0px 0px 0px;\"><div class=\"fusion-text fusion-text-2\"><p style=\"text-align: center;\"><strong>Pierre NOIRET<\/strong><br \/>\n<span style=\"color: #00a400;\"><strong><span class=\"st\">Charg\u00e9 de cours<\/span><\/strong><\/span><\/p>\n<\/div><div class=\"fusion-clearfix\"><\/div><\/div><\/div><div class=\"fusion-layout-column fusion_builder_column fusion-builder-column-3 fusion_builder_column_1_5 1_5 fusion-one-fifth\" style=\"width:20%;width:calc(20% - ( ( 4% + 4% + 4% + 4% ) * 0.2 ) );margin-right: 4%;margin-top:40px;margin-bottom:0px;\"><div class=\"fusion-column-wrapper fusion-flex-column-wrapper-legacy\" style=\"background-position:left top;background-repeat:no-repeat;-webkit-background-size:cover;-moz-background-size:cover;-o-background-size:cover;background-size:cover;padding: 0px 0px 0px 0px;\"><div class=\"fusion-clearfix\"><\/div><\/div><\/div><div class=\"fusion-layout-column fusion_builder_column fusion-builder-column-4 fusion_builder_column_1_5 1_5 fusion-one-fifth\" style=\"width:20%;width:calc(20% - ( ( 4% + 4% + 4% + 4% ) * 0.2 ) );margin-right: 4%;margin-top:40px;margin-bottom:0px;\"><div class=\"fusion-column-wrapper fusion-flex-column-wrapper-legacy\" style=\"background-position:left top;background-repeat:no-repeat;-webkit-background-size:cover;-moz-background-size:cover;-o-background-size:cover;background-size:cover;padding: 0px 0px 0px 0px;\"><div class=\"fusion-text fusion-text-3\"><p style=\"text-align: center;\"><strong>Veerle ROTS<\/strong><br \/>\n<span style=\"color: #00a400;\"><strong><span class=\"st\">Chercheure FNRS<\/span><\/strong><\/span><\/p>\n<\/div><div class=\"fusion-clearfix\"><\/div><\/div><\/div><div class=\"fusion-layout-column fusion_builder_column fusion-builder-column-5 fusion_builder_column_1_5 1_5 fusion-one-fifth fusion-column-last\" style=\"width:20%;width:calc(20% - ( ( 4% + 4% + 4% + 4% ) * 0.2 ) );margin-top:40px;margin-bottom:0px;\"><div class=\"fusion-column-wrapper fusion-flex-column-wrapper-legacy\" style=\"background-position:left top;background-repeat:no-repeat;-webkit-background-size:cover;-moz-background-size:cover;-o-background-size:cover;background-size:cover;padding: 0px 0px 0px 0px;\"><div class=\"fusion-clearfix\"><\/div><\/div><\/div><div class=\"fusion-layout-column fusion_builder_column fusion-builder-column-6 fusion_builder_column_4_5 4_5 fusion-four-fifth fusion-column-first\" style=\"width:80%;width:calc(80% - ( ( 4% ) * 0.8 ) );margin-right: 4%;margin-top:0px;margin-bottom:0px;\"><div class=\"fusion-column-wrapper fusion-flex-column-wrapper-legacy\" style=\"background-position:left top;background-repeat:no-repeat;-webkit-background-size:cover;-moz-background-size:cover;-o-background-size:cover;background-size:cover;padding: 0px 0px 0px 0px;\"><div class=\"fusion-sep-clear\"><\/div><div class=\"fusion-separator fusion-full-width-sep\" style=\"margin-left: auto;margin-right: auto;margin-top:70px;width:100%;\"><\/div><div class=\"fusion-sep-clear\"><\/div><style type=\"text\/css\"><\/style><div class=\"fusion-title title fusion-title-2 sep-underline sep-solid fusion-title-text fusion-title-size-five\" style=\"border-bottom-color:#00a400;margin-top:0px;margin-right:0px;margin-bottom:31px;margin-left:0px;\"><h5 class=\"title-heading-left fusion-responsive-typography-calculated\" style=\"margin:0;--fontSize:19;--minFontSize:19px;line-height:1.5;\"><b>PROCHAINS \u00c9V\u00c9NEMENTS<\/b><\/h5><\/div><ul class=\"fusion-checklist fusion-checklist-1\" style=\"font-size:16px;line-height:27.2px;\"><li style=\"background-color:rgba(255,255,255,0);\" class=\"fusion-li-item\"><span style=\"height:27.2px;width:27.2px;margin-right:11.2px;\" class=\"icon-wrapper circle-no\"><i class=\"fusion-li-icon fa fa-chevron-right\" style=\"color:#00a400;\" aria-hidden=\"true\"><\/i><\/span><div class=\"fusion-li-item-content\" style=\"margin-left:38.4px;color:#333333;\">\n<p><a href=\"http:\/\/web.philo.ulg.ac.be\/prehist\/le-nord-ouest-europeen-au-gravettien\/\" rel=\"noopener\">North-Western Europe during the Gravettian, April 12-13th, University of Li\u00e8ge<\/a><\/p>\n<\/div><\/li><li style=\"background-color:rgba(255,255,255,0);\" class=\"fusion-li-item\"><span style=\"height:27.2px;width:27.2px;margin-right:11.2px;\" class=\"icon-wrapper circle-no\"><i class=\"fusion-li-icon fa fa-chevron-right\" style=\"color:#00a400;\" aria-hidden=\"true\"><\/i><\/span><div class=\"fusion-li-item-content\" style=\"margin-left:38.4px;color:#333333;\">\n<p><a href=\"http:\/\/www.uispp.org\/2018-paris\" target=\"_blank\" rel=\"noopener\">XVIIIe Congr\u00e8s UISPP, Paris, 2018<\/a><\/p>\n<\/div><\/li><li style=\"background-color:rgba(255,255,255,0);\" class=\"fusion-li-item\"><span style=\"height:27.2px;width:27.2px;margin-right:11.2px;\" class=\"icon-wrapper circle-no\"><i class=\"fusion-li-icon fa fa-chevron-right\" style=\"color:#00a400;\" aria-hidden=\"true\"><\/i><\/span><div class=\"fusion-li-item-content\" style=\"margin-left:38.4px;color:#333333;\">\n<p><a href=\"http:\/\/web.philo.ulg.ac.be\/traceolab\/traceolab-research-seminars\/\" target=\"_blank\" rel=\"noopener\">S\u00e9minaires du TraceoLab<\/a><\/p>\n<\/div><\/li><\/ul><div class=\"fusion-clearfix\"><\/div><\/div><\/div><div class=\"fusion-layout-column fusion_builder_column fusion-builder-column-7 fusion_builder_column_1_5 1_5 fusion-one-fifth fusion-column-last\" style=\"width:20%;width:calc(20% - ( ( 4% ) * 0.2 ) );margin-top:0px;margin-bottom:0px;\"><div class=\"fusion-column-wrapper fusion-flex-column-wrapper-legacy\" style=\"background-position:left top;background-repeat:no-repeat;-webkit-background-size:cover;-moz-background-size:cover;-o-background-size:cover;background-size:cover;padding: 0px 0px 0px 0px;\"><div class=\"fusion-sep-clear\"><\/div><div class=\"fusion-separator fusion-full-width-sep\" style=\"margin-left: auto;margin-right: auto;margin-top:120px;width:100%;\"><\/div><div class=\"fusion-sep-clear\"><\/div><span class=\" fusion-imageframe imageframe-none imageframe-1 hover-type-none\" style=\"margin-left:25px;float:right;\"><a class=\"fusion-no-lightbox\" href=\"http:\/\/web.philo.ulg.ac.be\/traceolab\/\" target=\"_blank\" aria-label=\"traceo\" rel=\"noopener noreferrer\"><img decoding=\"async\" width=\"107\" height=\"130\" src=\"http:\/\/web.philo.ulg.ac.be\/prehist\/wp-content\/uploads\/sites\/38\/2018\/01\/traceo.png\" alt class=\"img-responsive wp-image-9340\"\/><\/a><\/span><div class=\"fusion-clearfix\"><\/div><\/div><\/div><\/div><\/div>\n","protected":false},"excerpt":{"rendered":"","protected":false},"author":2,"featured_media":0,"parent":0,"menu_order":0,"comment_status":"closed","ping_status":"closed","template":"","meta":{"footnotes":""},"class_list":["post-3273","page","type-page","status-publish","hentry"],"_links":{"self":[{"href":"http:\/\/web.philo.ulg.ac.be\/prehist\/wp-json\/wp\/v2\/pages\/3273","targetHints":{"allow":["GET"]}}],"collection":[{"href":"http:\/\/web.philo.ulg.ac.be\/prehist\/wp-json\/wp\/v2\/pages"}],"about":[{"href":"http:\/\/web.philo.ulg.ac.be\/prehist\/wp-json\/wp\/v2\/types\/page"}],"author":[{"embeddable":true,"href":"http:\/\/web.philo.ulg.ac.be\/prehist\/wp-json\/wp\/v2\/users\/2"}],"replies":[{"embeddable":true,"href":"http:\/\/web.philo.ulg.ac.be\/prehist\/wp-json\/wp\/v2\/comments?post=3273"}],"version-history":[{"count":7,"href":"http:\/\/web.philo.ulg.ac.be\/prehist\/wp-json\/wp\/v2\/pages\/3273\/revisions"}],"predecessor-version":[{"id":9369,"href":"http:\/\/web.philo.ulg.ac.be\/prehist\/wp-json\/wp\/v2\/pages\/3273\/revisions\/9369"}],"wp:attachment":[{"href":"http:\/\/web.philo.ulg.ac.be\/prehist\/wp-json\/wp\/v2\/media?parent=3273"}],"curies":[{"name":"wp","href":"https:\/\/api.w.org\/{rel}","templated":true}]}}