{"id":3703,"date":"2013-09-02T14:31:27","date_gmt":"2013-09-02T12:31:27","guid":{"rendered":"http:\/\/139.165.56.48\/prehist\/?page_id=3703"},"modified":"2018-01-19T11:43:10","modified_gmt":"2018-01-19T10:43:10","slug":"teaching","status":"publish","type":"page","link":"http:\/\/web.philo.ulg.ac.be\/prehist\/teaching\/","title":{"rendered":"Teaching"},"content":{"rendered":"<div class=\"fusion-fullwidth fullwidth-box fusion-builder-row-1 nonhundred-percent-fullwidth non-hundred-percent-height-scrolling\" style=\"background-color: rgba(255,255,255,0);background-position: center center;background-repeat: no-repeat;padding-top:0px;padding-right:0px;padding-bottom:0px;padding-left:0px;margin-bottom: 0px;margin-top: 0px;border-width: 0px 0px 0px 0px;border-color:#eae9e9;border-style:solid;\" ><div class=\"fusion-builder-row fusion-row\"><div class=\"fusion-layout-column fusion_builder_column fusion-builder-column-0 fusion_builder_column_1_1 1_1 fusion-one-full fusion-column-first fusion-column-last\" style=\"margin-top:0px;margin-bottom:0px;\"><div class=\"fusion-column-wrapper fusion-flex-column-wrapper-legacy\" style=\"background-position:left top;background-repeat:no-repeat;-webkit-background-size:cover;-moz-background-size:cover;-o-background-size:cover;background-size:cover;padding: 0px 0px 0px 0px;\"><style type=\"text\/css\"><\/style><div class=\"fusion-title title fusion-title-1 sep-underline sep-solid fusion-title-text fusion-title-size-five\" style=\"border-bottom-color:#00a400;margin-top:0px;margin-right:0px;margin-bottom:31px;margin-left:0px;\"><h5 class=\"title-heading-left fusion-responsive-typography-calculated\" style=\"margin:0;--fontSize:19;--minFontSize:19px;line-height:1.5;\"><b>LA PR\u00c9HISTOIRE \u00c0 L&rsquo;ULG<\/b><\/h5><\/div><ul class=\"fusion-checklist fusion-checklist-1\" style=\"font-size:16px;line-height:27.2px;\"><li style=\"background-color:rgba(255,255,255,0);\" class=\"fusion-li-item\"><span style=\"height:27.2px;width:27.2px;margin-right:11.2px;\" class=\"icon-wrapper circle-no\"><i class=\"fusion-li-icon fa fa-chevron-right\" style=\"color:#00a400;\" aria-hidden=\"true\"><\/i><\/span><div class=\"fusion-li-item-content\" style=\"margin-left:38.4px;color:#333333;\">\n<p>Histoire de l&rsquo;art et arch\u00e9ologie de la Pr\u00e9histoire \u2013 Pierre NOIRET \u2013 <a href=\"http:\/\/progcours.ulg.ac.be\/cocoon\/cours\/HAAR0067-3.html\" target=\"_blank\" rel=\"noopener\">HAAR0067-3<\/a><\/p>\n<\/div><\/li><li style=\"background-color:rgba(255,255,255,0);\" class=\"fusion-li-item\"><span style=\"height:27.2px;width:27.2px;margin-right:11.2px;\" class=\"icon-wrapper circle-no\"><i class=\"fusion-li-icon fa fa-chevron-right\" style=\"color:#00a400;\" aria-hidden=\"true\"><\/i><\/span><div class=\"fusion-li-item-content\" style=\"margin-left:38.4px;color:#333333;\">\n<p>Histoire de l&rsquo;art et arch\u00e9ologie de la Protohistoire \u2013 Pierre NOIRET \u2013 <a href=\"http:\/\/progcours.ulg.ac.be\/cocoon\/cours\/HAAR0068-2.html\" target=\"_blank\" rel=\"noopener\">HAAR0068-2<\/a><\/p>\n<\/div><\/li><li style=\"background-color:rgba(255,255,255,0);\" class=\"fusion-li-item\"><span style=\"height:27.2px;width:27.2px;margin-right:11.2px;\" class=\"icon-wrapper circle-no\"><i class=\"fusion-li-icon fa fa-chevron-right\" style=\"color:#00a400;\" aria-hidden=\"true\"><\/i><\/span><div class=\"fusion-li-item-content\" style=\"margin-left:38.4px;color:#333333;\">\n<p>Initiation \u00e0 la Pr\u00e9histoire \u2013\u00a0Pierre NOIRET \u2013 <a href=\"http:\/\/progcours.ulg.ac.be\/cocoon\/cours\/HAAR0058-1.html\" target=\"_blank\" rel=\"noopener\">HAAR0058-1<\/a><\/p>\n<\/div><\/li><li style=\"background-color:rgba(255,255,255,0);\" class=\"fusion-li-item\"><span style=\"height:27.2px;width:27.2px;margin-right:11.2px;\" class=\"icon-wrapper circle-no\"><i class=\"fusion-li-icon fa fa-chevron-right\" style=\"color:#00a400;\" aria-hidden=\"true\"><\/i><\/span><div class=\"fusion-li-item-content\" style=\"margin-left:38.4px;color:#333333;\">\n<p>Les religions de la Pr\u00e9histoire \u2013\u00a0Pierre NOIRET \u2013 <a href=\"http:\/\/progcours.ulg.ac.be\/cocoon\/cours\/HREL0014-1.html\" target=\"_blank\" rel=\"noopener\">HREL0014-1<\/a><\/p>\n<\/div><\/li><li style=\"background-color:rgba(255,255,255,0);\" class=\"fusion-li-item\"><span style=\"height:27.2px;width:27.2px;margin-right:11.2px;\" class=\"icon-wrapper circle-no\"><i class=\"fusion-li-icon fa fa-chevron-right\" style=\"color:#00a400;\" aria-hidden=\"true\"><\/i><\/span><div class=\"fusion-li-item-content\" style=\"margin-left:38.4px;color:#333333;\">\n<p>Pr\u00e9histoire de l&rsquo;Asie orientale \u2013 Damien FLAS \u2013 <a href=\"http:\/\/progcours.ulg.ac.be\/cocoon\/cours\/HAAR0108-1.html\" target=\"_blank\" rel=\"noopener\">HAAR0108-1<\/a><\/p>\n<\/div><\/li><li style=\"background-color:rgba(255,255,255,0);\" class=\"fusion-li-item\"><span style=\"height:27.2px;width:27.2px;margin-right:11.2px;\" class=\"icon-wrapper circle-no\"><i class=\"fusion-li-icon fa fa-chevron-right\" style=\"color:#00a400;\" aria-hidden=\"true\"><\/i><\/span><div class=\"fusion-li-item-content\" style=\"margin-left:38.4px;color:#333333;\">\n<p>Questions sp\u00e9ciales d&rsquo;arch\u00e9ologie pr\u00e9historique \u2013 Veerle ROTS \u2013 <a href=\"http:\/\/progcours.ulg.ac.be\/cocoon\/cours\/HAAR0071-1.html\" target=\"_blank\" rel=\"noopener\">HAAR0071-1<\/a><\/p>\n<\/div><\/li><li style=\"background-color:rgba(255,255,255,0);\" class=\"fusion-li-item\"><span style=\"height:27.2px;width:27.2px;margin-right:11.2px;\" class=\"icon-wrapper circle-no\"><i class=\"fusion-li-icon fa fa-chevron-right\" style=\"color:#00a400;\" aria-hidden=\"true\"><\/i><\/span><div class=\"fusion-li-item-content\" style=\"margin-left:38.4px;color:#333333;\">\n<p>Questions sp\u00e9ciales de technique des fouilles \u2013\u00a0Pierre NOIRET \u2013 <a href=\"http:\/\/progcours.ulg.ac.be\/cocoon\/cours\/HAAR0079-1.html\" target=\"_blank\" rel=\"noopener\">HAAR0079-1<\/a><\/p>\n<\/div><\/li><li style=\"background-color:rgba(255,255,255,0);\" class=\"fusion-li-item\"><span style=\"height:27.2px;width:27.2px;margin-right:11.2px;\" class=\"icon-wrapper circle-no\"><i class=\"fusion-li-icon fa fa-chevron-right\" style=\"color:#00a400;\" aria-hidden=\"true\"><\/i><\/span><div class=\"fusion-li-item-content\" style=\"margin-left:38.4px;color:#333333;\">\n<p>Questions sp\u00e9ciales d&rsquo;histoire de l&rsquo;art de la Pr\u00e9histoire \u2013\u00a0Pierre NOIRET \u2013 <a href=\"http:\/\/progcours.ulg.ac.be\/cocoon\/cours\/HAAR0070-1.html\" target=\"_blank\" rel=\"noopener\">HAAR0070-1<\/a><\/p>\n<\/div><\/li><li style=\"background-color:rgba(255,255,255,0);\" class=\"fusion-li-item\"><span style=\"height:27.2px;width:27.2px;margin-right:11.2px;\" class=\"icon-wrapper circle-no\"><i class=\"fusion-li-icon fa fa-chevron-right\" style=\"color:#00a400;\" aria-hidden=\"true\"><\/i><\/span><div class=\"fusion-li-item-content\" style=\"margin-left:38.4px;color:#333333;\">\n<p>S\u00e9minaire d&rsquo;arch\u00e9ologie pr\u00e9historique \u2013Pierre NOIRET \u2013 <a href=\"http:\/\/progcours.ulg.ac.be\/cocoon\/cours\/HAAR0118-1.html\" target=\"_blank\" rel=\"noopener\">HAAR0118-1<\/a><\/p>\n<\/div><\/li><li style=\"background-color:rgba(255,255,255,0);\" class=\"fusion-li-item\"><span style=\"height:27.2px;width:27.2px;margin-right:11.2px;\" class=\"icon-wrapper circle-no\"><i class=\"fusion-li-icon fa fa-chevron-right\" style=\"color:#00a400;\" aria-hidden=\"true\"><\/i><\/span><div class=\"fusion-li-item-content\" style=\"margin-left:38.4px;color:#333333;\">\n<p>S\u00e9minaire d&rsquo;histoire de l&rsquo;art de la Pr\u00e9histoire \u2013\u00a0Pierre NOIRET \u2013 <a href=\"http:\/\/progcours.ulg.ac.be\/cocoon\/cours\/HAAR0117-1.html\" target=\"_blank\" rel=\"noopener\">HAAR0117-1<\/a><\/p>\n<\/div><\/li><li style=\"background-color:rgba(255,255,255,0);\" class=\"fusion-li-item\"><span style=\"height:27.2px;width:27.2px;margin-right:11.2px;\" class=\"icon-wrapper circle-no\"><i class=\"fusion-li-icon fa fa-chevron-right\" style=\"color:#00a400;\" aria-hidden=\"true\"><\/i><\/span><div class=\"fusion-li-item-content\" style=\"margin-left:38.4px;color:#333333;\">\n<p>S\u00e9minaire sp\u00e9cialis\u00e9 de Pr\u00e9histoire \u2013\u00a0Veerle ROTS \u2013 <a href=\"http:\/\/progcours.ulg.ac.be\/cocoon\/cours\/HAAR0107-1.html\" target=\"_blank\" rel=\"noopener\">HAAR0107-1<\/a><\/p>\n<\/div><\/li><li style=\"background-color:rgba(255,255,255,0);\" class=\"fusion-li-item\"><span style=\"height:27.2px;width:27.2px;margin-right:11.2px;\" class=\"icon-wrapper circle-no\"><i class=\"fusion-li-icon fa fa-chevron-right\" style=\"color:#00a400;\" aria-hidden=\"true\"><\/i><\/span><div class=\"fusion-li-item-content\" style=\"margin-left:38.4px;color:#333333;\">\n<p>Technique des fouilles \u2013 Pierre NOIRET \u2013 <a href=\"http:\/\/progcours.ulg.ac.be\/cocoon\/cours\/HAAR0035-2.html\" target=\"_blank\" rel=\"noopener\">HAAR0035-2<\/a><\/p>\n<\/div><\/li><\/ul><div class=\"fusion-clearfix\"><\/div><\/div><\/div><\/div><\/div>\n","protected":false},"excerpt":{"rendered":"","protected":false},"author":2,"featured_media":0,"parent":0,"menu_order":0,"comment_status":"closed","ping_status":"closed","template":"","meta":{"footnotes":""},"class_list":["post-3703","page","type-page","status-publish","hentry"],"_links":{"self":[{"href":"http:\/\/web.philo.ulg.ac.be\/prehist\/wp-json\/wp\/v2\/pages\/3703","targetHints":{"allow":["GET"]}}],"collection":[{"href":"http:\/\/web.philo.ulg.ac.be\/prehist\/wp-json\/wp\/v2\/pages"}],"about":[{"href":"http:\/\/web.philo.ulg.ac.be\/prehist\/wp-json\/wp\/v2\/types\/page"}],"author":[{"embeddable":true,"href":"http:\/\/web.philo.ulg.ac.be\/prehist\/wp-json\/wp\/v2\/users\/2"}],"replies":[{"embeddable":true,"href":"http:\/\/web.philo.ulg.ac.be\/prehist\/wp-json\/wp\/v2\/comments?post=3703"}],"version-history":[{"count":5,"href":"http:\/\/web.philo.ulg.ac.be\/prehist\/wp-json\/wp\/v2\/pages\/3703\/revisions"}],"predecessor-version":[{"id":9189,"href":"http:\/\/web.philo.ulg.ac.be\/prehist\/wp-json\/wp\/v2\/pages\/3703\/revisions\/9189"}],"wp:attachment":[{"href":"http:\/\/web.philo.ulg.ac.be\/prehist\/wp-json\/wp\/v2\/media?parent=3703"}],"curies":[{"name":"wp","href":"https:\/\/api.w.org\/{rel}","templated":true}]}}