{"id":4083,"date":"2013-09-06T14:27:40","date_gmt":"2013-09-06T12:27:40","guid":{"rendered":"http:\/\/139.165.56.48\/prehist\/?page_id=4083"},"modified":"2018-01-19T16:53:46","modified_gmt":"2018-01-19T15:53:46","slug":"ifri-n-ammar","status":"publish","type":"page","link":"http:\/\/web.philo.ulg.ac.be\/prehist\/ifri-n-ammar\/","title":{"rendered":"Ifri n\u2019Ammar, Maroc"},"content":{"rendered":"<div class=\"fusion-fullwidth fullwidth-box fusion-builder-row-1 nonhundred-percent-fullwidth non-hundred-percent-height-scrolling\" style=\"background-color: rgba(255,255,255,0);background-position: center center;background-repeat: no-repeat;padding-top:0px;padding-right:0px;padding-bottom:0px;padding-left:0px;margin-bottom: 0px;margin-top: 0px;border-width: 0px 0px 0px 0px;border-color:#eae9e9;border-style:solid;\" ><div class=\"fusion-builder-row fusion-row\"><div class=\"fusion-layout-column fusion_builder_column fusion-builder-column-0 fusion_builder_column_1_1 1_1 fusion-one-full fusion-column-first fusion-column-last\" style=\"margin-top:0px;margin-bottom:0px;\"><div class=\"fusion-column-wrapper fusion-flex-column-wrapper-legacy\" style=\"background-position:left top;background-repeat:no-repeat;-webkit-background-size:cover;-moz-background-size:cover;-o-background-size:cover;background-size:cover;padding: 0px 0px 0px 0px;\"><style type=\"text\/css\"><\/style><div class=\"fusion-title title fusion-title-1 sep-underline sep-solid fusion-title-text fusion-title-size-five\" style=\"border-bottom-color:#00a400;margin-top:0px;margin-right:0px;margin-bottom:31px;margin-left:0px;\"><h5 class=\"title-heading-left fusion-responsive-typography-calculated\" style=\"margin:0;--fontSize:19;--minFontSize:19px;line-height:1.5;\"><b>IFRI N\u2019AMMAR, MAROC<\/b><\/h5><\/div><div class=\"fusion-text fusion-text-1\"><p><em>Fouilles de Sonja Tomasso<\/em><\/p>\n<p style=\"text-align: justify;\">Depuis 1994, le projet \u00ab\u00a0Pr\u00e9histoire et Protohistoire du Rif oriental\u00a0\u00bb, n\u00e9 d\u2019une collaboration entre la <i>Kommission f\u00fcr Arch\u00e4ologie Au\u00dfereurop\u00e4ischer Kulturen <\/i>(KAAK) du <i>Deutsches Arch\u00e4ologisches Institut<\/i> (DAI) et <i>l\u2019Institut National des Sciences de l\u2019Arch\u00e9ologie\u00a0 et du Patrimoine<\/i> du Maroc (INSAP), se charge de fouilles et de recherches arch\u00e9ologiques dans le Rif oriental marocain.<\/p>\n<p style=\"text-align: justify;\">A pr\u00e9sent, les prospections dirig\u00e9es par Dr. Josef Eiwanger (KAAK) et Dr. Abdeslam Mikdad (INSAP) ont mis au jour plus de 300 sites protohistoriques et pr\u00e9historiques dans cette r\u00e9gion.<\/p>\n<p style=\"text-align: justify;\">Situ\u00e9e dans la commune d\u2019Afsou, \u00e0 environ 50 km au sud de la ville de Nador, l\u2019abri d\u2019Ifri n\u2019Ammar livre une chronostratigraphie surprenante, notamment une alternance de \u00ab\u00a0cultures moust\u00e9riennes et at\u00e9riennes\u00a0\u00bb. La grotte pr\u00e9historique t\u00e9moigne d\u2019un potentiel arch\u00e9ologique et d\u2019une s\u00e9quence stratigraphique de plus de six m\u00e8tres de profondeur. Les vestiges appartiennent aux cultures du Pal\u00e9olithique moyen et du Pal\u00e9olithique sup\u00e9rieur.<\/p>\n<p style=\"text-align: justify;\">Depuis 1997 un vaste programme de recherche y est entreprit.\u00a0 Dans un premier temps, une longue tranch\u00e9e entre la paroi du fond de l\u2019abri et le talus ext\u00e9rieur a \u00e9t\u00e9 fouill\u00e9e et s\u2019est av\u00e9r\u00e9e tr\u00e8s riche en mat\u00e9riel arch\u00e9ologique. Au cours des ann\u00e9es, les chercheurs ont alors augment\u00e9 la surface de travail \u00e0 l\u2019int\u00e9rieur de l\u2019abri, \u00e0 partir de la tranch\u00e9e jusqu&rsquo;\u00e0 la paroi gauche, au nord-ouest et\u00a0 ensuite au nord-est.<\/p>\n<p style=\"text-align: justify;\">Une premi\u00e8re monographie\u00a0 publi\u00e9e par Johannes Moser et Mustapha Nami est parue en 2010 sous \u00a0l\u2019\u00e9dition Reichert.<\/p>\n<p style=\"text-align: justify;\"><i>La Grotte d<\/i><i>\u2019<\/i><i>Ifri n<\/i><i>\u2019<\/i><i>Ammar. In: Le Paleolithique Moyen. <\/i><i>Forschungen Zur Archaologie Aussereuropaischer Kulturen, Tome 2. Reichert<\/i><i> <\/i><i>Verlag, Wiesbaden.<\/i><\/p>\n<\/div><div class=\"fusion-sep-clear\"><\/div><div class=\"fusion-separator fusion-full-width-sep\" style=\"margin-left: auto;margin-right: auto;margin-bottom:70px;width:100%;\"><\/div><div class=\"fusion-sep-clear\"><\/div><style type=\"text\/css\"><\/style><div class=\"fusion-title title fusion-title-2 sep-underline sep-solid fusion-title-text fusion-title-size-five\" style=\"border-bottom-color:#00a400;margin-top:0px;margin-right:0px;margin-bottom:31px;margin-left:0px;\"><h5 class=\"title-heading-left fusion-responsive-typography-calculated\" style=\"margin:0;--fontSize:19;--minFontSize:19px;line-height:1.5;\"><b>LIENS ET INFORMATIONS COMPL\u00c9MENTAIRES<\/b><\/h5><\/div><ul class=\"fusion-checklist fusion-checklist-1\" style=\"font-size:16px;line-height:27.2px;\"><li style=\"background-color:rgba(255,255,255,0);\" class=\"fusion-li-item\"><span style=\"height:27.2px;width:27.2px;margin-right:11.2px;\" class=\"icon-wrapper circle-no\"><i class=\"fusion-li-icon fa fa-chevron-right\" style=\"color:#00a400;\" aria-hidden=\"true\"><\/i><\/span><div class=\"fusion-li-item-content\" style=\"margin-left:38.4px;color:#333333;\">\n<p style=\"text-align: justify;\">Mikdad, A., Eiwanger, J. 2000. \u00a0Recherches prehistoriques et protohistoriques dans le Rif oriental (Maroc). Rapport pr\u00e9liminaire. Dans: Beitr\u00e4ge zur Allgemeinen und Vergleichenden Arch\u00e4ologie 20: 109\u2013167.<\/p>\n<\/div><\/li><li style=\"background-color:rgba(255,255,255,0);\" class=\"fusion-li-item\"><span style=\"height:27.2px;width:27.2px;margin-right:11.2px;\" class=\"icon-wrapper circle-no\"><i class=\"fusion-li-icon fa fa-chevron-right\" style=\"color:#00a400;\" aria-hidden=\"true\"><\/i><\/span><div class=\"fusion-li-item-content\" style=\"margin-left:38.4px;color:#333333;\">\n<p style=\"text-align: justify;\">Mikdad A., Moser J., Nami, M., Eiwanger, J. 2004. La stratigraphie du site d\u2019Ifri n\u2019Ammar (Rif Oriental, Maroc): premiers resultats sur les depots du Paleolithique moyen. Dans: Beitr\u00e4ge zur Allgemeinen und Vergleichenden Arch\u00e4ologie 24: 125\u2013137.<\/p>\n<\/div><\/li><li style=\"background-color:rgba(255,255,255,0);\" class=\"fusion-li-item\"><span style=\"height:27.2px;width:27.2px;margin-right:11.2px;\" class=\"icon-wrapper circle-no\"><i class=\"fusion-li-icon fa fa-chevron-right\" style=\"color:#00a400;\" aria-hidden=\"true\"><\/i><\/span><div class=\"fusion-li-item-content\" style=\"margin-left:38.4px;color:#333333;\">\n<p style=\"text-align: justify;\">Moser J. 2003. La Grotte d\u2019Ifri n\u2019Ammar. Tome 1: L\u2019Ib\u00e9romaurusien.Forschungen zur Allgemeinen und Vergleichenden Arch\u00e4ologie 8, K\u00f6ln, Linden Soft.<\/p>\n<\/div><\/li><li style=\"background-color:rgba(255,255,255,0);\" class=\"fusion-li-item\"><span style=\"height:27.2px;width:27.2px;margin-right:11.2px;\" class=\"icon-wrapper circle-no\"><i class=\"fusion-li-icon fa fa-chevron-right\" style=\"color:#00a400;\" aria-hidden=\"true\"><\/i><\/span><div class=\"fusion-li-item-content\" style=\"margin-left:38.4px;color:#333333;\">\n<p><a href=\"http:\/\/www.dainst.org\/\" target=\"_blank\" rel=\"noopener\">Deutsches Arch\u00e4ologisches Institut<\/a><\/p>\n<\/div><\/li><\/ul><div class=\"fusion-sep-clear\"><\/div><div class=\"fusion-separator fusion-full-width-sep\" style=\"margin-left: auto;margin-right: auto;margin-bottom:70px;width:100%;\"><\/div><div class=\"fusion-sep-clear\"><\/div><div class=\"fusion-clearfix\"><\/div><\/div><\/div><div class=\"fusion-layout-column fusion_builder_column fusion-builder-column-1 fusion_builder_column_1_3 1_3 fusion-one-third fusion-column-first\" style=\"width:33.333333333333%;width:calc(33.333333333333% - ( ( 4% + 4% ) * 0.33333333333333 ) );margin-right: 4%;margin-top:0px;margin-bottom:0px;\"><div class=\"fusion-column-wrapper fusion-flex-column-wrapper-legacy\" style=\"background-position:left top;background-repeat:no-repeat;-webkit-background-size:cover;-moz-background-size:cover;-o-background-size:cover;background-size:cover;padding: 0px 0px 0px 0px;\"><div class=\"imageframe-align-center\"><span class=\" fusion-imageframe imageframe-none imageframe-1 hover-type-zoomin\"><a href=\"http:\/\/web.philo.ulg.ac.be\/prehist\/wp-content\/uploads\/sites\/38\/2013\/11\/abri01.jpg\" class=\"fusion-lightbox\" data-rel=\"iLightbox[4d2e0273280ff05be11]\" data-title=\"L&rsquo;abri Ifri n&rsquo;Ammar\" title=\"L&rsquo;abri Ifri n&rsquo;Ammar\"><img decoding=\"async\" width=\"800\" height=\"600\" src=\"http:\/\/web.philo.ulg.ac.be\/prehist\/wp-content\/uploads\/sites\/38\/2018\/01\/mini_abri_1.jpg\" alt class=\"img-responsive wp-image-5166\"\/><\/a><\/span><\/div><div class=\"fusion-clearfix\"><\/div><\/div><\/div><div class=\"fusion-layout-column fusion_builder_column fusion-builder-column-2 fusion_builder_column_1_3 1_3 fusion-one-third\" style=\"width:33.333333333333%;width:calc(33.333333333333% - ( ( 4% + 4% ) * 0.33333333333333 ) );margin-right: 4%;margin-top:0px;margin-bottom:0px;\"><div class=\"fusion-column-wrapper fusion-flex-column-wrapper-legacy\" style=\"background-position:left top;background-repeat:no-repeat;-webkit-background-size:cover;-moz-background-size:cover;-o-background-size:cover;background-size:cover;padding: 0px 0px 0px 0px;\"><div class=\"imageframe-align-center\"><span class=\" fusion-imageframe imageframe-none imageframe-2 hover-type-zoomin\"><a href=\"http:\/\/web.philo.ulg.ac.be\/prehist\/wp-content\/uploads\/sites\/38\/2013\/11\/abri02.jpg\" class=\"fusion-lightbox\" data-rel=\"iLightbox[715855433cdf291de69]\" data-title=\"Vue ae\u0301rienne sur l&rsquo;abri\" title=\"Vue ae\u0301rienne sur l&rsquo;abri\"><img decoding=\"async\" width=\"800\" height=\"600\" src=\"http:\/\/web.philo.ulg.ac.be\/prehist\/wp-content\/uploads\/sites\/38\/2018\/01\/mini_abri_2.jpg\" alt class=\"img-responsive wp-image-5167\"\/><\/a><\/span><\/div><div class=\"fusion-clearfix\"><\/div><\/div><\/div><div class=\"fusion-layout-column fusion_builder_column fusion-builder-column-3 fusion_builder_column_1_3 1_3 fusion-one-third fusion-column-last\" style=\"width:33.333333333333%;width:calc(33.333333333333% - ( ( 4% + 4% ) * 0.33333333333333 ) );margin-top:0px;margin-bottom:0px;\"><div class=\"fusion-column-wrapper fusion-flex-column-wrapper-legacy\" style=\"background-position:left top;background-repeat:no-repeat;-webkit-background-size:cover;-moz-background-size:cover;-o-background-size:cover;background-size:cover;padding: 0px 0px 0px 0px;\"><div class=\"imageframe-align-center\"><span class=\" fusion-imageframe imageframe-none imageframe-3 hover-type-zoomin\"><a href=\"http:\/\/web.philo.ulg.ac.be\/prehist\/wp-content\/uploads\/sites\/38\/2013\/11\/abri03.jpg\" class=\"fusion-lightbox\" data-rel=\"iLightbox[84d6136e7699f2c269a]\" data-title=\"Vue sur la falaise du Selloum, face a\u0300 l&rsquo;abri Ifri n&rsquo;Ammar\" title=\"Vue sur la falaise du Selloum, face a\u0300 l&rsquo;abri Ifri n&rsquo;Ammar\"><img decoding=\"async\" width=\"800\" height=\"600\" src=\"http:\/\/web.philo.ulg.ac.be\/prehist\/wp-content\/uploads\/sites\/38\/2018\/01\/mini_abri_3.jpg\" alt class=\"img-responsive wp-image-5165\"\/><\/a><\/span><\/div><div class=\"fusion-clearfix\"><\/div><\/div><\/div><\/div><\/div>\n","protected":false},"excerpt":{"rendered":"","protected":false},"author":2,"featured_media":0,"parent":0,"menu_order":0,"comment_status":"closed","ping_status":"closed","template":"","meta":{"footnotes":""},"class_list":["post-4083","page","type-page","status-publish","hentry"],"_links":{"self":[{"href":"http:\/\/web.philo.ulg.ac.be\/prehist\/wp-json\/wp\/v2\/pages\/4083","targetHints":{"allow":["GET"]}}],"collection":[{"href":"http:\/\/web.philo.ulg.ac.be\/prehist\/wp-json\/wp\/v2\/pages"}],"about":[{"href":"http:\/\/web.philo.ulg.ac.be\/prehist\/wp-json\/wp\/v2\/types\/page"}],"author":[{"embeddable":true,"href":"http:\/\/web.philo.ulg.ac.be\/prehist\/wp-json\/wp\/v2\/users\/2"}],"replies":[{"embeddable":true,"href":"http:\/\/web.philo.ulg.ac.be\/prehist\/wp-json\/wp\/v2\/comments?post=4083"}],"version-history":[{"count":6,"href":"http:\/\/web.philo.ulg.ac.be\/prehist\/wp-json\/wp\/v2\/pages\/4083\/revisions"}],"predecessor-version":[{"id":9315,"href":"http:\/\/web.philo.ulg.ac.be\/prehist\/wp-json\/wp\/v2\/pages\/4083\/revisions\/9315"}],"wp:attachment":[{"href":"http:\/\/web.philo.ulg.ac.be\/prehist\/wp-json\/wp\/v2\/media?parent=4083"}],"curies":[{"name":"wp","href":"https:\/\/api.w.org\/{rel}","templated":true}]}}