{"id":5509,"date":"2013-12-16T09:10:51","date_gmt":"2013-12-16T08:10:51","guid":{"rendered":"http:\/\/web.philo.ulg.ac.be\/prehist\/?page_id=5509"},"modified":"2018-01-19T16:47:14","modified_gmt":"2018-01-19T15:47:14","slug":"tolbor-mongolie","status":"publish","type":"page","link":"http:\/\/web.philo.ulg.ac.be\/prehist\/tolbor-mongolie\/","title":{"rendered":"Tolbor, Mongolie"},"content":{"rendered":"<div class=\"fusion-fullwidth fullwidth-box fusion-builder-row-1 nonhundred-percent-fullwidth non-hundred-percent-height-scrolling\" style=\"background-color: rgba(255,255,255,0);background-position: center center;background-repeat: no-repeat;padding-top:0px;padding-right:0px;padding-bottom:0px;padding-left:0px;margin-bottom: 0px;margin-top: 0px;border-width: 0px 0px 0px 0px;border-color:#eae9e9;border-style:solid;\" ><div class=\"fusion-builder-row fusion-row\"><div class=\"fusion-layout-column fusion_builder_column fusion-builder-column-0 fusion_builder_column_1_1 1_1 fusion-one-full fusion-column-first fusion-column-last\" style=\"margin-top:0px;margin-bottom:0px;\"><div class=\"fusion-column-wrapper fusion-flex-column-wrapper-legacy\" style=\"background-position:left top;background-repeat:no-repeat;-webkit-background-size:cover;-moz-background-size:cover;-o-background-size:cover;background-size:cover;padding: 0px 0px 0px 0px;\"><style type=\"text\/css\"><\/style><div class=\"fusion-title title fusion-title-1 sep-underline sep-solid fusion-title-text fusion-title-size-five\" style=\"border-bottom-color:#00a400;margin-top:0px;margin-right:0px;margin-bottom:31px;margin-left:0px;\"><h5 class=\"title-heading-left fusion-responsive-typography-calculated\" style=\"margin:0;--fontSize:19;--minFontSize:19px;line-height:1.5;\"><b>TOLBOR, MONGOLIE<\/b><\/h5><\/div><div class=\"fusion-text fusion-text-1\"><p><em>Fouilles de Nicola Zwyns &amp; Damien Flas<\/em><\/p>\n<p style=\"text-align: justify;\">Le site de Tolbor 16 est situ\u00e9 dans le Ikh Tulberiin Gol (la vall\u00e9e de la rivi\u00e8re Tolbor), \u00e0 environ 7 km de sa confluence avec la Selenga. Cette derni\u00e8re rivi\u00e8re s\u2019\u00e9coule vers le Nord pour rejoindre le lac Ba\u00efkal et constitue un axe important de circulation \u00e0 travers les monts Sa\u00efan et les monts Yablonoi.<\/p>\n<p style=\"text-align: justify;\">Le site a \u00e9t\u00e9 d\u00e9couvert et sond\u00e9 en 2010 et est fouill\u00e9 depuis 2011. Les r\u00e9sultats pr\u00e9liminaires de ces travaux indiquent notamment la pr\u00e9sence de plusieurs occupations datant des phases anciennes du Pal\u00e9olithique sup\u00e9rieur. La succession de deux complexes y appara\u00eet probable, succession similaire \u00e0 celles de sites voisins, tel Tolbor 4, avec une industrie du Initial Upper Palaeolithic dat\u00e9e vers 40.000 BP,\u00a0suivie par l\u2019industrie du Early Upper Palaeolithic aux environs de 34-33.000 BP.<\/p>\n<p style=\"text-align: justify;\">Les donn\u00e9es r\u00e9colt\u00e9es \u00e0 Tolbor 16 vont permettre de tester diff\u00e9rentes hypoth\u00e8ses concernant l\u2019existence de ces deux phases, leurs homog\u00e9n\u00e9it\u00e9s \u00e0 travers l\u2019Asie septentrionale (entre les monts Alta\u00ef, le lac Ba\u00efkal et le Nord de la Mongolie) et la reconnaissance de la Selenga en tant qu\u2019axe de circulation pour les populations du d\u00e9but du Pal\u00e9olithique sup\u00e9rieur.<\/p>\n<p style=\"text-align: justify;\">Les travaux \u00e0 Tolbor 16 sont dirig\u00e9s par Dr. Nicolas Zwyns (University of California Davis) et Dr. Biamba Gunchinsuren (Institute of Archaeology, Mogolian Academy of Sciences).<\/p>\n<p style=\"text-align: justify;\">Damien Flas (FNRS, ULg) participe aux travaux de terrain et \u00e0 l\u2019\u00e9tude du mat\u00e9riel lithique, au sein d\u2019une \u00e9quipe internationale r\u00e9unissant \u00e9galement des chercheurs du Max Planck Institute for Evolutionnary Anthropology (Leipzig), de l\u2019Institute of Archaeology and Ethnography (Russian Academy of Sciences, Novossibirsk), de l\u2019University of South Carolina, de l\u2019University of Cambridge, de l\u2019University of British Columbia et de la Bournemouth University.<\/p>\n<p style=\"text-align: justify;\">Le financement et le soutien logistique sont assur\u00e9s par la Leakey Fundation, l\u2019University of California Davis, le Max Planck Institute for Evolutionnary Anthropolgy et le Russian Found for Science and Humanities.<\/p>\n<\/div><div class=\"fusion-sep-clear\"><\/div><div class=\"fusion-separator fusion-full-width-sep\" style=\"margin-left: auto;margin-right: auto;margin-bottom:70px;width:100%;\"><\/div><div class=\"fusion-sep-clear\"><\/div><div class=\"fusion-clearfix\"><\/div><\/div><\/div><div class=\"fusion-layout-column fusion_builder_column fusion-builder-column-1 fusion_builder_column_1_3 1_3 fusion-one-third fusion-column-first\" style=\"width:33.333333333333%;width:calc(33.333333333333% - ( ( 4% + 4% ) * 0.33333333333333 ) );margin-right: 4%;margin-top:0px;margin-bottom:0px;\"><div class=\"fusion-column-wrapper fusion-flex-column-wrapper-legacy\" style=\"background-position:left top;background-repeat:no-repeat;-webkit-background-size:cover;-moz-background-size:cover;-o-background-size:cover;background-size:cover;\"><div class=\"imageframe-align-center\"><span class=\" fusion-imageframe imageframe-none imageframe-1 hover-type-zoomin\"><a href=\"http:\/\/web.philo.ulg.ac.be\/prehist\/wp-content\/uploads\/sites\/38\/2013\/12\/Mongolie03.jpg\" class=\"fusion-lightbox\" data-rel=\"iLightbox[20651a499b619152d7f]\"><img decoding=\"async\" width=\"960\" height=\"720\" src=\"http:\/\/web.philo.ulg.ac.be\/prehist\/wp-content\/uploads\/sites\/38\/2018\/01\/mini_mongo_1.jpg\" alt class=\"img-responsive wp-image-5517\"\/><\/a><\/span><\/div><div class=\"fusion-clearfix\"><\/div><\/div><\/div><div class=\"fusion-layout-column fusion_builder_column fusion-builder-column-2 fusion_builder_column_1_3 1_3 fusion-one-third\" style=\"width:33.333333333333%;width:calc(33.333333333333% - ( ( 4% + 4% ) * 0.33333333333333 ) );margin-right: 4%;margin-top:0px;margin-bottom:0px;\"><div class=\"fusion-column-wrapper fusion-flex-column-wrapper-legacy\" style=\"background-position:left top;background-repeat:no-repeat;-webkit-background-size:cover;-moz-background-size:cover;-o-background-size:cover;background-size:cover;\"><div class=\"imageframe-align-center\"><span class=\" fusion-imageframe imageframe-none imageframe-2 hover-type-zoomin\"><a href=\"http:\/\/web.philo.ulg.ac.be\/prehist\/wp-content\/uploads\/sites\/38\/2013\/12\/Mongolie01.jpg\" class=\"fusion-lightbox\" data-rel=\"iLightbox[a4213110420fb758669]\"><img decoding=\"async\" width=\"960\" height=\"720\" src=\"http:\/\/web.philo.ulg.ac.be\/prehist\/wp-content\/uploads\/sites\/38\/2018\/01\/mini_mongo_2.jpg\" alt class=\"img-responsive wp-image-5515\"\/><\/a><\/span><\/div><div class=\"fusion-clearfix\"><\/div><\/div><\/div><div class=\"fusion-layout-column fusion_builder_column fusion-builder-column-3 fusion_builder_column_1_3 1_3 fusion-one-third fusion-column-last\" style=\"width:33.333333333333%;width:calc(33.333333333333% - ( ( 4% + 4% ) * 0.33333333333333 ) );margin-top:0px;margin-bottom:0px;\"><div class=\"fusion-column-wrapper fusion-flex-column-wrapper-legacy\" style=\"background-position:left top;background-repeat:no-repeat;-webkit-background-size:cover;-moz-background-size:cover;-o-background-size:cover;background-size:cover;\"><div class=\"imageframe-align-center\"><span class=\" fusion-imageframe imageframe-none imageframe-3 hover-type-zoomin\"><a href=\"http:\/\/web.philo.ulg.ac.be\/prehist\/wp-content\/uploads\/sites\/38\/2013\/12\/Mongolie02.jpg\" class=\"fusion-lightbox\" data-rel=\"iLightbox[d63c393c17efb20d9d9]\"><img decoding=\"async\" width=\"720\" height=\"960\" src=\"http:\/\/web.philo.ulg.ac.be\/prehist\/wp-content\/uploads\/sites\/38\/2018\/01\/mini_mongo_3.jpg\" alt class=\"img-responsive wp-image-5516\"\/><\/a><\/span><\/div><div class=\"fusion-clearfix\"><\/div><\/div><\/div><\/div><\/div>\n","protected":false},"excerpt":{"rendered":"","protected":false},"author":2,"featured_media":0,"parent":0,"menu_order":0,"comment_status":"closed","ping_status":"closed","template":"","meta":{"footnotes":""},"class_list":["post-5509","page","type-page","status-publish","hentry"],"_links":{"self":[{"href":"http:\/\/web.philo.ulg.ac.be\/prehist\/wp-json\/wp\/v2\/pages\/5509","targetHints":{"allow":["GET"]}}],"collection":[{"href":"http:\/\/web.philo.ulg.ac.be\/prehist\/wp-json\/wp\/v2\/pages"}],"about":[{"href":"http:\/\/web.philo.ulg.ac.be\/prehist\/wp-json\/wp\/v2\/types\/page"}],"author":[{"embeddable":true,"href":"http:\/\/web.philo.ulg.ac.be\/prehist\/wp-json\/wp\/v2\/users\/2"}],"replies":[{"embeddable":true,"href":"http:\/\/web.philo.ulg.ac.be\/prehist\/wp-json\/wp\/v2\/comments?post=5509"}],"version-history":[{"count":6,"href":"http:\/\/web.philo.ulg.ac.be\/prehist\/wp-json\/wp\/v2\/pages\/5509\/revisions"}],"predecessor-version":[{"id":9310,"href":"http:\/\/web.philo.ulg.ac.be\/prehist\/wp-json\/wp\/v2\/pages\/5509\/revisions\/9310"}],"wp:attachment":[{"href":"http:\/\/web.philo.ulg.ac.be\/prehist\/wp-json\/wp\/v2\/media?parent=5509"}],"curies":[{"name":"wp","href":"https:\/\/api.w.org\/{rel}","templated":true}]}}