{"id":6146,"date":"2014-06-07T14:07:03","date_gmt":"2014-06-07T12:07:03","guid":{"rendered":"http:\/\/web.philo.ulg.ac.be\/prehist\/?page_id=6146"},"modified":"2018-01-19T12:24:39","modified_gmt":"2018-01-19T11:24:39","slug":"origines","status":"publish","type":"page","link":"http:\/\/web.philo.ulg.ac.be\/prehist\/origines\/","title":{"rendered":"Origines"},"content":{"rendered":"<div class=\"fusion-fullwidth fullwidth-box fusion-builder-row-1 nonhundred-percent-fullwidth non-hundred-percent-height-scrolling\" style=\"background-color: rgba(255,255,255,0);background-position: center center;background-repeat: no-repeat;padding-top:0px;padding-right:0px;padding-bottom:0px;padding-left:0px;margin-bottom: 0px;margin-top: 0px;border-width: 0px 0px 0px 0px;border-color:#eae9e9;border-style:solid;\" ><div class=\"fusion-builder-row fusion-row\"><div class=\"fusion-layout-column fusion_builder_column fusion-builder-column-0 fusion_builder_column_1_1 1_1 fusion-one-full fusion-column-first fusion-column-last\" style=\"margin-top:0px;margin-bottom:0px;\"><div class=\"fusion-column-wrapper fusion-flex-column-wrapper-legacy\" style=\"background-position:left top;background-repeat:no-repeat;-webkit-background-size:cover;-moz-background-size:cover;-o-background-size:cover;background-size:cover;padding: 0px 0px 0px 0px;\"><style type=\"text\/css\"><\/style><div class=\"fusion-title title fusion-title-1 sep-underline sep-solid fusion-title-text fusion-title-size-five\" style=\"border-bottom-color:#00a400;margin-top:0px;margin-right:0px;margin-bottom:31px;margin-left:0px;\"><h5 class=\"title-heading-left fusion-responsive-typography-calculated\" style=\"margin:0;--fontSize:19;--minFontSize:19px;line-height:1.5;\"><b>ORIGINES<\/b><\/h5><\/div><div class=\"fusion-text fusion-text-1\"><p style=\"text-align: justify;\"><b><i>Origines <\/i><\/b>est le dernier n\u00e9 des collections du Service de Pr\u00e9histoire de l&rsquo;Universit\u00e9 de Li\u00e8ge. Son premier volume a paru en juin 2014, sous la plume de Rebecca Miller, <a href=\"http:\/\/web.philo.ulg.ac.be\/Marcel_Otte\/\" target=\"_blank\" rel=\"noopener\">Marcel Otte<\/a> &amp; John Stewart, <b><i>Le site pr\u00e9historique du Trou Al\u2019Wesse, Modave<\/i><\/b>.<\/p>\n<p style=\"text-align: justify;\">Abondamment illustr\u00e9e et imprim\u00e9e en quadrichromie dans un format convivial, cette collection est destin\u00e9e \u00e0 un public large dans l\u2019objectif de susciter l\u2019int\u00e9r\u00eat, les vocations. Il s\u2019agit d\u2019y traiter de mani\u00e8re concise des th\u00e8mes de recherches resitu\u00e9s dans leur contexte, sorte de pr\u00e9ambule \u00e0 la s\u00e9rie ERAUL assurant l\u2019\u00e9dition de recherches de tr\u00e8s haute tenue \u00e0 vocation exclusivement scientifique.<\/p>\n<p style=\"text-align: justify;\">Sous la direction de <a href=\"http:\/\/web.philo.ulg.ac.be\/Marcel_Otte\/\" target=\"_blank\" rel=\"noopener\">Marcel Otte<\/a>, la collection <b><i>Origines<\/i><\/b> est ouverte \u00e0 tout chercheur en sciences historiques.<\/p>\n<\/div><div class=\"fusion-sep-clear\"><\/div><div class=\"fusion-separator fusion-full-width-sep\" style=\"margin-left: auto;margin-right: auto;margin-bottom:70px;width:100%;\"><\/div><div class=\"fusion-sep-clear\"><\/div><style type=\"text\/css\">.fusion-gallery-1 .fusion-gallery-image {border:0px solid #f6f6f6;}<\/style><div class=\"fusion-gallery fusion-gallery-container fusion-grid-2 fusion-columns-total-2 fusion-gallery-layout-grid fusion-gallery-1\" style=\"margin:-5px;\"><div style=\"padding:5px;\" class=\"fusion-grid-column fusion-gallery-column fusion-gallery-column-2 hover-type-none\"><div class=\"fusion-gallery-image\"><img decoding=\"async\" src=\"http:\/\/web.philo.ulg.ac.be\/prehist\/wp-content\/uploads\/sites\/38\/2018\/01\/taw1.jpg\" width=\"549\" height=\"192\" alt=\"\" title=\"taw1\" aria-label=\"taw1\" class=\"img-responsive wp-image-9205\" srcset=\"http:\/\/web.philo.ulg.ac.be\/prehist\/wp-content\/uploads\/sites\/38\/2018\/01\/taw1-200x70.jpg 200w, http:\/\/web.philo.ulg.ac.be\/prehist\/wp-content\/uploads\/sites\/38\/2018\/01\/taw1-400x140.jpg 400w, http:\/\/web.philo.ulg.ac.be\/prehist\/wp-content\/uploads\/sites\/38\/2018\/01\/taw1.jpg 549w\" sizes=\"(min-width: 2200px) 100vw, (min-width: 712px) 583px, (min-width: 640px) 712px, \" \/><\/div><\/div><div style=\"padding:5px;\" class=\"fusion-grid-column fusion-gallery-column fusion-gallery-column-2 hover-type-none\"><div class=\"fusion-gallery-image\"><img decoding=\"async\" src=\"http:\/\/web.philo.ulg.ac.be\/prehist\/wp-content\/uploads\/sites\/38\/2018\/01\/taw4.jpg\" width=\"549\" height=\"192\" alt=\"\" title=\"taw4\" aria-label=\"taw4\" class=\"img-responsive wp-image-9208\" srcset=\"http:\/\/web.philo.ulg.ac.be\/prehist\/wp-content\/uploads\/sites\/38\/2018\/01\/taw4-200x70.jpg 200w, http:\/\/web.philo.ulg.ac.be\/prehist\/wp-content\/uploads\/sites\/38\/2018\/01\/taw4-400x140.jpg 400w, http:\/\/web.philo.ulg.ac.be\/prehist\/wp-content\/uploads\/sites\/38\/2018\/01\/taw4.jpg 549w\" sizes=\"(min-width: 2200px) 100vw, (min-width: 712px) 583px, (min-width: 640px) 712px, \" \/><\/div><\/div><div class=\"clearfix\"><\/div><\/div><div class=\"fusion-clearfix\"><\/div><\/div><\/div><\/div><\/div>\n","protected":false},"excerpt":{"rendered":"","protected":false},"author":2,"featured_media":0,"parent":0,"menu_order":0,"comment_status":"closed","ping_status":"closed","template":"","meta":{"footnotes":""},"class_list":["post-6146","page","type-page","status-publish","hentry"],"_links":{"self":[{"href":"http:\/\/web.philo.ulg.ac.be\/prehist\/wp-json\/wp\/v2\/pages\/6146","targetHints":{"allow":["GET"]}}],"collection":[{"href":"http:\/\/web.philo.ulg.ac.be\/prehist\/wp-json\/wp\/v2\/pages"}],"about":[{"href":"http:\/\/web.philo.ulg.ac.be\/prehist\/wp-json\/wp\/v2\/types\/page"}],"author":[{"embeddable":true,"href":"http:\/\/web.philo.ulg.ac.be\/prehist\/wp-json\/wp\/v2\/users\/2"}],"replies":[{"embeddable":true,"href":"http:\/\/web.philo.ulg.ac.be\/prehist\/wp-json\/wp\/v2\/comments?post=6146"}],"version-history":[{"count":5,"href":"http:\/\/web.philo.ulg.ac.be\/prehist\/wp-json\/wp\/v2\/pages\/6146\/revisions"}],"predecessor-version":[{"id":9218,"href":"http:\/\/web.philo.ulg.ac.be\/prehist\/wp-json\/wp\/v2\/pages\/6146\/revisions\/9218"}],"wp:attachment":[{"href":"http:\/\/web.philo.ulg.ac.be\/prehist\/wp-json\/wp\/v2\/media?parent=6146"}],"curies":[{"name":"wp","href":"https:\/\/api.w.org\/{rel}","templated":true}]}}