{"id":6405,"date":"2014-09-21T11:28:25","date_gmt":"2014-09-21T09:28:25","guid":{"rendered":"http:\/\/web.philo.ulg.ac.be\/prehist\/?page_id=6405"},"modified":"2018-01-19T12:23:17","modified_gmt":"2018-01-19T11:23:17","slug":"prehistoire-europeenne","status":"publish","type":"page","link":"http:\/\/web.philo.ulg.ac.be\/prehist\/prehistoire-europeenne\/","title":{"rendered":"Pr\u00e9histoire europ\u00e9enne"},"content":{"rendered":"<div class=\"fusion-fullwidth fullwidth-box fusion-builder-row-1 nonhundred-percent-fullwidth non-hundred-percent-height-scrolling\" style=\"background-color: rgba(255,255,255,0);background-position: center center;background-repeat: no-repeat;padding-top:0px;padding-right:0px;padding-bottom:0px;padding-left:0px;margin-bottom: 0px;margin-top: 0px;border-width: 0px 0px 0px 0px;border-color:#eae9e9;border-style:solid;\" ><div class=\"fusion-builder-row fusion-row\"><div class=\"fusion-layout-column fusion_builder_column fusion-builder-column-0 fusion_builder_column_1_1 1_1 fusion-one-full fusion-column-first fusion-column-last\" style=\"margin-top:0px;margin-bottom:0px;\"><div class=\"fusion-column-wrapper fusion-flex-column-wrapper-legacy\" style=\"background-position:left top;background-repeat:no-repeat;-webkit-background-size:cover;-moz-background-size:cover;-o-background-size:cover;background-size:cover;padding: 0px 0px 0px 0px;\"><style type=\"text\/css\"><\/style><div class=\"fusion-title title fusion-title-1 sep-underline sep-solid fusion-title-text fusion-title-size-five\" style=\"border-bottom-color:#00a400;margin-top:0px;margin-right:0px;margin-bottom:31px;margin-left:0px;\"><h5 class=\"title-heading-left fusion-responsive-typography-calculated\" style=\"margin:0;--fontSize:19;--minFontSize:19px;line-height:1.5;\"><b>PR\u00c9HISTOIRE EUROP\u00c9ENNE<\/b><\/h5><\/div><div class=\"fusion-text fusion-text-1\"><p style=\"text-align: justify;\">Le Service de Pr\u00e9histoire a \u00e9dit\u00e9 une revue intitul\u00e9e \u00ab\u00a0Pr\u00e9histoire europ\u00e9enne\u00a0\u00bb consacr\u00e9e \u00e0 la diffusion rapide d&rsquo;informations sur les civilisations pr\u00e9historiques du continent europ\u00e9en. Elle se concentrait sur des th\u00e8mes g\u00e9n\u00e9raux pr\u00eatant \u00e0 des comparaisons supra-r\u00e9gionales et \u00e0 des interpr\u00e9tations \u00e0 caract\u00e8re historique ou anthropologique.<\/p>\n<\/div><div class=\"fusion-clearfix\"><\/div><\/div><\/div><\/div><\/div>\n","protected":false},"excerpt":{"rendered":"","protected":false},"author":2,"featured_media":0,"parent":0,"menu_order":0,"comment_status":"closed","ping_status":"closed","template":"","meta":{"footnotes":""},"class_list":["post-6405","page","type-page","status-publish","hentry"],"_links":{"self":[{"href":"http:\/\/web.philo.ulg.ac.be\/prehist\/wp-json\/wp\/v2\/pages\/6405","targetHints":{"allow":["GET"]}}],"collection":[{"href":"http:\/\/web.philo.ulg.ac.be\/prehist\/wp-json\/wp\/v2\/pages"}],"about":[{"href":"http:\/\/web.philo.ulg.ac.be\/prehist\/wp-json\/wp\/v2\/types\/page"}],"author":[{"embeddable":true,"href":"http:\/\/web.philo.ulg.ac.be\/prehist\/wp-json\/wp\/v2\/users\/2"}],"replies":[{"embeddable":true,"href":"http:\/\/web.philo.ulg.ac.be\/prehist\/wp-json\/wp\/v2\/comments?post=6405"}],"version-history":[{"count":4,"href":"http:\/\/web.philo.ulg.ac.be\/prehist\/wp-json\/wp\/v2\/pages\/6405\/revisions"}],"predecessor-version":[{"id":9217,"href":"http:\/\/web.philo.ulg.ac.be\/prehist\/wp-json\/wp\/v2\/pages\/6405\/revisions\/9217"}],"wp:attachment":[{"href":"http:\/\/web.philo.ulg.ac.be\/prehist\/wp-json\/wp\/v2\/media?parent=6405"}],"curies":[{"name":"wp","href":"https:\/\/api.w.org\/{rel}","templated":true}]}}