{"id":6861,"date":"2014-10-13T13:59:17","date_gmt":"2014-10-13T11:59:17","guid":{"rendered":"http:\/\/web.philo.ulg.ac.be\/prehist\/?page_id=6861"},"modified":"2018-01-19T11:51:58","modified_gmt":"2018-01-19T10:51:58","slug":"okuzini-turquie","status":"publish","type":"page","link":"http:\/\/web.philo.ulg.ac.be\/prehist\/okuzini-turquie\/","title":{"rendered":"\u00d6k\u00fczini, Turquie"},"content":{"rendered":"<div class=\"fusion-fullwidth fullwidth-box fusion-builder-row-1 nonhundred-percent-fullwidth non-hundred-percent-height-scrolling\" style=\"background-color: rgba(255,255,255,0);background-position: center center;background-repeat: no-repeat;padding-top:0px;padding-right:0px;padding-bottom:0px;padding-left:0px;margin-bottom: 0px;margin-top: 0px;border-width: 0px 0px 0px 0px;border-color:#eae9e9;border-style:solid;\" ><div class=\"fusion-builder-row fusion-row\"><div class=\"fusion-layout-column fusion_builder_column fusion-builder-column-0 fusion_builder_column_1_1 1_1 fusion-one-full fusion-column-first fusion-column-last\" style=\"margin-top:0px;margin-bottom:0px;\"><div class=\"fusion-column-wrapper fusion-flex-column-wrapper-legacy\" style=\"background-position:left top;background-repeat:no-repeat;-webkit-background-size:cover;-moz-background-size:cover;-o-background-size:cover;background-size:cover;padding: 0px 0px 0px 0px;\"><style type=\"text\/css\"><\/style><div class=\"fusion-title title fusion-title-1 sep-underline sep-solid fusion-title-text fusion-title-size-five\" style=\"border-bottom-color:#00a400;margin-top:0px;margin-right:0px;margin-bottom:31px;margin-left:0px;\"><h5 class=\"title-heading-left fusion-responsive-typography-calculated\" style=\"margin:0;--fontSize:19;--minFontSize:19px;line-height:1.5;\"><b>\u00d6K\u00dcZINI, TURQUIE<\/b><\/h5><\/div><div class=\"fusion-text fusion-text-1\"><p><em>Fouilles de <a href=\"http:\/\/web.philo.ulg.ac.be\/Marcel_Otte\/\" target=\"_blank\" rel=\"noopener\">Marcel Otte<\/a><\/em><\/p>\n<p style=\"text-align: justify;\">Situ\u00e9e sur l&rsquo;aire de passage entre le Levant et l&rsquo;Europe, l&rsquo;Anatolie reste mal connue du point de vue pal\u00e9olithique en d\u00e9pit de son importance cruciale g\u00e9ographique. Sur le plan culturel, les civilisations qui s&rsquo;y d\u00e9veloppent illustrent aussi le passage des derniers chasseurs vers les agriculteurs, selon des processus encore m\u00e9connus.<\/p>\n<p style=\"text-align: justify;\">Les s\u00e9quences \u00e9volutives de l&rsquo;Epi-pal\u00e9olithique local y sont donc \u00e0 la fois rares et importantes. C&rsquo;est pourquoi une s\u00e9rie de campagnes de fouilles fut organis\u00e9e, par une \u00e9quipe multi-disciplinaire et internationale dans le sud-ouest de l&rsquo;Anatolie, aux sites de Karain et d&rsquo;\u00d6k\u00fczini. L&rsquo;ensemble permet de reconstituer aujourd&rsquo;hui l&rsquo;\u00e9volution culturelle des derni\u00e8res soci\u00e9t\u00e9s de chasseurs dans lesquelles l&rsquo;agriculture fut introduite.<\/p>\n<\/div><div class=\"fusion-sep-clear\"><\/div><div class=\"fusion-separator fusion-full-width-sep\" style=\"margin-left: auto;margin-right: auto;margin-bottom:70px;width:100%;\"><\/div><div class=\"fusion-sep-clear\"><\/div><style type=\"text\/css\"><\/style><div class=\"fusion-title title fusion-title-2 sep-underline sep-solid fusion-title-text fusion-title-size-five\" style=\"border-bottom-color:#00a400;margin-top:0px;margin-right:0px;margin-bottom:31px;margin-left:0px;\"><h5 class=\"title-heading-left fusion-responsive-typography-calculated\" style=\"margin:0;--fontSize:19;--minFontSize:19px;line-height:1.5;\"><b>SITUATION<\/b><\/p><\/h5><\/div><div class=\"fusion-text fusion-text-2\"><p style=\"text-align: justify;\">Pr\u00e8s du village de Ya\u011fca, la grotte d&rsquo;\u00d6k\u00fczini dont l&rsquo;ouverture est orient\u00e9e au nord-ouest, s&rsquo;ouvre au pied de la montagne Katran (sur la cha\u00eene de Taurus) \u00e0 la rencontre avec la plaine alluviale et \u00e0 proximit\u00e9 d&rsquo;une importante source karstique. Elle se situe \u00e0 5 m. de hauteur par rapport \u00e0 la plaine pr\u00e9c\u00e9dente. La falaise dans laquelle \u00d6k\u00fczini s&rsquo;est form\u00e9e, se trouve \u00e0 trente deux kilom\u00e8tres de la c\u00f4te m\u00e9diterran\u00e9enne, \u00e0 la ville d&rsquo;Antalya et \u00e0 1 km. au nord-est de Karain (Fig. 1).<\/p>\n<p style=\"text-align: justify;\">Du point de vue morphologique, cette zone est form\u00e9e de deux paysages diff\u00e9rents: Le premier est la plaine \u00e9tendue depuis les falaises c\u00f4ti\u00e8res et se situe \u00e0 300 m. d&rsquo;altitude. Elle fut surtout form\u00e9e durant Mioc\u00e8ne et le Pl\u00e9istoc\u00e8ne (Burger, 1985). Le second est constitu\u00e9 de la cha\u00eene montagneuse. G\u00e9ologiquement, ces montagnes sont faites de calcaire d&rsquo;\u00e2ge cr\u00e9tac\u00e9 et furent soulev\u00e9es durant l&rsquo;orogen\u00e8se alpine. Ainsi, de nombreuses grottes furent form\u00e9es au sein du massif et vers sa base en contact avec la plaine.<\/p>\n<p style=\"text-align: justify;\">La grotte d&rsquo;\u00d6k\u00fczini fut constitu\u00e9e par la r\u00e9surgence d&rsquo;une ancienne rivi\u00e8re souterraine traversant les calcaires cr\u00e9tac\u00e9s. Des \u00e9l\u00e9ments du plafond originel se sont \u00e9boul\u00e9s et restent visibles aujourd&rsquo;hui en une s\u00e9rie de blocs \u00e9normes. Quelques uns de ces blocs gigentesques se trouvent devant l&rsquo;entr\u00e9e, tandis que d&rsquo;autres furent mis au jour durant les fouilles.<\/p>\n<p style=\"text-align: justify;\">La grotte elle-m\u00eame se dispose selon un corridor allong\u00e9 se r\u00e9tr\u00e9cissant \u00e0 une vingtaine de m\u00e8tres de l&rsquo;entr\u00e9e actuelle. La salle d&rsquo;entr\u00e9e est facilement accessible et assez bien \u00e9clair\u00e9e. Elle s&rsquo;ouvre en d&rsquo;autre galeries (Fig. 2). En d\u00e9pit de sa petite taille, cette salle o\u00f9 les fouilles sont r\u00e9alis\u00e9es, contient une longue s\u00e9quence s\u00e9dimentaire, tr\u00e8s riche en vestiges d&rsquo;occupation \u00e9pi-pal\u00e9olithiques et protohistoriques. Tout au sommet existent de faibles traces d&rsquo;Age romain.<\/p>\n<\/div><div class=\"fusion-sep-clear\"><\/div><div class=\"fusion-separator fusion-full-width-sep\" style=\"margin-left: auto;margin-right: auto;margin-bottom:70px;width:100%;\"><\/div><div class=\"fusion-sep-clear\"><\/div><style type=\"text\/css\"><\/style><div class=\"fusion-title title fusion-title-3 sep-underline sep-solid fusion-title-text fusion-title-size-five\" style=\"border-bottom-color:#00a400;margin-top:0px;margin-right:0px;margin-bottom:31px;margin-left:0px;\"><h5 class=\"title-heading-left fusion-responsive-typography-calculated\" style=\"margin:0;--fontSize:19;--minFontSize:19px;line-height:1.5;\"><b>HISTORIQUE<\/b><\/h5><\/div><div class=\"fusion-text fusion-text-3\"><p style=\"text-align: justify;\">La grotte d\u2019\u00d6k\u00fczini fut d\u00e9couverte par le professeur \u0130.K. K\u00f6kten lors de prospections effectu\u00e9es dans le cadre de ses fouilles \u00e0 la grotte de Karain, pendant les ann\u00e9es 50. Ses fouilles consistant en un vaste sondage, d\u00e9but\u00e8rent en 1956 au centre de la salle d&rsquo;eutr\u00e9e. Son sondage \u00e9tendait sur 40 m\u00e8tres carr\u00e9s et poss\u00e9dait une profondeur de 2.52 m\u00e8tres (K\u00f6kten, 1959:13). Il y mit au jour une longue s\u00e9quence avec du n\u00e9olithique et des ensembles pal\u00e9olithiques, consid\u00e9r\u00e9s comme \u201caurignaciens\u201d (K\u00f6kten 1958, 1963) bien qu\u2019il s\u2019agisse en fait d&rsquo;\u00e9pi-pal\u00e9olithique avec d&rsquo;abondants microlithes. Parmi ses d\u00e9couvertes principales se trouvait un galet repr\u00e9sentant une gravure d&rsquo;un boeuf (K\u00f6kten, 1962:41, Pl. II.1). Il observa en outre, sur la paroi la gravure d&rsquo;un outre boeuf, aujourd&rsquo;hui invisible (K\u00f6kten, 1962:Pl. IV). Il r\u00e9alisa toutefois un moulage de cette gravure qui fut d\u00e9pos\u00e9 au Mus\u00e9e des Civilisations Anatoliennes \u00e0 Ankara. Il d\u00e9signa ainsi la grotte d&rsquo;apr\u00e8s ce bovid\u00e9 (=\u00d6k\u00fcz en turc).<\/p>\n<p style=\"text-align: justify;\">La grotte fut \u00e0 nouveau visit\u00e9e lors de prospection en 1984 et un abondant mat\u00e9riel arch\u00e9ologique y fut r\u00e9colt\u00e9 dans les remblais (Yal\u00e7\u0131nkaya, 1986:432).<\/p>\n<p style=\"text-align: justify;\">En 1989, une \u00e9quipe dirig\u00e9e par G. Albrecht de l&rsquo;Universit\u00e9 de T\u00fcbingen y r\u00e9alisa le nettoyage de la coupe du fond, laiss\u00e9e \u00e0 la suite du sondage de \u0130. K. K\u00f6kten. La s\u00e9quence stratigraphique y fut ainsi examin\u00e9e dans le but de r\u00e9colter des \u00e9chantillons pour pal\u00e9oecologie et les datations (Albrecht et al., 1992). Ceci permet d\u2019\u00e9tablir la relation avec la s\u00e9quence \u00e9pi-pal\u00e9olithique \u00e9tablie \u00e0 Karain B (Albrecht 1988, 1992). Ce nettoyage de coupe \u00e9tait limit\u00e9 \u00e0 une largeur d\u2019un m\u00e8tre sur une profondeur variant de 20 \u00e0 50 cm. Ce fut aussi l\u2019occasion de r\u00e9colter une s\u00e9quence continue d\u2019artefacts et de restes osseux, d\u00e9finissant l\u2019\u00e9volution culturelle locale.<\/p>\n<p style=\"text-align: justify;\">La fouille syst\u00e9matique fut ensuite reprise au nom du Mus\u00e9e d&rsquo;Antalya, par une \u00e9quipe multi-disciplinaire internationale, en collaboration entre I. Yal\u00e7inkaya (Universit\u00e9 d\u2019Ankara) et <a href=\"http:\/\/web.philo.ulg.ac.be\/Marcel_Otte\/\" target=\"_blank\" rel=\"noopener\">M. Otte<\/a> (Universit\u00e9 de Li\u00e8ge) (Yal\u00e7\u0131nkaya et al., 1995; Otte et al., 1995). Ils y ont entrepris les fouilles des s\u00e9diments conserv\u00e9s intacts dans les aires lat\u00e9rals au sondage de K\u00f6kten. De longs profils purent ainsi y \u00eatre d\u00e9gag\u00e9s et relev\u00e9s. La s\u00e9quence \u00e9pi-pal\u00e9olithique jusqu\u2019\u00e0 la base rocheuse et diverses s\u00e9pultures n\u00e9olithiques.<\/p>\n<p style=\"text-align: justify;\">Treize unit\u00e9s g\u00e9ologiques furent reconnus (GH 0 \u00e0 XII). Onze unit\u00e9s (GH II \u00e0 XII) contiennent une s\u00e9quence tr\u00e8s riche d&rsquo;occupations \u00e9pi-pal\u00e9olithiques avec une s\u00e9rie de foyers superpos\u00e9s en lentilles et prot\u00e9g\u00e9s du vent par des blocs dress\u00e9s (carr\u00e9s I-J 7-8, visibles dans le profil B). Les r\u00e9sultats des analyses inter-disciplinaires (palynologie, anthracologie, micro-morphologie, datations) ainsi que les analyses lithiques et fauniques sont pr\u00e9sent\u00e9s dans ce volume. Nous pouvons donc interpr\u00e8ter la nature et le changement dans l\u2019occupation humaine \u00e0 l\u2019int\u00e9rieur de son contexte environnementale au cours de l\u2019Epi-pal\u00e9olithique du sud-ouest anatolien.<\/p>\n<\/div><div class=\"fusion-sep-clear\"><\/div><div class=\"fusion-separator fusion-full-width-sep\" style=\"margin-left: auto;margin-right: auto;margin-bottom:70px;width:100%;\"><\/div><div class=\"fusion-sep-clear\"><\/div><style type=\"text\/css\"><\/style><div class=\"fusion-title title fusion-title-4 sep-underline sep-solid fusion-title-text fusion-title-size-five\" style=\"border-bottom-color:#00a400;margin-top:0px;margin-right:0px;margin-bottom:31px;margin-left:0px;\"><h5 class=\"title-heading-left fusion-responsive-typography-calculated\" style=\"margin:0;--fontSize:19;--minFontSize:19px;line-height:1.5;\"><b>INFORMATIONS COMPL\u00c9MENTAIRES<\/b><\/h5><\/div><div class=\"fusion-clearfix\"><\/div><\/div><\/div><div class=\"fusion-layout-column fusion_builder_column fusion-builder-column-1 fusion_builder_column_1_4 1_4 fusion-one-fourth fusion-column-first\" style=\"width:25%;width:calc(25% - ( ( 4% ) * 0.25 ) );margin-right: 4%;margin-top:0px;margin-bottom:0px;\"><div class=\"fusion-column-wrapper fusion-flex-column-wrapper-legacy\" style=\"background-position:left top;background-repeat:no-repeat;-webkit-background-size:cover;-moz-background-size:cover;-o-background-size:cover;background-size:cover;padding: 0px 0px 0px 0px;\"><span class=\" fusion-imageframe imageframe-none imageframe-1 hover-type-none\"><img decoding=\"async\" width=\"211\" height=\"300\" title=\"cover_eraul_96\" src=\"http:\/\/web.philo.ulg.ac.be\/prehist\/wp-content\/uploads\/sites\/38\/2018\/01\/cover_eraul_96-211x300.jpg\" alt class=\"img-responsive wp-image-9166\" srcset=\"http:\/\/web.philo.ulg.ac.be\/prehist\/wp-content\/uploads\/sites\/38\/2018\/01\/cover_eraul_96-200x284.jpg 200w, http:\/\/web.philo.ulg.ac.be\/prehist\/wp-content\/uploads\/sites\/38\/2018\/01\/cover_eraul_96.jpg 351w\" sizes=\"(max-width: 800px) 100vw, 211px\" \/><\/span><div class=\"fusion-clearfix\"><\/div><\/div><\/div><div class=\"fusion-layout-column fusion_builder_column fusion-builder-column-2 fusion_builder_column_3_4 3_4 fusion-three-fourth fusion-column-last\" style=\"width:75%;width:calc(75% - ( ( 4% ) * 0.75 ) );margin-top:0px;margin-bottom:0px;\"><div class=\"fusion-column-wrapper fusion-flex-column-wrapper-legacy\" style=\"background-position:left top;background-repeat:no-repeat;-webkit-background-size:cover;-moz-background-size:cover;-o-background-size:cover;background-size:cover;padding: 0px 0px 0px 0px;\"><div class=\"fusion-text fusion-text-4\"><p><span style=\"color: #00a400;\"><strong>ERAUL 96<\/strong><\/span><br \/>\nIsin YALCINKAYA, <a href=\"http:\/\/web.philo.ulg.ac.be\/Marcel_Otte\/\" target=\"_blank\" rel=\"noopener\">Marcel OTTE<\/a>, Janusz KOZLOWSKI &amp; Ofer BAR-YOSEF (dir.)<br \/>\nLa grotte d\u2019\u00d6k\u00fczini: \u00e9volution du Pal\u00e9olithique final du Sud-Ouest de l\u2019Anatolie<br \/>\n2002, 393 p.<br \/>\nISBN 2-930322-41-1<\/p>\n<\/div><div class=\"fusion-clearfix\"><\/div><\/div><\/div><\/div><\/div>\n","protected":false},"excerpt":{"rendered":"","protected":false},"author":2,"featured_media":0,"parent":0,"menu_order":0,"comment_status":"closed","ping_status":"closed","template":"","meta":{"footnotes":""},"class_list":["post-6861","page","type-page","status-publish","hentry"],"_links":{"self":[{"href":"http:\/\/web.philo.ulg.ac.be\/prehist\/wp-json\/wp\/v2\/pages\/6861","targetHints":{"allow":["GET"]}}],"collection":[{"href":"http:\/\/web.philo.ulg.ac.be\/prehist\/wp-json\/wp\/v2\/pages"}],"about":[{"href":"http:\/\/web.philo.ulg.ac.be\/prehist\/wp-json\/wp\/v2\/types\/page"}],"author":[{"embeddable":true,"href":"http:\/\/web.philo.ulg.ac.be\/prehist\/wp-json\/wp\/v2\/users\/2"}],"replies":[{"embeddable":true,"href":"http:\/\/web.philo.ulg.ac.be\/prehist\/wp-json\/wp\/v2\/comments?post=6861"}],"version-history":[{"count":5,"href":"http:\/\/web.philo.ulg.ac.be\/prehist\/wp-json\/wp\/v2\/pages\/6861\/revisions"}],"predecessor-version":[{"id":9196,"href":"http:\/\/web.philo.ulg.ac.be\/prehist\/wp-json\/wp\/v2\/pages\/6861\/revisions\/9196"}],"wp:attachment":[{"href":"http:\/\/web.philo.ulg.ac.be\/prehist\/wp-json\/wp\/v2\/media?parent=6861"}],"curies":[{"name":"wp","href":"https:\/\/api.w.org\/{rel}","templated":true}]}}