{"id":9316,"date":"2018-01-19T16:56:30","date_gmt":"2018-01-19T15:56:30","guid":{"rendered":"http:\/\/web.philo.ulg.ac.be\/prehist\/?page_id=9316"},"modified":"2018-04-16T09:17:52","modified_gmt":"2018-04-16T07:17:52","slug":"le-nord-ouest-europeen-au-gravettien","status":"publish","type":"page","link":"http:\/\/web.philo.ulg.ac.be\/prehist\/le-nord-ouest-europeen-au-gravettien\/","title":{"rendered":"Le Nord-Ouest europ\u00e9en au Gravettien"},"content":{"rendered":"<div class=\"fusion-fullwidth fullwidth-box fusion-builder-row-1 nonhundred-percent-fullwidth non-hundred-percent-height-scrolling\" style=\"background-color: rgba(255,255,255,0);background-position: center center;background-repeat: no-repeat;padding-top:0px;padding-right:0px;padding-bottom:0px;padding-left:0px;margin-bottom: 0px;margin-top: 0px;border-width: 0px 0px 0px 0px;border-color:#eae9e9;border-style:solid;\" ><div class=\"fusion-builder-row fusion-row\"><div class=\"fusion-layout-column fusion_builder_column fusion-builder-column-0 fusion_builder_column_1_1 1_1 fusion-one-full fusion-column-first fusion-column-last\" style=\"margin-top:0px;margin-bottom:0px;\"><div class=\"fusion-column-wrapper fusion-flex-column-wrapper-legacy\" style=\"background-position:left top;background-repeat:no-repeat;-webkit-background-size:cover;-moz-background-size:cover;-o-background-size:cover;background-size:cover;padding: 0px 0px 0px 0px;\"><style type=\"text\/css\"><\/style><div class=\"fusion-title title fusion-title-1 sep-underline sep-solid fusion-title-text fusion-title-size-five\" style=\"border-bottom-color:#00a400;margin-top:0px;margin-right:0px;margin-bottom:31px;margin-left:0px;\"><h5 class=\"title-heading-left fusion-responsive-typography-calculated\" style=\"margin:0;--fontSize:19;--minFontSize:19px;line-height:1.5;\"><b>LE NORD-OUEST EUROP\u00c9EN AU GRAVETTIEN<\/b><\/h5><\/div><div class=\"fusion-text fusion-text-1\"><p><strong>North-Western Europe during the Gravettian<\/strong><br \/>\n<strong>Contributions of recent research to the understanding of the societies and their environments<\/strong><\/p>\n<p>University of Liege, 12-13 April 2018<\/p>\n<\/div><ul class=\"fusion-checklist fusion-checklist-1\" style=\"font-size:16px;line-height:27.2px;\"><li style=\"background-color:rgba(255,255,255,0);\" class=\"fusion-li-item\"><span style=\"height:27.2px;width:27.2px;margin-right:11.2px;\" class=\"icon-wrapper circle-no\"><i class=\"fusion-li-icon fa fa-chevron-right\" style=\"color:#00a400;\" aria-hidden=\"true\"><\/i><\/span><div class=\"fusion-li-item-content\" style=\"margin-left:38.4px;color:#333333;\">\n<p><a href=\"http:\/\/web.philo.ulg.ac.be\/prehist\/wp-content\/uploads\/sites\/38\/2018\/01\/2nd_Circular_NWGravettian_2018_FR.pdf\" target=\"_blank\" rel=\"noopener\">Circulaire (version fran\u00e7aise)<\/a><\/p>\n<\/div><\/li><li style=\"background-color:rgba(255,255,255,0);\" class=\"fusion-li-item\"><span style=\"height:27.2px;width:27.2px;margin-right:11.2px;\" class=\"icon-wrapper circle-no\"><i class=\"fusion-li-icon fa fa-chevron-right\" style=\"color:#00a400;\" aria-hidden=\"true\"><\/i><\/span><div class=\"fusion-li-item-content\" style=\"margin-left:38.4px;color:#333333;\">\n<p><a href=\"http:\/\/web.philo.ulg.ac.be\/prehist\/wp-content\/uploads\/sites\/38\/2018\/01\/2nd_Circular_NWGravettian_2018_EN.pdf\" target=\"_blank\" rel=\"noopener\">Circulaire (version anglaise)<\/a><\/p>\n<\/div><\/li><li style=\"background-color:rgba(255,255,255,0);\" class=\"fusion-li-item\"><span style=\"height:27.2px;width:27.2px;margin-right:11.2px;\" class=\"icon-wrapper circle-no\"><i class=\"fusion-li-icon fa fa-chevron-right\" style=\"color:#00a400;\" aria-hidden=\"true\"><\/i><\/span><div class=\"fusion-li-item-content\" style=\"margin-left:38.4px;color:#333333;\">\n<p><a href=\"http:\/\/web.philo.ulg.ac.be\/prehist\/wp-content\/uploads\/sites\/38\/2018\/04\/Programme_final.pdf\" target=\"_blank\" rel=\"noopener\">Programme final<\/a><\/p>\n<\/div><\/li><\/ul><div class=\"fusion-sep-clear\"><\/div><div class=\"fusion-separator fusion-full-width-sep\" style=\"margin-left: auto;margin-right: auto;margin-bottom:20px;width:100%;\"><\/div><div class=\"fusion-sep-clear\"><\/div><div class=\"fusion-text fusion-text-2\"><p style=\"text-align: justify;\">The study of Early Upper Palaeolithic societies of North-Western Europe is remarkably dynamic today. It is powered by the discovery of important new sites and by the thorough and interdisciplinary re-examination of old collections. Building on the major syntheses of the 1970s and the 1980s, the symposium in Sens in 2009 (Bodu et al., 2013) and the Prehistoric Congress of France in Amiens in 2016 successfully demonstrated the vitality of this research. These meetings also proved that the data that are currently being collected on the Early Upper Palaeolithic societies and their environment is rich and diverse enough to increase the chronological resolution and discuss the different EUP periods separately.<\/p>\n<p style=\"text-align: justify;\">The Gravettian societies have remained poorly known in North-West Europe. This is partly due to limitations imposed by old excavations, but also due to the low development of certain research areas. This symposium aims at a first synthesis of the data on environmental conditions and human behaviour during the Gravettian in North-Western Europe. We welcome oral presentations focusing on the acquisition of mineral and animal resources, the integration of these resources into technical (lithic industry, osseous industry) and symbolic (ornaments, mobile art) systems, or on the spatial organization of human groups (site function, settlement systems, land use). Multi- and interdisciplinary approaches are particularly welcome. Chrono-stratigraphic and chrono-cultural syntheses, as well as contributions dealing with territories situated on the margins of North-Western Europe, are also encouraged to allow comparisons between different regional sequences.<\/p>\n<p style=\"text-align: justify;\"><strong>Abstract submission:<\/strong><br \/>\nplease send your proposal (title and abstract of maximum 300 words, in English or in French) by January 31.<\/p>\n<p style=\"text-align: justify;\"><strong>Registration:<\/strong><br \/>\nopen until February 28 (a supplementary fee will be added after that date). Please find more information in the circular.<\/p>\n<p style=\"text-align: justify;\"><strong>Contact:<\/strong><br \/>\n<a href=\"mailto:nwgravettian2018@uliege.be\">nwgravettian2018@uliege.be<\/a><\/p>\n<p style=\"text-align: justify;\"><strong>Organizers:<\/strong><br \/>\nPierre Noiret (ULi\u00e8ge), Olivier Touz\u00e9 (FNRS, ULi\u00e8ge, Univ. Paris 1, UMR 7041), H\u00e9l\u00e8ne Salomon (CNRS \u2013 UMR\u00a05204), Nejma Goutas (CNRS \u2013 UMR 7041)<\/p>\n<p style=\"text-align: justify;\"><strong>Scientific committee:<\/strong><br \/>\nPierre Bodu (CNRS \u2013 UMR 7041), Nejma Goutas (CNRS \u2013 UMR 7041), Laurent Klaric (CNRS \u2013 UMR 7055), Jessica Lacarri\u00e8re (UMR 7041), Pierre Noiret (ULi\u00e8ge), Veerle Rots (FNRS, ULi\u00e8ge), H\u00e9l\u00e8ne Salomon (CNRS \u2013 UMR\u00a05204), Olivier Touz\u00e9 (FNRS, ULi\u00e8ge, Univ. Paris 1, UMR 7041)<\/p>\n<\/div><div class=\"fusion-clearfix\"><\/div><\/div><\/div><\/div><\/div>\n","protected":false},"excerpt":{"rendered":"","protected":false},"author":2,"featured_media":0,"parent":0,"menu_order":0,"comment_status":"closed","ping_status":"closed","template":"","meta":{"footnotes":""},"class_list":["post-9316","page","type-page","status-publish","hentry"],"_links":{"self":[{"href":"http:\/\/web.philo.ulg.ac.be\/prehist\/wp-json\/wp\/v2\/pages\/9316","targetHints":{"allow":["GET"]}}],"collection":[{"href":"http:\/\/web.philo.ulg.ac.be\/prehist\/wp-json\/wp\/v2\/pages"}],"about":[{"href":"http:\/\/web.philo.ulg.ac.be\/prehist\/wp-json\/wp\/v2\/types\/page"}],"author":[{"embeddable":true,"href":"http:\/\/web.philo.ulg.ac.be\/prehist\/wp-json\/wp\/v2\/users\/2"}],"replies":[{"embeddable":true,"href":"http:\/\/web.philo.ulg.ac.be\/prehist\/wp-json\/wp\/v2\/comments?post=9316"}],"version-history":[{"count":5,"href":"http:\/\/web.philo.ulg.ac.be\/prehist\/wp-json\/wp\/v2\/pages\/9316\/revisions"}],"predecessor-version":[{"id":9366,"href":"http:\/\/web.philo.ulg.ac.be\/prehist\/wp-json\/wp\/v2\/pages\/9316\/revisions\/9366"}],"wp:attachment":[{"href":"http:\/\/web.philo.ulg.ac.be\/prehist\/wp-json\/wp\/v2\/media?parent=9316"}],"curies":[{"name":"wp","href":"https:\/\/api.w.org\/{rel}","templated":true}]}}