{"id":3353,"date":"2014-10-24T10:11:01","date_gmt":"2014-10-24T09:11:01","guid":{"rendered":"http:\/\/web.philo.ulg.ac.be\/thiasos\/?page_id=3353"},"modified":"2020-12-09T09:20:53","modified_gmt":"2020-12-09T08:20:53","slug":"actualites","status":"publish","type":"page","link":"http:\/\/web.philo.ulg.ac.be\/thiasos\/actualites\/","title":{"rendered":"Actualit\u00e9s"},"content":{"rendered":"<div class=\"fusion-fullwidth fullwidth-box fusion-builder-row-1 nonhundred-percent-fullwidth non-hundred-percent-height-scrolling\" style=\"background-color: #ffffff;background-position: center center;background-repeat: no-repeat;padding-top:0px;padding-right:0px;padding-bottom:0px;padding-left:0px;margin-bottom: 0px;margin-top: 0px;border-width: 0px 0px 0px 0px;border-color:#eae9e9;border-style:solid;\" ><div class=\"fusion-builder-row fusion-row\"><div class=\"fusion-layout-column fusion_builder_column fusion-builder-column-0 fusion_builder_column_1_1 1_1 fusion-one-full fusion-column-first fusion-column-last\" style=\"margin-top:0px;margin-bottom:0px;\"><div class=\"fusion-column-wrapper fusion-flex-column-wrapper-legacy\" style=\"background-position:left top;background-repeat:no-repeat;-webkit-background-size:cover;-moz-background-size:cover;-o-background-size:cover;background-size:cover;padding: 0px 0px 0px 0px;\"><style type=\"text\/css\"><\/style><div class=\"fusion-title title fusion-title-1 sep-underline sep-solid fusion-title-text fusion-title-size-one\" style=\"border-bottom-color:#786f61;margin-top:0px;margin-right:0px;margin-bottom:70px;margin-left:0px;\"><h1 class=\"title-heading-left fusion-responsive-typography-calculated\" style=\"margin:0;--fontSize:42;line-height:1;\">Actualit\u00e9s<\/h1><\/div><div class=\"fusion-text fusion-text-1\">\n\t\t\t\t<div class=\"event-list\">\n\t\t\t\t<style type=\"text\/css\">\n\t\t\t\t\t.filterbar { display:table; width:100% }\n\t\t\t\t\t.filterbar > div { display:table-cell }\n\t\t\t\t<\/style>\n\t\t\t\t<!--[if lte IE 7]>\n\t\t\t\t<style>.filterbar > div { float:left }<\/style>\n\t\t\t\t<![endif]-->\n\t\t\t\t<div class=\"filterbar subsubsub\">\n\t\t\t\t\t<div style=\"text-align:left\"><ul class=\"hlist\"><li><a href=\"http:\/\/web.philo.ulg.ac.be\/thiasos\/actualites\/?date1=all\">Tous<\/a><\/li><li><strong>A venir<\/strong><\/li><li><a href=\"http:\/\/web.philo.ulg.ac.be\/thiasos\/actualites\/?date1=2013\">2013<\/a><\/li><li><a href=\"http:\/\/web.philo.ulg.ac.be\/thiasos\/actualites\/?date1=2014\">2014<\/a><\/li><li><a href=\"http:\/\/web.philo.ulg.ac.be\/thiasos\/actualites\/?date1=2015\">2015<\/a><\/li><li><a href=\"http:\/\/web.philo.ulg.ac.be\/thiasos\/actualites\/?date1=2016\">2016<\/a><\/li><li><a href=\"http:\/\/web.philo.ulg.ac.be\/thiasos\/actualites\/?date1=2017\">2017<\/a><\/li><li><a href=\"http:\/\/web.philo.ulg.ac.be\/thiasos\/actualites\/?date1=2018\">2018<\/a><\/li><li><a href=\"http:\/\/web.philo.ulg.ac.be\/thiasos\/actualites\/?date1=2019\">2019<\/a><\/li><\/ul>\n\t\t\t\t\t<\/div><\/div><p>Aucun \u00e9v\u00e9nement \u00e0 venir<\/p>\n\t\t\t\t<\/div>\n<\/div><div class=\"fusion-clearfix\"><\/div><\/div><\/div><\/div><\/div>\n","protected":false},"excerpt":{"rendered":"","protected":false},"author":2,"featured_media":0,"parent":0,"menu_order":0,"comment_status":"closed","ping_status":"closed","template":"","meta":{"footnotes":""},"class_list":["post-3353","page","type-page","status-publish","hentry"],"_links":{"self":[{"href":"http:\/\/web.philo.ulg.ac.be\/thiasos\/wp-json\/wp\/v2\/pages\/3353","targetHints":{"allow":["GET"]}}],"collection":[{"href":"http:\/\/web.philo.ulg.ac.be\/thiasos\/wp-json\/wp\/v2\/pages"}],"about":[{"href":"http:\/\/web.philo.ulg.ac.be\/thiasos\/wp-json\/wp\/v2\/types\/page"}],"author":[{"embeddable":true,"href":"http:\/\/web.philo.ulg.ac.be\/thiasos\/wp-json\/wp\/v2\/users\/2"}],"replies":[{"embeddable":true,"href":"http:\/\/web.philo.ulg.ac.be\/thiasos\/wp-json\/wp\/v2\/comments?post=3353"}],"version-history":[{"count":4,"href":"http:\/\/web.philo.ulg.ac.be\/thiasos\/wp-json\/wp\/v2\/pages\/3353\/revisions"}],"predecessor-version":[{"id":4384,"href":"http:\/\/web.philo.ulg.ac.be\/thiasos\/wp-json\/wp\/v2\/pages\/3353\/revisions\/4384"}],"wp:attachment":[{"href":"http:\/\/web.philo.ulg.ac.be\/thiasos\/wp-json\/wp\/v2\/media?parent=3353"}],"curies":[{"name":"wp","href":"https:\/\/api.w.org\/{rel}","templated":true}]}}