{"id":3361,"date":"2014-10-24T10:13:19","date_gmt":"2014-10-24T09:13:19","guid":{"rendered":"http:\/\/web.philo.ulg.ac.be\/thiasos\/?page_id=3361"},"modified":"2021-01-27T11:06:35","modified_gmt":"2021-01-27T10:06:35","slug":"liens","status":"publish","type":"page","link":"http:\/\/web.philo.ulg.ac.be\/thiasos\/liens\/","title":{"rendered":"Liens"},"content":{"rendered":"<div class=\"fusion-fullwidth fullwidth-box fusion-builder-row-1 nonhundred-percent-fullwidth non-hundred-percent-height-scrolling\" style=\"background-color: #ffffff;background-position: center center;background-repeat: no-repeat;padding-top:0px;padding-right:0px;padding-bottom:0px;padding-left:0px;margin-bottom: 0px;margin-top: 0px;border-width: 0px 0px 0px 0px;border-color:#eae9e9;border-style:solid;\" ><div class=\"fusion-builder-row fusion-row\"><div class=\"fusion-layout-column fusion_builder_column fusion-builder-column-0 fusion_builder_column_1_1 1_1 fusion-one-full fusion-column-first fusion-column-last\" style=\"margin-top:0px;margin-bottom:0px;\"><div class=\"fusion-column-wrapper fusion-flex-column-wrapper-legacy\" style=\"background-position:left top;background-repeat:no-repeat;-webkit-background-size:cover;-moz-background-size:cover;-o-background-size:cover;background-size:cover;padding: 0px 0px 0px 0px;\"><style type=\"text\/css\"><\/style><div class=\"fusion-title title fusion-title-1 sep-underline sep-solid fusion-title-text fusion-title-size-one\" style=\"border-bottom-color:#786f61;margin-top:0px;margin-right:0px;margin-bottom:70px;margin-left:0px;\"><h1 class=\"title-heading-left fusion-responsive-typography-calculated\" style=\"margin:0;--fontSize:42;line-height:1;\">Liens<\/h1><\/div><ul class=\"fusion-checklist fusion-checklist-1\" style=\"font-size:15px;line-height:25.5px;\"><li style=\"background-color:rgba(255,255,255,0);\" class=\"fusion-li-item\"><span style=\"height:25.5px;width:25.5px;margin-right:10.5px;\" class=\"icon-wrapper circle-no\"><i class=\"fusion-li-icon fa-angle-right fas\" style=\"color:#786f61;\" aria-hidden=\"true\"><\/i><\/span><div class=\"fusion-li-item-content\" style=\"margin-left:36px;color:#4a4a4a;\">\n<p>Kernos :\u00a0<a href=\"http:\/\/web.philo.ulg.ac.be\/kernos\" target=\"_blank\" rel=\"noopener noreferrer\">Site de la Revue<\/a> &#8211; <a href=\"http:\/\/kernos.revues.org\" target=\"_blank\" rel=\"noopener noreferrer\">OpenEdition Journals<\/a> &#8211; <a href=\"https:\/\/books.openedition.org\/pulg\/171?lang=fr\" target=\"_blank\" rel=\"noopener noreferrer\">OpenEdition Books<\/a><\/p>\n<\/div><\/li><li style=\"background-color:rgba(255,255,255,0);\" class=\"fusion-li-item\"><span style=\"height:25.5px;width:25.5px;margin-right:10.5px;\" class=\"icon-wrapper circle-no\"><i class=\"fusion-li-icon fa-angle-right fas\" style=\"color:#786f61;\" aria-hidden=\"true\"><\/i><\/span><div class=\"fusion-li-item-content\" style=\"margin-left:36px;color:#4a4a4a;\">\n<p><a href=\"http:\/\/cgrn.ulg.ac.be\/\" target=\"_blank\" rel=\"noopener noreferrer\"><span style=\"font-family: Calibri;\">CGRN (Collection of Greek Ritual Norms)<\/span><\/a><\/p>\n<\/div><\/li><li style=\"background-color:rgba(255,255,255,0);\" class=\"fusion-li-item\"><span style=\"height:25.5px;width:25.5px;margin-right:10.5px;\" class=\"icon-wrapper circle-no\"><i class=\"fusion-li-icon fa-angle-right fas\" style=\"color:#786f61;\" aria-hidden=\"true\"><\/i><\/span><div class=\"fusion-li-item-content\" style=\"margin-left:36px;color:#4a4a4a;\">\n<p><a href=\"https:\/\/www.antiquites.uliege.be\/\" target=\"_blank\" rel=\"noopener noreferrer\">D\u00e9partement des Sciences de l\u2019Antiquit\u00e9<\/a><\/p>\n<\/div><\/li><li style=\"background-color:rgba(255,255,255,0);\" class=\"fusion-li-item\"><span style=\"height:25.5px;width:25.5px;margin-right:10.5px;\" class=\"icon-wrapper circle-no\"><i class=\"fusion-li-icon fa-angle-right fas\" style=\"color:#786f61;\" aria-hidden=\"true\"><\/i><\/span><div class=\"fusion-li-item-content\" style=\"margin-left:36px;color:#4a4a4a;\">\n<p><a href=\"https:\/\/www.college-de-france.fr\/site\/vinciane-pirenne-delforge\/index.htm\" target=\"_blank\" rel=\"noopener noreferrer\">Page de Vinciane Pirenne-Delforge au Coll\u00e8ge de France<\/a><\/p>\n<\/div><\/li><li style=\"background-color:rgba(255,255,255,0);\" class=\"fusion-li-item\"><span style=\"height:25.5px;width:25.5px;margin-right:10.5px;\" class=\"icon-wrapper circle-no\"><i class=\"fusion-li-icon fa-angle-right fas\" style=\"color:#786f61;\" aria-hidden=\"true\"><\/i><\/span><div class=\"fusion-li-item-content\" style=\"margin-left:36px;color:#4a4a4a;\">\n<p><a href=\"http:\/\/www.phrc.it\/\" target=\"_blank\" rel=\"noopener\">Practicalities of Hellenistic Ruler Cult<\/a><\/p>\n<\/div><\/li><li style=\"background-color:rgba(255,255,255,0);\" class=\"fusion-li-item\"><span style=\"height:25.5px;width:25.5px;margin-right:10.5px;\" class=\"icon-wrapper circle-no\"><i class=\"fusion-li-icon fa-angle-right fas\" style=\"color:#786f61;\" aria-hidden=\"true\"><\/i><\/span><div class=\"fusion-li-item-content\" style=\"margin-left:36px;color:#4a4a4a;\">\n<p><a href=\"http:\/\/independent.academia.edu\/SeminarSynoikismos\" target=\"_blank\" rel=\"noopener noreferrer\">S\u00e9minaire Synoikismos<\/a><\/p>\n<\/div><\/li><li style=\"background-color:rgba(255,255,255,0);\" class=\"fusion-li-item\"><span style=\"height:25.5px;width:25.5px;margin-right:10.5px;\" class=\"icon-wrapper circle-no\"><i class=\"fusion-li-icon fa-angle-right fas\" style=\"color:#786f61;\" aria-hidden=\"true\"><\/i><\/span><div class=\"fusion-li-item-content\" style=\"margin-left:36px;color:#4a4a4a;\">\n<p><a href=\"http:\/\/www.babel-religions.be\" target=\"_blank\" rel=\"noopener noreferrer\">Babel \u2013 Association belge pour l\u2019\u00e9tude des religions<\/a><\/p>\n<\/div><\/li><li style=\"background-color:rgba(255,255,255,0);\" class=\"fusion-li-item\"><span style=\"height:25.5px;width:25.5px;margin-right:10.5px;\" class=\"icon-wrapper circle-no\"><i class=\"fusion-li-icon fa-angle-right fas\" style=\"color:#786f61;\" aria-hidden=\"true\"><\/i><\/span><div class=\"fusion-li-item-content\" style=\"margin-left:36px;color:#4a4a4a;\">\n<p><a href=\"https:\/\/map-polytheisms.huma-num.fr\/\" target=\"_blank\" rel=\"noopener noreferrer\">Mapping Ancient Polytheisms<\/a><\/p>\n<\/div><\/li><li style=\"background-color:rgba(255,255,255,0);\" class=\"fusion-li-item\"><span style=\"height:25.5px;width:25.5px;margin-right:10.5px;\" class=\"icon-wrapper circle-no\"><i class=\"fusion-li-icon fa-angle-right fas\" style=\"color:#786f61;\" aria-hidden=\"true\"><\/i><\/span><div class=\"fusion-li-item-content\" style=\"margin-left:36px;color:#4a4a4a;\">\n<p><a href=\"https:\/\/epiclesesgrecques.univ-rennes1.fr\" target=\"_blank\" rel=\"noopener noreferrer\">BDEG &#8211; Banque de Donn\u00e9es des \u00c9picl\u00e8ses Grecques<\/a><\/p>\n<\/div><\/li><\/ul><div class=\"fusion-clearfix\"><\/div><\/div><\/div><\/div><\/div>\n","protected":false},"excerpt":{"rendered":"","protected":false},"author":2,"featured_media":0,"parent":0,"menu_order":0,"comment_status":"closed","ping_status":"closed","template":"","meta":{"footnotes":""},"class_list":["post-3361","page","type-page","status-publish","hentry"],"_links":{"self":[{"href":"http:\/\/web.philo.ulg.ac.be\/thiasos\/wp-json\/wp\/v2\/pages\/3361","targetHints":{"allow":["GET"]}}],"collection":[{"href":"http:\/\/web.philo.ulg.ac.be\/thiasos\/wp-json\/wp\/v2\/pages"}],"about":[{"href":"http:\/\/web.philo.ulg.ac.be\/thiasos\/wp-json\/wp\/v2\/types\/page"}],"author":[{"embeddable":true,"href":"http:\/\/web.philo.ulg.ac.be\/thiasos\/wp-json\/wp\/v2\/users\/2"}],"replies":[{"embeddable":true,"href":"http:\/\/web.philo.ulg.ac.be\/thiasos\/wp-json\/wp\/v2\/comments?post=3361"}],"version-history":[{"count":6,"href":"http:\/\/web.philo.ulg.ac.be\/thiasos\/wp-json\/wp\/v2\/pages\/3361\/revisions"}],"predecessor-version":[{"id":4586,"href":"http:\/\/web.philo.ulg.ac.be\/thiasos\/wp-json\/wp\/v2\/pages\/3361\/revisions\/4586"}],"wp:attachment":[{"href":"http:\/\/web.philo.ulg.ac.be\/thiasos\/wp-json\/wp\/v2\/media?parent=3361"}],"curies":[{"name":"wp","href":"https:\/\/api.w.org\/{rel}","templated":true}]}}