{"id":3621,"date":"2015-02-02T15:39:19","date_gmt":"2015-02-02T14:39:19","guid":{"rendered":"http:\/\/web.philo.ulg.ac.be\/thiasos\/?page_id=3621"},"modified":"2020-12-09T09:22:09","modified_gmt":"2020-12-09T08:22:09","slug":"cgrn-recueil-de-normes-rituelles-grecques","status":"publish","type":"page","link":"http:\/\/web.philo.ulg.ac.be\/thiasos\/cgrn-recueil-de-normes-rituelles-grecques\/","title":{"rendered":"CGRN : Recueil de normes rituelles grecques"},"content":{"rendered":"<div class=\"fusion-fullwidth fullwidth-box fusion-builder-row-1 nonhundred-percent-fullwidth non-hundred-percent-height-scrolling\" style=\"background-color: #ffffff;background-position: center center;background-repeat: no-repeat;padding-top:0px;padding-right:0px;padding-bottom:0px;padding-left:0px;margin-bottom: 0px;margin-top: 0px;border-width: 0px 0px 0px 0px;border-color:#eae9e9;border-style:solid;\" ><div class=\"fusion-builder-row fusion-row\"><div class=\"fusion-layout-column fusion_builder_column fusion-builder-column-0 fusion_builder_column_1_1 1_1 fusion-one-full fusion-column-first fusion-column-last\" style=\"margin-top:0px;margin-bottom:0px;\"><div class=\"fusion-column-wrapper fusion-flex-column-wrapper-legacy\" style=\"background-position:left top;background-repeat:no-repeat;-webkit-background-size:cover;-moz-background-size:cover;-o-background-size:cover;background-size:cover;padding: 0px 0px 0px 0px;\"><style type=\"text\/css\"><\/style><div class=\"fusion-title title fusion-title-1 sep-underline sep-solid fusion-title-text fusion-title-size-one\" style=\"border-bottom-color:#786f61;margin-top:0px;margin-right:0px;margin-bottom:70px;margin-left:0px;\"><h1 class=\"title-heading-left fusion-responsive-typography-calculated\" style=\"margin:0;--fontSize:42;line-height:1;\">CGRN : Recueil de normes rituelles grecques<\/h1><\/div><div class=\"fusion-text fusion-text-1\"><p style=\"text-align: justify;\">Le projet CGRN propose une nouvelle collection de normes rituelles grecques. Il s\u2019agit d\u2019une r\u00e9\u00e9dition partielle et d\u2019une mise en ligne des inscriptions dites \u00ab\u00a0lois sacr\u00e9es\u00a0\u00bb, jadis \u00e9dit\u00e9es notamment par F. Sokolowski. Le projet se consacre, dans une premi\u00e8re phase, aux textes \u00e9pigraphiques grecs qui d\u00e9finissent des pratiques sacrificielles et purificatoires.<br \/>\nLe projet est financ\u00e9 par le FRFC-FNRS (n\u00b0\u00a02.4561.12) pour les ann\u00e9es 2012-2015.<\/p>\n<p>Le CGRN est accessible \u00e0 l&rsquo;adresse <a href=\"http:\/\/cgrn.ulg.ac.be\/\">http:\/\/cgrn.ulg.ac.be\/<\/a>.<\/p>\n<p><strong>Responsables :<\/strong> Vinciane Pirenne-DELFORGE, Jan-Mathieu CARBON, Saskia PEELS.<strong><br \/>\nCollaborateurs :<\/strong> Stefano CANEVA, Sylvain LEBRETON, St\u00e9phanie PAUL, Elie PIETTE, Zo\u00e9 PITZ, Rebecca VAN HOVE.<\/p>\n<\/div><div class=\"fusion-clearfix\"><\/div><\/div><\/div><\/div><\/div>\n","protected":false},"excerpt":{"rendered":"","protected":false},"author":2,"featured_media":0,"parent":0,"menu_order":0,"comment_status":"closed","ping_status":"closed","template":"","meta":{"footnotes":""},"class_list":["post-3621","page","type-page","status-publish","hentry"],"_links":{"self":[{"href":"http:\/\/web.philo.ulg.ac.be\/thiasos\/wp-json\/wp\/v2\/pages\/3621","targetHints":{"allow":["GET"]}}],"collection":[{"href":"http:\/\/web.philo.ulg.ac.be\/thiasos\/wp-json\/wp\/v2\/pages"}],"about":[{"href":"http:\/\/web.philo.ulg.ac.be\/thiasos\/wp-json\/wp\/v2\/types\/page"}],"author":[{"embeddable":true,"href":"http:\/\/web.philo.ulg.ac.be\/thiasos\/wp-json\/wp\/v2\/users\/2"}],"replies":[{"embeddable":true,"href":"http:\/\/web.philo.ulg.ac.be\/thiasos\/wp-json\/wp\/v2\/comments?post=3621"}],"version-history":[{"count":6,"href":"http:\/\/web.philo.ulg.ac.be\/thiasos\/wp-json\/wp\/v2\/pages\/3621\/revisions"}],"predecessor-version":[{"id":4478,"href":"http:\/\/web.philo.ulg.ac.be\/thiasos\/wp-json\/wp\/v2\/pages\/3621\/revisions\/4478"}],"wp:attachment":[{"href":"http:\/\/web.philo.ulg.ac.be\/thiasos\/wp-json\/wp\/v2\/media?parent=3621"}],"curies":[{"name":"wp","href":"https:\/\/api.w.org\/{rel}","templated":true}]}}