{"id":3628,"date":"2015-02-02T15:41:28","date_gmt":"2015-02-02T14:41:28","guid":{"rendered":"http:\/\/web.philo.ulg.ac.be\/thiasos\/?page_id=3628"},"modified":"2020-12-09T09:22:37","modified_gmt":"2020-12-09T08:22:37","slug":"cgrn-les-transformations-religieuses-dans-la-mediterranee-hellenistique","status":"publish","type":"page","link":"http:\/\/web.philo.ulg.ac.be\/thiasos\/cgrn-les-transformations-religieuses-dans-la-mediterranee-hellenistique\/","title":{"rendered":"Les transformations religieuses dans la M\u00e9diterran\u00e9e hell\u00e9nistique"},"content":{"rendered":"<div class=\"fusion-fullwidth fullwidth-box fusion-builder-row-1 nonhundred-percent-fullwidth non-hundred-percent-height-scrolling\" style=\"background-color: #ffffff;background-position: center center;background-repeat: no-repeat;padding-top:0px;padding-right:0px;padding-bottom:0px;padding-left:0px;margin-bottom: 0px;margin-top: 0px;border-width: 0px 0px 0px 0px;border-color:#eae9e9;border-style:solid;\" ><div class=\"fusion-builder-row fusion-row\"><div class=\"fusion-layout-column fusion_builder_column fusion-builder-column-0 fusion_builder_column_1_1 1_1 fusion-one-full fusion-column-first fusion-column-last\" style=\"margin-top:0px;margin-bottom:0px;\"><div class=\"fusion-column-wrapper fusion-flex-column-wrapper-legacy\" style=\"background-position:left top;background-repeat:no-repeat;-webkit-background-size:cover;-moz-background-size:cover;-o-background-size:cover;background-size:cover;padding: 0px 0px 0px 0px;\"><style type=\"text\/css\"><\/style><div class=\"fusion-title title fusion-title-1 sep-underline sep-solid fusion-title-text fusion-title-size-one\" style=\"border-bottom-color:#786f61;margin-top:0px;margin-right:0px;margin-bottom:70px;margin-left:0px;\"><h1 class=\"title-heading-left fusion-responsive-typography-calculated\" style=\"margin:0;--fontSize:42;line-height:1;\">Les transformations religieuses dans la M\u00e9diterran\u00e9e hell\u00e9nistique<\/h1><\/div><div class=\"fusion-text fusion-text-1\"><div class=\"su-box-content\">\n<p style=\"text-align: justify;\">Ce projet de recherche vise \u00e0 r\u00e9\u00e9valuer la perception de la religion grecque de la p\u00e9riode hell\u00e9nistique et ses transformations. C\u2019est dans ce cadre que s\u2019est tenue une premi\u00e8re journ\u00e9e d\u2019\u00e9tude, le 26 avril 2013, sur le th\u00e8me \u201cDes hommes aux dieux : processus d\u2019h\u00e9ro\u00efsation et de divinisation dans la M\u00e9diterran\u00e9e hell\u00e9nistique\u201d. Dans la m\u00eame perspective s\u2019inscrit la mise en ligne du carnet de recherches <a href=\"http:\/\/anathema.hypotheses.org\/\" target=\"_blank\" rel=\"noopener noreferrer\">Anathema<\/a>. Actualit\u00e9s de recherches sur la religion hell\u00e9nistique, qui a pour but de rassembler \u00e0 la fois les actualit\u00e9s, approches m\u00e9thodologiques et projets de recherches en cours sur cette th\u00e9matique.<\/p>\n<p><strong>Contacts\u00a0:<\/strong> Stefano CANEVA, St\u00e9phanie PAUL.<\/p>\n<\/div>\n<\/div><div class=\"fusion-clearfix\"><\/div><\/div><\/div><\/div><\/div>\n","protected":false},"excerpt":{"rendered":"","protected":false},"author":2,"featured_media":0,"parent":0,"menu_order":0,"comment_status":"closed","ping_status":"closed","template":"","meta":{"footnotes":""},"class_list":["post-3628","page","type-page","status-publish","hentry"],"_links":{"self":[{"href":"http:\/\/web.philo.ulg.ac.be\/thiasos\/wp-json\/wp\/v2\/pages\/3628","targetHints":{"allow":["GET"]}}],"collection":[{"href":"http:\/\/web.philo.ulg.ac.be\/thiasos\/wp-json\/wp\/v2\/pages"}],"about":[{"href":"http:\/\/web.philo.ulg.ac.be\/thiasos\/wp-json\/wp\/v2\/types\/page"}],"author":[{"embeddable":true,"href":"http:\/\/web.philo.ulg.ac.be\/thiasos\/wp-json\/wp\/v2\/users\/2"}],"replies":[{"embeddable":true,"href":"http:\/\/web.philo.ulg.ac.be\/thiasos\/wp-json\/wp\/v2\/comments?post=3628"}],"version-history":[{"count":2,"href":"http:\/\/web.philo.ulg.ac.be\/thiasos\/wp-json\/wp\/v2\/pages\/3628\/revisions"}],"predecessor-version":[{"id":4479,"href":"http:\/\/web.philo.ulg.ac.be\/thiasos\/wp-json\/wp\/v2\/pages\/3628\/revisions\/4479"}],"wp:attachment":[{"href":"http:\/\/web.philo.ulg.ac.be\/thiasos\/wp-json\/wp\/v2\/media?parent=3628"}],"curies":[{"name":"wp","href":"https:\/\/api.w.org\/{rel}","templated":true}]}}