{"id":3634,"date":"2015-02-02T15:43:06","date_gmt":"2015-02-02T14:43:06","guid":{"rendered":"http:\/\/web.philo.ulg.ac.be\/thiasos\/?page_id=3634"},"modified":"2020-12-09T09:23:01","modified_gmt":"2020-12-09T08:23:01","slug":"seminaire-international-neith-religions-en-contact-dans-la-mediterranee-hellenistique","status":"publish","type":"page","link":"http:\/\/web.philo.ulg.ac.be\/thiasos\/seminaire-international-neith-religions-en-contact-dans-la-mediterranee-hellenistique\/","title":{"rendered":"S\u00e9minaire international NEITH : Religions en contact dans la M\u00e9diterran\u00e9e hell\u00e9nistique"},"content":{"rendered":"<div class=\"fusion-fullwidth fullwidth-box fusion-builder-row-1 nonhundred-percent-fullwidth non-hundred-percent-height-scrolling\" style=\"background-color: #ffffff;background-position: center center;background-repeat: no-repeat;padding-top:0px;padding-right:0px;padding-bottom:0px;padding-left:0px;margin-bottom: 0px;margin-top: 0px;border-width: 0px 0px 0px 0px;border-color:#eae9e9;border-style:solid;\" ><div class=\"fusion-builder-row fusion-row\"><div class=\"fusion-layout-column fusion_builder_column fusion-builder-column-0 fusion_builder_column_1_1 1_1 fusion-one-full fusion-column-first fusion-column-last\" style=\"margin-top:0px;margin-bottom:0px;\"><div class=\"fusion-column-wrapper fusion-flex-column-wrapper-legacy\" style=\"background-position:left top;background-repeat:no-repeat;-webkit-background-size:cover;-moz-background-size:cover;-o-background-size:cover;background-size:cover;padding: 0px 0px 0px 0px;\"><style type=\"text\/css\"><\/style><div class=\"fusion-title title fusion-title-1 sep-underline sep-solid fusion-title-text fusion-title-size-one\" style=\"border-bottom-color:#786f61;margin-top:0px;margin-right:0px;margin-bottom:70px;margin-left:0px;\"><h1 class=\"title-heading-left fusion-responsive-typography-calculated\" style=\"margin:0;--fontSize:42;line-height:1;\">S\u00e9minaire international NEITH : Religions en contact dans la M\u00e9diterran\u00e9e hell\u00e9nistique<\/h1><\/div><div class=\"fusion-text fusion-text-1\"><div class=\"su-box-content\">\n<p style=\"text-align: justify;\">Le S\u00e9minaire NEITH nait de l\u2019exigence de discuter les ph\u00e9nom\u00e8nes de contact entre religions diff\u00e9rentes traditions religieuses, tels que r\u00e9v\u00e9l\u00e9s par la documentation de la p\u00e9riode hell\u00e9nistique, avec une attention particuli\u00e8re pour leurs relations entre la p\u00e9riode hell\u00e9nistique et les \u00e8res pr\u00e9c\u00e9dentes. Dans le cadre d\u2019un atelier international permanent, il s\u2019agit de combiner les m\u00e9thodes h\u00e9rit\u00e9es du comparatisme en histoire des religions avec les paradigmes les plus modernes concernant les influences mutuelles entre cultures en contact, tout en reconnaissant aux dossiers documentaires la place centrale de cette recherche, qui est enrichie par l\u2019apport de chercheurs aux expertises diverses.<\/p>\n<p><strong>Contact\u00a0:<\/strong> Stefano CANEVA.<\/p>\n<p><a href=\"http:\/\/web.philo.ulg.ac.be\/thiasos\/wp-content\/uploads\/sites\/28\/2014\/11\/Neith_descriptif.pdf\" target=\"_blank\" rel=\"noopener noreferrer\">Lien vers descriptif du projet<\/a><\/p>\n<\/div>\n<\/div><div class=\"fusion-clearfix\"><\/div><\/div><\/div><\/div><\/div>\n","protected":false},"excerpt":{"rendered":"","protected":false},"author":2,"featured_media":0,"parent":0,"menu_order":0,"comment_status":"closed","ping_status":"closed","template":"","meta":{"footnotes":""},"class_list":["post-3634","page","type-page","status-publish","hentry"],"_links":{"self":[{"href":"http:\/\/web.philo.ulg.ac.be\/thiasos\/wp-json\/wp\/v2\/pages\/3634","targetHints":{"allow":["GET"]}}],"collection":[{"href":"http:\/\/web.philo.ulg.ac.be\/thiasos\/wp-json\/wp\/v2\/pages"}],"about":[{"href":"http:\/\/web.philo.ulg.ac.be\/thiasos\/wp-json\/wp\/v2\/types\/page"}],"author":[{"embeddable":true,"href":"http:\/\/web.philo.ulg.ac.be\/thiasos\/wp-json\/wp\/v2\/users\/2"}],"replies":[{"embeddable":true,"href":"http:\/\/web.philo.ulg.ac.be\/thiasos\/wp-json\/wp\/v2\/comments?post=3634"}],"version-history":[{"count":2,"href":"http:\/\/web.philo.ulg.ac.be\/thiasos\/wp-json\/wp\/v2\/pages\/3634\/revisions"}],"predecessor-version":[{"id":4480,"href":"http:\/\/web.philo.ulg.ac.be\/thiasos\/wp-json\/wp\/v2\/pages\/3634\/revisions\/4480"}],"wp:attachment":[{"href":"http:\/\/web.philo.ulg.ac.be\/thiasos\/wp-json\/wp\/v2\/media?parent=3634"}],"curies":[{"name":"wp","href":"https:\/\/api.w.org\/{rel}","templated":true}]}}