{"id":1238,"date":"2019-05-10T10:27:49","date_gmt":"2019-05-10T08:27:49","guid":{"rendered":"http:\/\/web.philo.ulg.ac.be\/x-bound\/?page_id=1238"},"modified":"2025-01-20T21:25:11","modified_gmt":"2025-01-20T20:25:11","slug":"publications","status":"publish","type":"page","link":"http:\/\/web.philo.ulg.ac.be\/x-bound\/publications\/","title":{"rendered":"Publications"},"content":{"rendered":"<div class=\"fusion-fullwidth fullwidth-box fusion-builder-row-1 nonhundred-percent-fullwidth non-hundred-percent-height-scrolling\" style=\"background-color: rgba(255,255,255,0);background-position: center center;background-repeat: no-repeat;padding-top:0px;padding-right:0px;padding-bottom:0px;padding-left:0px;margin-bottom: 0px;margin-top: 0px;border-width: 0px 0px 0px 0px;border-color:#eae9e9;border-style:solid;\" ><div class=\"fusion-builder-row fusion-row\"><div class=\"fusion-layout-column fusion_builder_column fusion-builder-column-0 fusion_builder_column_1_1 1_1 fusion-one-full fusion-column-first fusion-column-last\" style=\"margin-top:20px;margin-bottom:20px;\"><div class=\"fusion-column-wrapper fusion-flex-column-wrapper-legacy\" style=\"background-position:left top;background-repeat:no-repeat;-webkit-background-size:cover;-moz-background-size:cover;-o-background-size:cover;background-size:cover;padding: 0px 0px 0px 0px;\"><div class=\"fusion-text fusion-text-1\"><h4>Project Publications<\/h4>\n<\/div><ul class=\"fusion-checklist fusion-checklist-1\" style=\"font-size:18px;line-height:30.6px;\"><li style=\"background-color:rgba(255,255,255,0);\" class=\"fusion-li-item\"><span style=\"height:30.6px;width:30.6px;margin-right:12.6px;\" class=\"icon-wrapper circle-no\"><i class=\"fusion-li-icon fa-check fas\" style=\"color:#181818;\" aria-hidden=\"true\"><\/i><\/span><div class=\"fusion-li-item-content\" style=\"margin-left:43.2px;color:#181818;\">\n<p style=\"text-align: justify\">Fanciulli, K. Gabler, J. Izak, M. Landrino, M. M\u00fcller, R. Pietri, S. Polis, N. Sojic, and S. Unter (eds), <a href=\"https:\/\/presses.uliege.be\/produit\/new-kingdom-hieratic-collections-from-around-the-world-2\/\"><i>New Kingdom Hieratic Collections From Around the World. Volume 2<\/i><\/a>, Li\u00e8ge, ULi\u00e8ge Press, 2024 (=\u00a0<i>Aegyptiaca Leodiensia\u00a0<\/i>13.2).<em><br \/>\n<\/em><\/p>\n<\/div><\/li><li style=\"background-color:rgba(255,255,255,0);\" class=\"fusion-li-item\"><span style=\"height:30.6px;width:30.6px;margin-right:12.6px;\" class=\"icon-wrapper circle-no\"><i class=\"fusion-li-icon fa-check fas\" style=\"color:#181818;\" aria-hidden=\"true\"><\/i><\/span><div class=\"fusion-li-item-content\" style=\"margin-left:43.2px;color:#181818;\">\n<p style=\"text-align: justify\">A. Fanciulli, K. Gabler, J. Izak, M. Landrino, A. Loprieno, M. M\u00fcller, R. Pietri, S. Polis, N. Sojic, S. T\u00f6pfer and S. Unter (eds), <a href=\"https:\/\/presses.uliege.be\/produit\/new-kingdom-hieratic-collections-from-around-the-world\/\"><i>New Kingdom Hieratic Collections From Around the World. Volume 1<\/i><\/a>, Li\u00e8ge, ULi\u00e8ge Press, 2024 (=\u00a0<i>Aegyptiaca Leodiensia\u00a0<\/i>13.1).<\/p>\n<\/div><\/li><li style=\"background-color:rgba(255,255,255,0);\" class=\"fusion-li-item\"><span style=\"height:30.6px;width:30.6px;margin-right:12.6px;\" class=\"icon-wrapper circle-no\"><i class=\"fusion-li-icon fa-check fas\" style=\"color:#181818;\" aria-hidden=\"true\"><\/i><\/span><div class=\"fusion-li-item-content\" style=\"margin-left:43.2px;color:#181818;\">\n<p style=\"text-align: justify\">K. Gabler, E. Hertel, A. Loprieno, M. M\u00fcller, R. Pietri, S. Polis, S. Unter, Crossing Invisible Boundaries: An Erased Letter to the Chief of the Storehouse \u1e24wy, in: O. el-Aguizi &amp; B. Kasparian (eds), <em><a href=\"https:\/\/www.ifao.egnet.net\/uploads\/publications\/enligne\/BIGEN071_art_06.pdf\">Proceedings of the Twelfth International Congress of Egyptologists ICE XII<\/a>, Cairo, 3\u20138 November 2019 <\/em>(Biblioth\u00e8que g\u00e9n\u00e9rale 71 \/ Cairo 2023), 753\u2013760.<\/p>\n<\/div><\/li><li style=\"background-color:rgba(255,255,255,0);\" class=\"fusion-li-item\"><span style=\"height:30.6px;width:30.6px;margin-right:12.6px;\" class=\"icon-wrapper circle-no\"><i class=\"fusion-li-icon fa-check fas\" style=\"color:#181818;\" aria-hidden=\"true\"><\/i><\/span><div class=\"fusion-li-item-content\" style=\"margin-left:43.2px;color:#181818;\">\n<p style=\"text-align: justify\">R. Demar\u00e9e, K. Gabler, S. Polis, <a href=\"https:\/\/openscience.ub.uni-mainz.de\/handle\/20.500.12030\/9272\">A Family Affair in the Community of Deir el-Medina. Gossip Girls in two 19<sup>th<\/sup> Dynasty Letters<\/a>, in\u00a0S. G\u00fclden, T. Konrad, and U. Verhoeven (eds), <em>\u00c4gyptologische \u00abBinsen\u00bb-Weisheiten IV. Hieratisch des Neuen Reiches: Akteure, Formen und Funktionen. Akten der internationalen Tagung in der Akademie der Wissenschaften und der Literatur, Mainz im Dezember 2019,\u00a0<\/em>Abhandlungen der Geistes- und sozialwissenschaftlichen Klasse. Einzelver\u00f6ffentlichung 17 (Stuttgart, 2022), 44\u2013126.<\/p>\n<\/div><\/li><li style=\"background-color:rgba(255,255,255,0);\" class=\"fusion-li-item\"><span style=\"height:30.6px;width:30.6px;margin-right:12.6px;\" class=\"icon-wrapper circle-no\"><i class=\"fusion-li-icon fa-check fas\" style=\"color:#181818;\" aria-hidden=\"true\"><\/i><\/span><div class=\"fusion-li-item-content\" style=\"margin-left:43.2px;color:#181818;\">\n<p style=\"text-align: justify\">S. Polis, <a href=\"https:\/\/openscience.ub.uni-mainz.de\/handle\/20.500.12030\/9287\">The Messy Scribe from Deir el-Medina. A Paleographical Journey through the Texts of a Draughtsman and Scribe from the 19th Dynasty: Pay (i)<\/a>, in S. G\u00fclden, T. Konrad, and U. Verhoeven (eds)<em>, \u00c4gyptologische \u00abBinsen\u00bb-Weisheiten IV. Hieratisch des Neuen Reiches: Akteure, Formen und Funktionen. Akten der internationalen Tagung in der Akademie der Wissenschaften und der Literatur, Mainz im Dezember 2019,\u00a0<\/em>Abhandlungen der Geistes- und sozialwissenschaftlichen Klasse. Einzelver\u00f6ffentlichung 17 (Stuttgart, 2022),\u00a0 405\u2013453.<\/p>\n<\/div><\/li><li style=\"background-color:rgba(255,255,255,0);\" class=\"fusion-li-item\"><span style=\"height:30.6px;width:30.6px;margin-right:12.6px;\" class=\"icon-wrapper circle-no\"><i class=\"fusion-li-icon fa-check fas\" style=\"color:#181818;\" aria-hidden=\"true\"><\/i><\/span><div class=\"fusion-li-item-content\" style=\"margin-left:43.2px;color:#181818;\">\n<p style=\"text-align: justify\">S. Unter, Transforming Fragments into Documents: Hieratic Papyri and the Use of Machine Learning, in K. Gabler, A. Verbovsek, S. Bickel and E. Hemauer (eds) <em>Formen kultureller Dynamik: Impuls \u2013 Progession \u2013 Transformation.\u00a0Beitr\u00e4ge des zehnten Basler und Berliner Arbeitskreises Junge Aegyptologie (BAJA 10), 29.11.\u201301.12.2019<\/em> (GOF IV, Reihe \u00c4gypten 68; Wiesbaden, 2021), 159\u2013172.<\/p>\n<\/div><\/li><li style=\"background-color:rgba(255,255,255,0);\" class=\"fusion-li-item\"><span style=\"height:30.6px;width:30.6px;margin-right:12.6px;\" class=\"icon-wrapper circle-no\"><i class=\"fusion-li-icon fa-check fas\" style=\"color:#181818;\" aria-hidden=\"true\"><\/i><\/span><div class=\"fusion-li-item-content\" style=\"margin-left:43.2px;color:#181818;\">\n<p style=\"text-align: justify\">E. Hertel, S. Unter, K. Gabler and A. Loprieno, Crossing Boundaries Between Humanities and Informatics: the Case of Egyptian Papyri, <em><a href=\"https:\/\/classics-at.chs.harvard.edu\/crossing-boundaries-between-humanities-and-informatics-the-case-of-egyptian-papyri\/\" target=\"_blank\" rel=\"noopener\">Classics@ 18(1)<\/a> <\/em>(2021), 13 pages<em>.<\/em><\/p>\n<\/div><\/li><li style=\"background-color:rgba(255,255,255,0);\" class=\"fusion-li-item\"><span style=\"height:30.6px;width:30.6px;margin-right:12.6px;\" class=\"icon-wrapper circle-no\"><i class=\"fusion-li-icon fa-check fas\" style=\"color:#181818;\" aria-hidden=\"true\"><\/i><\/span><div class=\"fusion-li-item-content\" style=\"margin-left:43.2px;color:#181818;\">\n<p style=\"text-align: justify\">R. Demar\u00e9e, A. Dorn, S. Polis, \u2018Les listes de maisonn\u00e9es de Deir el-M\u00e9dina (\u201cStato civile\u201c): Nouveaux fragments de l\u2019Ifao et localisation de l\u2019archive d\u2019une lign\u00e9e de scribes\u2019, <em>BIFAO 120<\/em> (2020), 171\u2013220.<\/p>\n<\/div><\/li><li style=\"background-color:rgba(255,255,255,0);\" class=\"fusion-li-item\"><span style=\"height:30.6px;width:30.6px;margin-right:12.6px;\" class=\"icon-wrapper circle-no\"><i class=\"fusion-li-icon fa-check fas\" style=\"color:#181818;\" aria-hidden=\"true\"><\/i><\/span><div class=\"fusion-li-item-content\" style=\"margin-left:43.2px;color:#181818;\">\n<p style=\"text-align: justify\">K. Gabler &amp; M. M\u00fcller, &#8216;A Vizier\u2019s (Maybe not so) New Pieces of Furniture in the Renaissance Era: The Drawings and the Texts of P. Turin Cat. 2034 in Context&#8217;, in K. Gabler, R. Gautschy, L. Bohnenk\u00e4mper, H. Jenni, C. Reymond, R. Zillhardt, A. Loprieno-Gnirs, H.-H. M\u00fcnch (eds) <em>Text-Bild-Objekte im arch<\/em><em>\u00e4<\/em><em>ologischen Kontext<\/em>. <em>Festschrift f<\/em><em>\u00fc<\/em><em>r Susanne Bickel<\/em>, LingAeg StudMon 22 (Hamburg 2020), 117\u2013150.<\/p>\n<\/div><\/li><li style=\"background-color:rgba(255,255,255,0);\" class=\"fusion-li-item\"><span style=\"height:30.6px;width:30.6px;margin-right:12.6px;\" class=\"icon-wrapper circle-no\"><i class=\"fusion-li-icon fa-check fas\" style=\"color:#181818;\" aria-hidden=\"true\"><\/i><\/span><div class=\"fusion-li-item-content\" style=\"margin-left:43.2px;color:#181818;\">\n<p style=\"text-align: justify\">S. Polis, K. Gabler,\u00a0C. Greco, E. Hertel, A. Loprieno, M. M\u00fcller,\u00a0R. Pietri, N. Sojic, S. T\u00f6pfer, S. Unter, &#8216;Crossing Boundaries.\u00a0Understanding Complex Scribal Practices in Ancient Egypt&#8217;, <a href=\"https:\/\/rivista.museoegizio.it\/article\/crossing-boundaries-understanding-complex-scribal-practices-in-ancient-egypt-with-a-2019-progress-report\/\">Rivista del Museo Egizio No. 4 (2020).<\/a><\/p>\n<\/div><\/li><\/ul><div class=\"fusion-clearfix\"><\/div><\/div><\/div><div class=\"fusion-layout-column fusion_builder_column fusion-builder-column-1 fusion_builder_column_1_1 1_1 fusion-one-full fusion-column-first fusion-column-last\" style=\"margin-top:20px;margin-bottom:20px;\"><div class=\"fusion-column-wrapper fusion-flex-column-wrapper-legacy\" style=\"background-position:left top;background-repeat:no-repeat;-webkit-background-size:cover;-moz-background-size:cover;-o-background-size:cover;background-size:cover;padding: 0px 0px 0px 0px;\"><div class=\"fusion-text fusion-text-2\"><h4>Previous Publications<\/h4>\n<\/div><ul class=\"fusion-checklist fusion-checklist-2\" style=\"font-size:18px;line-height:30.6px;\"><li style=\"background-color:rgba(255,255,255,0);\" class=\"fusion-li-item\"><span style=\"height:30.6px;width:30.6px;margin-right:12.6px;\" class=\"icon-wrapper circle-no\"><i class=\"fusion-li-icon fa-check fas\" style=\"color:#181818;\" aria-hidden=\"true\"><\/i><\/span><div class=\"fusion-li-item-content\" style=\"margin-left:43.2px;color:#181818;\">\n<p style=\"text-align: justify\">K. Gabler, \u2018Methods of Identification among the Deir el-Medina Workmen and their Service Personnel: The Use of Names, Titles, Patronyms and Identity Marks in Administrative Texts from Deir el-Medina\u2019, in B.J.J. Haring et al. (eds), <i>Proceedings of the Conference \u201cDecoding Signs of Identity\u201c, December 2013, Leiden<\/i> (Egyptologische Uitgaven 32; Leiden \/ Leuven, 2018), 191\u2013218.<\/p>\n<\/div><\/li><li style=\"background-color:rgba(255,255,255,0);\" class=\"fusion-li-item\"><span style=\"height:30.6px;width:30.6px;margin-right:12.6px;\" class=\"icon-wrapper circle-no\"><i class=\"fusion-li-icon fa-check fas\" style=\"color:#181818;\" aria-hidden=\"true\"><\/i><\/span><div class=\"fusion-li-item-content\" style=\"margin-left:43.2px;color:#181818;\">\n<p style=\"text-align: justify\">K. Gabler &amp; D. Soliman, \u2018A 18<sup>th<\/sup> Dynasty Letter from the Valley of the Queens: P. Turin provv. 3581 in Context\u2019, <a title=\"Opens internal link in current window\" href=\"https:\/\/rivista.museoegizio.it\/article\/p-turin-provv-3581-an-eighteenth-dynasty-letter-from-the-valley-of-the-queens-in-context\/\" target=\"_blank\" rel=\"noopener noreferrer\">Rivista del Museo Egizio No. 2 (2018)<\/a>.<\/p>\n<\/div><\/li><li style=\"background-color:rgba(255,255,255,0);\" class=\"fusion-li-item\"><span style=\"height:30.6px;width:30.6px;margin-right:12.6px;\" class=\"icon-wrapper circle-no\"><i class=\"fusion-li-icon fa-check fas\" style=\"color:#181818;\" aria-hidden=\"true\"><\/i><\/span><div class=\"fusion-li-item-content\" style=\"margin-left:43.2px;color:#181818;\">\n<p style=\"text-align: justify\">A. Loprieno, \u2018Towards a Detailed Perspective on Deir el-Medina\u2019, in A. Dorn \/ T. Hofmann (eds), <i>Living and Writing in Deir el-Medine. Social-Historical Embodiment of Deir el-Medine Texts<\/i> (Aeyptiaca Helvetica 19; Basel, 2006), 165\u2013170.<\/p>\n<\/div><\/li><li style=\"background-color:rgba(255,255,255,0);\" class=\"fusion-li-item\"><span style=\"height:30.6px;width:30.6px;margin-right:12.6px;\" class=\"icon-wrapper circle-no\"><i class=\"fusion-li-icon fa-check fas\" style=\"color:#181818;\" aria-hidden=\"true\"><\/i><\/span><div class=\"fusion-li-item-content\" style=\"margin-left:43.2px;color:#181818;\">\n<p style=\"text-align: justify\">A. Loprieno, <i>Vom Schriftbild<\/i> (Basler Universit\u00e4tsreden 105; Basel, 2007).<\/p>\n<\/div><\/li><li style=\"background-color:rgba(255,255,255,0);\" class=\"fusion-li-item\"><span style=\"height:30.6px;width:30.6px;margin-right:12.6px;\" class=\"icon-wrapper circle-no\"><i class=\"fusion-li-icon fa-check fas\" style=\"color:#181818;\" aria-hidden=\"true\"><\/i><\/span><div class=\"fusion-li-item-content\" style=\"margin-left:43.2px;color:#181818;\">\n<p style=\"text-align: justify\">A. Loprieno, M. M\u00fcller, and S. Uljas, <i>Non-Verbal Predication in Ancient Egyptian<\/i> (The Mouton Companions to Ancient Egypt 2; Berlin, 2017).<\/p>\n<\/div><\/li><li style=\"background-color:rgba(255,255,255,0);\" class=\"fusion-li-item\"><span style=\"height:30.6px;width:30.6px;margin-right:12.6px;\" class=\"icon-wrapper circle-no\"><i class=\"fusion-li-icon fa-check fas\" style=\"color:#181818;\" aria-hidden=\"true\"><\/i><\/span><div class=\"fusion-li-item-content\" style=\"margin-left:43.2px;color:#181818;\">\n<p style=\"text-align: justify\">M. M\u00fcller, &#8216;Der Turiner Streikpapyrus (Turin 1880)&#8217;, in B. Janowski \/ G. Wilhelm (eds), <i>Texte zum Rechts- und Wirtschaftsleben<\/i> (G\u00fctersloh 2004), 165\u2013184.<\/p>\n<\/div><\/li><li style=\"background-color:rgba(255,255,255,0);\" class=\"fusion-li-item\"><span style=\"height:30.6px;width:30.6px;margin-right:12.6px;\" class=\"icon-wrapper circle-no\"><i class=\"fusion-li-icon fa-check fas\" style=\"color:#181818;\" aria-hidden=\"true\"><\/i><\/span><div class=\"fusion-li-item-content\" style=\"margin-left:43.2px;color:#181818;\">\n<p style=\"text-align: justify\">M. M\u00fcller, &#8216;Es werde Licht? Eine kurze Geschichte von \u00d6l &amp; Fett in Deir el-Medina in der 20. Dynastie&#8217;, in B.J.J. Haring, O.E. Kaper and R. van Walsem (eds), <a href=\"https:\/\/www.academia.edu\/7476294\/Es_werde_Licht_Eine_kurze_Geschichte_von_%25C3%2596l_und_Fett_in_Deir_el-Medina_in_der_20._Dynastie\" target=\"_blank\" rel=\"noopener noreferrer\"><i>The Workman\u2019s Progress. Studies in the Village of Deir el-Medina and Other Documents from Western Thebes in Honour of Rob Demar\u00e9e <\/i><\/a>(Egyptologische Uitgaven 28; Leiden \/ Leuven, 2014), 175\u2013190.<\/p>\n<\/div><\/li><li style=\"background-color:rgba(255,255,255,0);\" class=\"fusion-li-item\"><span style=\"height:30.6px;width:30.6px;margin-right:12.6px;\" class=\"icon-wrapper circle-no\"><i class=\"fusion-li-icon fa-check fas\" style=\"color:#181818;\" aria-hidden=\"true\"><\/i><\/span><div class=\"fusion-li-item-content\" style=\"margin-left:43.2px;color:#181818;\">\n<p style=\"text-align: justify\">S. Polis, \u2018Le serment de P. Turin 1880, vo 2, 8-19: une relecture de la construction iw bn sDm.f \u00e0 port\u00e9e historique\u2019, in M. Collier &amp; S. Steven (eds), <i>Ramesside studies in honour of K. A. Kitchen <\/i>(Bolton, 2011), 387\u2013401.<\/p>\n<\/div><\/li><li style=\"background-color:rgba(255,255,255,0);\" class=\"fusion-li-item\"><span style=\"height:30.6px;width:30.6px;margin-right:12.6px;\" class=\"icon-wrapper circle-no\"><i class=\"fusion-li-icon fa-check fas\" style=\"color:#181818;\" aria-hidden=\"true\"><\/i><\/span><div class=\"fusion-li-item-content\" style=\"margin-left:43.2px;color:#181818;\">\n<p style=\"text-align: justify\">S. Polis, \u2018Linguistic variation in ancient Egyptian: an introduction to the state of the art (with special attention to the community of Deir el-Medina)\u2019, in J. Cromwell &amp; E. Grossman (eds), <i>Scribal repertoires in Egypt from the New Kingdom to the early Islamic period <\/i>(Oxford, 2017), 60\u201388.<\/p>\n<\/div><\/li><li style=\"background-color:rgba(255,255,255,0);\" class=\"fusion-li-item\"><span style=\"height:30.6px;width:30.6px;margin-right:12.6px;\" class=\"icon-wrapper circle-no\"><i class=\"fusion-li-icon fa-check fas\" style=\"color:#181818;\" aria-hidden=\"true\"><\/i><\/span><div class=\"fusion-li-item-content\" style=\"margin-left:43.2px;color:#181818;\">\n<p style=\"text-align: justify\">S. Polis, \u2018The Scribal Repertoire of Amennakhte Son of Ipuy: Describing Variation across Late Egyptian Registers\u2019, in J. Cromwell &amp; E. Grossman (eds), <i>Scribal Repertoires in Egypt from the New Kingdom to the Early IslamicPeriod<\/i> (Oxford, 2017), 89\u2013126.<\/p>\n<\/div><\/li><li style=\"background-color:rgba(255,255,255,0);\" class=\"fusion-li-item\"><span style=\"height:30.6px;width:30.6px;margin-right:12.6px;\" class=\"icon-wrapper circle-no\"><i class=\"fusion-li-icon fa-check fas\" style=\"color:#181818;\" aria-hidden=\"true\"><\/i><\/span><div class=\"fusion-li-item-content\" style=\"margin-left:43.2px;color:#181818;\">\n<p style=\"text-align: justify\">S. Polis &amp; V. Razanajao, \u2018Ancient Egyptian Texts in Contexts: Towards a Conceptual Data Model (the Thot Data Model \u2013 TDM)\u2019, in <i>Bulletin of the Institute of Classical Studies, Section Digital Approaches to the Ancient World<\/i> 59:2 (2016), 24\u201341.<\/p>\n<\/div><\/li><li style=\"background-color:rgba(255,255,255,0);\" class=\"fusion-li-item\"><span style=\"height:30.6px;width:30.6px;margin-right:12.6px;\" class=\"icon-wrapper circle-no\"><i class=\"fusion-li-icon fa-check fas\" style=\"color:#181818;\" aria-hidden=\"true\"><\/i><\/span><div class=\"fusion-li-item-content\" style=\"margin-left:43.2px;color:#181818;\">\n<p style=\"text-align: justify\">S. T\u00f6pfer, &#8216;The Turin Papyrus Online Platform (TPOP): An Introduction&#8217;, <a title=\"Opens internal link in current window\" href=\"https:\/\/rivista.museoegizio.it\/article\/the-turin-papyrus-online-platform-tpop-an-introduction\/\" target=\"_blank\" rel=\"noopener noreferrer\">Rivista del Museo Egizio 2 (2018)<\/a>.<\/p>\n<\/div><\/li><\/ul><div class=\"fusion-clearfix\"><\/div><\/div><\/div><div class=\"fusion-layout-column fusion_builder_column fusion-builder-column-2 fusion_builder_column_1_1 1_1 fusion-one-full fusion-column-first fusion-column-last\" style=\"margin-top:20px;margin-bottom:20px;\"><div class=\"fusion-column-wrapper fusion-flex-column-wrapper-legacy\" style=\"background-position:left top;background-repeat:no-repeat;-webkit-background-size:cover;-moz-background-size:cover;-o-background-size:cover;background-size:cover;padding: 0px 0px 0px 0px;\"><div class=\"fusion-text fusion-text-3\"><h4>Related Publications<\/h4>\n<\/div><ul class=\"fusion-checklist fusion-checklist-3\" style=\"font-size:18px;line-height:30.6px;\"><li style=\"background-color:rgba(255,255,255,0);\" class=\"fusion-li-item\"><span style=\"height:30.6px;width:30.6px;margin-right:12.6px;\" class=\"icon-wrapper circle-no\"><i class=\"fusion-li-icon fa-check fas\" style=\"color:#181818;\" aria-hidden=\"true\"><\/i><\/span><div class=\"fusion-li-item-content\" style=\"margin-left:43.2px;color:#181818;\">\n<p style=\"text-align: justify\">A. Dorn &amp; S. Polis (eds), <i>Outside the Box. Selected Papers from the Conference &#8216;<\/i><i>Deir el-Medina and the Theban Necropolis in Contact&#8217;, Li\u00e8ge, 27<\/i>\u2013<i>29 October 2014<\/i> (Aegyptiaca Leodiensia 11; Li\u00e8ge, 2018).<\/p>\n<\/div><\/li><li style=\"background-color:rgba(255,255,255,0);\" class=\"fusion-li-item\"><span style=\"height:30.6px;width:30.6px;margin-right:12.6px;\" class=\"icon-wrapper circle-no\"><i class=\"fusion-li-icon fa-check fas\" style=\"color:#181818;\" aria-hidden=\"true\"><\/i><\/span><div class=\"fusion-li-item-content\" style=\"margin-left:43.2px;color:#181818;\">\n<p style=\"text-align: justify\">K. Gabler, <i>Who\u2019s who around Deir el-Medina. <\/i><i>Untersuchungen zur Organisation, Prosopographie und Entwicklung des Versorgungspersonals f\u00fcr die Arbeitersiedlung und das Tal der K\u00f6nige <\/i>(Egyptologische Uitgaven 31; Leiden \/ Leuven, 2018).<\/p>\n<\/div><\/li><li style=\"background-color:rgba(255,255,255,0);\" class=\"fusion-li-item\"><span style=\"height:30.6px;width:30.6px;margin-right:12.6px;\" class=\"icon-wrapper circle-no\"><i class=\"fusion-li-icon fa-check fas\" style=\"color:#181818;\" aria-hidden=\"true\"><\/i><\/span><div class=\"fusion-li-item-content\" style=\"margin-left:43.2px;color:#181818;\">\n<p style=\"text-align: justify\">A. Loprieno (ed.), <i>Ancient Egyptian Literature. History and Forms <\/i>(Probleme der \u00c4gyptologie 10; Leiden, 1996).<\/p>\n<\/div><\/li><li style=\"background-color:rgba(255,255,255,0);\" class=\"fusion-li-item\"><span style=\"height:30.6px;width:30.6px;margin-right:12.6px;\" class=\"icon-wrapper circle-no\"><i class=\"fusion-li-icon fa-check fas\" style=\"color:#181818;\" aria-hidden=\"true\"><\/i><\/span><div class=\"fusion-li-item-content\" style=\"margin-left:43.2px;color:#181818;\">\n<p style=\"text-align: justify\">A. Loprieno, <i>La pens\u00e9e et l\u2019\u00e9criture: pour une analyse s\u00e9miotique de la culture \u00e9gyptienne. Quatre s\u00e9minaires \u00e0 l\u2019\u00c9cole Pratique des Hautes \u00c9tudes, Section des Sciences religieuses <\/i>(Paris, 2001).<\/p>\n<\/div><\/li><li style=\"background-color:rgba(255,255,255,0);\" class=\"fusion-li-item\"><span style=\"height:30.6px;width:30.6px;margin-right:12.6px;\" class=\"icon-wrapper circle-no\"><i class=\"fusion-li-icon fa-check fas\" style=\"color:#181818;\" aria-hidden=\"true\"><\/i><\/span><div class=\"fusion-li-item-content\" style=\"margin-left:43.2px;color:#181818;\">\n<p style=\"text-align: justify\">A. Loprieno, \u2018Interdisziplinarit\u00e4t und Transdisziplinarit\u00e4t in der heutigen \u00c4gyptologie\u2019, in T. Hofmann &amp; A. Sturm (eds), <i>Menschenbilder \u2013 Bildermenschen: Kunst und Kultur im alten \u00c4gypten<\/i> (Norderstedt, 2003), 227\u2013240.<\/p>\n<\/div><\/li><li style=\"background-color:rgba(255,255,255,0);\" class=\"fusion-li-item\"><span style=\"height:30.6px;width:30.6px;margin-right:12.6px;\" class=\"icon-wrapper circle-no\"><i class=\"fusion-li-icon fa-check fas\" style=\"color:#181818;\" aria-hidden=\"true\"><\/i><\/span><div class=\"fusion-li-item-content\" style=\"margin-left:43.2px;color:#181818;\">\n<p style=\"text-align: justify\">S. Polis, \u2018Les relations entre futur et modalit\u00e9 d\u00e9ontique: \u00e0 propos des sens du futur III en n\u00e9o-\u00e9gyptien\u2019, in <i>Lingua Aegyptia <\/i>14 (2006), 233\u2013250.<\/p>\n<\/div><\/li><li style=\"background-color:rgba(255,255,255,0);\" class=\"fusion-li-item\"><span style=\"height:30.6px;width:30.6px;margin-right:12.6px;\" class=\"icon-wrapper circle-no\"><i class=\"fusion-li-icon fa-check fas\" style=\"color:#181818;\" aria-hidden=\"true\"><\/i><\/span><div class=\"fusion-li-item-content\" style=\"margin-left:43.2px;color:#181818;\">\n<p style=\"text-align: justify\">S. Polis, \u2018Interaction entre modalit\u00e9 et subjectivit\u00e9 en n\u00e9o-\u00e9gyptien: autour de la construction mri + jw circ. \u00ab souhaiter que \u00bb\u2019, in <i>Lingua Aegyptia <\/i>17 (2009), 201\u2013229.<\/p>\n<\/div><\/li><li style=\"background-color:rgba(255,255,255,0);\" class=\"fusion-li-item\"><span style=\"height:30.6px;width:30.6px;margin-right:12.6px;\" class=\"icon-wrapper circle-no\"><i class=\"fusion-li-icon fa-check fas\" style=\"color:#181818;\" aria-hidden=\"true\"><\/i><\/span><div class=\"fusion-li-item-content\" style=\"margin-left:43.2px;color:#181818;\">\n<p style=\"text-align: justify\">S. Polis, A.-C. Honnay, and J. Winand, \u2018Building an Annotated Corpus of Late Egyptian. The Ramses Project: Review and Perspectives\u2019, in S. Polis &amp; J. Winand (eds), <i>Texts, Languages &amp; Information Technology in Egyptology: Selected Papers from the Meeting of the Computer Working Group of the International Association of Egyptologists (Informatique &amp; \u00c9gyptologie), Li\u00e8ge, 6<\/i><i>\u20138 July 2010<\/i> (Li\u00e8ge, 2013), 25\u201344.<\/p>\n<\/div><\/li><\/ul><div class=\"fusion-clearfix\"><\/div><\/div><\/div><\/div><\/div>\n","protected":false},"excerpt":{"rendered":"","protected":false},"author":2,"featured_media":0,"parent":0,"menu_order":0,"comment_status":"closed","ping_status":"closed","template":"","meta":{"footnotes":""},"class_list":["post-1238","page","type-page","status-publish","hentry"],"_links":{"self":[{"href":"http:\/\/web.philo.ulg.ac.be\/x-bound\/wp-json\/wp\/v2\/pages\/1238","targetHints":{"allow":["GET"]}}],"collection":[{"href":"http:\/\/web.philo.ulg.ac.be\/x-bound\/wp-json\/wp\/v2\/pages"}],"about":[{"href":"http:\/\/web.philo.ulg.ac.be\/x-bound\/wp-json\/wp\/v2\/types\/page"}],"author":[{"embeddable":true,"href":"http:\/\/web.philo.ulg.ac.be\/x-bound\/wp-json\/wp\/v2\/users\/2"}],"replies":[{"embeddable":true,"href":"http:\/\/web.philo.ulg.ac.be\/x-bound\/wp-json\/wp\/v2\/comments?post=1238"}],"version-history":[{"count":7,"href":"http:\/\/web.philo.ulg.ac.be\/x-bound\/wp-json\/wp\/v2\/pages\/1238\/revisions"}],"predecessor-version":[{"id":3726,"href":"http:\/\/web.philo.ulg.ac.be\/x-bound\/wp-json\/wp\/v2\/pages\/1238\/revisions\/3726"}],"wp:attachment":[{"href":"http:\/\/web.philo.ulg.ac.be\/x-bound\/wp-json\/wp\/v2\/media?parent=1238"}],"curies":[{"name":"wp","href":"https:\/\/api.w.org\/{rel}","templated":true}]}}