{"id":1859,"date":"2019-05-28T14:16:15","date_gmt":"2019-05-28T12:16:15","guid":{"rendered":"http:\/\/web.philo.ulg.ac.be\/x-bound\/?page_id=1859"},"modified":"2021-07-01T14:45:44","modified_gmt":"2021-07-01T12:45:44","slug":"presentations","status":"publish","type":"page","link":"http:\/\/web.philo.ulg.ac.be\/x-bound\/presentations\/","title":{"rendered":"Presentations"},"content":{"rendered":"<p><div class=\"fusion-fullwidth fullwidth-box fusion-builder-row-1 nonhundred-percent-fullwidth non-hundred-percent-height-scrolling fusion-equal-height-columns\" style=\"background-color: rgba(255,255,255,0);background-position: center center;background-repeat: no-repeat;padding-top:0px;padding-right:0px;padding-bottom:0px;padding-left:0px;margin-bottom: 0px;margin-top: 0px;border-width: 0px 0px 0px 0px;border-color:#eae9e9;border-style:solid;\" ><div class=\"fusion-builder-row fusion-row\"><div class=\"fusion-layout-column fusion_builder_column fusion-builder-column-0 fusion_builder_column_1_3 1_3 fusion-one-third fusion-column-first fusion-animated\" style=\"width:33.333333333333%;width:calc(33.333333333333% - ( ( 6% + 6% ) * 0.33333333333333 ) );margin-right: 6%;margin-top:20px;margin-bottom:20px;\" data-animationType=\"zoomIn\" data-animationDuration=\"0.8\" data-animationOffset=\"top-into-view\"><div class=\"fusion-column-wrapper fusion-flex-column-wrapper-legacy\" style=\"background-position:center center;background-repeat:no-repeat;-webkit-background-size:cover;-moz-background-size:cover;-o-background-size:cover;background-size:cover;background-color:#dbc09b;padding: 10% 10% 10% 10%;\"><div class=\"fusion-column-content-centered\"><div class=\"fusion-column-content\"><div class=\"fusion-text fusion-text-1 caption\"><p style=\"text-align: center\"><span style=\"color: #ffffff\"><br \/>\nMainz &#8211; 09\u201311\/07\/2021<\/span><\/p>\n<\/div><div class=\"imageframe-align-center\"><span class=\" fusion-imageframe imageframe-none imageframe-1 hover-type-none\"><img decoding=\"async\" width=\"2166\" height=\"542\" title=\"52.SA\u0308K_Mainz_Online 2021\" src=\"http:\/\/web.philo.ulg.ac.be\/x-bound\/wp-content\/uploads\/sites\/52\/2021\/02\/52.SA\u0308K_Mainz_Online-2021.png\" alt class=\"img-responsive wp-image-2941\" srcset=\"http:\/\/web.philo.ulg.ac.be\/x-bound\/wp-content\/uploads\/sites\/52\/2021\/02\/52.SA\u0308K_Mainz_Online-2021-200x50.png 200w, http:\/\/web.philo.ulg.ac.be\/x-bound\/wp-content\/uploads\/sites\/52\/2021\/02\/52.SA\u0308K_Mainz_Online-2021-400x100.png 400w, http:\/\/web.philo.ulg.ac.be\/x-bound\/wp-content\/uploads\/sites\/52\/2021\/02\/52.SA\u0308K_Mainz_Online-2021-600x150.png 600w, http:\/\/web.philo.ulg.ac.be\/x-bound\/wp-content\/uploads\/sites\/52\/2021\/02\/52.SA\u0308K_Mainz_Online-2021-800x200.png 800w, http:\/\/web.philo.ulg.ac.be\/x-bound\/wp-content\/uploads\/sites\/52\/2021\/02\/52.SA\u0308K_Mainz_Online-2021-1200x300.png 1200w, http:\/\/web.philo.ulg.ac.be\/x-bound\/wp-content\/uploads\/sites\/52\/2021\/02\/52.SA\u0308K_Mainz_Online-2021.png 2166w\" sizes=\"(max-width: 1060px) 100vw, 400px\" \/><\/span><\/div><style type=\"text\/css\"><\/style><div class=\"fusion-title title fusion-title-1 fusion-sep-none fusion-title-center fusion-title-text fusion-title-size-five\" style=\"margin-top:16px;margin-right:0px;margin-bottom:16px;margin-left:0px;\"><h5 class=\"title-heading-center fusion-responsive-typography-calculated\" style=\"margin:0;color:#ffffff;--fontSize:20;--minFontSize:20px;line-height:1.5;\"><p>Online conference:<br \/>\nSt\u00e4ndige \u00c4gyptolog*innenkonferenz (S\u00c4K)<\/p><\/h5><\/div><div class=\"fusion-sep-clear\"><\/div><div class=\"fusion-separator fusion-full-width-sep\" style=\"margin-left: auto;margin-right: auto;margin-top:24%;width:100%;\"><\/div><div class=\"fusion-sep-clear\"><\/div><div class=\"fusion-aligncenter\"><style>.fusion-body .fusion-button.button-1 .fusion-button-text,.fusion-body .fusion-button.button-1 i{color:#181818;}.fusion-body .fusion-button.button-1{border-color:#181818;border-radius:0px 0px 0px 0px;background:#ffffff;}.fusion-body .fusion-button.button-1:hover .fusion-button-text,.fusion-body .fusion-button.button-1:hover i,.fusion-body .fusion-button.button-1:focus .fusion-button-text,.fusion-body .fusion-button.button-1:focus i,.fusion-body .fusion-button.button-1:active .fusion-button-text,.fusion-body .fusion-button.button-1:active i{color:#ffffff;}.fusion-body .fusion-button.button-1:hover,.fusion-body .fusion-button.button-1:active,.fusion-body .fusion-button.button-1:focus{border-color:#ffffff;background:#181818;}<\/style><a class=\"fusion-button button-flat fusion-button-default-size button-custom button-1 fusion-button-default-span fusion-button-default-type\" target=\"_self\" href=\"http:\/\/web.philo.ulg.ac.be\/x-bound\/2020\/03\/02\/52-standige-agyptologinnenkonferenz-sak-mainz\/\"><span class=\"fusion-button-text\">More Info<\/span><\/a><\/div><\/div><\/div><div class=\"fusion-clearfix\"><\/div><\/div><\/div><div class=\"fusion-layout-column fusion_builder_column fusion-builder-column-1 fusion_builder_column_1_3 1_3 fusion-one-third fusion-animated\" style=\"width:33.333333333333%;width:calc(33.333333333333% - ( ( 6% + 6% ) * 0.33333333333333 ) );margin-right: 6%;margin-top:20px;margin-bottom:20px;\" data-animationType=\"zoomIn\" data-animationDuration=\"0.8\" data-animationOffset=\"top-into-view\"><div class=\"fusion-column-wrapper fusion-flex-column-wrapper-legacy\" style=\"background-position:center center;background-repeat:no-repeat;-webkit-background-size:cover;-moz-background-size:cover;-o-background-size:cover;background-size:cover;background-color:#000000;padding: 10% 10% 10% 10%;\"><div class=\"fusion-column-content-centered\"><div class=\"fusion-column-content\"><div class=\"fusion-text fusion-text-2 caption\"><p style=\"text-align: center\"><span style=\"color: #ffffff\"><br \/>\nLausanne &#8211; 10\u201311\/09\/2020<\/span><\/p>\n<\/div><div class=\"imageframe-align-center\"><span class=\" fusion-imageframe imageframe-none imageframe-2 hover-type-none\"><img decoding=\"async\" width=\"752\" height=\"464\" title=\"Digital Humanties Plus_SIB_Lausanne\" src=\"http:\/\/web.philo.ulg.ac.be\/x-bound\/wp-content\/uploads\/sites\/52\/2020\/07\/Digital-Humanties-Plus_SIB_Lausanne.png\" alt class=\"img-responsive wp-image-2739\" srcset=\"http:\/\/web.philo.ulg.ac.be\/x-bound\/wp-content\/uploads\/sites\/52\/2020\/07\/Digital-Humanties-Plus_SIB_Lausanne-200x123.png 200w, http:\/\/web.philo.ulg.ac.be\/x-bound\/wp-content\/uploads\/sites\/52\/2020\/07\/Digital-Humanties-Plus_SIB_Lausanne-400x247.png 400w, http:\/\/web.philo.ulg.ac.be\/x-bound\/wp-content\/uploads\/sites\/52\/2020\/07\/Digital-Humanties-Plus_SIB_Lausanne-600x370.png 600w, http:\/\/web.philo.ulg.ac.be\/x-bound\/wp-content\/uploads\/sites\/52\/2020\/07\/Digital-Humanties-Plus_SIB_Lausanne.png 752w\" sizes=\"(max-width: 1060px) 100vw, 400px\" \/><\/span><\/div><style type=\"text\/css\"><\/style><div class=\"fusion-title title fusion-title-2 fusion-sep-none fusion-title-center fusion-title-text fusion-title-size-five\" style=\"margin-top:16px;margin-right:0px;margin-bottom:16px;margin-left:0px;\"><h5 class=\"title-heading-center fusion-responsive-typography-calculated\" style=\"margin:0;color:#ffffff;--fontSize:20;--minFontSize:20px;line-height:1.5;\">Online conference: Virtual Research Environments and Ancient Manuscripts<\/h5><\/div><div class=\"fusion-sep-clear\"><\/div><div class=\"fusion-separator fusion-full-width-sep\" style=\"margin-left: auto;margin-right: auto;margin-top:24%;width:100%;\"><\/div><div class=\"fusion-sep-clear\"><\/div><div class=\"fusion-aligncenter\"><style>.fusion-body .fusion-button.button-2 .fusion-button-text,.fusion-body .fusion-button.button-2 i{color:#181818;}.fusion-body .fusion-button.button-2{border-color:#181818;border-radius:0px 0px 0px 0px;background:#ffffff;}.fusion-body .fusion-button.button-2:hover .fusion-button-text,.fusion-body .fusion-button.button-2:hover i,.fusion-body .fusion-button.button-2:focus .fusion-button-text,.fusion-body .fusion-button.button-2:focus i,.fusion-body .fusion-button.button-2:active .fusion-button-text,.fusion-body .fusion-button.button-2:active i{color:#ffffff;}.fusion-body .fusion-button.button-2:hover,.fusion-body .fusion-button.button-2:active,.fusion-body .fusion-button.button-2:focus{border-color:#ffffff;background:#181818;}<\/style><a class=\"fusion-button button-flat fusion-button-default-size button-custom button-2 fusion-button-default-span fusion-button-default-type\" target=\"_self\" href=\"http:\/\/web.philo.ulg.ac.be\/x-bound\/2020\/07\/20\/online-conference-virtual-research-environments-and-ancient-manuscripts\/\"><span class=\"fusion-button-text\">More Info<\/span><\/a><\/div><\/div><\/div><div class=\"fusion-clearfix\"><\/div><\/div><\/div><div class=\"fusion-layout-column fusion_builder_column fusion-builder-column-2 fusion_builder_column_1_3 1_3 fusion-one-third fusion-column-last fusion-animated\" style=\"width:33.333333333333%;width:calc(33.333333333333% - ( ( 6% + 6% ) * 0.33333333333333 ) );margin-top:20px;margin-bottom:20px;\" data-animationType=\"zoomIn\" data-animationDuration=\"0.8\" data-animationOffset=\"top-into-view\"><div class=\"fusion-column-wrapper fusion-flex-column-wrapper-legacy\" style=\"background-position:center center;background-repeat:no-repeat;-webkit-background-size:cover;-moz-background-size:cover;-o-background-size:cover;background-size:cover;background-color:#c5bba2;padding: 10% 10% 10% 10%;\"><div class=\"fusion-column-content-centered\"><div class=\"fusion-column-content\"><div class=\"fusion-text fusion-text-3 caption\"><p style=\"text-align: center\"><span style=\"color: #ffffff\"><br \/>\nMainz &#8211; 09\u201310\/12\/2019<\/span><\/p>\n<\/div><div class=\"imageframe-align-center\"><span class=\" fusion-imageframe imageframe-none imageframe-3 hover-type-none\"><img decoding=\"async\" width=\"200\" height=\"162\" alt=\"Logo - AKU (Alt\u00e4gyptische Kursivschriften)\" title=\"Logo &#8211; AKU (Alt\u00e4gyptische Kursivschriften)\" src=\"http:\/\/web.philo.ulg.ac.be\/x-bound\/wp-content\/uploads\/sites\/52\/2019\/05\/aku-200x162.jpg\" class=\"img-responsive wp-image-1900\" srcset=\"http:\/\/web.philo.ulg.ac.be\/x-bound\/wp-content\/uploads\/sites\/52\/2019\/05\/aku-200x162.jpg 200w, http:\/\/web.philo.ulg.ac.be\/x-bound\/wp-content\/uploads\/sites\/52\/2019\/05\/aku-400x324.jpg 400w, http:\/\/web.philo.ulg.ac.be\/x-bound\/wp-content\/uploads\/sites\/52\/2019\/05\/aku-600x487.jpg 600w, http:\/\/web.philo.ulg.ac.be\/x-bound\/wp-content\/uploads\/sites\/52\/2019\/05\/aku-800x649.jpg 800w, http:\/\/web.philo.ulg.ac.be\/x-bound\/wp-content\/uploads\/sites\/52\/2019\/05\/aku.jpg 900w\" sizes=\"(max-width: 1060px) 100vw, 400px\" \/><\/span><\/div><style type=\"text\/css\"><\/style><div class=\"fusion-title title fusion-title-3 fusion-sep-none fusion-title-center fusion-title-text fusion-title-size-five\" style=\"margin-top:16px;margin-right:0px;margin-bottom:16px;margin-left:0px;\"><h5 class=\"title-heading-center fusion-responsive-typography-calculated\" style=\"margin:0;color:#ffffff;--fontSize:20;--minFontSize:20px;line-height:1.5;\"><p>Binsenweisheiten IV, AKU<\/p>\n<p>&nbsp;<\/p><\/h5><\/div><div class=\"fusion-sep-clear\"><\/div><div class=\"fusion-separator fusion-full-width-sep\" style=\"margin-left: auto;margin-right: auto;margin-top:24%;width:100%;\"><\/div><div class=\"fusion-sep-clear\"><\/div><div class=\"fusion-aligncenter\"><style>.fusion-body .fusion-button.button-3 .fusion-button-text,.fusion-body .fusion-button.button-3 i{color:#181818;}.fusion-body .fusion-button.button-3{border-color:#181818;border-radius:0px 0px 0px 0px;background:#ffffff;}.fusion-body .fusion-button.button-3:hover .fusion-button-text,.fusion-body .fusion-button.button-3:hover i,.fusion-body .fusion-button.button-3:focus .fusion-button-text,.fusion-body .fusion-button.button-3:focus i,.fusion-body .fusion-button.button-3:active .fusion-button-text,.fusion-body .fusion-button.button-3:active i{color:#ffffff;}.fusion-body .fusion-button.button-3:hover,.fusion-body .fusion-button.button-3:active,.fusion-body .fusion-button.button-3:focus{border-color:#ffffff;background:#181818;}<\/style><a class=\"fusion-button button-flat fusion-button-default-size button-custom button-3 fusion-button-default-span fusion-button-default-type\" target=\"_self\" href=\"http:\/\/web.philo.ulg.ac.be\/x-bound\/2019\/12\/09\/binsenweisheiten-iv-aku-mainz\/\"><span class=\"fusion-button-text\">More Info<\/span><\/a><\/div><\/div><\/div><div class=\"fusion-clearfix\"><\/div><\/div><\/div><\/div><\/div><div class=\"fusion-fullwidth fullwidth-box fusion-builder-row-2 nonhundred-percent-fullwidth non-hundred-percent-height-scrolling\" style=\"background-color: rgba(255,255,255,0);background-position: center center;background-repeat: no-repeat;padding-top:0px;padding-right:0px;padding-bottom:0px;padding-left:0px;margin-bottom: 0px;margin-top: 0px;border-width: 0px 0px 0px 0px;border-color:#eae9e9;border-style:solid;\" ><div class=\"fusion-builder-row fusion-row\"><div class=\"fusion-layout-column fusion_builder_column fusion-builder-column-3 fusion_builder_column_1_3 1_3 fusion-one-third fusion-column-first\" style=\"width:33.333333333333%;width:calc(33.333333333333% - ( ( 4% + 4% ) * 0.33333333333333 ) );margin-right: 4%;margin-top:20px;margin-bottom:20px;\"><div class=\"fusion-column-wrapper fusion-flex-column-wrapper-legacy\" style=\"background-position:left top;background-repeat:no-repeat;-webkit-background-size:cover;-moz-background-size:cover;-o-background-size:cover;background-size:cover;padding: 0px 0px 0px 0px;\"><div class=\"fusion-clearfix\"><\/div><\/div><\/div><div class=\"fusion-layout-column fusion_builder_column fusion-builder-column-4 fusion_builder_column_1_3 1_3 fusion-one-third\" style=\"width:33.333333333333%;width:calc(33.333333333333% - ( ( 4% + 4% ) * 0.33333333333333 ) );margin-right: 4%;margin-top:20px;margin-bottom:20px;\"><div class=\"fusion-column-wrapper fusion-flex-column-wrapper-legacy\" style=\"background-position:left top;background-repeat:no-repeat;-webkit-background-size:cover;-moz-background-size:cover;-o-background-size:cover;background-size:cover;padding: 0px 0px 0px 0px;\"><div class=\"fusion-aligncenter\"><style>.fusion-body .fusion-button.button-4{border-radius:0px 0px 0px 0px;}<\/style><a class=\"fusion-button button-flat fusion-button-default-size button-default button-4 fusion-button-default-span fusion-button-default-type\" target=\"_self\" href=\"http:\/\/web.philo.ulg.ac.be\/x-bound\/presentations\/presentations-archive\/\"><span class=\"fusion-button-text\">PRESENTATIONS ARCHIVE<\/span><\/a><\/div><div class=\"fusion-clearfix\"><\/div><\/div><\/div><div class=\"fusion-layout-column fusion_builder_column fusion-builder-column-5 fusion_builder_column_1_3 1_3 fusion-one-third fusion-column-last\" style=\"width:33.333333333333%;width:calc(33.333333333333% - ( ( 4% + 4% ) * 0.33333333333333 ) );margin-top:20px;margin-bottom:20px;\"><div class=\"fusion-column-wrapper fusion-flex-column-wrapper-legacy\" style=\"background-position:left top;background-repeat:no-repeat;-webkit-background-size:cover;-moz-background-size:cover;-o-background-size:cover;background-size:cover;padding: 0px 0px 0px 0px;\"><div class=\"fusion-clearfix\"><\/div><\/div><\/div><\/div><\/div><\/p>\n","protected":false},"excerpt":{"rendered":"","protected":false},"author":2,"featured_media":0,"parent":0,"menu_order":0,"comment_status":"closed","ping_status":"closed","template":"100-width.php","meta":{"footnotes":""},"class_list":["post-1859","page","type-page","status-publish","hentry"],"_links":{"self":[{"href":"http:\/\/web.philo.ulg.ac.be\/x-bound\/wp-json\/wp\/v2\/pages\/1859","targetHints":{"allow":["GET"]}}],"collection":[{"href":"http:\/\/web.philo.ulg.ac.be\/x-bound\/wp-json\/wp\/v2\/pages"}],"about":[{"href":"http:\/\/web.philo.ulg.ac.be\/x-bound\/wp-json\/wp\/v2\/types\/page"}],"author":[{"embeddable":true,"href":"http:\/\/web.philo.ulg.ac.be\/x-bound\/wp-json\/wp\/v2\/users\/2"}],"replies":[{"embeddable":true,"href":"http:\/\/web.philo.ulg.ac.be\/x-bound\/wp-json\/wp\/v2\/comments?post=1859"}],"version-history":[{"count":6,"href":"http:\/\/web.philo.ulg.ac.be\/x-bound\/wp-json\/wp\/v2\/pages\/1859\/revisions"}],"predecessor-version":[{"id":3159,"href":"http:\/\/web.philo.ulg.ac.be\/x-bound\/wp-json\/wp\/v2\/pages\/1859\/revisions\/3159"}],"wp:attachment":[{"href":"http:\/\/web.philo.ulg.ac.be\/x-bound\/wp-json\/wp\/v2\/media?parent=1859"}],"curies":[{"name":"wp","href":"https:\/\/api.w.org\/{rel}","templated":true}]}}