{"id":1996,"date":"2019-06-18T15:50:46","date_gmt":"2019-06-18T13:50:46","guid":{"rendered":"http:\/\/web.philo.ulg.ac.be\/x-bound\/?page_id=1996"},"modified":"2019-06-18T16:05:05","modified_gmt":"2019-06-18T14:05:05","slug":"legal-notice","status":"publish","type":"page","link":"http:\/\/web.philo.ulg.ac.be\/x-bound\/legal-notice\/","title":{"rendered":"Legal Notice"},"content":{"rendered":"<div class=\"fusion-fullwidth fullwidth-box fusion-builder-row-1 nonhundred-percent-fullwidth non-hundred-percent-height-scrolling\" style=\"background-color: rgba(255,255,255,0);background-position: center center;background-repeat: no-repeat;padding-top:0px;padding-right:0px;padding-bottom:0px;padding-left:0px;margin-bottom: 0px;margin-top: 0px;border-width: 0px 0px 0px 0px;border-color:#eae9e9;border-style:solid;\" ><div class=\"fusion-builder-row fusion-row\"><div class=\"fusion-layout-column fusion_builder_column fusion-builder-column-0 fusion_builder_column_1_1 1_1 fusion-one-full fusion-column-first fusion-column-last\" style=\"margin-top:20px;margin-bottom:20px;\"><div class=\"fusion-column-wrapper fusion-flex-column-wrapper-legacy\" style=\"background-position:left top;background-repeat:no-repeat;-webkit-background-size:cover;-moz-background-size:cover;-o-background-size:cover;background-size:cover;padding: 0px 0px 0px 0px;\"><div class=\"fusion-text fusion-text-1\"><h3>Publisher<\/h3>\n<p>Universit\u00e9 de Li\u00e8ge<br \/>\nPlace du 20-Ao\u00fbt, 7<br \/>\nB-4000 Li\u00e8ge (Belgique)<\/p>\n<h3>Text &amp; Content<\/h3>\n<p>The responsibility for the content of the website lies with:<\/p>\n<\/div><div class=\"fusion-clearfix\"><\/div><\/div><\/div><div class=\"fusion-layout-column fusion_builder_column fusion-builder-column-1 fusion_builder_column_1_3 1_3 fusion-one-third fusion-column-first\" style=\"width:33.333333333333%;width:calc(33.333333333333% - ( ( 4% + 4% ) * 0.33333333333333 ) );margin-right: 4%;margin-top:20px;margin-bottom:20px;\"><div class=\"fusion-column-wrapper fusion-flex-column-wrapper-legacy\" style=\"background-position:left top;background-repeat:no-repeat;-webkit-background-size:cover;-moz-background-size:cover;-o-background-size:cover;background-size:cover;padding: 0px 0px 0px 0px;\"><div class=\"fusion-text fusion-text-2\"><p>University of Basel<br \/>\nDepartment of Ancient Civilizations<br \/>\nCrossing Boundaries Project<br \/>\nPetersgraben 51<br \/>\n4051 Basel<br \/>\nSwitzerland<\/p>\n<\/div><div class=\"fusion-clearfix\"><\/div><\/div><\/div><div class=\"fusion-layout-column fusion_builder_column fusion-builder-column-2 fusion_builder_column_1_3 1_3 fusion-one-third\" style=\"width:33.333333333333%;width:calc(33.333333333333% - ( ( 4% + 4% ) * 0.33333333333333 ) );margin-right: 4%;margin-top:20px;margin-bottom:20px;\"><div class=\"fusion-column-wrapper fusion-flex-column-wrapper-legacy\" style=\"background-position:left top;background-repeat:no-repeat;-webkit-background-size:cover;-moz-background-size:cover;-o-background-size:cover;background-size:cover;padding: 0px 0px 0px 0px;\"><div class=\"fusion-text fusion-text-3\"><p>Universit\u00e9 de Li\u00e8ge<br \/>\nD\u00e9partement des Sciences de l&#8217;Antiquit\u00e9<br \/>\n\u00c9gyptologie &#8211; Mondes Anciens<br \/>\nPlace du 20-Ao\u00fbt, 7 (B\u00e2t. A1)<br \/>\nB-4000 Li\u00e8ge<br \/>\nBelgique<\/p>\n<\/div><div class=\"fusion-clearfix\"><\/div><\/div><\/div><div class=\"fusion-layout-column fusion_builder_column fusion-builder-column-3 fusion_builder_column_1_3 1_3 fusion-one-third fusion-column-last\" style=\"width:33.333333333333%;width:calc(33.333333333333% - ( ( 4% + 4% ) * 0.33333333333333 ) );margin-top:20px;margin-bottom:20px;\"><div class=\"fusion-column-wrapper fusion-flex-column-wrapper-legacy\" style=\"background-position:left top;background-repeat:no-repeat;-webkit-background-size:cover;-moz-background-size:cover;-o-background-size:cover;background-size:cover;padding: 0px 0px 0px 0px;\"><div class=\"fusion-clearfix\"><\/div><\/div><\/div><div class=\"fusion-layout-column fusion_builder_column fusion-builder-column-4 fusion_builder_column_1_1 1_1 fusion-one-full fusion-column-first fusion-column-last\" style=\"margin-top:20px;margin-bottom:20px;\"><div class=\"fusion-column-wrapper fusion-flex-column-wrapper-legacy\" style=\"background-position:left top;background-repeat:no-repeat;-webkit-background-size:cover;-moz-background-size:cover;-o-background-size:cover;background-size:cover;padding: 0px 0px 0px 0px;\"><div class=\"fusion-text fusion-text-4\"><h3>Guarantee and Disclaimer<\/h3>\n<p style=\"text-align: justify;\">The Universities of Basel and Li\u00e8ge strive to ensure the information on their pages is accurate and up to date. However, they assume no responsibility for the currency, correctness, completeness or quality of the information provided. They reserve the right to change or remove information at any time and without notice. Liability claims are thereby excluded.<\/p>\n<p style=\"text-align: justify;\">The Universities of Basel and Li\u00e8ge are not liable for material or immaterial damages arising from access to, use or non-use of the published information, by misuse of the connection or through technical faults.<\/p>\n<p style=\"text-align: justify;\">The Universities of Basel and Li\u00e8ge have not verified any external websites (those not on their servers or within their control) that may be linked to this website via hyperlinks and do not accept any responsibility for their content.<\/p>\n<h3>Copyright<\/h3>\n<p style=\"text-align: justify;\">All online content (documents, web pages, and their components) on the Universities of Basel and Li\u00e8ge websites are protected by copyright and may be copied and printed exclusively for private, scientific and non-commercial use.<\/p>\n<p style=\"text-align: justify;\">Any duplication, reproduction, transmission or other use of information on this website for commercial purposes is strictly prohibited. All permit applications must be submitted in writing to the University of Basel, Department of Ancient Civilizations, Crossing Boundaries, Petersgraben 51, 4051 Basel, Switzerland or to the University of Li\u00e8ge, Place du 20-Ao\u00fbt 7, 4000 Li\u00e8ge, Belgique.<\/p>\n<p style=\"text-align: justify;\">Individual rights that are under open or Creative Commons licenses can be used under the terms stated. A detailed overview of the terms and conditions of Creative Commons copyright licenses can be found\u00a0<a href=\"https:\/\/creativecommons.org\/licenses\/\" target=\"_blank\" rel=\"noopener\">here<\/a>.<\/p>\n<\/div><div class=\"fusion-clearfix\"><\/div><\/div><\/div><\/div><\/div>\n","protected":false},"excerpt":{"rendered":"","protected":false},"author":2,"featured_media":0,"parent":0,"menu_order":0,"comment_status":"closed","ping_status":"closed","template":"","meta":{"footnotes":""},"class_list":["post-1996","page","type-page","status-publish","hentry"],"_links":{"self":[{"href":"http:\/\/web.philo.ulg.ac.be\/x-bound\/wp-json\/wp\/v2\/pages\/1996","targetHints":{"allow":["GET"]}}],"collection":[{"href":"http:\/\/web.philo.ulg.ac.be\/x-bound\/wp-json\/wp\/v2\/pages"}],"about":[{"href":"http:\/\/web.philo.ulg.ac.be\/x-bound\/wp-json\/wp\/v2\/types\/page"}],"author":[{"embeddable":true,"href":"http:\/\/web.philo.ulg.ac.be\/x-bound\/wp-json\/wp\/v2\/users\/2"}],"replies":[{"embeddable":true,"href":"http:\/\/web.philo.ulg.ac.be\/x-bound\/wp-json\/wp\/v2\/comments?post=1996"}],"version-history":[{"count":5,"href":"http:\/\/web.philo.ulg.ac.be\/x-bound\/wp-json\/wp\/v2\/pages\/1996\/revisions"}],"predecessor-version":[{"id":2001,"href":"http:\/\/web.philo.ulg.ac.be\/x-bound\/wp-json\/wp\/v2\/pages\/1996\/revisions\/2001"}],"wp:attachment":[{"href":"http:\/\/web.philo.ulg.ac.be\/x-bound\/wp-json\/wp\/v2\/media?parent=1996"}],"curies":[{"name":"wp","href":"https:\/\/api.w.org\/{rel}","templated":true}]}}