{"id":2742,"date":"2020-07-20T18:49:13","date_gmt":"2020-07-20T16:49:13","guid":{"rendered":"http:\/\/web.philo.ulg.ac.be\/x-bound\/?page_id=2742"},"modified":"2021-02-01T13:48:57","modified_gmt":"2021-02-01T12:48:57","slug":"presentations-archive","status":"publish","type":"page","link":"http:\/\/web.philo.ulg.ac.be\/x-bound\/presentations\/presentations-archive\/","title":{"rendered":"Presentations Archive"},"content":{"rendered":"<div class=\"fusion-fullwidth fullwidth-box fusion-builder-row-1 nonhundred-percent-fullwidth non-hundred-percent-height-scrolling fusion-equal-height-columns\" style=\"background-color: rgba(255,255,255,0);background-position: center center;background-repeat: no-repeat;padding-top:0px;padding-right:0px;padding-bottom:0px;padding-left:0px;margin-bottom: 0px;margin-top: 0px;border-width: 0px 0px 0px 0px;border-color:#eae9e9;border-style:solid;\" ><div class=\"fusion-builder-row fusion-row\"><div class=\"fusion-layout-column fusion_builder_column fusion-builder-column-0 fusion_builder_column_1_4 1_4 fusion-one-fourth fusion-column-first fusion-animated\" style=\"width:25%;width:calc(25% - ( ( 6% + 6% + 4% ) * 0.25 ) );margin-right: 6%;margin-top:20px;margin-bottom:20px;\" data-animationType=\"zoomIn\" data-animationDuration=\"0.8\" data-animationOffset=\"top-into-view\"><div class=\"fusion-column-wrapper fusion-flex-column-wrapper-legacy\" style=\"background-position:center center;background-repeat:no-repeat;-webkit-background-size:cover;-moz-background-size:cover;-o-background-size:cover;background-size:cover;background-color:#000000;padding: 10% 10% 10% 10%;\"><div class=\"fusion-column-content-centered\"><div class=\"fusion-column-content\"><div class=\"fusion-text fusion-text-1 caption\"><p style=\"text-align: center\"><span style=\"color: #ffffff\"><br \/>\nCairo &#8211; 03\u201308\/11\/2019<br \/>\n<\/span><\/p>\n<\/div><div class=\"imageframe-align-center\"><span class=\" fusion-imageframe imageframe-none imageframe-1 hover-type-none\"><img decoding=\"async\" width=\"200\" height=\"162\" alt=\"Image - XIIth International Congress of Egyptologists (ICE)\" title=\"Image &#8211; XIIth International Congress of Egyptologists (ICE)\" src=\"http:\/\/web.philo.ulg.ac.be\/x-bound\/wp-content\/uploads\/sites\/52\/2019\/03\/congress_egy-200x162.jpg\" class=\"img-responsive wp-image-1609\" srcset=\"http:\/\/web.philo.ulg.ac.be\/x-bound\/wp-content\/uploads\/sites\/52\/2019\/03\/congress_egy-200x162.jpg 200w, http:\/\/web.philo.ulg.ac.be\/x-bound\/wp-content\/uploads\/sites\/52\/2019\/03\/congress_egy-400x324.jpg 400w, http:\/\/web.philo.ulg.ac.be\/x-bound\/wp-content\/uploads\/sites\/52\/2019\/03\/congress_egy-600x487.jpg 600w, http:\/\/web.philo.ulg.ac.be\/x-bound\/wp-content\/uploads\/sites\/52\/2019\/03\/congress_egy-800x649.jpg 800w, http:\/\/web.philo.ulg.ac.be\/x-bound\/wp-content\/uploads\/sites\/52\/2019\/03\/congress_egy.jpg 900w\" sizes=\"(max-width: 1060px) 100vw, 400px\" \/><\/span><\/div><style type=\"text\/css\"><\/style><div class=\"fusion-title title fusion-title-1 fusion-sep-none fusion-title-center fusion-title-text fusion-title-size-five\" style=\"margin-top:16px;margin-right:0px;margin-bottom:16px;margin-left:0px;\"><h5 class=\"title-heading-center fusion-responsive-typography-calculated\" style=\"margin:0;color:#ffffff;--fontSize:20;--minFontSize:20px;line-height:1.5;\">XIIth International Congress of Egyptologists (ICE)<\/h5><\/div><div class=\"fusion-sep-clear\"><\/div><div class=\"fusion-separator fusion-full-width-sep\" style=\"margin-left: auto;margin-right: auto;margin-top:24%;width:100%;\"><\/div><div class=\"fusion-sep-clear\"><\/div><div class=\"fusion-aligncenter\"><style>.fusion-body .fusion-button.button-1 .fusion-button-text,.fusion-body .fusion-button.button-1 i{color:#181818;}.fusion-body .fusion-button.button-1{border-color:#181818;border-radius:0px 0px 0px 0px;background:#ffffff;}.fusion-body .fusion-button.button-1:hover .fusion-button-text,.fusion-body .fusion-button.button-1:hover i,.fusion-body .fusion-button.button-1:focus .fusion-button-text,.fusion-body .fusion-button.button-1:focus i,.fusion-body .fusion-button.button-1:active .fusion-button-text,.fusion-body .fusion-button.button-1:active i{color:#ffffff;}.fusion-body .fusion-button.button-1:hover,.fusion-body .fusion-button.button-1:active,.fusion-body .fusion-button.button-1:focus{border-color:#ffffff;background:#181818;}<\/style><a class=\"fusion-button button-flat fusion-button-default-size button-custom button-1 fusion-button-default-span fusion-button-default-type\" target=\"_self\" href=\"http:\/\/web.philo.ulg.ac.be\/x-bound\/2019\/11\/03\/xiith-international-congress-of-egyptologists-ice\/\"><span class=\"fusion-button-text\">More Info<\/span><\/a><\/div><\/div><\/div><div class=\"fusion-clearfix\"><\/div><\/div><\/div><div class=\"fusion-layout-column fusion_builder_column fusion-builder-column-1 fusion_builder_column_1_4 1_4 fusion-one-fourth fusion-animated\" style=\"width:25%;width:calc(25% - ( ( 6% + 6% + 4% ) * 0.25 ) );margin-right: 6%;margin-top:20px;margin-bottom:20px;\" data-animationType=\"zoomIn\" data-animationDuration=\"0.8\" data-animationOffset=\"top-into-view\"><div class=\"fusion-column-wrapper fusion-flex-column-wrapper-legacy\" style=\"background-position:center center;background-repeat:no-repeat;-webkit-background-size:cover;-moz-background-size:cover;-o-background-size:cover;background-size:cover;background-color:#07216b;padding: 10% 10% 10% 10%;\"><div class=\"fusion-column-content-centered\"><div class=\"fusion-column-content\"><div class=\"fusion-text fusion-text-2 caption\"><p style=\"text-align: center\"><span style=\"color: #ffffff\">Basel &#8211; 05\u201307\/07\/2019<br \/>\n<\/span><\/p>\n<\/div><div class=\"imageframe-align-center\"><span class=\" fusion-imageframe imageframe-none imageframe-2 hover-type-none\"><img decoding=\"async\" width=\"200\" height=\"162\" alt=\"Image - 51. St\u00e4ndige \u00c4gyptologenkonferenz (S\u00c4K)\" title=\"Image &#8211; 51. St\u00e4ndige \u00c4gyptologenkonferenz (S\u00c4K)\" src=\"http:\/\/web.philo.ulg.ac.be\/x-bound\/wp-content\/uploads\/sites\/52\/2019\/03\/sak2-200x162.jpg\" class=\"img-responsive wp-image-1611\" srcset=\"http:\/\/web.philo.ulg.ac.be\/x-bound\/wp-content\/uploads\/sites\/52\/2019\/03\/sak2-200x162.jpg 200w, http:\/\/web.philo.ulg.ac.be\/x-bound\/wp-content\/uploads\/sites\/52\/2019\/03\/sak2-400x324.jpg 400w, http:\/\/web.philo.ulg.ac.be\/x-bound\/wp-content\/uploads\/sites\/52\/2019\/03\/sak2-600x487.jpg 600w, http:\/\/web.philo.ulg.ac.be\/x-bound\/wp-content\/uploads\/sites\/52\/2019\/03\/sak2-800x649.jpg 800w, http:\/\/web.philo.ulg.ac.be\/x-bound\/wp-content\/uploads\/sites\/52\/2019\/03\/sak2.jpg 900w\" sizes=\"(max-width: 1060px) 100vw, 400px\" \/><\/span><\/div><style type=\"text\/css\"><\/style><div class=\"fusion-title title fusion-title-2 fusion-sep-none fusion-title-center fusion-title-text fusion-title-size-five\" style=\"margin-top:16px;margin-right:0px;margin-bottom:16px;margin-left:0px;\"><h5 class=\"title-heading-center fusion-responsive-typography-calculated\" style=\"margin:0;color:#ffffff;--fontSize:20;--minFontSize:20px;line-height:1.5;\">St\u00e4ndige \u00c4gyptologenkonferenz (S\u00c4K)<\/h5><\/div><div class=\"fusion-sep-clear\"><\/div><div class=\"fusion-separator fusion-full-width-sep\" style=\"margin-left: auto;margin-right: auto;margin-top:24%;width:100%;\"><\/div><div class=\"fusion-sep-clear\"><\/div><div class=\"fusion-aligncenter\"><style>.fusion-body .fusion-button.button-2 .fusion-button-text,.fusion-body .fusion-button.button-2 i{color:#181818;}.fusion-body .fusion-button.button-2{border-color:#181818;border-radius:0px 0px 0px 0px;background:#ffffff;}.fusion-body .fusion-button.button-2:hover .fusion-button-text,.fusion-body .fusion-button.button-2:hover i,.fusion-body .fusion-button.button-2:focus .fusion-button-text,.fusion-body .fusion-button.button-2:focus i,.fusion-body .fusion-button.button-2:active .fusion-button-text,.fusion-body .fusion-button.button-2:active i{color:#ffffff;}.fusion-body .fusion-button.button-2:hover,.fusion-body .fusion-button.button-2:active,.fusion-body .fusion-button.button-2:focus{border-color:#ffffff;background:#181818;}<\/style><a class=\"fusion-button button-flat fusion-button-default-size button-custom button-2 fusion-button-default-span fusion-button-default-type\" target=\"_self\" href=\"http:\/\/web.philo.ulg.ac.be\/x-bound\/2019\/07\/05\/standige-agyptologenkonferenz-sak\/\"><span class=\"fusion-button-text\">More Info<\/span><\/a><\/div><\/div><\/div><div class=\"fusion-clearfix\"><\/div><\/div><\/div><div class=\"fusion-layout-column fusion_builder_column fusion-builder-column-2 fusion_builder_column_1_4 1_4 fusion-one-fourth\" style=\"width:25%;width:calc(25% - ( ( 6% + 6% + 4% ) * 0.25 ) );margin-right: 4%;margin-top:20px;margin-bottom:20px;\"><div class=\"fusion-column-wrapper fusion-flex-column-wrapper-legacy\" style=\"background-position:left top;background-repeat:no-repeat;-webkit-background-size:cover;-moz-background-size:cover;-o-background-size:cover;background-size:cover;padding: 0px 0px 0px 0px;\"><div class=\"fusion-clearfix\"><\/div><\/div><\/div><div class=\"fusion-layout-column fusion_builder_column fusion-builder-column-3 fusion_builder_column_1_4 1_4 fusion-one-fourth fusion-column-last\" style=\"width:25%;width:calc(25% - ( ( 6% + 6% + 4% ) * 0.25 ) );margin-top:20px;margin-bottom:20px;\"><div class=\"fusion-column-wrapper fusion-flex-column-wrapper-legacy\" style=\"background-position:left top;background-repeat:no-repeat;-webkit-background-size:cover;-moz-background-size:cover;-o-background-size:cover;background-size:cover;padding: 0px 0px 0px 0px;\"><div class=\"fusion-clearfix\"><\/div><\/div><\/div><\/div><\/div>\n","protected":false},"excerpt":{"rendered":"","protected":false},"author":2,"featured_media":0,"parent":1859,"menu_order":0,"comment_status":"closed","ping_status":"closed","template":"100-width.php","meta":{"footnotes":""},"class_list":["post-2742","page","type-page","status-publish","hentry"],"_links":{"self":[{"href":"http:\/\/web.philo.ulg.ac.be\/x-bound\/wp-json\/wp\/v2\/pages\/2742","targetHints":{"allow":["GET"]}}],"collection":[{"href":"http:\/\/web.philo.ulg.ac.be\/x-bound\/wp-json\/wp\/v2\/pages"}],"about":[{"href":"http:\/\/web.philo.ulg.ac.be\/x-bound\/wp-json\/wp\/v2\/types\/page"}],"author":[{"embeddable":true,"href":"http:\/\/web.philo.ulg.ac.be\/x-bound\/wp-json\/wp\/v2\/users\/2"}],"replies":[{"embeddable":true,"href":"http:\/\/web.philo.ulg.ac.be\/x-bound\/wp-json\/wp\/v2\/comments?post=2742"}],"version-history":[{"count":3,"href":"http:\/\/web.philo.ulg.ac.be\/x-bound\/wp-json\/wp\/v2\/pages\/2742\/revisions"}],"predecessor-version":[{"id":2925,"href":"http:\/\/web.philo.ulg.ac.be\/x-bound\/wp-json\/wp\/v2\/pages\/2742\/revisions\/2925"}],"up":[{"embeddable":true,"href":"http:\/\/web.philo.ulg.ac.be\/x-bound\/wp-json\/wp\/v2\/pages\/1859"}],"wp:attachment":[{"href":"http:\/\/web.philo.ulg.ac.be\/x-bound\/wp-json\/wp\/v2\/media?parent=2742"}],"curies":[{"name":"wp","href":"https:\/\/api.w.org\/{rel}","templated":true}]}}